{"id":8918,"date":"2022-03-28T12:00:03","date_gmt":"2022-03-28T12:00:03","guid":{"rendered":"https:\/\/ehcteknik.com\/referenser\/"},"modified":"2022-04-25T13:41:58","modified_gmt":"2022-04-25T13:41:58","slug":"referenser","status":"publish","type":"page","link":"https:\/\/ehcteknik.com\/sv\/referenser\/","title":{"rendered":"Referenser"},"content":{"rendered":"<section class='page-content'><div class='image-text-block container'><article class='row mt-100 mb-100'>\n                    <div class='col-12 col-md-6 image-text image '>\n                        <div>\n                            <noscript>image url<\/noscript>\n                            <img class='lazyloaded' alt='thumbnail' src='https:\/\/ehcteknik.com\/wp-content\/uploads\/2022\/04\/barbarayachtOceanco.png' \/>\n                        <\/div>\n                    <\/div>\n                    <div class='col-12 col-md-6 image-text text text-vertical-center'>\n                        <div>\n                            <div class='bg-primary mb-3' style='width: 86px;height: 4px;'><\/div>\n                            <h2 class='h1 mb-3'>Oceano M\/Y Barbara<\/h2>\n                            <div class='text-muted'>Den vackra 88,5 meter l\u00e5nga yachten M\/Y Barbara byggd av det holl\u00e4ndska varvet Oceanco.<\/div>\n                            <a class='btn btn-primary mt-2' href='https:\/\/ehcteknik.com\/sv\/case\/oceano-m-y-barbara\/'>L\u00e4s mer<\/a>\n                        <\/div>\n                   <\/div>\n                   <\/article><article class='row mt-100 mb-100'>\n                    <div class='col-12 col-md-6 image-text text text-vertical-center'>\n                        <div>\n                            <div class='bg-primary mb-3' style='width: 86px;height: 4px;'><\/div>\n                            <h2 class='h1 mb-3'>Snow World<\/h2>\n                            <div class='text-muted'>Snow World \u00e4r ett f\u00f6retag som levererar en mycket unik upplevelse med sina inomhus-vintersportarenor, med fullstora skidbackar och m\u00e5nga fler aktiviteter.<\/div>\n                            <a class='btn btn-primary mt-2' href='https:\/\/ehcteknik.com\/sv\/case\/snow-world\/'>L\u00e4s mer<\/a>\n                        <\/div>\n                   <\/div>\n                   <div class='col-12 col-md-6 image-text image '>\n                        <div>\n                            <noscript>image url<\/noscript>\n                            <img class='lazyloaded' alt='thumbnail' src='https:\/\/ehcteknik.com\/wp-content\/uploads\/2022\/04\/SnowWorld-Landgraaf-afgerond-1.jpg' \/>\n                        <\/div>\n                    <\/div><\/article><article class='row mt-100 mb-100'>\n                    <div class='col-12 col-md-6 image-text image '>\n                        <div>\n                            <noscript>image url<\/noscript>\n                            <img class='lazyloaded' alt='thumbnail' src='https:\/\/ehcteknik.com\/wp-content\/uploads\/2022\/03\/Slamsugare-HT20-and-3-way.jpg' \/>\n                        <\/div>\n                    <\/div>\n                    <div class='col-12 col-md-6 image-text text text-vertical-center'>\n                        <div>\n                            <div class='bg-primary mb-3' style='width: 86px;height: 4px;'><\/div>\n                            <h2 class='h1 mb-3'>GKN Driveline<\/h2>\n                            <div class='text-muted'>I GKN Drivelines K\u00f6pingsfabrik tar man arbetsmilj\u00f6n p\u00e5 st\u00f6rsta allvar.<\/div>\n                            <a class='btn btn-primary mt-2' href='https:\/\/ehcteknik.com\/sv\/case\/gkn-driveline\/'>L\u00e4s mer<\/a>\n                        <\/div>\n                   <\/div>\n                   <\/article><article class='row mt-100 mb-100'>\n                    <div class='col-12 col-md-6 image-text text text-vertical-center'>\n                        <div>\n                            <div class='bg-primary mb-3' style='width: 86px;height: 4px;'><\/div>\n                            <h2 class='h1 mb-3'>RK Teknik Balkongbyggarna<\/h2>\n                            <div class='text-muted'>En av landets st\u00f6rsta tillverkare av balkonger. I sin produktion har de ett stort behov av att kunna lyfta och flytta stora och tunga objekt. <\/div>\n                            <a class='btn btn-primary mt-2' href='https:\/\/ehcteknik.com\/sv\/case\/rk-teknik-balkongbyggarna\/'>L\u00e4s mer<\/a>\n                        <\/div>\n                   <\/div>\n                   <div class='col-12 col-md-6 image-text image '>\n                        <div>\n                            <noscript>image url<\/noscript>\n                            <img class='lazyloaded' alt='thumbnail' src='https:\/\/ehcteknik.com\/wp-content\/uploads\/2022\/04\/RK_120.jpg' \/>\n                        <\/div>\n                    <\/div><\/article><article class='row mt-100 mb-100'>\n                    <div class='col-12 col-md-6 image-text image '>\n                        <div>\n                            <noscript>image url<\/noscript>\n                            <img class='lazyloaded' alt='thumbnail' src='https:\/\/ehcteknik.com\/wp-content\/uploads\/2022\/03\/IMG_20201014_101941_xc90gra-e1648469025864.jpg' \/>\n                        <\/div>\n                    <\/div>\n                    <div class='col-12 col-md-6 image-text text text-vertical-center'>\n                        <div>\n                            <div class='bg-primary mb-3' style='width: 86px;height: 4px;'><\/div>\n                            <h2 class='h1 mb-3'>Bilia<\/h2>\n                            <div class='text-muted'>Bilia, \u00e4r en av v\u00e4rldens st\u00f6rsta Volvo \u00e5terf\u00f6rs\u00e4ljare har valt att anv\u00e4nda EHC P15 p\u00e5 utvalda anl\u00e4ggningar.\r\n\r\n<\/div>\n                            <a class='btn btn-primary mt-2' href='https:\/\/ehcteknik.com\/sv\/case\/bilia\/'>L\u00e4s mer<\/a>\n                        <\/div>\n                   <\/div>\n                   <\/article><\/div><\/section>","protected":false},"excerpt":{"rendered":"","protected":false},"author":12,"featured_media":0,"parent":0,"menu_order":0,"comment_status":"closed","ping_status":"closed","template":"","meta":{"_acf_changed":false,"footnotes":""},"class_list":["post-8918","page","type-page","status-publish","hentry"],"acf":[],"yoast_head":"<!-- This site is optimized with the Yoast SEO plugin v24.2 - https:\/\/yoast.com\/wordpress\/plugins\/seo\/ -->\n<title>Referenser | EHC Teknik<\/title>\n<meta name=\"robots\" content=\"index, follow, max-snippet:-1, max-image-preview:large, max-video-preview:-1\" \/>\n<link rel=\"canonical\" href=\"https:\/\/ehcteknik.com\/sv\/referenser\/\" \/>\n<meta property=\"og:locale\" content=\"sv_SE\" \/>\n<meta property=\"og:type\" content=\"article\" \/>\n<meta property=\"og:title\" content=\"Referenser | EHC Teknik\" \/>\n<meta property=\"og:url\" content=\"https:\/\/ehcteknik.com\/sv\/referenser\/\" \/>\n<meta property=\"og:site_name\" content=\"EHC Teknik\" \/>\n<meta property=\"article:modified_time\" content=\"2022-04-25T13:41:58+00:00\" \/>\n<meta name=\"twitter:card\" content=\"summary_large_image\" \/>\n<script type=\"application\/ld+json\" class=\"yoast-schema-graph\">{\"@context\":\"https:\/\/schema.org\",\"@graph\":[{\"@type\":\"WebPage\",\"@id\":\"https:\/\/ehcteknik.com\/sv\/referenser\/\",\"url\":\"https:\/\/ehcteknik.com\/sv\/referenser\/\",\"name\":\"Referenser | EHC Teknik\",\"isPartOf\":{\"@id\":\"https:\/\/ehcteknik.com\/sv\/#website\"},\"datePublished\":\"2022-03-28T12:00:03+00:00\",\"dateModified\":\"2022-04-25T13:41:58+00:00\",\"breadcrumb\":{\"@id\":\"https:\/\/ehcteknik.com\/sv\/referenser\/#breadcrumb\"},\"inLanguage\":\"sv-SE\",\"potentialAction\":[{\"@type\":\"ReadAction\",\"target\":[\"https:\/\/ehcteknik.com\/sv\/referenser\/\"]}]},{\"@type\":\"BreadcrumbList\",\"@id\":\"https:\/\/ehcteknik.com\/sv\/referenser\/#breadcrumb\",\"itemListElement\":[{\"@type\":\"ListItem\",\"position\":1,\"name\":\"Home\",\"item\":\"https:\/\/ehcteknik.com\/sv\/\"},{\"@type\":\"ListItem\",\"position\":2,\"name\":\"Referenser\"}]},{\"@type\":\"WebSite\",\"@id\":\"https:\/\/ehcteknik.com\/sv\/#website\",\"url\":\"https:\/\/ehcteknik.com\/sv\/\",\"name\":\"EHC Teknik\",\"description\":\"Vi minskar utsl\u00e4pp\",\"publisher\":{\"@id\":\"https:\/\/ehcteknik.com\/sv\/#organization\"},\"potentialAction\":[{\"@type\":\"SearchAction\",\"target\":{\"@type\":\"EntryPoint\",\"urlTemplate\":\"https:\/\/ehcteknik.com\/sv\/?s={search_term_string}\"},\"query-input\":{\"@type\":\"PropertyValueSpecification\",\"valueRequired\":true,\"valueName\":\"search_term_string\"}}],\"inLanguage\":\"sv-SE\"},{\"@type\":\"Organization\",\"@id\":\"https:\/\/ehcteknik.com\/sv\/#organization\",\"name\":\"EHC Teknik\",\"url\":\"https:\/\/ehcteknik.com\/sv\/\",\"logo\":{\"@type\":\"ImageObject\",\"inLanguage\":\"sv-SE\",\"@id\":\"https:\/\/ehcteknik.com\/sv\/#\/schema\/logo\/image\/\",\"url\":\"https:\/\/ehcteknik.com\/wp-content\/uploads\/2020\/11\/logo.jpg\",\"contentUrl\":\"https:\/\/ehcteknik.com\/wp-content\/uploads\/2020\/11\/logo.jpg\",\"width\":205,\"height\":58,\"caption\":\"EHC Teknik\"},\"image\":{\"@id\":\"https:\/\/ehcteknik.com\/sv\/#\/schema\/logo\/image\/\"}}]}<\/script>\n<!-- \/ Yoast SEO plugin. -->","yoast_head_json":{"title":"Referenser | EHC Teknik","robots":{"index":"index","follow":"follow","max-snippet":"max-snippet:-1","max-image-preview":"max-image-preview:large","max-video-preview":"max-video-preview:-1"},"canonical":"https:\/\/ehcteknik.com\/sv\/referenser\/","og_locale":"sv_SE","og_type":"article","og_title":"Referenser | EHC Teknik","og_url":"https:\/\/ehcteknik.com\/sv\/referenser\/","og_site_name":"EHC Teknik","article_modified_time":"2022-04-25T13:41:58+00:00","twitter_card":"summary_large_image","schema":{"@context":"https:\/\/schema.org","@graph":[{"@type":"WebPage","@id":"https:\/\/ehcteknik.com\/sv\/referenser\/","url":"https:\/\/ehcteknik.com\/sv\/referenser\/","name":"Referenser | EHC Teknik","isPartOf":{"@id":"https:\/\/ehcteknik.com\/sv\/#website"},"datePublished":"2022-03-28T12:00:03+00:00","dateModified":"2022-04-25T13:41:58+00:00","breadcrumb":{"@id":"https:\/\/ehcteknik.com\/sv\/referenser\/#breadcrumb"},"inLanguage":"sv-SE","potentialAction":[{"@type":"ReadAction","target":["https:\/\/ehcteknik.com\/sv\/referenser\/"]}]},{"@type":"BreadcrumbList","@id":"https:\/\/ehcteknik.com\/sv\/referenser\/#breadcrumb","itemListElement":[{"@type":"ListItem","position":1,"name":"Home","item":"https:\/\/ehcteknik.com\/sv\/"},{"@type":"ListItem","position":2,"name":"Referenser"}]},{"@type":"WebSite","@id":"https:\/\/ehcteknik.com\/sv\/#website","url":"https:\/\/ehcteknik.com\/sv\/","name":"EHC Teknik","description":"Vi minskar utsl\u00e4pp","publisher":{"@id":"https:\/\/ehcteknik.com\/sv\/#organization"},"potentialAction":[{"@type":"SearchAction","target":{"@type":"EntryPoint","urlTemplate":"https:\/\/ehcteknik.com\/sv\/?s={search_term_string}"},"query-input":{"@type":"PropertyValueSpecification","valueRequired":true,"valueName":"search_term_string"}}],"inLanguage":"sv-SE"},{"@type":"Organization","@id":"https:\/\/ehcteknik.com\/sv\/#organization","name":"EHC Teknik","url":"https:\/\/ehcteknik.com\/sv\/","logo":{"@type":"ImageObject","inLanguage":"sv-SE","@id":"https:\/\/ehcteknik.com\/sv\/#\/schema\/logo\/image\/","url":"https:\/\/ehcteknik.com\/wp-content\/uploads\/2020\/11\/logo.jpg","contentUrl":"https:\/\/ehcteknik.com\/wp-content\/uploads\/2020\/11\/logo.jpg","width":205,"height":58,"caption":"EHC Teknik"},"image":{"@id":"https:\/\/ehcteknik.com\/sv\/#\/schema\/logo\/image\/"}}]}},"_links":{"self":[{"href":"https:\/\/ehcteknik.com\/sv\/wp-json\/wp\/v2\/pages\/8918","targetHints":{"allow":["GET"]}}],"collection":[{"href":"https:\/\/ehcteknik.com\/sv\/wp-json\/wp\/v2\/pages"}],"about":[{"href":"https:\/\/ehcteknik.com\/sv\/wp-json\/wp\/v2\/types\/page"}],"author":[{"embeddable":true,"href":"https:\/\/ehcteknik.com\/sv\/wp-json\/wp\/v2\/users\/12"}],"replies":[{"embeddable":true,"href":"https:\/\/ehcteknik.com\/sv\/wp-json\/wp\/v2\/comments?post=8918"}],"version-history":[{"count":2,"href":"https:\/\/ehcteknik.com\/sv\/wp-json\/wp\/v2\/pages\/8918\/revisions"}],"predecessor-version":[{"id":8921,"href":"https:\/\/ehcteknik.com\/sv\/wp-json\/wp\/v2\/pages\/8918\/revisions\/8921"}],"wp:attachment":[{"href":"https:\/\/ehcteknik.com\/sv\/wp-json\/wp\/v2\/media?parent=8918"}],"curies":[{"name":"wp","href":"https:\/\/api.w.org\/{rel}","templated":true}]}}