{"id":5905,"date":"2020-04-24T08:09:00","date_gmt":"2020-04-24T08:09:00","guid":{"rendered":"https:\/\/ehcteknik.com\/?page_id=5905"},"modified":"2020-04-24T09:38:32","modified_gmt":"2020-04-24T09:38:32","slug":"ehc-privacy-statement","status":"publish","type":"page","link":"https:\/\/ehcteknik.com\/sv\/ehc-privacy-statement\/","title":{"rendered":"EHC PRIVACY STATEMENT"},"content":{"rendered":"<div class=\"text-title-block container text-left mt-100 mb-30\">\n  \n      <h2 class=\"h2\"><\/h2>\n  \n\n      <p><p>EHC Teknik ab (\u201dEHC\u201d) har \u00e5tagit sig att skydda identifierbar information (t.ex. adress, kreditkortsnummer) f\u00f6r individer (\u201dPersonuppgifter\u201d). EHC har inf\u00f6rt policyer och f\u00f6rfaranden f\u00f6r att s\u00e4kerst\u00e4lla att all personlig information som l\u00e4mnas till oss kommer att hanteras och skyddas f\u00f6r att vara konfidentiell. Vi behandlar din personliga information med samma standarder som vi anv\u00e4nder f\u00f6r att skydda v\u00e5r egen konfidentiella information. Vi str\u00e4var efter att h\u00e5lla informationen skyddad och s\u00e4ker. V\u00e4nligen ta en stund f\u00f6r att se \u00f6ver v\u00e5rt integritetsansvar f\u00f6r dig.<\/p>\n<p><strong>1. VARF\u00d6R COLLECT, ANV\u00c4ND OCH R\u00c4TTA PERSONLIG INFORMATION:<\/strong><br \/>\nEHC samlar personuppgifter om individer f\u00f6r att bearbeta f\u00f6rs\u00e4ljning, f\u00f6r att b\u00e4ttre hantera v\u00e5ra aff\u00e4rsrelationer och att ge dig aktuell information om nya produkter.<br \/>\nN\u00e4r du godk\u00e4nner att delta i v\u00e5ra marknadsf\u00f6ringsprogram eller kundunders\u00f6kningar beh\u00f6ver vi viss personlig information f\u00f6r att uppfylla v\u00e5rt engagemang f\u00f6r dig.<\/p>\n<p><strong>2. Varf\u00f6r samlas endast de personliga uppgifter som kr\u00e4vs<\/strong><br \/>\nEHC samlar endast in information som \u00e4r relevant och n\u00f6dv\u00e4ndig f\u00f6r att hantera ditt f\u00f6rh\u00e5llande med oss och informera dig om nya produktalternativ. Vi kommer att begr\u00e4nsa insamlingen och anv\u00e4ndningen av personuppgifter till det som kr\u00e4vs f\u00f6r giltiga aff\u00e4rs\u00e4ndam\u00e5l eller att f\u00f6lja lagstiftningen. Detta inkluderar betalning av betalning och eventuell kreditverifiering.<\/p>\n<p><strong>3. Hur samlar vi in din personliga information:<\/strong><br \/>\nOm m\u00f6jligt samlar EHC din information direkt fr\u00e5n dig. Vi kan, fr\u00e5n tid till annan, samla in din information indirekt efter att ha samtyckt.<\/p>\n<p><strong>4. DITT samtycke beh\u00f6vs<\/strong><br \/>\nEHC kommer att f\u00e5 ditt samtycke att samla in och anv\u00e4nda din personliga information. Metoden f\u00f6r att erh\u00e5lla detta samtycke beror p\u00e5 vilken typ av personuppgifter som samlas in, anv\u00e4nds.<br \/>\nOm det finns ett s\u00e4rskilt behov av att samla, anv\u00e4nda eller avsl\u00f6ja din personliga information som anses k\u00e4nslig, kommer vi att f\u00e5 ditt samtycke att samla in, anv\u00e4nda eller avsl\u00f6ja den informationen. Ditt uttryckliga samtycke kan l\u00e4mnas skriftligt, muntligt eller elektroniskt. D\u00e4r du frivilligt ger oss personuppgifter, kommer vi att \u00f6verv\u00e4ga ditt samtycke till att samlingen \u00e4r underf\u00f6rst\u00e5dd.<\/p>\n<p><strong>5. EHC kommer att begr\u00e4nsa anv\u00e4ndningen och avsl\u00f6jandet av din personliga information<\/strong><br \/>\nEHC kommer endast anv\u00e4nda och avsl\u00f6ja din personliga information f\u00f6r de syften som den samlades in \u2013 hantera ditt f\u00f6rh\u00e5llande med oss eller enligt lag.<br \/>\nFr\u00e5n tid till annan kan EHC ge dig information om produkter eller tj\u00e4nster som kan vara av intresse f\u00f6r dig. Om du inte vill ha s\u00e5dant marknadsf\u00f6ringsmaterial, v\u00e4nligen kontakta oss f\u00f6r din bekv\u00e4mlighet genom att skicka ett mail till <a href=\"mailto:office@ehcteknik.se\">office@ehcteknik.se<\/a>. Vi ger dig m\u00f6jlighet att v\u00e4lja bort program och tj\u00e4nster. Det kan du g\u00f6ra n\u00e4r du f\u00e5r en kommunikation fr\u00e5n oss, eller du kan g\u00f6ra det genom att kontakta oss, enligt vad som anges i denna policy.<br \/>\nEHC kan f\u00e5 tj\u00e4nster fr\u00e5n tredje parts tj\u00e4nsteleverant\u00f6rer och i s\u00e5 fall kan vi beg\u00e4ra att s\u00e5dana tj\u00e4nsteleverant\u00f6rer anv\u00e4nder v\u00e5ra personuppgifter p\u00e5 v\u00e5r v\u00e4gnar som v\u00e5ra agenter. Dessa organisationer som vi delar din personliga information med \u00e4r bundna av l\u00e4mpliga avtal med EHC f\u00f6r att skydda och skydda din personliga information. Din personliga information kommer att \u00f6verf\u00f6ras om en tredje part k\u00f6per alla eller v\u00e4sentligen alla tillg\u00e5ngar i EHC.<br \/>\nVi ger inte eller s\u00e4ljer n\u00e5gon personlig information till tredje part f\u00f6r marknadsf\u00f6rings\u00e4ndam\u00e5l, om du inte uttryckligen har givit samtycke till det.<\/p>\n<p><strong>6. EHC kommer att begr\u00e4nsa l\u00e4ngden p\u00e5 tiden vi h\u00e4mtar din personliga information<\/strong><br \/>\nEHC beh\u00e5ller endast din personliga information p\u00e5 v\u00e5ra dokument s\u00e5 l\u00e4nge det beh\u00f6vs f\u00f6r dess identifierade syften eller enligt lag.<\/p>\n<p><strong>7. VI KOMMER H\u00c5LLA DIN PERSONLIGA INFORMATION UPPDATERAD OCH RIKTIGT<\/strong><br \/>\nEHC kommer att beh\u00e5lla din personliga information s\u00e5 exakt och uppdaterad som n\u00f6dv\u00e4ndigt. Genom att kontakta v\u00e5r sekretesspolicy kan du uppdatera och \u00e4ndra din personliga information som vi har p\u00e5 filen f\u00f6r att s\u00e4kerst\u00e4lla dess noggrannhet.<\/p>\n<p><strong>8. Vi skyddar din personliga information<\/strong><br \/>\nEHC anv\u00e4nder skydds\u00e5tg\u00e4rder f\u00f6r att skydda sekretess och s\u00e4kerhet f\u00f6r personlig information.<br \/>\nL\u00e4mpliga skydds\u00e5tg\u00e4rder kommer ocks\u00e5 att anv\u00e4ndas n\u00e4r vi f\u00f6rst\u00f6r din personliga information.<\/p>\n<p><strong>9. DIN R\u00c4TT TILL \u00c5TG\u00c4RD<\/strong><br \/>\nEHC st\u00f6der din r\u00e4tt att f\u00e5 tillg\u00e5ng till personlig information som vi har samlat om dig. F\u00f6r att g\u00f6ra en beg\u00e4ran om tillg\u00e5ng till din personliga information som vi har p\u00e5 fil, var god kontakta v\u00e5r sekretesspolicy. Observera att fullst\u00e4ndig \u00e5tkomst inte kan garanteras p\u00e5 grund av vissa r\u00e4ttsliga begr\u00e4nsningar f\u00f6r din r\u00e4tt till \u00e5tkomst. Till exempel har du inte tillg\u00e5ng till filer som inneh\u00e5ller information som \u00e4r konfidentiell till EHC. Om du nekas \u00e5tkomst, kommer EHC meddela dig om orsaken till och eventuella \u00e5tg\u00e4rder som \u00e4r tillg\u00e4ngliga f\u00f6r dig.<\/p>\n<p><strong>10. Fullst\u00e4ndig sekretesspolicy<\/strong><br \/>\nDenna sekretesspolicy \u00e4r EHC: s integritetsf\u00f6rpliktelse till dig. Om du har fr\u00e5gor om v\u00e5r integritetsf\u00f6rpliktelse, kontakta v\u00e5r sekretesspolicy:<\/p>\n<p>E-post: <a href=\"mailto:office@ehcteknik.se\">office@ehcteknik.se<\/a><br \/>\nEller ring: <a href=\"tel:031 449020\">031 449020<\/a><\/p>\n<\/p>\n  <\/div>\n","protected":false},"excerpt":{"rendered":"","protected":false},"author":6,"featured_media":0,"parent":0,"menu_order":0,"comment_status":"closed","ping_status":"closed","template":"","meta":{"_acf_changed":false,"footnotes":""},"class_list":["post-5905","page","type-page","status-publish","hentry"],"acf":[],"yoast_head":"<!-- This site is optimized with the Yoast SEO plugin v24.2 - https:\/\/yoast.com\/wordpress\/plugins\/seo\/ -->\n<title>EHC PRIVACY STATEMENT | EHC Teknik<\/title>\n<meta name=\"robots\" content=\"index, follow, max-snippet:-1, max-image-preview:large, max-video-preview:-1\" \/>\n<link rel=\"canonical\" href=\"https:\/\/ehcteknik.com\/sv\/ehc-privacy-statement\/\" \/>\n<meta property=\"og:locale\" content=\"sv_SE\" \/>\n<meta property=\"og:type\" content=\"article\" \/>\n<meta property=\"og:title\" content=\"EHC PRIVACY STATEMENT | EHC Teknik\" \/>\n<meta property=\"og:url\" content=\"https:\/\/ehcteknik.com\/sv\/ehc-privacy-statement\/\" \/>\n<meta property=\"og:site_name\" content=\"EHC Teknik\" \/>\n<meta property=\"article:modified_time\" content=\"2020-04-24T09:38:32+00:00\" \/>\n<meta name=\"twitter:card\" content=\"summary_large_image\" \/>\n<script type=\"application\/ld+json\" class=\"yoast-schema-graph\">{\"@context\":\"https:\/\/schema.org\",\"@graph\":[{\"@type\":\"WebPage\",\"@id\":\"https:\/\/ehcteknik.com\/sv\/ehc-privacy-statement\/\",\"url\":\"https:\/\/ehcteknik.com\/sv\/ehc-privacy-statement\/\",\"name\":\"EHC PRIVACY STATEMENT | EHC Teknik\",\"isPartOf\":{\"@id\":\"https:\/\/ehcteknik.com\/sv\/#website\"},\"datePublished\":\"2020-04-24T08:09:00+00:00\",\"dateModified\":\"2020-04-24T09:38:32+00:00\",\"breadcrumb\":{\"@id\":\"https:\/\/ehcteknik.com\/sv\/ehc-privacy-statement\/#breadcrumb\"},\"inLanguage\":\"sv-SE\",\"potentialAction\":[{\"@type\":\"ReadAction\",\"target\":[\"https:\/\/ehcteknik.com\/sv\/ehc-privacy-statement\/\"]}]},{\"@type\":\"BreadcrumbList\",\"@id\":\"https:\/\/ehcteknik.com\/sv\/ehc-privacy-statement\/#breadcrumb\",\"itemListElement\":[{\"@type\":\"ListItem\",\"position\":1,\"name\":\"Home\",\"item\":\"https:\/\/ehcteknik.com\/sv\/\"},{\"@type\":\"ListItem\",\"position\":2,\"name\":\"EHC PRIVACY STATEMENT\"}]},{\"@type\":\"WebSite\",\"@id\":\"https:\/\/ehcteknik.com\/sv\/#website\",\"url\":\"https:\/\/ehcteknik.com\/sv\/\",\"name\":\"EHC Teknik\",\"description\":\"Vi minskar utsl\u00e4pp\",\"publisher\":{\"@id\":\"https:\/\/ehcteknik.com\/sv\/#organization\"},\"potentialAction\":[{\"@type\":\"SearchAction\",\"target\":{\"@type\":\"EntryPoint\",\"urlTemplate\":\"https:\/\/ehcteknik.com\/sv\/?s={search_term_string}\"},\"query-input\":{\"@type\":\"PropertyValueSpecification\",\"valueRequired\":true,\"valueName\":\"search_term_string\"}}],\"inLanguage\":\"sv-SE\"},{\"@type\":\"Organization\",\"@id\":\"https:\/\/ehcteknik.com\/sv\/#organization\",\"name\":\"EHC Teknik\",\"url\":\"https:\/\/ehcteknik.com\/sv\/\",\"logo\":{\"@type\":\"ImageObject\",\"inLanguage\":\"sv-SE\",\"@id\":\"https:\/\/ehcteknik.com\/sv\/#\/schema\/logo\/image\/\",\"url\":\"https:\/\/ehcteknik.com\/wp-content\/uploads\/2020\/11\/logo.jpg\",\"contentUrl\":\"https:\/\/ehcteknik.com\/wp-content\/uploads\/2020\/11\/logo.jpg\",\"width\":205,\"height\":58,\"caption\":\"EHC Teknik\"},\"image\":{\"@id\":\"https:\/\/ehcteknik.com\/sv\/#\/schema\/logo\/image\/\"}}]}<\/script>\n<!-- \/ Yoast SEO plugin. -->","yoast_head_json":{"title":"EHC PRIVACY STATEMENT | EHC Teknik","robots":{"index":"index","follow":"follow","max-snippet":"max-snippet:-1","max-image-preview":"max-image-preview:large","max-video-preview":"max-video-preview:-1"},"canonical":"https:\/\/ehcteknik.com\/sv\/ehc-privacy-statement\/","og_locale":"sv_SE","og_type":"article","og_title":"EHC PRIVACY STATEMENT | EHC Teknik","og_url":"https:\/\/ehcteknik.com\/sv\/ehc-privacy-statement\/","og_site_name":"EHC Teknik","article_modified_time":"2020-04-24T09:38:32+00:00","twitter_card":"summary_large_image","schema":{"@context":"https:\/\/schema.org","@graph":[{"@type":"WebPage","@id":"https:\/\/ehcteknik.com\/sv\/ehc-privacy-statement\/","url":"https:\/\/ehcteknik.com\/sv\/ehc-privacy-statement\/","name":"EHC PRIVACY STATEMENT | EHC Teknik","isPartOf":{"@id":"https:\/\/ehcteknik.com\/sv\/#website"},"datePublished":"2020-04-24T08:09:00+00:00","dateModified":"2020-04-24T09:38:32+00:00","breadcrumb":{"@id":"https:\/\/ehcteknik.com\/sv\/ehc-privacy-statement\/#breadcrumb"},"inLanguage":"sv-SE","potentialAction":[{"@type":"ReadAction","target":["https:\/\/ehcteknik.com\/sv\/ehc-privacy-statement\/"]}]},{"@type":"BreadcrumbList","@id":"https:\/\/ehcteknik.com\/sv\/ehc-privacy-statement\/#breadcrumb","itemListElement":[{"@type":"ListItem","position":1,"name":"Home","item":"https:\/\/ehcteknik.com\/sv\/"},{"@type":"ListItem","position":2,"name":"EHC PRIVACY STATEMENT"}]},{"@type":"WebSite","@id":"https:\/\/ehcteknik.com\/sv\/#website","url":"https:\/\/ehcteknik.com\/sv\/","name":"EHC Teknik","description":"Vi minskar utsl\u00e4pp","publisher":{"@id":"https:\/\/ehcteknik.com\/sv\/#organization"},"potentialAction":[{"@type":"SearchAction","target":{"@type":"EntryPoint","urlTemplate":"https:\/\/ehcteknik.com\/sv\/?s={search_term_string}"},"query-input":{"@type":"PropertyValueSpecification","valueRequired":true,"valueName":"search_term_string"}}],"inLanguage":"sv-SE"},{"@type":"Organization","@id":"https:\/\/ehcteknik.com\/sv\/#organization","name":"EHC Teknik","url":"https:\/\/ehcteknik.com\/sv\/","logo":{"@type":"ImageObject","inLanguage":"sv-SE","@id":"https:\/\/ehcteknik.com\/sv\/#\/schema\/logo\/image\/","url":"https:\/\/ehcteknik.com\/wp-content\/uploads\/2020\/11\/logo.jpg","contentUrl":"https:\/\/ehcteknik.com\/wp-content\/uploads\/2020\/11\/logo.jpg","width":205,"height":58,"caption":"EHC Teknik"},"image":{"@id":"https:\/\/ehcteknik.com\/sv\/#\/schema\/logo\/image\/"}}]}},"_links":{"self":[{"href":"https:\/\/ehcteknik.com\/sv\/wp-json\/wp\/v2\/pages\/5905","targetHints":{"allow":["GET"]}}],"collection":[{"href":"https:\/\/ehcteknik.com\/sv\/wp-json\/wp\/v2\/pages"}],"about":[{"href":"https:\/\/ehcteknik.com\/sv\/wp-json\/wp\/v2\/types\/page"}],"author":[{"embeddable":true,"href":"https:\/\/ehcteknik.com\/sv\/wp-json\/wp\/v2\/users\/6"}],"replies":[{"embeddable":true,"href":"https:\/\/ehcteknik.com\/sv\/wp-json\/wp\/v2\/comments?post=5905"}],"version-history":[{"count":4,"href":"https:\/\/ehcteknik.com\/sv\/wp-json\/wp\/v2\/pages\/5905\/revisions"}],"predecessor-version":[{"id":5943,"href":"https:\/\/ehcteknik.com\/sv\/wp-json\/wp\/v2\/pages\/5905\/revisions\/5943"}],"wp:attachment":[{"href":"https:\/\/ehcteknik.com\/sv\/wp-json\/wp\/v2\/media?parent=5905"}],"curies":[{"name":"wp","href":"https:\/\/api.w.org\/{rel}","templated":true}]}}