{"id":3206,"date":"2020-02-21T22:35:44","date_gmt":"2020-02-21T22:35:44","guid":{"rendered":"https:\/\/ehcteknik.com\/?page_id=3206"},"modified":"2024-04-09T14:03:21","modified_gmt":"2024-04-09T14:03:21","slug":"filter-for-ovriga-fordon","status":"publish","type":"page","link":"https:\/\/ehcteknik.com\/sv\/applikationer\/filter-for-ovriga-fordon\/","title":{"rendered":"Filter f\u00f6r \u00f6vriga fordon"},"content":{"rendered":"<div class=\"image-text-block container mt-100 mb-150\">\n  <div class=\"row\">\n              <div class=\"col-12 col-md-6 image-text text text-vertical-center\">\n            <div>\n              \n              \n                                  <div class=\"bg-primary mb-3\" style=\"width: 86px;height: 4px;\"><\/div>\n                \n                \n                <div class=\"text-muted\">\n                  <p><strong>V\u00e5ra P15 Filter<\/strong> anv\u00e4nds normalt f\u00f6r att starta och flytta bilar och sk\u00e5pbilar inomhus. Nu kan de \u00e4ven anv\u00e4ndas p\u00e5 en hel rad andra fordon och maskiner.<\/p>\n<p>Bilden nedan \u00e4r ett bra exempel p\u00e5 detta. V\u00e5rt P15 till\u00e4ggsfilter anv\u00e4nds h\u00e4r av anst\u00e4llda p\u00e5 ett logistikcenter f\u00f6r att k\u00f6ra minigr\u00e4vare in och ut ur containrarna. P\u00e5 s\u00e5 s\u00e4tt \u00e4r de anst\u00e4llda skyddade mot farliga utsl\u00e4pp av avgaspartiklar (partiklar) och de kan k\u00f6ra maskinerna in och ut ur beh\u00e5llarna utan risk f\u00f6r deras h\u00e4lsa.<\/p>\n<p>M\u00e5nga tillverkare av mobil utrustning, intern transportutrustning, sopmaskiner och gr\u00e4sklippare anv\u00e4nder v\u00e5ra P15-filter f\u00f6r att flytta dem under produktionsprocessen.<\/p>\n                <\/div>\n\n                \n                          <\/div>\n          <\/div>\n                <div class=\"col-12 col-md-6 image-text image \">\n            <div>\n                              <img decoding=\"async\" alt=\"\" src=\"https:\/\/ehcteknik.com\/wp-content\/uploads\/2024\/03\/IMG_0513.jpg\">\n              \n                          <\/div>\n          <\/div>\n        <\/div>\n<\/div>\n\n\n<div class=\"image-text-block container mt-100 mb-150\">\n  <div class=\"row\">\n              <div class=\"col-12 col-md-6 image-text image \">\n            <div>\n                              <img decoding=\"async\" alt=\"\" src=\"https:\/\/ehcteknik.com\/wp-content\/uploads\/2024\/03\/IMG_9360.jpg\">\n              \n                          <\/div>\n          <\/div>\n                <div class=\"col-12 col-md-6 image-text text text-vertical-center\">\n            <div>\n              \n              \n                                  <div class=\"bg-primary mb-3\" style=\"width: 86px;height: 4px;\"><\/div>\n                \n                                  <h2 class=\"h1 mb-3\">Diesel r\u00f6kfri arbetsmilj\u00f6<\/h2>\n                \n                <div class=\"text-muted\">\n                  <p>Dessa plug-on filter kan \u00e4ven anv\u00e4ndas f\u00f6r att starta och flytta gaffeltruckar, sopmaskiner, gr\u00e4sklippare, entreprenadmaskiner etc. inomhus<\/p>\n<p>\u00c4r du intresserad av v\u00e5ra P15-till\u00e4ggsfilter?<br \/>\nKontakta oss g\u00e4rna f\u00f6r r\u00e5dgivning.<\/p>\n                <\/div>\n\n                                                      <a class=\"btn btn-primary mt-2\" href=\"https:\/\/ehcteknik.com\/sv\/kontakt\/\">Kontakta oss<\/a>\n                                  \n                          <\/div>\n          <\/div>\n        <\/div>\n<\/div>\n","protected":false},"excerpt":{"rendered":"","protected":false},"author":6,"featured_media":0,"parent":1552,"menu_order":0,"comment_status":"closed","ping_status":"closed","template":"","meta":{"_acf_changed":false,"footnotes":""},"class_list":["post-3206","page","type-page","status-publish","hentry"],"acf":[],"yoast_head":"<!-- This site is optimized with the Yoast SEO plugin v24.2 - https:\/\/yoast.com\/wordpress\/plugins\/seo\/ -->\n<title>Filter f\u00f6r \u00f6vriga fordon | EHC Teknik<\/title>\n<meta name=\"description\" content=\"H\u00e4r hittar du mer info om avgasfilter till alla typer av byggmaskiner, som m\u00f6jligg\u00f6r arbete i tuffa milj\u00f6er utan att skada er arbetsmilj\u00f6.\" \/>\n<meta name=\"robots\" content=\"index, follow, max-snippet:-1, max-image-preview:large, max-video-preview:-1\" \/>\n<link rel=\"canonical\" href=\"https:\/\/ehcteknik.com\/sv\/applikationer\/filter-for-ovriga-fordon\/\" \/>\n<meta property=\"og:locale\" content=\"sv_SE\" \/>\n<meta property=\"og:type\" content=\"article\" \/>\n<meta property=\"og:title\" content=\"Filter f\u00f6r \u00f6vriga fordon | EHC Teknik\" \/>\n<meta property=\"og:description\" content=\"H\u00e4r hittar du mer info om avgasfilter till alla typer av byggmaskiner, som m\u00f6jligg\u00f6r arbete i tuffa milj\u00f6er utan att skada er arbetsmilj\u00f6.\" \/>\n<meta property=\"og:url\" content=\"https:\/\/ehcteknik.com\/sv\/applikationer\/filter-for-ovriga-fordon\/\" \/>\n<meta property=\"og:site_name\" content=\"EHC Teknik\" \/>\n<meta property=\"article:modified_time\" content=\"2024-04-09T14:03:21+00:00\" \/>\n<meta name=\"twitter:card\" content=\"summary_large_image\" \/>\n<script type=\"application\/ld+json\" class=\"yoast-schema-graph\">{\"@context\":\"https:\/\/schema.org\",\"@graph\":[{\"@type\":\"WebPage\",\"@id\":\"https:\/\/ehcteknik.com\/sv\/applikationer\/filter-for-ovriga-fordon\/\",\"url\":\"https:\/\/ehcteknik.com\/sv\/applikationer\/filter-for-ovriga-fordon\/\",\"name\":\"Filter f\u00f6r \u00f6vriga fordon | EHC Teknik\",\"isPartOf\":{\"@id\":\"https:\/\/ehcteknik.com\/sv\/#website\"},\"datePublished\":\"2020-02-21T22:35:44+00:00\",\"dateModified\":\"2024-04-09T14:03:21+00:00\",\"description\":\"H\u00e4r hittar du mer info om avgasfilter till alla typer av byggmaskiner, som m\u00f6jligg\u00f6r arbete i tuffa milj\u00f6er utan att skada er arbetsmilj\u00f6.\",\"breadcrumb\":{\"@id\":\"https:\/\/ehcteknik.com\/sv\/applikationer\/filter-for-ovriga-fordon\/#breadcrumb\"},\"inLanguage\":\"sv-SE\",\"potentialAction\":[{\"@type\":\"ReadAction\",\"target\":[\"https:\/\/ehcteknik.com\/sv\/applikationer\/filter-for-ovriga-fordon\/\"]}]},{\"@type\":\"BreadcrumbList\",\"@id\":\"https:\/\/ehcteknik.com\/sv\/applikationer\/filter-for-ovriga-fordon\/#breadcrumb\",\"itemListElement\":[{\"@type\":\"ListItem\",\"position\":1,\"name\":\"Home\",\"item\":\"https:\/\/ehcteknik.com\/sv\/\"},{\"@type\":\"ListItem\",\"position\":2,\"name\":\"Applikationer\",\"item\":\"https:\/\/ehcteknik.com\/sv\/applikationer\/\"},{\"@type\":\"ListItem\",\"position\":3,\"name\":\"Filter f\u00f6r \u00f6vriga fordon\"}]},{\"@type\":\"WebSite\",\"@id\":\"https:\/\/ehcteknik.com\/sv\/#website\",\"url\":\"https:\/\/ehcteknik.com\/sv\/\",\"name\":\"EHC Teknik\",\"description\":\"Vi minskar utsl\u00e4pp\",\"publisher\":{\"@id\":\"https:\/\/ehcteknik.com\/sv\/#organization\"},\"potentialAction\":[{\"@type\":\"SearchAction\",\"target\":{\"@type\":\"EntryPoint\",\"urlTemplate\":\"https:\/\/ehcteknik.com\/sv\/?s={search_term_string}\"},\"query-input\":{\"@type\":\"PropertyValueSpecification\",\"valueRequired\":true,\"valueName\":\"search_term_string\"}}],\"inLanguage\":\"sv-SE\"},{\"@type\":\"Organization\",\"@id\":\"https:\/\/ehcteknik.com\/sv\/#organization\",\"name\":\"EHC Teknik\",\"url\":\"https:\/\/ehcteknik.com\/sv\/\",\"logo\":{\"@type\":\"ImageObject\",\"inLanguage\":\"sv-SE\",\"@id\":\"https:\/\/ehcteknik.com\/sv\/#\/schema\/logo\/image\/\",\"url\":\"https:\/\/ehcteknik.com\/wp-content\/uploads\/2020\/11\/logo.jpg\",\"contentUrl\":\"https:\/\/ehcteknik.com\/wp-content\/uploads\/2020\/11\/logo.jpg\",\"width\":205,\"height\":58,\"caption\":\"EHC Teknik\"},\"image\":{\"@id\":\"https:\/\/ehcteknik.com\/sv\/#\/schema\/logo\/image\/\"}}]}<\/script>\n<!-- \/ Yoast SEO plugin. -->","yoast_head_json":{"title":"Filter f\u00f6r \u00f6vriga fordon | EHC Teknik","description":"H\u00e4r hittar du mer info om avgasfilter till alla typer av byggmaskiner, som m\u00f6jligg\u00f6r arbete i tuffa milj\u00f6er utan att skada er arbetsmilj\u00f6.","robots":{"index":"index","follow":"follow","max-snippet":"max-snippet:-1","max-image-preview":"max-image-preview:large","max-video-preview":"max-video-preview:-1"},"canonical":"https:\/\/ehcteknik.com\/sv\/applikationer\/filter-for-ovriga-fordon\/","og_locale":"sv_SE","og_type":"article","og_title":"Filter f\u00f6r \u00f6vriga fordon | EHC Teknik","og_description":"H\u00e4r hittar du mer info om avgasfilter till alla typer av byggmaskiner, som m\u00f6jligg\u00f6r arbete i tuffa milj\u00f6er utan att skada er arbetsmilj\u00f6.","og_url":"https:\/\/ehcteknik.com\/sv\/applikationer\/filter-for-ovriga-fordon\/","og_site_name":"EHC Teknik","article_modified_time":"2024-04-09T14:03:21+00:00","twitter_card":"summary_large_image","schema":{"@context":"https:\/\/schema.org","@graph":[{"@type":"WebPage","@id":"https:\/\/ehcteknik.com\/sv\/applikationer\/filter-for-ovriga-fordon\/","url":"https:\/\/ehcteknik.com\/sv\/applikationer\/filter-for-ovriga-fordon\/","name":"Filter f\u00f6r \u00f6vriga fordon | EHC Teknik","isPartOf":{"@id":"https:\/\/ehcteknik.com\/sv\/#website"},"datePublished":"2020-02-21T22:35:44+00:00","dateModified":"2024-04-09T14:03:21+00:00","description":"H\u00e4r hittar du mer info om avgasfilter till alla typer av byggmaskiner, som m\u00f6jligg\u00f6r arbete i tuffa milj\u00f6er utan att skada er arbetsmilj\u00f6.","breadcrumb":{"@id":"https:\/\/ehcteknik.com\/sv\/applikationer\/filter-for-ovriga-fordon\/#breadcrumb"},"inLanguage":"sv-SE","potentialAction":[{"@type":"ReadAction","target":["https:\/\/ehcteknik.com\/sv\/applikationer\/filter-for-ovriga-fordon\/"]}]},{"@type":"BreadcrumbList","@id":"https:\/\/ehcteknik.com\/sv\/applikationer\/filter-for-ovriga-fordon\/#breadcrumb","itemListElement":[{"@type":"ListItem","position":1,"name":"Home","item":"https:\/\/ehcteknik.com\/sv\/"},{"@type":"ListItem","position":2,"name":"Applikationer","item":"https:\/\/ehcteknik.com\/sv\/applikationer\/"},{"@type":"ListItem","position":3,"name":"Filter f\u00f6r \u00f6vriga fordon"}]},{"@type":"WebSite","@id":"https:\/\/ehcteknik.com\/sv\/#website","url":"https:\/\/ehcteknik.com\/sv\/","name":"EHC Teknik","description":"Vi minskar utsl\u00e4pp","publisher":{"@id":"https:\/\/ehcteknik.com\/sv\/#organization"},"potentialAction":[{"@type":"SearchAction","target":{"@type":"EntryPoint","urlTemplate":"https:\/\/ehcteknik.com\/sv\/?s={search_term_string}"},"query-input":{"@type":"PropertyValueSpecification","valueRequired":true,"valueName":"search_term_string"}}],"inLanguage":"sv-SE"},{"@type":"Organization","@id":"https:\/\/ehcteknik.com\/sv\/#organization","name":"EHC Teknik","url":"https:\/\/ehcteknik.com\/sv\/","logo":{"@type":"ImageObject","inLanguage":"sv-SE","@id":"https:\/\/ehcteknik.com\/sv\/#\/schema\/logo\/image\/","url":"https:\/\/ehcteknik.com\/wp-content\/uploads\/2020\/11\/logo.jpg","contentUrl":"https:\/\/ehcteknik.com\/wp-content\/uploads\/2020\/11\/logo.jpg","width":205,"height":58,"caption":"EHC Teknik"},"image":{"@id":"https:\/\/ehcteknik.com\/sv\/#\/schema\/logo\/image\/"}}]}},"_links":{"self":[{"href":"https:\/\/ehcteknik.com\/sv\/wp-json\/wp\/v2\/pages\/3206","targetHints":{"allow":["GET"]}}],"collection":[{"href":"https:\/\/ehcteknik.com\/sv\/wp-json\/wp\/v2\/pages"}],"about":[{"href":"https:\/\/ehcteknik.com\/sv\/wp-json\/wp\/v2\/types\/page"}],"author":[{"embeddable":true,"href":"https:\/\/ehcteknik.com\/sv\/wp-json\/wp\/v2\/users\/6"}],"replies":[{"embeddable":true,"href":"https:\/\/ehcteknik.com\/sv\/wp-json\/wp\/v2\/comments?post=3206"}],"version-history":[{"count":37,"href":"https:\/\/ehcteknik.com\/sv\/wp-json\/wp\/v2\/pages\/3206\/revisions"}],"predecessor-version":[{"id":12111,"href":"https:\/\/ehcteknik.com\/sv\/wp-json\/wp\/v2\/pages\/3206\/revisions\/12111"}],"up":[{"embeddable":true,"href":"https:\/\/ehcteknik.com\/sv\/wp-json\/wp\/v2\/pages\/1552"}],"wp:attachment":[{"href":"https:\/\/ehcteknik.com\/sv\/wp-json\/wp\/v2\/media?parent=3206"}],"curies":[{"name":"wp","href":"https:\/\/api.w.org\/{rel}","templated":true}]}}