{"id":2087,"date":"2020-01-13T12:37:13","date_gmt":"2020-01-13T12:37:13","guid":{"rendered":"https:\/\/ehcteknik.com\/?page_id=2087"},"modified":"2025-01-20T08:39:31","modified_gmt":"2025-01-20T08:39:31","slug":"faq-vanliga-fragor","status":"publish","type":"page","link":"https:\/\/ehcteknik.com\/sv\/faq-vanliga-fragor\/","title":{"rendered":"FAQ &#8211; vanliga fr\u00e5gor"},"content":{"rendered":"<div class=\"text-title-block container text-left mt-100 mb-100\">\n  \n      <h2 class=\"h2\">Hur mycket kostar det att g\u00f6ra rent ett partikelfilter?<\/h2>\n  \n\n      <p><p>Det beror p\u00e5. Vi rekommenderar att du h\u00f6r av dig till din EHC-kontakt eller <a href=\"https:\/\/ehcteknik.com\/sv\/distributorer\/\">n\u00e4rmaste \u00e5terf\u00f6rs\u00e4ljare<\/a> f\u00f6r att f\u00e5 en r\u00e4ttvisande kostnad f\u00f6r just ditt filter.<\/p>\n<\/p>\n  <\/div>\n\n\n<div class=\"text-title-block container text-left mt-100 mb-100\">\n  \n      <h2 class=\"h2\">Beh\u00f6ver jag filter p\u00e5 maskiner, fordon och bilar som ska startas och k\u00f6ras inomhus?<\/h2>\n  \n\n      <p><p>Ja, det beh\u00f6vs f\u00f6r att f\u00e5 en bra arbetsmilj\u00f6 i verkst\u00e4der, bilhallar, tunnlar och andra platser d\u00e4r bensin- eller dieseldrivna maskiner och fordon startas. I de h\u00e4r fallen beh\u00f6ver du ett filter som monteras p\u00e5 avgasr\u00f6ret. Ett sj\u00e4lvregenererande filter som sitter fastmonterat efter motorn \u00e4r endast bra f\u00f6r utomhusk\u00f6rning.<\/p>\n<\/p>\n  <\/div>\n\n\n<div class=\"text-title-block container text-left mt-100 mb-100\">\n  \n      <h2 class=\"h2\">Hur monterar jag ett filter p\u00e5 avgasr\u00f6r med kromat slutr\u00f6r?<\/h2>\n  \n\n      <p><p>Du monterar EHC P15 med en b\u00e4lg som pumpas upp inv\u00e4ndigt i avgasr\u00f6ret som kommer fr\u00e5n avgassystemet.<\/p>\n<\/p>\n  <\/div>\n\n\n<div class=\"text-title-block container text-left mt-100 mb-100\">\n  \n      <h2 class=\"h2\">Hur vet jag n\u00e4r filtret ska bytas?<\/h2>\n  \n\n      <p><p>P\u00e5 de olika filtermodellerna har vi en tryckvakt eller ett membran som visar n\u00e4r filtret \u00e4r fullt och beh\u00f6ver bytas. Du kan ocks\u00e5 byta filter efter ett visst antal starter. P\u00e5 s\u00e5 s\u00e4tt har du alltid l\u00e5gt mottryck och bra fl\u00f6de genom filtret, vilket undviker skador p\u00e5 filtret och g\u00f6r k\u00f6rningen mer kostnadseffektiv.<\/p>\n<\/p>\n  <\/div>\n\n\n<div class=\"text-title-block container text-left mt-100 mb-100\">\n  \n      <h2 class=\"h2\">Var sl\u00e4nger jag f\u00f6rbrukade filter?<\/h2>\n  \n\n      <p><p>Eftersom det \u00e4r klassat som normalt avfall g\u00e5r det alldeles utm\u00e4rkt att l\u00e4gga f\u00f6rbrukade filter bland vanliga f\u00f6rbr\u00e4nningssopor.<\/p>\n<\/p>\n  <\/div>\n\n\n<div class=\"text-title-block container text-left mt-100 mb-100\">\n  \n      <h2 class=\"h2\">Hur l\u00e4nge r\u00e4cker ett filter innan det ska bytas?<\/h2>\n  \n\n      <p><p>Det beror p\u00e5 om det anv\u00e4nds till ett bensin- eller dieseldrivet fordon, motorns skick, ditt k\u00f6rs\u00e4tt med mera. Men de h\u00e4r riktlinjerna ger dig en uppfattning:<\/p>\n<ul>\n<li>Ett P15 filter kan anv\u00e4ndas vid upp till cirka 200 starter.<\/li>\n<li>Ett L20 filter kan anv\u00e4ndas vid upp till cirka 100 starter.<\/li>\n<li>Ett HT r\u00e4knas i timmar och kan k\u00f6ras i ca: 100\u2013400 timmar, beroende p\u00e5 modell.<\/li>\n<\/ul>\n<\/p>\n  <\/div>\n\n\n<div class=\"text-title-block container text-left mt-100 mb-100\">\n  \n      <h2 class=\"h2\">Tar filtret bort gaser?<\/h2>\n  \n\n      <p><p>Ja, m\u00e4ngden gas minskar men tas inte bort helt. N\u00e4r sotpartiklar fastnar i filtret fastnar ocks\u00e5 gasen som h\u00e4nger ihop med dem. Den gas som inte stannar i filtret \u00e4r l\u00e4ttflyktig och ventileras bort genom ventilationen.<\/p>\n<\/p>\n  <\/div>\n\n\n<div class=\"text-title-block container text-left mt-100 mb-100\">\n  \n      <h2 class=\"h2\">Vad kostar ett filter?<\/h2>\n  \n\n      <p><p>Det beror p\u00e5 vilken motorstorlek det g\u00e4ller och ditt k\u00f6rs\u00e4tt. Kontakta oss p\u00e5 EHC Teknik s\u00e5 reder vi ut det och tar fram ett r\u00e4ttvisande pris f\u00f6r dig.<\/p>\n<\/p>\n  <\/div>\n\n\n<div class=\"text-title-block container text-left mt-100 mb-100\">\n  \n      <h2 class=\"h2\">\u00c4r det sv\u00e5rt att montera ett filter?<\/h2>\n  \n\n      <p><p>Nej, f\u00f6r tillf\u00e4llig k\u00f6rning med P15 och L20 \u00e4r det enkelt att montera en b\u00e4lg eller kon direkt p\u00e5 avgasr\u00f6ret. F\u00f6r permanent installation av HT tar monteringen runt 4\u20138 arbetstimmar. \u00c4ven HT kan anv\u00e4ndas f\u00f6r tillf\u00e4lligt arbete med maskin och d\u00e5 \u00e4r monteringen mer enkel. Monteringen av ett sj\u00e4lv-regenererat partikelfiltersystem tar cirka 1\u20132 dagar.<\/p>\n<\/p>\n  <\/div>\n\n\n<div class=\"text-title-block container text-left mt-100 mb-100\">\n  \n      <h2 class=\"h2\">Kan jag k\u00f6ra med EHC-filter p\u00e5 v\u00e4gen?<\/h2>\n  \n\n      <p><p>Nej. P15-, L20- och HT-filter \u00e4r tillverkade som personliga arbetarskydd att anv\u00e4nda inomhus och i avgr\u00e4nsade omr\u00e5den. Konstruktionen g\u00f6r det m\u00f6jligt f\u00f6r filtret att avskilja m\u00e5nga och mindre partiklar, men skulle g\u00f6ra mottrycket i filtret f\u00f6r h\u00f6gt om fordonet k\u00f6rdes p\u00e5 v\u00e4gen.<\/p>\n<\/p>\n  <\/div>\n\n\n<div class=\"text-title-block container text-left mt-100 mb-100\">\n  \n      <h2 class=\"h2\">Kan ett EHC-filter skada motorn?<\/h2>\n  \n\n      <p><p>Nej, mottrycket i ett filter \u00e4r mycket l\u00e5gt. Tryckvaktslarmet p\u00e5 ett HT-filter \u00e4r p\u00e5 samma niv\u00e5 som de flesta ljudd\u00e4mpare.<\/p>\n<\/p>\n  <\/div>\n\n\n<div class=\"contact-block w-100 py-5 d-block mt-30 mb-30\">\n  <div class=\"container\">\n          <h2 class=\"text-center text-white mb-4\">Kontakta oss<\/h2>\n    \n    <script type=\"text\/javascript\">\n\/* <![CDATA[ *\/\nvar gform;gform||(document.addEventListener(\"gform_main_scripts_loaded\",function(){gform.scriptsLoaded=!0}),document.addEventListener(\"gform\/theme\/scripts_loaded\",function(){gform.themeScriptsLoaded=!0}),window.addEventListener(\"DOMContentLoaded\",function(){gform.domLoaded=!0}),gform={domLoaded:!1,scriptsLoaded:!1,themeScriptsLoaded:!1,isFormEditor:()=>\"function\"==typeof InitializeEditor,callIfLoaded:function(o){return!(!gform.domLoaded||!gform.scriptsLoaded||!gform.themeScriptsLoaded&&!gform.isFormEditor()||(gform.isFormEditor()&&console.warn(\"The use of gform.initializeOnLoaded() is deprecated in the form editor context and will be removed in Gravity Forms 3.1.\"),o(),0))},initializeOnLoaded:function(o){gform.callIfLoaded(o)||(document.addEventListener(\"gform_main_scripts_loaded\",()=>{gform.scriptsLoaded=!0,gform.callIfLoaded(o)}),document.addEventListener(\"gform\/theme\/scripts_loaded\",()=>{gform.themeScriptsLoaded=!0,gform.callIfLoaded(o)}),window.addEventListener(\"DOMContentLoaded\",()=>{gform.domLoaded=!0,gform.callIfLoaded(o)}))},hooks:{action:{},filter:{}},addAction:function(o,r,e,t){gform.addHook(\"action\",o,r,e,t)},addFilter:function(o,r,e,t){gform.addHook(\"filter\",o,r,e,t)},doAction:function(o){gform.doHook(\"action\",o,arguments)},applyFilters:function(o){return gform.doHook(\"filter\",o,arguments)},removeAction:function(o,r){gform.removeHook(\"action\",o,r)},removeFilter:function(o,r,e){gform.removeHook(\"filter\",o,r,e)},addHook:function(o,r,e,t,n){null==gform.hooks[o][r]&&(gform.hooks[o][r]=[]);var d=gform.hooks[o][r];null==n&&(n=r+\"_\"+d.length),gform.hooks[o][r].push({tag:n,callable:e,priority:t=null==t?10:t})},doHook:function(r,o,e){var t;if(e=Array.prototype.slice.call(e,1),null!=gform.hooks[r][o]&&((o=gform.hooks[r][o]).sort(function(o,r){return o.priority-r.priority}),o.forEach(function(o){\"function\"!=typeof(t=o.callable)&&(t=window[t]),\"action\"==r?t.apply(null,e):e[0]=t.apply(null,e)})),\"filter\"==r)return e[0]},removeHook:function(o,r,t,n){var e;null!=gform.hooks[o][r]&&(e=(e=gform.hooks[o][r]).filter(function(o,r,e){return!!(null!=n&&n!=o.tag||null!=t&&t!=o.priority)}),gform.hooks[o][r]=e)}});\n\/* ]]> *\/\n<\/script>\n\n                <div class='gf_browser_gecko gform_wrapper gform_legacy_markup_wrapper gform-theme--no-framework' data-form-theme='legacy' data-form-index='0' id='gform_wrapper_3' >\n                        <div class='gform_heading'>\n                            <p class='gform_description'><\/p>\n                        <\/div><form method='post' enctype='multipart\/form-data'  id='gform_3'  action='\/sv\/wp-json\/wp\/v2\/pages\/2087' data-formid='3' novalidate>\n                        <div class='gform-body gform_body'><ul id='gform_fields_3' class='gform_fields top_label form_sublabel_below description_below validation_below'><li id=\"field_3_7\" class=\"gfield gfield--type-honeypot gform_validation_container field_sublabel_below gfield--has-description field_description_below field_validation_below gfield_visibility_visible\"  ><label class='gfield_label gform-field-label' for='input_3_7'>Comments<\/label><div class='ginput_container'><input name='input_7' id='input_3_7' type='text' value='' autocomplete='new-password'\/><\/div><div class='gfield_description' id='gfield_description_3_7'>Detta f\u00e4lt anv\u00e4nds f\u00f6r validerings\u00e4ndam\u00e5l och ska l\u00e4mnas of\u00f6r\u00e4ndrat.<\/div><\/li><li id=\"field_3_1\" class=\"gfield gfield--type-text field_sublabel_below gfield--no-description field_description_below field_validation_below gfield_visibility_visible\"  ><label class='gfield_label gform-field-label' for='input_3_1'>Namn<\/label><div class='ginput_container ginput_container_text'><input name='input_1' id='input_3_1' type='text' value='' class='medium'    placeholder='Namn'  aria-invalid=\"false\"   \/><\/div><\/li><li id=\"field_3_2\" class=\"gfield gfield--type-text field_sublabel_below gfield--no-description field_description_below field_validation_below gfield_visibility_visible\"  ><label class='gfield_label gform-field-label' for='input_3_2'>Land<\/label><div class='ginput_container ginput_container_text'><input name='input_2' id='input_3_2' type='text' value='' class='medium'    placeholder='Land'  aria-invalid=\"false\"   \/><\/div><\/li><li id=\"field_3_3\" class=\"gfield gfield--type-text field_sublabel_below gfield--no-description field_description_below field_validation_below gfield_visibility_visible\"  ><label class='gfield_label gform-field-label' for='input_3_3'>E-post<\/label><div class='ginput_container ginput_container_text'><input name='input_3' id='input_3_3' type='text' value='' class='medium'    placeholder='E-post'  aria-invalid=\"false\"   \/><\/div><\/li><li id=\"field_3_4\" class=\"gfield gfield--type-text field_sublabel_below gfield--no-description field_description_below field_validation_below gfield_visibility_visible\"  ><label class='gfield_label gform-field-label' for='input_3_4'>Telefon<\/label><div class='ginput_container ginput_container_text'><input name='input_4' id='input_3_4' type='text' value='' class='medium'    placeholder='Telefon'  aria-invalid=\"false\"   \/><\/div><\/li><li id=\"field_3_5\" class=\"gfield gfield--type-textarea field_sublabel_below gfield--no-description field_description_below field_validation_below gfield_visibility_visible\"  ><label class='gfield_label gform-field-label' for='input_3_5'>Meddelande<\/label><div class='ginput_container ginput_container_textarea'><textarea name='input_5' id='input_3_5' class='textarea medium'    placeholder='Meddelande'  aria-invalid=\"false\"   rows='10' cols='50'><\/textarea><\/div><\/li><li id=\"field_3_6\" class=\"gfield gfield--type-captcha field_sublabel_below gfield--no-description field_description_below field_validation_below gfield_visibility_visible\"  ><label class='gfield_label gform-field-label' for='input_3_6'>CAPTCHA<\/label><div id='input_3_6' class='ginput_container ginput_recaptcha' data-sitekey='6LfFqPMUAAAAADxrhmUk3II65cUMz4qCvA2g3Ivl'  data-theme='light' data-tabindex='0'  data-badge=''><\/div><\/li><\/ul><\/div>\n        <div class='gform-footer gform_footer top_label'> <input type='submit' id='gform_submit_button_3' class='gform_button button' onclick='gform.submission.handleButtonClick(this);' data-submission-type='submit' value='Skicka'  \/> \n            <input type='hidden' class='gform_hidden' name='gform_submission_method' data-js='gform_submission_method_3' value='postback' \/>\n            <input type='hidden' class='gform_hidden' name='gform_theme' data-js='gform_theme_3' id='gform_theme_3' value='legacy' \/>\n            <input type='hidden' class='gform_hidden' name='gform_style_settings' data-js='gform_style_settings_3' id='gform_style_settings_3' value='[]' \/>\n            <input type='hidden' class='gform_hidden' name='is_submit_3' value='1' \/>\n            <input type='hidden' class='gform_hidden' name='gform_submit' value='3' \/>\n            \n            <input type='hidden' class='gform_hidden' name='gform_currency' data-currency='USD' value='Lhie4S8zml4T8VhbwWI8zWum\/gPHz4rCP+ZBiY9g7FuKqx8xTeusLydfSEOOhvN8Z75kbhgdj7GmwOt8CoVWup6YCl7P49l\/amYISnLGZUJoEJI=' \/>\n            <input type='hidden' class='gform_hidden' name='gform_unique_id' value='' \/>\n            <input type='hidden' class='gform_hidden' name='state_3' value='WyJbXSIsIjg4Mjg4OGJiZWEwMDMxZDkwNDg0YzZlYzAyYTUwMTg4Il0=' \/>\n            <input type='hidden' autocomplete='off' class='gform_hidden' name='gform_target_page_number_3' id='gform_target_page_number_3' value='0' \/>\n            <input type='hidden' autocomplete='off' class='gform_hidden' name='gform_source_page_number_3' id='gform_source_page_number_3' value='1' \/>\n            <input type='hidden' name='gform_field_values' value='' \/>\n            \n        <\/div>\n                        <\/form>\n                        <\/div><script type=\"text\/javascript\">\n\/* <![CDATA[ *\/\ndocument.addEventListener( \"DOMContentLoaded\", function() { gform.initializeOnLoaded( function() {gformInitSpinner( 3, 'https:\/\/ehcteknik.com\/wp-content\/plugins\/gravityforms\/images\/spinner.svg', true );jQuery('#gform_ajax_frame_3').on('load',function(){var contents = jQuery(this).contents().find('*').html();var is_postback = contents.indexOf('GF_AJAX_POSTBACK') >= 0;if(!is_postback){return;}var form_content = jQuery(this).contents().find('#gform_wrapper_3');var is_confirmation = jQuery(this).contents().find('#gform_confirmation_wrapper_3').length > 0;var is_redirect = contents.indexOf('gformRedirect(){') >= 0;var is_form = form_content.length > 0 && ! is_redirect && ! is_confirmation;var mt = parseInt(jQuery('html').css('margin-top'), 10) + parseInt(jQuery('body').css('margin-top'), 10) + 100;if(is_form){jQuery('#gform_wrapper_3').html(form_content.html());if(form_content.hasClass('gform_validation_error')){jQuery('#gform_wrapper_3').addClass('gform_validation_error');} else {jQuery('#gform_wrapper_3').removeClass('gform_validation_error');}setTimeout( function() { \/* delay the scroll by 50 milliseconds to fix a bug in chrome *\/  }, 50 );if(window['gformInitDatepicker']) {gformInitDatepicker();}if(window['gformInitPriceFields']) {gformInitPriceFields();}var current_page = jQuery('#gform_source_page_number_3').val();gformInitSpinner( 3, 'https:\/\/ehcteknik.com\/wp-content\/plugins\/gravityforms\/images\/spinner.svg', true );jQuery(document).trigger('gform_page_loaded', [3, current_page]);window['gf_submitting_3'] = false;}else if(!is_redirect){var confirmation_content = jQuery(this).contents().find('.GF_AJAX_POSTBACK').html();if(!confirmation_content){confirmation_content = contents;}jQuery('#gform_wrapper_3').replaceWith(confirmation_content);jQuery(document).trigger('gform_confirmation_loaded', [3]);window['gf_submitting_3'] = false;wp.a11y.speak(jQuery('#gform_confirmation_message_3').text());}else{jQuery('#gform_3').append(contents);if(window['gformRedirect']) {gformRedirect();}}jQuery(document).trigger(\"gform_pre_post_render\", [{ formId: \"3\", currentPage: \"current_page\", abort: function() { this.preventDefault(); } }]);        if (event && event.defaultPrevented) {                return;        }        const gformWrapperDiv = document.getElementById( \"gform_wrapper_3\" );        if ( gformWrapperDiv ) {            const visibilitySpan = document.createElement( \"span\" );            visibilitySpan.id = \"gform_visibility_test_3\";            gformWrapperDiv.insertAdjacentElement( \"afterend\", visibilitySpan );        }        const visibilityTestDiv = document.getElementById( \"gform_visibility_test_3\" );        let postRenderFired = false;        function triggerPostRender() {            if ( postRenderFired ) {                return;            }            postRenderFired = true;            gform.core.triggerPostRenderEvents( 3, current_page );            if ( visibilityTestDiv ) {                visibilityTestDiv.parentNode.removeChild( visibilityTestDiv );            }        }        function debounce( func, wait, immediate ) {            var timeout;            return function() {                var context = this, args = arguments;                var later = function() {                    timeout = null;                    if ( !immediate ) func.apply( context, args );                };                var callNow = immediate && !timeout;                clearTimeout( timeout );                timeout = setTimeout( later, wait );                if ( callNow ) func.apply( context, args );            };        }        const debouncedTriggerPostRender = debounce( function() {            triggerPostRender();        }, 200 );        if ( visibilityTestDiv && visibilityTestDiv.offsetParent === null ) {            const observer = new MutationObserver( ( mutations ) => {                mutations.forEach( ( mutation ) => {                    if ( mutation.type === 'attributes' && visibilityTestDiv.offsetParent !== null ) {                        debouncedTriggerPostRender();                        observer.disconnect();                    }                });            });            observer.observe( document.body, {                attributes: true,                childList: false,                subtree: true,                attributeFilter: [ 'style', 'class' ],            });        } else {            triggerPostRender();        }    } );} );  }, false );\n\/* ]]> *\/\n<\/script>\n  <\/div>\n<\/div>","protected":false},"excerpt":{"rendered":"","protected":false},"author":6,"featured_media":0,"parent":0,"menu_order":0,"comment_status":"closed","ping_status":"closed","template":"","meta":{"_acf_changed":false,"footnotes":""},"class_list":["post-2087","page","type-page","status-publish","hentry"],"acf":[],"yoast_head":"<!-- This site is optimized with the Yoast SEO plugin v24.2 - https:\/\/yoast.com\/wordpress\/plugins\/seo\/ -->\n<title>FAQ - vanliga fr\u00e5gor | EHC Teknik<\/title>\n<meta name=\"description\" content=\"H\u00e4r f\u00e5r du svar p\u00e5 vanliga fr\u00e5gor g\u00e4llande EHC avgasfilter. Kan man tillexempel k\u00f6ra fordon inomhus?\" \/>\n<meta name=\"robots\" content=\"index, follow, max-snippet:-1, max-image-preview:large, max-video-preview:-1\" \/>\n<link rel=\"canonical\" href=\"https:\/\/ehcteknik.com\/sv\/faq-vanliga-fragor\/\" \/>\n<meta property=\"og:locale\" content=\"sv_SE\" \/>\n<meta property=\"og:type\" content=\"article\" \/>\n<meta property=\"og:title\" content=\"FAQ - vanliga fr\u00e5gor | EHC Teknik\" \/>\n<meta property=\"og:description\" content=\"H\u00e4r f\u00e5r du svar p\u00e5 vanliga fr\u00e5gor g\u00e4llande EHC avgasfilter. Kan man tillexempel k\u00f6ra fordon inomhus?\" \/>\n<meta property=\"og:url\" content=\"https:\/\/ehcteknik.com\/sv\/faq-vanliga-fragor\/\" \/>\n<meta property=\"og:site_name\" content=\"EHC Teknik\" \/>\n<meta property=\"article:modified_time\" content=\"2025-01-20T08:39:31+00:00\" \/>\n<meta name=\"twitter:card\" content=\"summary_large_image\" \/>\n<script type=\"application\/ld+json\" class=\"yoast-schema-graph\">{\"@context\":\"https:\/\/schema.org\",\"@graph\":[{\"@type\":\"WebPage\",\"@id\":\"https:\/\/ehcteknik.com\/sv\/faq-vanliga-fragor\/\",\"url\":\"https:\/\/ehcteknik.com\/sv\/faq-vanliga-fragor\/\",\"name\":\"FAQ - vanliga fr\u00e5gor | EHC Teknik\",\"isPartOf\":{\"@id\":\"https:\/\/ehcteknik.com\/sv\/#website\"},\"datePublished\":\"2020-01-13T12:37:13+00:00\",\"dateModified\":\"2025-01-20T08:39:31+00:00\",\"description\":\"H\u00e4r f\u00e5r du svar p\u00e5 vanliga fr\u00e5gor g\u00e4llande EHC avgasfilter. Kan man tillexempel k\u00f6ra fordon inomhus?\",\"breadcrumb\":{\"@id\":\"https:\/\/ehcteknik.com\/sv\/faq-vanliga-fragor\/#breadcrumb\"},\"inLanguage\":\"sv-SE\",\"potentialAction\":[{\"@type\":\"ReadAction\",\"target\":[\"https:\/\/ehcteknik.com\/sv\/faq-vanliga-fragor\/\"]}]},{\"@type\":\"BreadcrumbList\",\"@id\":\"https:\/\/ehcteknik.com\/sv\/faq-vanliga-fragor\/#breadcrumb\",\"itemListElement\":[{\"@type\":\"ListItem\",\"position\":1,\"name\":\"Home\",\"item\":\"https:\/\/ehcteknik.com\/sv\/\"},{\"@type\":\"ListItem\",\"position\":2,\"name\":\"FAQ &#8211; vanliga fr\u00e5gor\"}]},{\"@type\":\"WebSite\",\"@id\":\"https:\/\/ehcteknik.com\/sv\/#website\",\"url\":\"https:\/\/ehcteknik.com\/sv\/\",\"name\":\"EHC Teknik\",\"description\":\"Vi minskar utsl\u00e4pp\",\"publisher\":{\"@id\":\"https:\/\/ehcteknik.com\/sv\/#organization\"},\"potentialAction\":[{\"@type\":\"SearchAction\",\"target\":{\"@type\":\"EntryPoint\",\"urlTemplate\":\"https:\/\/ehcteknik.com\/sv\/?s={search_term_string}\"},\"query-input\":{\"@type\":\"PropertyValueSpecification\",\"valueRequired\":true,\"valueName\":\"search_term_string\"}}],\"inLanguage\":\"sv-SE\"},{\"@type\":\"Organization\",\"@id\":\"https:\/\/ehcteknik.com\/sv\/#organization\",\"name\":\"EHC Teknik\",\"url\":\"https:\/\/ehcteknik.com\/sv\/\",\"logo\":{\"@type\":\"ImageObject\",\"inLanguage\":\"sv-SE\",\"@id\":\"https:\/\/ehcteknik.com\/sv\/#\/schema\/logo\/image\/\",\"url\":\"https:\/\/ehcteknik.com\/wp-content\/uploads\/2020\/11\/logo.jpg\",\"contentUrl\":\"https:\/\/ehcteknik.com\/wp-content\/uploads\/2020\/11\/logo.jpg\",\"width\":205,\"height\":58,\"caption\":\"EHC Teknik\"},\"image\":{\"@id\":\"https:\/\/ehcteknik.com\/sv\/#\/schema\/logo\/image\/\"}}]}<\/script>\n<!-- \/ Yoast SEO plugin. -->","yoast_head_json":{"title":"FAQ - vanliga fr\u00e5gor | EHC Teknik","description":"H\u00e4r f\u00e5r du svar p\u00e5 vanliga fr\u00e5gor g\u00e4llande EHC avgasfilter. Kan man tillexempel k\u00f6ra fordon inomhus?","robots":{"index":"index","follow":"follow","max-snippet":"max-snippet:-1","max-image-preview":"max-image-preview:large","max-video-preview":"max-video-preview:-1"},"canonical":"https:\/\/ehcteknik.com\/sv\/faq-vanliga-fragor\/","og_locale":"sv_SE","og_type":"article","og_title":"FAQ - vanliga fr\u00e5gor | EHC Teknik","og_description":"H\u00e4r f\u00e5r du svar p\u00e5 vanliga fr\u00e5gor g\u00e4llande EHC avgasfilter. Kan man tillexempel k\u00f6ra fordon inomhus?","og_url":"https:\/\/ehcteknik.com\/sv\/faq-vanliga-fragor\/","og_site_name":"EHC Teknik","article_modified_time":"2025-01-20T08:39:31+00:00","twitter_card":"summary_large_image","schema":{"@context":"https:\/\/schema.org","@graph":[{"@type":"WebPage","@id":"https:\/\/ehcteknik.com\/sv\/faq-vanliga-fragor\/","url":"https:\/\/ehcteknik.com\/sv\/faq-vanliga-fragor\/","name":"FAQ - vanliga fr\u00e5gor | EHC Teknik","isPartOf":{"@id":"https:\/\/ehcteknik.com\/sv\/#website"},"datePublished":"2020-01-13T12:37:13+00:00","dateModified":"2025-01-20T08:39:31+00:00","description":"H\u00e4r f\u00e5r du svar p\u00e5 vanliga fr\u00e5gor g\u00e4llande EHC avgasfilter. Kan man tillexempel k\u00f6ra fordon inomhus?","breadcrumb":{"@id":"https:\/\/ehcteknik.com\/sv\/faq-vanliga-fragor\/#breadcrumb"},"inLanguage":"sv-SE","potentialAction":[{"@type":"ReadAction","target":["https:\/\/ehcteknik.com\/sv\/faq-vanliga-fragor\/"]}]},{"@type":"BreadcrumbList","@id":"https:\/\/ehcteknik.com\/sv\/faq-vanliga-fragor\/#breadcrumb","itemListElement":[{"@type":"ListItem","position":1,"name":"Home","item":"https:\/\/ehcteknik.com\/sv\/"},{"@type":"ListItem","position":2,"name":"FAQ &#8211; vanliga fr\u00e5gor"}]},{"@type":"WebSite","@id":"https:\/\/ehcteknik.com\/sv\/#website","url":"https:\/\/ehcteknik.com\/sv\/","name":"EHC Teknik","description":"Vi minskar utsl\u00e4pp","publisher":{"@id":"https:\/\/ehcteknik.com\/sv\/#organization"},"potentialAction":[{"@type":"SearchAction","target":{"@type":"EntryPoint","urlTemplate":"https:\/\/ehcteknik.com\/sv\/?s={search_term_string}"},"query-input":{"@type":"PropertyValueSpecification","valueRequired":true,"valueName":"search_term_string"}}],"inLanguage":"sv-SE"},{"@type":"Organization","@id":"https:\/\/ehcteknik.com\/sv\/#organization","name":"EHC Teknik","url":"https:\/\/ehcteknik.com\/sv\/","logo":{"@type":"ImageObject","inLanguage":"sv-SE","@id":"https:\/\/ehcteknik.com\/sv\/#\/schema\/logo\/image\/","url":"https:\/\/ehcteknik.com\/wp-content\/uploads\/2020\/11\/logo.jpg","contentUrl":"https:\/\/ehcteknik.com\/wp-content\/uploads\/2020\/11\/logo.jpg","width":205,"height":58,"caption":"EHC Teknik"},"image":{"@id":"https:\/\/ehcteknik.com\/sv\/#\/schema\/logo\/image\/"}}]}},"_links":{"self":[{"href":"https:\/\/ehcteknik.com\/sv\/wp-json\/wp\/v2\/pages\/2087","targetHints":{"allow":["GET"]}}],"collection":[{"href":"https:\/\/ehcteknik.com\/sv\/wp-json\/wp\/v2\/pages"}],"about":[{"href":"https:\/\/ehcteknik.com\/sv\/wp-json\/wp\/v2\/types\/page"}],"author":[{"embeddable":true,"href":"https:\/\/ehcteknik.com\/sv\/wp-json\/wp\/v2\/users\/6"}],"replies":[{"embeddable":true,"href":"https:\/\/ehcteknik.com\/sv\/wp-json\/wp\/v2\/comments?post=2087"}],"version-history":[{"count":26,"href":"https:\/\/ehcteknik.com\/sv\/wp-json\/wp\/v2\/pages\/2087\/revisions"}],"predecessor-version":[{"id":12826,"href":"https:\/\/ehcteknik.com\/sv\/wp-json\/wp\/v2\/pages\/2087\/revisions\/12826"}],"wp:attachment":[{"href":"https:\/\/ehcteknik.com\/sv\/wp-json\/wp\/v2\/media?parent=2087"}],"curies":[{"name":"wp","href":"https:\/\/api.w.org\/{rel}","templated":true}]}}