{"id":12142,"date":"2024-04-09T14:45:38","date_gmt":"2024-04-09T14:45:38","guid":{"rendered":"https:\/\/ehcteknik.com\/?page_id=12142"},"modified":"2025-01-23T12:54:51","modified_gmt":"2025-01-23T12:54:51","slug":"filter-for-ovriga-fordon-och-utrymmen","status":"publish","type":"page","link":"https:\/\/ehcteknik.com\/sv\/applikationer\/filter-for-ovriga-fordon-och-utrymmen\/","title":{"rendered":"Filter f\u00f6r \u00f6vriga fordon och utrymmen"},"content":{"rendered":"<div class=\"image-text-block container mt-100 mb-150\">\n  <div class=\"row\">\n              <div class=\"col-12 col-md-6 image-text text text-vertical-center\">\n            <div>\n              \n              \n                                  <div class=\"bg-primary mb-3\" style=\"width: 86px;height: 4px;\"><\/div>\n                \n                                  <h2 class=\"h1 mb-3\">Filter f\u00f6r verkst\u00e4der<\/h2>\n                \n                <div class=\"text-muted\">\n                  <p>V\u00e5ra L20-till\u00e4ggsfilter anv\u00e4nds vanligtvis f\u00f6r att starta och flytta lastbilar, bussar, jordbruks- och anl\u00e4ggningsmaskiner inomhus. Nu kan de \u00e4ven anv\u00e4ndas f\u00f6r en hel rad andra applikationer.<\/p>\n<p>Bilden nedan visar ett bra exempel p\u00e5 detta. V\u00e5rt L20-filter kombinerades med en fl\u00e4kt f\u00f6r att suga och filtrera r\u00f6kgaserna fr\u00e5n en kup\u00e9v\u00e4rmare. V\u00e4rmare \u00e4r allergiska mot mottryck och d\u00e4rf\u00f6r \u00e4r det inte m\u00f6jligt att installera ett avgasfilter direkt i avgasmunstycket, eftersom detta skulle orsaka f\u00f6r h\u00f6gt mottryck. Genom att anv\u00e4nda en fl\u00e4kt kan vi suga ut och filtrera r\u00f6kgaserna. P\u00e5 s\u00e5 s\u00e4tt h\u00e5ller vi arbetsplatsen r\u00f6kfri och skyddar de anst\u00e4llda mot utsl\u00e4pp\u2028<\/p>\n                <\/div>\n\n                \n                          <\/div>\n          <\/div>\n                <div class=\"col-12 col-md-6 image-text image \">\n            <div>\n                              <img decoding=\"async\" alt=\"\" src=\"https:\/\/ehcteknik.com\/wp-content\/uploads\/2024\/04\/P1050855.jpg\">\n              \n                          <\/div>\n          <\/div>\n        <\/div>\n<\/div>\n\n\n<div class=\"image-text-block container mt-100 mb-150\">\n  <div class=\"row\">\n              <div class=\"col-12 col-md-6 image-text image \">\n            <div>\n                              <img decoding=\"async\" alt=\"\" src=\"https:\/\/ehcteknik.com\/wp-content\/uploads\/2024\/04\/WP_20170103_10_43_32_Pro-1.jpg\">\n              \n                          <\/div>\n          <\/div>\n                <div class=\"col-12 col-md-6 image-text text text-vertical-center\">\n            <div>\n              \n              \n                                  <div class=\"bg-primary mb-3\" style=\"width: 86px;height: 4px;\"><\/div>\n                \n                                  <h2 class=\"h1 mb-3\">F\u00f6r varje avgasproblem<\/h2>\n                \n                <div class=\"text-muted\">\n                  <p>Om du letar efter en l\u00f6sning p\u00e5 ditt avgasproblem, v\u00e4nligen <a href=\"https:\/\/ehcteknik.com\/sv\/kontakt\/\">kontakta oss<\/a> utan f\u00f6rpliktelser.<\/p>\n<p>Tillsammans med dig hittar vi s\u00e4kert den passande l\u00f6sningen f\u00f6r att g\u00f6ra din arbetsmilj\u00f6 r\u00f6kfri, s\u00e5 att du tryggt kan koncentrera dig p\u00e5 ditt arbete!<\/p>\n<p><a href=\"https:\/\/ehcteknik.com\/sv\/produkter\/l20-filter\/\">Klicka h\u00e4r<\/a> f\u00f6r mer information om v\u00e5ra L20 plug-on filter.<\/p>\n                <\/div>\n\n                \n                          <\/div>\n          <\/div>\n        <\/div>\n<\/div>\n\n\n<div class=\"image-text-block container mt-<br \/>\n<b>Warning<\/b>:  Trying to access array offset on value of type null in <b>\/home\/ehctekni\/public_html\/wp-content\/themes\/ehc\/views\/blocks\/image-text.php<\/b> on line <b>1<\/b><br \/>\n mb-<br \/>\n<b>Warning<\/b>:  Trying to access array offset on value of type null in <b>\/home\/ehctekni\/public_html\/wp-content\/themes\/ehc\/views\/blocks\/image-text.php<\/b> on line <b>1<\/b><br \/>\n&#8221;>\n  <div class=\"row\">\n      <\/div>\n<\/div>\n\n\n<div class=\"text-title-block container text-left mt-<br \/>\n<b>Warning<\/b>:  Trying to access array offset on value of type null in <b>\/home\/ehctekni\/public_html\/wp-content\/themes\/ehc\/views\/blocks\/text-title.php<\/b> on line <b>1<\/b><br \/>\n mb-<br \/>\n<b>Warning<\/b>:  Trying to access array offset on value of type null in <b>\/home\/ehctekni\/public_html\/wp-content\/themes\/ehc\/views\/blocks\/text-title.php<\/b> on line <b>1<\/b><br \/>\n&#8221;>\n  \n  \n\n  <\/div>\n\n\n<div class=\"contact-block w-100 py-5 d-block mt-<br \/>\n<b>Warning<\/b>:  Trying to access array offset on value of type null in <b>\/home\/ehctekni\/public_html\/wp-content\/themes\/ehc\/views\/blocks\/contact.php<\/b> on line <b>1<\/b><br \/>\n mb-<br \/>\n<b>Warning<\/b>:  Trying to access array offset on value of type null in <b>\/home\/ehctekni\/public_html\/wp-content\/themes\/ehc\/views\/blocks\/contact.php<\/b> on line <b>1<\/b><br \/>\n&#8221;>\n  <div class=\"container\">\n          <h2 class=\"text-center text-white mb-4\">Kontakta oss<\/h2>\n    \n    <script type=\"text\/javascript\">\n\/* <![CDATA[ *\/\nvar gform;gform||(document.addEventListener(\"gform_main_scripts_loaded\",function(){gform.scriptsLoaded=!0}),document.addEventListener(\"gform\/theme\/scripts_loaded\",function(){gform.themeScriptsLoaded=!0}),window.addEventListener(\"DOMContentLoaded\",function(){gform.domLoaded=!0}),gform={domLoaded:!1,scriptsLoaded:!1,themeScriptsLoaded:!1,isFormEditor:()=>\"function\"==typeof InitializeEditor,callIfLoaded:function(o){return!(!gform.domLoaded||!gform.scriptsLoaded||!gform.themeScriptsLoaded&&!gform.isFormEditor()||(gform.isFormEditor()&&console.warn(\"The use of gform.initializeOnLoaded() is deprecated in the form editor context and will be removed in Gravity Forms 3.1.\"),o(),0))},initializeOnLoaded:function(o){gform.callIfLoaded(o)||(document.addEventListener(\"gform_main_scripts_loaded\",()=>{gform.scriptsLoaded=!0,gform.callIfLoaded(o)}),document.addEventListener(\"gform\/theme\/scripts_loaded\",()=>{gform.themeScriptsLoaded=!0,gform.callIfLoaded(o)}),window.addEventListener(\"DOMContentLoaded\",()=>{gform.domLoaded=!0,gform.callIfLoaded(o)}))},hooks:{action:{},filter:{}},addAction:function(o,r,e,t){gform.addHook(\"action\",o,r,e,t)},addFilter:function(o,r,e,t){gform.addHook(\"filter\",o,r,e,t)},doAction:function(o){gform.doHook(\"action\",o,arguments)},applyFilters:function(o){return gform.doHook(\"filter\",o,arguments)},removeAction:function(o,r){gform.removeHook(\"action\",o,r)},removeFilter:function(o,r,e){gform.removeHook(\"filter\",o,r,e)},addHook:function(o,r,e,t,n){null==gform.hooks[o][r]&&(gform.hooks[o][r]=[]);var d=gform.hooks[o][r];null==n&&(n=r+\"_\"+d.length),gform.hooks[o][r].push({tag:n,callable:e,priority:t=null==t?10:t})},doHook:function(r,o,e){var t;if(e=Array.prototype.slice.call(e,1),null!=gform.hooks[r][o]&&((o=gform.hooks[r][o]).sort(function(o,r){return o.priority-r.priority}),o.forEach(function(o){\"function\"!=typeof(t=o.callable)&&(t=window[t]),\"action\"==r?t.apply(null,e):e[0]=t.apply(null,e)})),\"filter\"==r)return e[0]},removeHook:function(o,r,t,n){var e;null!=gform.hooks[o][r]&&(e=(e=gform.hooks[o][r]).filter(function(o,r,e){return!!(null!=n&&n!=o.tag||null!=t&&t!=o.priority)}),gform.hooks[o][r]=e)}});\n\/* ]]> *\/\n<\/script>\n\n                <div class='gf_browser_gecko gform_wrapper gform_legacy_markup_wrapper gform-theme--no-framework' data-form-theme='legacy' data-form-index='0' id='gform_wrapper_3' >\n                        <div class='gform_heading'>\n                            <p class='gform_description'><\/p>\n                        <\/div><form method='post' enctype='multipart\/form-data'  id='gform_3'  action='\/sv\/wp-json\/wp\/v2\/pages\/12142' data-formid='3' novalidate>\n                        <div class='gform-body gform_body'><ul id='gform_fields_3' class='gform_fields top_label form_sublabel_below description_below validation_below'><li id=\"field_3_7\" class=\"gfield gfield--type-honeypot gform_validation_container field_sublabel_below gfield--has-description field_description_below field_validation_below gfield_visibility_visible\"  ><label class='gfield_label gform-field-label' for='input_3_7'>URL<\/label><div class='ginput_container'><input name='input_7' id='input_3_7' type='text' value='' autocomplete='new-password'\/><\/div><div class='gfield_description' id='gfield_description_3_7'>Detta f\u00e4lt anv\u00e4nds f\u00f6r validerings\u00e4ndam\u00e5l och ska l\u00e4mnas of\u00f6r\u00e4ndrat.<\/div><\/li><li id=\"field_3_1\" class=\"gfield gfield--type-text field_sublabel_below gfield--no-description field_description_below field_validation_below gfield_visibility_visible\"  ><label class='gfield_label gform-field-label' for='input_3_1'>Namn<\/label><div class='ginput_container ginput_container_text'><input name='input_1' id='input_3_1' type='text' value='' class='medium'    placeholder='Namn'  aria-invalid=\"false\"   \/><\/div><\/li><li id=\"field_3_2\" class=\"gfield gfield--type-text field_sublabel_below gfield--no-description field_description_below field_validation_below gfield_visibility_visible\"  ><label class='gfield_label gform-field-label' for='input_3_2'>Land<\/label><div class='ginput_container ginput_container_text'><input name='input_2' id='input_3_2' type='text' value='' class='medium'    placeholder='Land'  aria-invalid=\"false\"   \/><\/div><\/li><li id=\"field_3_3\" class=\"gfield gfield--type-text field_sublabel_below gfield--no-description field_description_below field_validation_below gfield_visibility_visible\"  ><label class='gfield_label gform-field-label' for='input_3_3'>E-post<\/label><div class='ginput_container ginput_container_text'><input name='input_3' id='input_3_3' type='text' value='' class='medium'    placeholder='E-post'  aria-invalid=\"false\"   \/><\/div><\/li><li id=\"field_3_4\" class=\"gfield gfield--type-text field_sublabel_below gfield--no-description field_description_below field_validation_below gfield_visibility_visible\"  ><label class='gfield_label gform-field-label' for='input_3_4'>Telefon<\/label><div class='ginput_container ginput_container_text'><input name='input_4' id='input_3_4' type='text' value='' class='medium'    placeholder='Telefon'  aria-invalid=\"false\"   \/><\/div><\/li><li id=\"field_3_5\" class=\"gfield gfield--type-textarea field_sublabel_below gfield--no-description field_description_below field_validation_below gfield_visibility_visible\"  ><label class='gfield_label gform-field-label' for='input_3_5'>Meddelande<\/label><div class='ginput_container ginput_container_textarea'><textarea name='input_5' id='input_3_5' class='textarea medium'    placeholder='Meddelande'  aria-invalid=\"false\"   rows='10' cols='50'><\/textarea><\/div><\/li><li id=\"field_3_6\" class=\"gfield gfield--type-captcha field_sublabel_below gfield--no-description field_description_below field_validation_below gfield_visibility_visible\"  ><label class='gfield_label gform-field-label' for='input_3_6'>CAPTCHA<\/label><div id='input_3_6' class='ginput_container ginput_recaptcha' data-sitekey='6LfFqPMUAAAAADxrhmUk3II65cUMz4qCvA2g3Ivl'  data-theme='light' data-tabindex='0'  data-badge=''><\/div><\/li><\/ul><\/div>\n        <div class='gform-footer gform_footer top_label'> <input type='submit' id='gform_submit_button_3' class='gform_button button' onclick='gform.submission.handleButtonClick(this);' data-submission-type='submit' value='Skicka'  \/> \n            <input type='hidden' class='gform_hidden' name='gform_submission_method' data-js='gform_submission_method_3' value='postback' \/>\n            <input type='hidden' class='gform_hidden' name='gform_theme' data-js='gform_theme_3' id='gform_theme_3' value='legacy' \/>\n            <input type='hidden' class='gform_hidden' name='gform_style_settings' data-js='gform_style_settings_3' id='gform_style_settings_3' value='[]' \/>\n            <input type='hidden' class='gform_hidden' name='is_submit_3' value='1' \/>\n            <input type='hidden' class='gform_hidden' name='gform_submit' value='3' \/>\n            \n            <input type='hidden' class='gform_hidden' name='gform_currency' data-currency='USD' value='DC+p9Pi7lPHtgkrORgxHnTzbLQHE2njJen\/Zc0NiKO5VwB47eVPNwafvZD3WusmR2Unxh6ibCDyJcIdKsyU5WJmnbfFRO12g5hx6\/tnblIiA2j0=' \/>\n            <input type='hidden' class='gform_hidden' name='gform_unique_id' value='' \/>\n            <input type='hidden' class='gform_hidden' name='state_3' value='WyJbXSIsIjg4Mjg4OGJiZWEwMDMxZDkwNDg0YzZlYzAyYTUwMTg4Il0=' \/>\n            <input type='hidden' autocomplete='off' class='gform_hidden' name='gform_target_page_number_3' id='gform_target_page_number_3' value='0' \/>\n            <input type='hidden' autocomplete='off' class='gform_hidden' name='gform_source_page_number_3' id='gform_source_page_number_3' value='1' \/>\n            <input type='hidden' name='gform_field_values' value='' \/>\n            \n        <\/div>\n                        <\/form>\n                        <\/div><script type=\"text\/javascript\">\n\/* <![CDATA[ *\/\ndocument.addEventListener( \"DOMContentLoaded\", function() { gform.initializeOnLoaded( function() {gformInitSpinner( 3, 'https:\/\/ehcteknik.com\/wp-content\/plugins\/gravityforms\/images\/spinner.svg', true );jQuery('#gform_ajax_frame_3').on('load',function(){var contents = jQuery(this).contents().find('*').html();var is_postback = contents.indexOf('GF_AJAX_POSTBACK') >= 0;if(!is_postback){return;}var form_content = jQuery(this).contents().find('#gform_wrapper_3');var is_confirmation = jQuery(this).contents().find('#gform_confirmation_wrapper_3').length > 0;var is_redirect = contents.indexOf('gformRedirect(){') >= 0;var is_form = form_content.length > 0 && ! is_redirect && ! is_confirmation;var mt = parseInt(jQuery('html').css('margin-top'), 10) + parseInt(jQuery('body').css('margin-top'), 10) + 100;if(is_form){jQuery('#gform_wrapper_3').html(form_content.html());if(form_content.hasClass('gform_validation_error')){jQuery('#gform_wrapper_3').addClass('gform_validation_error');} else {jQuery('#gform_wrapper_3').removeClass('gform_validation_error');}setTimeout( function() { \/* delay the scroll by 50 milliseconds to fix a bug in chrome *\/  }, 50 );if(window['gformInitDatepicker']) {gformInitDatepicker();}if(window['gformInitPriceFields']) {gformInitPriceFields();}var current_page = jQuery('#gform_source_page_number_3').val();gformInitSpinner( 3, 'https:\/\/ehcteknik.com\/wp-content\/plugins\/gravityforms\/images\/spinner.svg', true );jQuery(document).trigger('gform_page_loaded', [3, current_page]);window['gf_submitting_3'] = false;}else if(!is_redirect){var confirmation_content = jQuery(this).contents().find('.GF_AJAX_POSTBACK').html();if(!confirmation_content){confirmation_content = contents;}jQuery('#gform_wrapper_3').replaceWith(confirmation_content);jQuery(document).trigger('gform_confirmation_loaded', [3]);window['gf_submitting_3'] = false;wp.a11y.speak(jQuery('#gform_confirmation_message_3').text());}else{jQuery('#gform_3').append(contents);if(window['gformRedirect']) {gformRedirect();}}jQuery(document).trigger(\"gform_pre_post_render\", [{ formId: \"3\", currentPage: \"current_page\", abort: function() { this.preventDefault(); } }]);        if (event && event.defaultPrevented) {                return;        }        const gformWrapperDiv = document.getElementById( \"gform_wrapper_3\" );        if ( gformWrapperDiv ) {            const visibilitySpan = document.createElement( \"span\" );            visibilitySpan.id = \"gform_visibility_test_3\";            gformWrapperDiv.insertAdjacentElement( \"afterend\", visibilitySpan );        }        const visibilityTestDiv = document.getElementById( \"gform_visibility_test_3\" );        let postRenderFired = false;        function triggerPostRender() {            if ( postRenderFired ) {                return;            }            postRenderFired = true;            gform.core.triggerPostRenderEvents( 3, current_page );            if ( visibilityTestDiv ) {                visibilityTestDiv.parentNode.removeChild( visibilityTestDiv );            }        }        function debounce( func, wait, immediate ) {            var timeout;            return function() {                var context = this, args = arguments;                var later = function() {                    timeout = null;                    if ( !immediate ) func.apply( context, args );                };                var callNow = immediate && !timeout;                clearTimeout( timeout );                timeout = setTimeout( later, wait );                if ( callNow ) func.apply( context, args );            };        }        const debouncedTriggerPostRender = debounce( function() {            triggerPostRender();        }, 200 );        if ( visibilityTestDiv && visibilityTestDiv.offsetParent === null ) {            const observer = new MutationObserver( ( mutations ) => {                mutations.forEach( ( mutation ) => {                    if ( mutation.type === 'attributes' && visibilityTestDiv.offsetParent !== null ) {                        debouncedTriggerPostRender();                        observer.disconnect();                    }                });            });            observer.observe( document.body, {                attributes: true,                childList: false,                subtree: true,                attributeFilter: [ 'style', 'class' ],            });        } else {            triggerPostRender();        }    } );} );  }, false );\n\/* ]]> *\/\n<\/script>\n  <\/div>\n<\/div>","protected":false},"excerpt":{"rendered":"","protected":false},"author":6,"featured_media":0,"parent":1552,"menu_order":0,"comment_status":"closed","ping_status":"closed","template":"","meta":{"_acf_changed":false,"footnotes":""},"class_list":["post-12142","page","type-page","status-publish","hentry"],"acf":[],"yoast_head":"<!-- This site is optimized with the Yoast SEO plugin v24.2 - https:\/\/yoast.com\/wordpress\/plugins\/seo\/ -->\n<title>Filter f\u00f6r \u00f6vriga fordon och utrymmen | EHC Teknik<\/title>\n<meta name=\"description\" content=\"H\u00e4r hittar du mer information om avgasfilter till jordbruksmaskiner som traktorer och sk\u00f6rdetr\u00f6skor. B\u00e5de f\u00f6r inom och utomhus-bruk.\" \/>\n<meta name=\"robots\" content=\"index, follow, max-snippet:-1, max-image-preview:large, max-video-preview:-1\" \/>\n<link rel=\"canonical\" href=\"https:\/\/ehcteknik.com\/sv\/applikationer\/filter-for-ovriga-fordon-och-utrymmen\/\" \/>\n<meta property=\"og:locale\" content=\"sv_SE\" \/>\n<meta property=\"og:type\" content=\"article\" \/>\n<meta property=\"og:title\" content=\"Filter f\u00f6r \u00f6vriga fordon och utrymmen | EHC Teknik\" \/>\n<meta property=\"og:description\" content=\"H\u00e4r hittar du mer information om avgasfilter till jordbruksmaskiner som traktorer och sk\u00f6rdetr\u00f6skor. B\u00e5de f\u00f6r inom och utomhus-bruk.\" \/>\n<meta property=\"og:url\" content=\"https:\/\/ehcteknik.com\/sv\/applikationer\/filter-for-ovriga-fordon-och-utrymmen\/\" \/>\n<meta property=\"og:site_name\" content=\"EHC Teknik\" \/>\n<meta property=\"article:modified_time\" content=\"2025-01-23T12:54:51+00:00\" \/>\n<meta name=\"twitter:card\" content=\"summary_large_image\" \/>\n<script type=\"application\/ld+json\" class=\"yoast-schema-graph\">{\"@context\":\"https:\/\/schema.org\",\"@graph\":[{\"@type\":\"WebPage\",\"@id\":\"https:\/\/ehcteknik.com\/sv\/applikationer\/filter-for-ovriga-fordon-och-utrymmen\/\",\"url\":\"https:\/\/ehcteknik.com\/sv\/applikationer\/filter-for-ovriga-fordon-och-utrymmen\/\",\"name\":\"Filter f\u00f6r \u00f6vriga fordon och utrymmen | EHC Teknik\",\"isPartOf\":{\"@id\":\"https:\/\/ehcteknik.com\/sv\/#website\"},\"datePublished\":\"2024-04-09T14:45:38+00:00\",\"dateModified\":\"2025-01-23T12:54:51+00:00\",\"description\":\"H\u00e4r hittar du mer information om avgasfilter till jordbruksmaskiner som traktorer och sk\u00f6rdetr\u00f6skor. B\u00e5de f\u00f6r inom och utomhus-bruk.\",\"breadcrumb\":{\"@id\":\"https:\/\/ehcteknik.com\/sv\/applikationer\/filter-for-ovriga-fordon-och-utrymmen\/#breadcrumb\"},\"inLanguage\":\"sv-SE\",\"potentialAction\":[{\"@type\":\"ReadAction\",\"target\":[\"https:\/\/ehcteknik.com\/sv\/applikationer\/filter-for-ovriga-fordon-och-utrymmen\/\"]}]},{\"@type\":\"BreadcrumbList\",\"@id\":\"https:\/\/ehcteknik.com\/sv\/applikationer\/filter-for-ovriga-fordon-och-utrymmen\/#breadcrumb\",\"itemListElement\":[{\"@type\":\"ListItem\",\"position\":1,\"name\":\"Home\",\"item\":\"https:\/\/ehcteknik.com\/sv\/\"},{\"@type\":\"ListItem\",\"position\":2,\"name\":\"Applikationer\",\"item\":\"https:\/\/ehcteknik.com\/sv\/applikationer\/\"},{\"@type\":\"ListItem\",\"position\":3,\"name\":\"Filter f\u00f6r \u00f6vriga fordon och utrymmen\"}]},{\"@type\":\"WebSite\",\"@id\":\"https:\/\/ehcteknik.com\/sv\/#website\",\"url\":\"https:\/\/ehcteknik.com\/sv\/\",\"name\":\"EHC Teknik\",\"description\":\"Vi minskar utsl\u00e4pp\",\"publisher\":{\"@id\":\"https:\/\/ehcteknik.com\/sv\/#organization\"},\"potentialAction\":[{\"@type\":\"SearchAction\",\"target\":{\"@type\":\"EntryPoint\",\"urlTemplate\":\"https:\/\/ehcteknik.com\/sv\/?s={search_term_string}\"},\"query-input\":{\"@type\":\"PropertyValueSpecification\",\"valueRequired\":true,\"valueName\":\"search_term_string\"}}],\"inLanguage\":\"sv-SE\"},{\"@type\":\"Organization\",\"@id\":\"https:\/\/ehcteknik.com\/sv\/#organization\",\"name\":\"EHC Teknik\",\"url\":\"https:\/\/ehcteknik.com\/sv\/\",\"logo\":{\"@type\":\"ImageObject\",\"inLanguage\":\"sv-SE\",\"@id\":\"https:\/\/ehcteknik.com\/sv\/#\/schema\/logo\/image\/\",\"url\":\"https:\/\/ehcteknik.com\/wp-content\/uploads\/2020\/11\/logo.jpg\",\"contentUrl\":\"https:\/\/ehcteknik.com\/wp-content\/uploads\/2020\/11\/logo.jpg\",\"width\":205,\"height\":58,\"caption\":\"EHC Teknik\"},\"image\":{\"@id\":\"https:\/\/ehcteknik.com\/sv\/#\/schema\/logo\/image\/\"}}]}<\/script>\n<!-- \/ Yoast SEO plugin. -->","yoast_head_json":{"title":"Filter f\u00f6r \u00f6vriga fordon och utrymmen | EHC Teknik","description":"H\u00e4r hittar du mer information om avgasfilter till jordbruksmaskiner som traktorer och sk\u00f6rdetr\u00f6skor. B\u00e5de f\u00f6r inom och utomhus-bruk.","robots":{"index":"index","follow":"follow","max-snippet":"max-snippet:-1","max-image-preview":"max-image-preview:large","max-video-preview":"max-video-preview:-1"},"canonical":"https:\/\/ehcteknik.com\/sv\/applikationer\/filter-for-ovriga-fordon-och-utrymmen\/","og_locale":"sv_SE","og_type":"article","og_title":"Filter f\u00f6r \u00f6vriga fordon och utrymmen | EHC Teknik","og_description":"H\u00e4r hittar du mer information om avgasfilter till jordbruksmaskiner som traktorer och sk\u00f6rdetr\u00f6skor. B\u00e5de f\u00f6r inom och utomhus-bruk.","og_url":"https:\/\/ehcteknik.com\/sv\/applikationer\/filter-for-ovriga-fordon-och-utrymmen\/","og_site_name":"EHC Teknik","article_modified_time":"2025-01-23T12:54:51+00:00","twitter_card":"summary_large_image","schema":{"@context":"https:\/\/schema.org","@graph":[{"@type":"WebPage","@id":"https:\/\/ehcteknik.com\/sv\/applikationer\/filter-for-ovriga-fordon-och-utrymmen\/","url":"https:\/\/ehcteknik.com\/sv\/applikationer\/filter-for-ovriga-fordon-och-utrymmen\/","name":"Filter f\u00f6r \u00f6vriga fordon och utrymmen | EHC Teknik","isPartOf":{"@id":"https:\/\/ehcteknik.com\/sv\/#website"},"datePublished":"2024-04-09T14:45:38+00:00","dateModified":"2025-01-23T12:54:51+00:00","description":"H\u00e4r hittar du mer information om avgasfilter till jordbruksmaskiner som traktorer och sk\u00f6rdetr\u00f6skor. B\u00e5de f\u00f6r inom och utomhus-bruk.","breadcrumb":{"@id":"https:\/\/ehcteknik.com\/sv\/applikationer\/filter-for-ovriga-fordon-och-utrymmen\/#breadcrumb"},"inLanguage":"sv-SE","potentialAction":[{"@type":"ReadAction","target":["https:\/\/ehcteknik.com\/sv\/applikationer\/filter-for-ovriga-fordon-och-utrymmen\/"]}]},{"@type":"BreadcrumbList","@id":"https:\/\/ehcteknik.com\/sv\/applikationer\/filter-for-ovriga-fordon-och-utrymmen\/#breadcrumb","itemListElement":[{"@type":"ListItem","position":1,"name":"Home","item":"https:\/\/ehcteknik.com\/sv\/"},{"@type":"ListItem","position":2,"name":"Applikationer","item":"https:\/\/ehcteknik.com\/sv\/applikationer\/"},{"@type":"ListItem","position":3,"name":"Filter f\u00f6r \u00f6vriga fordon och utrymmen"}]},{"@type":"WebSite","@id":"https:\/\/ehcteknik.com\/sv\/#website","url":"https:\/\/ehcteknik.com\/sv\/","name":"EHC Teknik","description":"Vi minskar utsl\u00e4pp","publisher":{"@id":"https:\/\/ehcteknik.com\/sv\/#organization"},"potentialAction":[{"@type":"SearchAction","target":{"@type":"EntryPoint","urlTemplate":"https:\/\/ehcteknik.com\/sv\/?s={search_term_string}"},"query-input":{"@type":"PropertyValueSpecification","valueRequired":true,"valueName":"search_term_string"}}],"inLanguage":"sv-SE"},{"@type":"Organization","@id":"https:\/\/ehcteknik.com\/sv\/#organization","name":"EHC Teknik","url":"https:\/\/ehcteknik.com\/sv\/","logo":{"@type":"ImageObject","inLanguage":"sv-SE","@id":"https:\/\/ehcteknik.com\/sv\/#\/schema\/logo\/image\/","url":"https:\/\/ehcteknik.com\/wp-content\/uploads\/2020\/11\/logo.jpg","contentUrl":"https:\/\/ehcteknik.com\/wp-content\/uploads\/2020\/11\/logo.jpg","width":205,"height":58,"caption":"EHC Teknik"},"image":{"@id":"https:\/\/ehcteknik.com\/sv\/#\/schema\/logo\/image\/"}}]}},"_links":{"self":[{"href":"https:\/\/ehcteknik.com\/sv\/wp-json\/wp\/v2\/pages\/12142","targetHints":{"allow":["GET"]}}],"collection":[{"href":"https:\/\/ehcteknik.com\/sv\/wp-json\/wp\/v2\/pages"}],"about":[{"href":"https:\/\/ehcteknik.com\/sv\/wp-json\/wp\/v2\/types\/page"}],"author":[{"embeddable":true,"href":"https:\/\/ehcteknik.com\/sv\/wp-json\/wp\/v2\/users\/6"}],"replies":[{"embeddable":true,"href":"https:\/\/ehcteknik.com\/sv\/wp-json\/wp\/v2\/comments?post=12142"}],"version-history":[{"count":5,"href":"https:\/\/ehcteknik.com\/sv\/wp-json\/wp\/v2\/pages\/12142\/revisions"}],"predecessor-version":[{"id":12860,"href":"https:\/\/ehcteknik.com\/sv\/wp-json\/wp\/v2\/pages\/12142\/revisions\/12860"}],"up":[{"embeddable":true,"href":"https:\/\/ehcteknik.com\/sv\/wp-json\/wp\/v2\/pages\/1552"}],"wp:attachment":[{"href":"https:\/\/ehcteknik.com\/sv\/wp-json\/wp\/v2\/media?parent=12142"}],"curies":[{"name":"wp","href":"https:\/\/api.w.org\/{rel}","templated":true}]}}