{"id":7057,"date":"2021-06-03T17:51:58","date_gmt":"2021-06-03T17:51:58","guid":{"rendered":"https:\/\/ehcteknik.com\/contact\/"},"modified":"2021-08-20T04:44:24","modified_gmt":"2021-08-20T04:44:24","slug":"contact","status":"publish","type":"page","link":"https:\/\/ehcteknik.com\/nl\/contact\/","title":{"rendered":"Contact"},"content":{"rendered":"\n<div class=\"grid-images-block container mt-50 mb-50\">\n  <div class=\"row\">\n              <div class=\"col-12 col-md-4 mt-2 text-center grid-image grid-image-free\">\n            <div class=\"grid-image\">\n              <img decoding=\"async\" class=\"icon-size\" src=\"https:\/\/ehcteknik.com\/wp-content\/uploads\/2020\/02\/address-icon.png\" alt=\"Hoofdkwartier\">\n\n              <div class=\"title font-weight-bold py-3\">\n                Hoofdkwartier              <\/div>\n\n                              <div class=\"description\">\n                  <p><strong>EHC Teknik ab<\/strong><br \/>\n\u00d6g\u00e4rdesv\u00e4gen 8a<br \/>\n433 30 Partille, Sweden<\/p>\n                <\/div>\n                          <\/div>\n          <\/div>\n                <div class=\"col-12 col-md-4 mt-2 text-center grid-image grid-image-free\">\n            <div class=\"grid-image\">\n              <img decoding=\"async\" class=\"icon-size\" src=\"https:\/\/ehcteknik.com\/wp-content\/uploads\/2020\/02\/telephone-icon.png\" alt=\"Telefoon\">\n\n              <div class=\"title font-weight-bold py-3\">\n                Telefoon              <\/div>\n\n                              <div class=\"description\">\n                  <p><a class=\"text-body\" href=\"tel:+46%20314%20490%2020\">+46 (0)31 44 90 20<\/a><\/p>\n                <\/div>\n                          <\/div>\n          <\/div>\n                <div class=\"col-12 col-md-4 mt-2 text-center grid-image grid-image-free\">\n            <div class=\"grid-image\">\n              <img decoding=\"async\" class=\"icon-size\" src=\"https:\/\/ehcteknik.com\/wp-content\/uploads\/2020\/02\/mail-icon.png\" alt=\"Email\">\n\n              <div class=\"title font-weight-bold py-3\">\n                Email              <\/div>\n\n                              <div class=\"description\">\n                  <p><a class=\"text-body\" href=\"mailto:office@ehcteknik.se\">office@ehcteknik.se<\/a><\/p>\n                <\/div>\n                          <\/div>\n          <\/div>\n        <\/div>\n<\/div>\n\n\n\n<div class=\"grid-images-block container mt-50 mb-50\">\n  <div class=\"row\">\n              <div class=\"col-12 col-md-4 mt-2 text-center grid-image grid-image-free\">\n            <div class=\"grid-image\">\n              <img decoding=\"async\" class=\"icon-size\" src=\"https:\/\/ehcteknik.com\/wp-content\/uploads\/2020\/02\/address-icon.png\" alt=\"Vestiging\">\n\n              <div class=\"title font-weight-bold py-3\">\n                Vestiging              <\/div>\n\n                              <div class=\"description\">\n                  <p><strong>EHC Teknik Benelux\/France<\/strong><br \/>\nKarel Soetelaan 37<br \/>\n2150 Borsbeek, Belgi\u00eb<\/p>\n                <\/div>\n                          <\/div>\n          <\/div>\n                <div class=\"col-12 col-md-4 mt-2 text-center grid-image grid-image-free\">\n            <div class=\"grid-image\">\n              <img decoding=\"async\" class=\"icon-size\" src=\"https:\/\/ehcteknik.com\/wp-content\/uploads\/2020\/02\/telephone-icon.png\" alt=\"Telefoon\">\n\n              <div class=\"title font-weight-bold py-3\">\n                Telefoon              <\/div>\n\n                              <div class=\"description\">\n                  <p>+32 (0)3\/366 39 36<\/p>\n                <\/div>\n                          <\/div>\n          <\/div>\n                <div class=\"col-12 col-md-4 mt-2 text-center grid-image grid-image-free\">\n            <div class=\"grid-image\">\n              <img decoding=\"async\" class=\"icon-size\" src=\"https:\/\/ehcteknik.com\/wp-content\/uploads\/2020\/02\/mail-icon.png\" alt=\"Email\">\n\n              <div class=\"title font-weight-bold py-3\">\n                Email              <\/div>\n\n                              <div class=\"description\">\n                  <p><a href=\"mailto:info@ehcteknik.be\">info@ehcteknik.be<\/a><\/p>\n                <\/div>\n                          <\/div>\n          <\/div>\n        <\/div>\n<\/div>\n\n\n<div class=\"contact-block w-100 py-5 d-block mt-30 mb-0\">\n  <div class=\"container\">\n    \n      <\/div>\n<\/div>\n\n<div class=\"google-maps-block w-100 d-block mt-0 mb-0\">\n  <iframe loading=\"lazy\" src=\"https:\/\/www.google.com\/maps\/embed?pb=!1m18!1m12!1m3!1d2129.2565652362487!2d12.0791085164604!3d57.74606744397723!2m3!1f0!2f0!3f0!3m2!1i1024!2i768!4f13.1!3m3!1m2!1s0x464ff42a6fea888f%3A0xf5a4297e8fa5d7a2!2zw5Znw6RyZGVzdsOkZ2VuIDhBLCA0MzMgMzAgUGFydGlsbGU!5e0!3m2!1ssv!2sse!4v1580750031168!5m2!1ssv!2sse\" width=\"600\" height=\"450\" frameborder=\"0\" style=\"border:0;\" allowfullscreen=\"\"><\/iframe><\/div>\n","protected":false},"excerpt":{"rendered":"","protected":false},"author":6,"featured_media":0,"parent":0,"menu_order":0,"comment_status":"closed","ping_status":"closed","template":"","meta":{"_acf_changed":false,"footnotes":""},"class_list":["post-7057","page","type-page","status-publish","hentry"],"acf":[],"yoast_head":"<!-- This site is optimized with the Yoast SEO plugin v24.2 - https:\/\/yoast.com\/wordpress\/plugins\/seo\/ -->\n<title>Contact | EHC Teknik<\/title>\n<meta name=\"description\" content=\"Neem hier contact met ons op voor meer informatie over uitlaatfilter en roetfilters.\" \/>\n<meta name=\"robots\" content=\"index, follow, max-snippet:-1, max-image-preview:large, max-video-preview:-1\" \/>\n<link rel=\"canonical\" href=\"https:\/\/ehcteknik.com\/nl\/contact\/\" \/>\n<meta property=\"og:locale\" content=\"nl_NL\" \/>\n<meta property=\"og:type\" content=\"article\" \/>\n<meta property=\"og:title\" content=\"Contact | EHC Teknik\" \/>\n<meta property=\"og:description\" content=\"Neem hier contact met ons op voor meer informatie over uitlaatfilter en roetfilters.\" \/>\n<meta property=\"og:url\" content=\"https:\/\/ehcteknik.com\/nl\/contact\/\" \/>\n<meta property=\"og:site_name\" content=\"EHC Teknik\" \/>\n<meta property=\"article:modified_time\" content=\"2021-08-20T04:44:24+00:00\" \/>\n<meta name=\"twitter:card\" content=\"summary_large_image\" \/>\n<script type=\"application\/ld+json\" class=\"yoast-schema-graph\">{\"@context\":\"https:\/\/schema.org\",\"@graph\":[{\"@type\":\"WebPage\",\"@id\":\"https:\/\/ehcteknik.com\/nl\/contact\/\",\"url\":\"https:\/\/ehcteknik.com\/nl\/contact\/\",\"name\":\"Contact | EHC Teknik\",\"isPartOf\":{\"@id\":\"https:\/\/ehcteknik.com\/nl\/#website\"},\"datePublished\":\"2021-06-03T17:51:58+00:00\",\"dateModified\":\"2021-08-20T04:44:24+00:00\",\"description\":\"Neem hier contact met ons op voor meer informatie over uitlaatfilter en roetfilters.\",\"breadcrumb\":{\"@id\":\"https:\/\/ehcteknik.com\/nl\/contact\/#breadcrumb\"},\"inLanguage\":\"nl-NL\",\"potentialAction\":[{\"@type\":\"ReadAction\",\"target\":[\"https:\/\/ehcteknik.com\/nl\/contact\/\"]}]},{\"@type\":\"BreadcrumbList\",\"@id\":\"https:\/\/ehcteknik.com\/nl\/contact\/#breadcrumb\",\"itemListElement\":[{\"@type\":\"ListItem\",\"position\":1,\"name\":\"Home\",\"item\":\"https:\/\/ehcteknik.com\/nl\/\"},{\"@type\":\"ListItem\",\"position\":2,\"name\":\"Contact\"}]},{\"@type\":\"WebSite\",\"@id\":\"https:\/\/ehcteknik.com\/nl\/#website\",\"url\":\"https:\/\/ehcteknik.com\/nl\/\",\"name\":\"EHC Teknik\",\"description\":\"We reduce emissions\",\"publisher\":{\"@id\":\"https:\/\/ehcteknik.com\/nl\/#organization\"},\"potentialAction\":[{\"@type\":\"SearchAction\",\"target\":{\"@type\":\"EntryPoint\",\"urlTemplate\":\"https:\/\/ehcteknik.com\/nl\/?s={search_term_string}\"},\"query-input\":{\"@type\":\"PropertyValueSpecification\",\"valueRequired\":true,\"valueName\":\"search_term_string\"}}],\"inLanguage\":\"nl-NL\"},{\"@type\":\"Organization\",\"@id\":\"https:\/\/ehcteknik.com\/nl\/#organization\",\"name\":\"EHC Teknik\",\"url\":\"https:\/\/ehcteknik.com\/nl\/\",\"logo\":{\"@type\":\"ImageObject\",\"inLanguage\":\"nl-NL\",\"@id\":\"https:\/\/ehcteknik.com\/nl\/#\/schema\/logo\/image\/\",\"url\":\"https:\/\/ehcteknik.com\/wp-content\/uploads\/2020\/11\/logo.jpg\",\"contentUrl\":\"https:\/\/ehcteknik.com\/wp-content\/uploads\/2020\/11\/logo.jpg\",\"width\":205,\"height\":58,\"caption\":\"EHC Teknik\"},\"image\":{\"@id\":\"https:\/\/ehcteknik.com\/nl\/#\/schema\/logo\/image\/\"}}]}<\/script>\n<!-- \/ Yoast SEO plugin. -->","yoast_head_json":{"title":"Contact | EHC Teknik","description":"Neem hier contact met ons op voor meer informatie over uitlaatfilter en roetfilters.","robots":{"index":"index","follow":"follow","max-snippet":"max-snippet:-1","max-image-preview":"max-image-preview:large","max-video-preview":"max-video-preview:-1"},"canonical":"https:\/\/ehcteknik.com\/nl\/contact\/","og_locale":"nl_NL","og_type":"article","og_title":"Contact | EHC Teknik","og_description":"Neem hier contact met ons op voor meer informatie over uitlaatfilter en roetfilters.","og_url":"https:\/\/ehcteknik.com\/nl\/contact\/","og_site_name":"EHC Teknik","article_modified_time":"2021-08-20T04:44:24+00:00","twitter_card":"summary_large_image","schema":{"@context":"https:\/\/schema.org","@graph":[{"@type":"WebPage","@id":"https:\/\/ehcteknik.com\/nl\/contact\/","url":"https:\/\/ehcteknik.com\/nl\/contact\/","name":"Contact | EHC Teknik","isPartOf":{"@id":"https:\/\/ehcteknik.com\/nl\/#website"},"datePublished":"2021-06-03T17:51:58+00:00","dateModified":"2021-08-20T04:44:24+00:00","description":"Neem hier contact met ons op voor meer informatie over uitlaatfilter en roetfilters.","breadcrumb":{"@id":"https:\/\/ehcteknik.com\/nl\/contact\/#breadcrumb"},"inLanguage":"nl-NL","potentialAction":[{"@type":"ReadAction","target":["https:\/\/ehcteknik.com\/nl\/contact\/"]}]},{"@type":"BreadcrumbList","@id":"https:\/\/ehcteknik.com\/nl\/contact\/#breadcrumb","itemListElement":[{"@type":"ListItem","position":1,"name":"Home","item":"https:\/\/ehcteknik.com\/nl\/"},{"@type":"ListItem","position":2,"name":"Contact"}]},{"@type":"WebSite","@id":"https:\/\/ehcteknik.com\/nl\/#website","url":"https:\/\/ehcteknik.com\/nl\/","name":"EHC Teknik","description":"We reduce emissions","publisher":{"@id":"https:\/\/ehcteknik.com\/nl\/#organization"},"potentialAction":[{"@type":"SearchAction","target":{"@type":"EntryPoint","urlTemplate":"https:\/\/ehcteknik.com\/nl\/?s={search_term_string}"},"query-input":{"@type":"PropertyValueSpecification","valueRequired":true,"valueName":"search_term_string"}}],"inLanguage":"nl-NL"},{"@type":"Organization","@id":"https:\/\/ehcteknik.com\/nl\/#organization","name":"EHC Teknik","url":"https:\/\/ehcteknik.com\/nl\/","logo":{"@type":"ImageObject","inLanguage":"nl-NL","@id":"https:\/\/ehcteknik.com\/nl\/#\/schema\/logo\/image\/","url":"https:\/\/ehcteknik.com\/wp-content\/uploads\/2020\/11\/logo.jpg","contentUrl":"https:\/\/ehcteknik.com\/wp-content\/uploads\/2020\/11\/logo.jpg","width":205,"height":58,"caption":"EHC Teknik"},"image":{"@id":"https:\/\/ehcteknik.com\/nl\/#\/schema\/logo\/image\/"}}]}},"_links":{"self":[{"href":"https:\/\/ehcteknik.com\/nl\/wp-json\/wp\/v2\/pages\/7057","targetHints":{"allow":["GET"]}}],"collection":[{"href":"https:\/\/ehcteknik.com\/nl\/wp-json\/wp\/v2\/pages"}],"about":[{"href":"https:\/\/ehcteknik.com\/nl\/wp-json\/wp\/v2\/types\/page"}],"author":[{"embeddable":true,"href":"https:\/\/ehcteknik.com\/nl\/wp-json\/wp\/v2\/users\/6"}],"replies":[{"embeddable":true,"href":"https:\/\/ehcteknik.com\/nl\/wp-json\/wp\/v2\/comments?post=7057"}],"version-history":[{"count":15,"href":"https:\/\/ehcteknik.com\/nl\/wp-json\/wp\/v2\/pages\/7057\/revisions"}],"predecessor-version":[{"id":8535,"href":"https:\/\/ehcteknik.com\/nl\/wp-json\/wp\/v2\/pages\/7057\/revisions\/8535"}],"wp:attachment":[{"href":"https:\/\/ehcteknik.com\/nl\/wp-json\/wp\/v2\/media?parent=7057"}],"curies":[{"name":"wp","href":"https:\/\/api.w.org\/{rel}","templated":true}]}}