{"id":9352,"date":"2022-04-25T13:42:34","date_gmt":"2022-04-25T13:42:34","guid":{"rendered":"https:\/\/ehcteknik.com\/cas\/"},"modified":"2022-04-25T13:44:22","modified_gmt":"2022-04-25T13:44:22","slug":"cas","status":"publish","type":"page","link":"https:\/\/ehcteknik.com\/fr\/cas\/","title":{"rendered":"R\u00e9f\u00e9rences"},"content":{"rendered":"<section class='page-content'><div class='image-text-block container'><article class='row mt-100 mb-100'>\n                    <div class='col-12 col-md-6 image-text image '>\n                        <div>\n                            <noscript>image url<\/noscript>\n                            <img class='lazyloaded' alt='thumbnail' src='https:\/\/ehcteknik.com\/wp-content\/uploads\/2022\/03\/IMG_20201014_101941_xc90gra.jpg' \/>\n                        <\/div>\n                    <\/div>\n                    <div class='col-12 col-md-6 image-text text text-vertical-center'>\n                        <div>\n                            <div class='bg-primary mb-3' style='width: 86px;height: 4px;'><\/div>\n                            <h2 class='h1 mb-3'>Bilia<\/h2>\n                            <div class='text-muted'>Bilia, l&rsquo;un des plus grands groupes de concessionnaires Volvo au monde, a choisi d&rsquo;utiliser nos filtres EHC P15 dans des installations s\u00e9lectionn\u00e9es. <\/div>\n                            <a class='btn btn-primary mt-2' href='https:\/\/ehcteknik.com\/fr\/case\/bilia\/'>Lire la suite<\/a>\n                        <\/div>\n                   <\/div>\n                   <\/article><article class='row mt-100 mb-100'>\n                    <div class='col-12 col-md-6 image-text text text-vertical-center'>\n                        <div>\n                            <div class='bg-primary mb-3' style='width: 86px;height: 4px;'><\/div>\n                            <h2 class='h1 mb-3'>GKN Driveline<\/h2>\n                            <div class='text-muted'>\u00c0 l&rsquo;usine GKN Driveline de K\u00f6ping (Su\u00e8de), ils prennent tr\u00e8s au s\u00e9rieux un environnement de travail s\u00fbr et sain. <\/div>\n                            <a class='btn btn-primary mt-2' href='https:\/\/ehcteknik.com\/fr\/case\/gkn-driveline\/'>Lire la suite<\/a>\n                        <\/div>\n                   <\/div>\n                   <div class='col-12 col-md-6 image-text image '>\n                        <div>\n                            <noscript>image url<\/noscript>\n                            <img class='lazyloaded' alt='thumbnail' src='https:\/\/ehcteknik.com\/wp-content\/uploads\/2022\/03\/Slamsugare-HT20-and-3-way.jpg' \/>\n                        <\/div>\n                    <\/div><\/article><article class='row mt-100 mb-100'>\n                    <div class='col-12 col-md-6 image-text image '>\n                        <div>\n                            <noscript>image url<\/noscript>\n                            <img class='lazyloaded' alt='thumbnail' src='https:\/\/ehcteknik.com\/wp-content\/uploads\/2022\/04\/RK_120.jpg' \/>\n                        <\/div>\n                    <\/div>\n                    <div class='col-12 col-md-6 image-text text text-vertical-center'>\n                        <div>\n                            <div class='bg-primary mb-3' style='width: 86px;height: 4px;'><\/div>\n                            <h2 class='h1 mb-3'>RK Teknik<\/h2>\n                            <div class='text-muted'>RK Teknik est l&rsquo;un des plus grands fabricants de balcons en Su\u00e8de. Dans leur production, ils ont un grand besoin de pouvoir soulever et d\u00e9placer des objets volumineux et lourds. <\/div>\n                            <a class='btn btn-primary mt-2' href='https:\/\/ehcteknik.com\/fr\/case\/rk-teknik\/'>Lire la suite<\/a>\n                        <\/div>\n                   <\/div>\n                   <\/article><article class='row mt-100 mb-100'>\n                    <div class='col-12 col-md-6 image-text text text-vertical-center'>\n                        <div>\n                            <div class='bg-primary mb-3' style='width: 86px;height: 4px;'><\/div>\n                            <h2 class='h1 mb-3'>Snow World<\/h2>\n                            <div class='text-muted'>Snow World est une entreprise qui offre une exp\u00e9rience tout \u00e0 fait unique avec ses ar\u00e8nes de sports d&rsquo;hiver couvertes, avec de superbes pistes de ski et bien d&rsquo;autres activit\u00e9s. <\/div>\n                            <a class='btn btn-primary mt-2' href='https:\/\/ehcteknik.com\/fr\/case\/snow-world\/'>Lire la suite<\/a>\n                        <\/div>\n                   <\/div>\n                   <div class='col-12 col-md-6 image-text image '>\n                        <div>\n                            <noscript>image url<\/noscript>\n                            <img class='lazyloaded' alt='thumbnail' src='https:\/\/ehcteknik.com\/wp-content\/uploads\/2022\/04\/SnowWorld-Landgraaf-afgerond-1.jpg' \/>\n                        <\/div>\n                    <\/div><\/article><article class='row mt-100 mb-100'>\n                    <div class='col-12 col-md-6 image-text image '>\n                        <div>\n                            <noscript>image url<\/noscript>\n                            <img class='lazyloaded' alt='thumbnail' src='https:\/\/ehcteknik.com\/wp-content\/uploads\/2022\/04\/barbarayachtOceanco.png' \/>\n                        <\/div>\n                    <\/div>\n                    <div class='col-12 col-md-6 image-text text text-vertical-center'>\n                        <div>\n                            <div class='bg-primary mb-3' style='width: 86px;height: 4px;'><\/div>\n                            <h2 class='h1 mb-3'>Oceano M\/Y Barbara<\/h2>\n                            <div class='text-muted'>Le magnifique yacht de 88,5 m\u00e8tres M\/Y Barbara construit par le chantier hollandais Oceanco. <\/div>\n                            <a class='btn btn-primary mt-2' href='https:\/\/ehcteknik.com\/fr\/case\/oceano-m-y-barbara\/'>Lire la suite<\/a>\n                        <\/div>\n                   <\/div>\n                   <\/article><\/div><\/section>","protected":false},"excerpt":{"rendered":"","protected":false},"author":12,"featured_media":0,"parent":0,"menu_order":0,"comment_status":"closed","ping_status":"closed","template":"","meta":{"_acf_changed":false,"footnotes":""},"class_list":["post-9352","page","type-page","status-publish","hentry"],"acf":[],"yoast_head":"<!-- This site is optimized with the Yoast SEO plugin v24.2 - https:\/\/yoast.com\/wordpress\/plugins\/seo\/ -->\n<title>R\u00e9f\u00e9rences | EHC Teknik<\/title>\n<meta name=\"robots\" content=\"index, follow, max-snippet:-1, max-image-preview:large, max-video-preview:-1\" \/>\n<link rel=\"canonical\" href=\"https:\/\/ehcteknik.com\/fr\/cas\/\" \/>\n<meta property=\"og:locale\" content=\"fr_FR\" \/>\n<meta property=\"og:type\" content=\"article\" \/>\n<meta property=\"og:title\" content=\"R\u00e9f\u00e9rences | EHC Teknik\" \/>\n<meta property=\"og:url\" content=\"https:\/\/ehcteknik.com\/fr\/cas\/\" \/>\n<meta property=\"og:site_name\" content=\"EHC Teknik\" \/>\n<meta property=\"article:modified_time\" content=\"2022-04-25T13:44:22+00:00\" \/>\n<meta name=\"twitter:card\" content=\"summary_large_image\" \/>\n<script type=\"application\/ld+json\" class=\"yoast-schema-graph\">{\"@context\":\"https:\/\/schema.org\",\"@graph\":[{\"@type\":\"WebPage\",\"@id\":\"https:\/\/ehcteknik.com\/fr\/cas\/\",\"url\":\"https:\/\/ehcteknik.com\/fr\/cas\/\",\"name\":\"R\u00e9f\u00e9rences | EHC Teknik\",\"isPartOf\":{\"@id\":\"https:\/\/ehcteknik.com\/fr\/#website\"},\"datePublished\":\"2022-04-25T13:42:34+00:00\",\"dateModified\":\"2022-04-25T13:44:22+00:00\",\"breadcrumb\":{\"@id\":\"https:\/\/ehcteknik.com\/fr\/cas\/#breadcrumb\"},\"inLanguage\":\"fr-FR\",\"potentialAction\":[{\"@type\":\"ReadAction\",\"target\":[\"https:\/\/ehcteknik.com\/fr\/cas\/\"]}]},{\"@type\":\"BreadcrumbList\",\"@id\":\"https:\/\/ehcteknik.com\/fr\/cas\/#breadcrumb\",\"itemListElement\":[{\"@type\":\"ListItem\",\"position\":1,\"name\":\"Home\",\"item\":\"https:\/\/ehcteknik.com\/fr\/\"},{\"@type\":\"ListItem\",\"position\":2,\"name\":\"R\u00e9f\u00e9rences\"}]},{\"@type\":\"WebSite\",\"@id\":\"https:\/\/ehcteknik.com\/fr\/#website\",\"url\":\"https:\/\/ehcteknik.com\/fr\/\",\"name\":\"EHC Teknik\",\"description\":\"We reduce emissions\",\"publisher\":{\"@id\":\"https:\/\/ehcteknik.com\/fr\/#organization\"},\"potentialAction\":[{\"@type\":\"SearchAction\",\"target\":{\"@type\":\"EntryPoint\",\"urlTemplate\":\"https:\/\/ehcteknik.com\/fr\/?s={search_term_string}\"},\"query-input\":{\"@type\":\"PropertyValueSpecification\",\"valueRequired\":true,\"valueName\":\"search_term_string\"}}],\"inLanguage\":\"fr-FR\"},{\"@type\":\"Organization\",\"@id\":\"https:\/\/ehcteknik.com\/fr\/#organization\",\"name\":\"EHC Teknik\",\"url\":\"https:\/\/ehcteknik.com\/fr\/\",\"logo\":{\"@type\":\"ImageObject\",\"inLanguage\":\"fr-FR\",\"@id\":\"https:\/\/ehcteknik.com\/fr\/#\/schema\/logo\/image\/\",\"url\":\"https:\/\/ehcteknik.com\/wp-content\/uploads\/2020\/11\/logo.jpg\",\"contentUrl\":\"https:\/\/ehcteknik.com\/wp-content\/uploads\/2020\/11\/logo.jpg\",\"width\":205,\"height\":58,\"caption\":\"EHC Teknik\"},\"image\":{\"@id\":\"https:\/\/ehcteknik.com\/fr\/#\/schema\/logo\/image\/\"}}]}<\/script>\n<!-- \/ Yoast SEO plugin. -->","yoast_head_json":{"title":"R\u00e9f\u00e9rences | EHC Teknik","robots":{"index":"index","follow":"follow","max-snippet":"max-snippet:-1","max-image-preview":"max-image-preview:large","max-video-preview":"max-video-preview:-1"},"canonical":"https:\/\/ehcteknik.com\/fr\/cas\/","og_locale":"fr_FR","og_type":"article","og_title":"R\u00e9f\u00e9rences | EHC Teknik","og_url":"https:\/\/ehcteknik.com\/fr\/cas\/","og_site_name":"EHC Teknik","article_modified_time":"2022-04-25T13:44:22+00:00","twitter_card":"summary_large_image","schema":{"@context":"https:\/\/schema.org","@graph":[{"@type":"WebPage","@id":"https:\/\/ehcteknik.com\/fr\/cas\/","url":"https:\/\/ehcteknik.com\/fr\/cas\/","name":"R\u00e9f\u00e9rences | EHC Teknik","isPartOf":{"@id":"https:\/\/ehcteknik.com\/fr\/#website"},"datePublished":"2022-04-25T13:42:34+00:00","dateModified":"2022-04-25T13:44:22+00:00","breadcrumb":{"@id":"https:\/\/ehcteknik.com\/fr\/cas\/#breadcrumb"},"inLanguage":"fr-FR","potentialAction":[{"@type":"ReadAction","target":["https:\/\/ehcteknik.com\/fr\/cas\/"]}]},{"@type":"BreadcrumbList","@id":"https:\/\/ehcteknik.com\/fr\/cas\/#breadcrumb","itemListElement":[{"@type":"ListItem","position":1,"name":"Home","item":"https:\/\/ehcteknik.com\/fr\/"},{"@type":"ListItem","position":2,"name":"R\u00e9f\u00e9rences"}]},{"@type":"WebSite","@id":"https:\/\/ehcteknik.com\/fr\/#website","url":"https:\/\/ehcteknik.com\/fr\/","name":"EHC Teknik","description":"We reduce emissions","publisher":{"@id":"https:\/\/ehcteknik.com\/fr\/#organization"},"potentialAction":[{"@type":"SearchAction","target":{"@type":"EntryPoint","urlTemplate":"https:\/\/ehcteknik.com\/fr\/?s={search_term_string}"},"query-input":{"@type":"PropertyValueSpecification","valueRequired":true,"valueName":"search_term_string"}}],"inLanguage":"fr-FR"},{"@type":"Organization","@id":"https:\/\/ehcteknik.com\/fr\/#organization","name":"EHC Teknik","url":"https:\/\/ehcteknik.com\/fr\/","logo":{"@type":"ImageObject","inLanguage":"fr-FR","@id":"https:\/\/ehcteknik.com\/fr\/#\/schema\/logo\/image\/","url":"https:\/\/ehcteknik.com\/wp-content\/uploads\/2020\/11\/logo.jpg","contentUrl":"https:\/\/ehcteknik.com\/wp-content\/uploads\/2020\/11\/logo.jpg","width":205,"height":58,"caption":"EHC Teknik"},"image":{"@id":"https:\/\/ehcteknik.com\/fr\/#\/schema\/logo\/image\/"}}]}},"_links":{"self":[{"href":"https:\/\/ehcteknik.com\/fr\/wp-json\/wp\/v2\/pages\/9352","targetHints":{"allow":["GET"]}}],"collection":[{"href":"https:\/\/ehcteknik.com\/fr\/wp-json\/wp\/v2\/pages"}],"about":[{"href":"https:\/\/ehcteknik.com\/fr\/wp-json\/wp\/v2\/types\/page"}],"author":[{"embeddable":true,"href":"https:\/\/ehcteknik.com\/fr\/wp-json\/wp\/v2\/users\/12"}],"replies":[{"embeddable":true,"href":"https:\/\/ehcteknik.com\/fr\/wp-json\/wp\/v2\/comments?post=9352"}],"version-history":[{"count":3,"href":"https:\/\/ehcteknik.com\/fr\/wp-json\/wp\/v2\/pages\/9352\/revisions"}],"predecessor-version":[{"id":9356,"href":"https:\/\/ehcteknik.com\/fr\/wp-json\/wp\/v2\/pages\/9352\/revisions\/9356"}],"wp:attachment":[{"href":"https:\/\/ehcteknik.com\/fr\/wp-json\/wp\/v2\/media?parent=9352"}],"curies":[{"name":"wp","href":"https:\/\/api.w.org\/{rel}","templated":true}]}}