{"id":8096,"date":"2021-06-12T15:51:47","date_gmt":"2021-06-12T15:51:47","guid":{"rendered":"https:\/\/ehcteknik.com\/?page_id=8096"},"modified":"2024-02-20T09:42:28","modified_gmt":"2024-02-20T09:42:28","slug":"a-propos-de-nous","status":"publish","type":"page","link":"https:\/\/ehcteknik.com\/fr\/a-propos-de-nous\/","title":{"rendered":"\u00c0 propos"},"content":{"rendered":"<div class=\"image-text-block container mt-100 mb-100\">\n  <div class=\"row\">\n              <div class=\"col-12 col-md-6 image-text image \">\n            <div>\n                              <img decoding=\"async\" alt=\"\" src=\"https:\/\/ehcteknik.com\/wp-content\/uploads\/2019\/11\/EHC-teknik-historia.jpg\">\n              \n                          <\/div>\n          <\/div>\n                <div class=\"col-12 col-md-6 image-text text \">\n            <div>\n              \n              \n                                  <div class=\"bg-primary mb-3\" style=\"width: 86px;height: 4px;\"><\/div>\n                \n                                  <h2 class=\"h1 mb-3\">Comment la curiosit\u00e9 d&rsquo;un homme a b\u00e2ti toute une industrie<\/h2>\n                \n                <div class=\"text-muted\">\n                  <p>Permettez-nous de vous raconter une histoire. Celle de Rolf, confront\u00e9 \u00e0 un d\u00e9fi qu&rsquo;il se devait de relever. Un projet qui a pris de l&rsquo;ampleur pour devenir une entreprise. Entreprise qui s&rsquo;est consacr\u00e9e sans rel\u00e2che \u00e0 un environnement de travail sain et un air pur. <\/p>\n<p>Nous \u00e9tions en 1980. Rolf Johnson travaillait dans une entreprise sp\u00e9cialis\u00e9e dans la fabrication de filtres \u00e0 air pour des syst\u00e8mes de ventilation. Un jour, alors que Rolf \u00e9tait en visite chez un client, on lui a demand\u00e9 de r\u00e9soudre un probl\u00e8me : r\u00e9duire les \u00e9missions de gaz d&rsquo;\u00e9chappement \u00e0 l&rsquo;int\u00e9rieur. Le client rencontr\u00e9 par Rolf en 1980 \u00e9tait Volvo. <\/p>\n<p>Rolf n&rsquo;a pas su tout de suite comment il devait r\u00e9soudre ce probl\u00e8me, mais motiv\u00e9 par le projet, il a relev\u00e9 le gant. Il ne savait pas que ce serait le d\u00e9but d&rsquo;une entreprise rentable et d&rsquo;une longue collaboration fructueuse avec l&rsquo;entreprise qui avait \u00e9veill\u00e9 sa passion pour la th\u00e9matique. <\/p>\n<p>Sa qu\u00eate de la solution a commenc\u00e9 dans son garage, qu&rsquo;il utilisait comme atelier.  Volvo fut ravi du premier filtre \u00e0 particules amovible d\u00e9velopp\u00e9 par Rolf pour eux. Les trois premi\u00e8res ann\u00e9es, il d\u00e9borda de projets pour le constructeur automobile su\u00e9dois et collabora exclusivement avec Volvo. \u00c0 mesure que Rolf assumait davantage de travail et que le projet prenait plus de temps, il a d\u00e9cid\u00e9 en 1983 de fonder EHC Teknik ab. <\/p>\n<p>Rolf d\u00e9pla\u00e7a ses activit\u00e9s de son garage vers un immeuble de Partille, juste \u00e0 la sortie de G\u00f6teborg, o\u00f9 EHC se trouve toujours aujourd&rsquo;hui. Rapidement, de plus en plus d&rsquo;autres soci\u00e9t\u00e9s s&rsquo;int\u00e9ress\u00e8rent aux solutions d&rsquo;EHC et l&rsquo;expansion internationale d\u00e9buta peu apr\u00e8s.<br \/>\nDepuis, des filiales ont \u00e9t\u00e9 fond\u00e9es en Belgique (Benelux) et en Allemagne. Dans ces pays, nous collaborons directement avec les clients finaux pour satisfaire leurs besoins.<\/p>\n<p>Rolf a deux filles : Karin et Christina. Elles ont dirig\u00e9 l&rsquo;entreprise avec Rolf, qui les soutenait par ses connaissances et son exp\u00e9rience. En 2021, EHC a franchi une nouvelle \u00e9tape et est devenue membre du Sustainion Group AB, dont l&rsquo;action est cot\u00e9e sur \u00e0 la bourse Spotlight Stock Market (SUSG): de nouveaux propri\u00e9taires ont fait leur entr\u00e9e au conseil d&rsquo;administration et, 35 ans apr\u00e8s les d\u00e9buts d&rsquo;EHC parmi les pionniers de l&rsquo;\u00e9puration des gaz d&rsquo;\u00e9chappement, nous continuons activement de d\u00e9velopper des filtres pour gaz d&rsquo;\u00e9chappement. De nombreuses personnes, fid\u00e8les \u00e0 l&rsquo;entreprise, sont les chevilles ouvri\u00e8res derri\u00e8re nos capacit\u00e9s techniques et organisationnelles.<\/p>\n                <\/div>\n\n                \n                          <\/div>\n          <\/div>\n        <\/div>\n<\/div>\n\n\n<div class=\"image-text-block container mt-100 mb-100\">\n  <div class=\"row\">\n              <div class=\"col-12 col-md-6 image-text image \">\n            <div>\n                              <img decoding=\"async\" alt=\"\" src=\"https:\/\/ehcteknik.com\/wp-content\/uploads\/2019\/11\/vi-pa\u030a-EHC-teknik.jpg\">\n              \n                          <\/div>\n          <\/div>\n                <div class=\"col-12 col-md-6 image-text text \">\n            <div>\n              \n              \n                                  <div class=\"bg-primary mb-3\" style=\"width: 86px;height: 4px;\"><\/div>\n                \n                                  <h2 class=\"h1 mb-3\">Notre vision et mission<\/h2>\n                \n                <div class=\"text-muted\">\n                  <p>Notre vision est simple, r\u00e9duire les \u00e9missions pour un meilleur environnement de travail. De m\u00eame, notre mission est d&rsquo;\u00eatre le leader du march\u00e9 dans le d\u00e9veloppement, la fabrication et la vente de filtres pour gaz d&rsquo;\u00e9chappements, toujours avec le client au centre de l&rsquo;attention. <\/p>\n<p>Tous nos filtres \u00e0 particules ont \u00e9t\u00e9 con\u00e7us en visant l&rsquo;am\u00e9lioration de l&rsquo;environnement de travail des personnes \u00e0 l&rsquo;\u0153uvre dans des garages, des b\u00e2timents de stockage et d&rsquo;autres lieux de travail o\u00f9 fonctionnent des moteurs au gazole\/diesel. Qu&rsquo;il s&rsquo;agisse de parcourir de longues ou de courtes distances, \u00e0 l&rsquo;int\u00e9rieur comme \u00e0 l&rsquo;ext\u00e9rieur, EHC dispose toujours d&rsquo;une solution adapt\u00e9e pour tenir les fum\u00e9es de gazole \u00e0 l&rsquo;\u00e9cart de l&rsquo;environnement de travail.<\/p>\n<p>Notre entreprise poursuit son \u00e9volution gr\u00e2ce \u00e0 ses fid\u00e8les collaborateurs.<\/p>\n<p>Avec eux, nous continuons d&rsquo;\u00e9laborer des solutions sp\u00e9cialis\u00e9es issues des besoins de notre client\u00e8le. Nos clients sont au c\u0153ur de la r\u00e9solution de ces d\u00e9fis. Il n&rsquo;y a d\u00e8s lors en principe aucune limite \u00e0 ce qu&rsquo;il est possible d&rsquo;atteindre. Des livraisons rapides font partie de notre politique de service.<\/p>\n                <\/div>\n\n                \n                          <\/div>\n          <\/div>\n        <\/div>\n<\/div>\n\n\n<div class=\"text-title-block container text-left mt-100 mb-100\">\n  \n      <h2 class=\"h2\">Une \u00e9puration certifi\u00e9e des gaz d&rsquo;\u00e9chappement pour un milieu de travail propre et sain <\/h2>\n  \n\n      <p><p style=\"text-align: left;\">Gr\u00e2ce \u00e0 tous les excellents clients et aux probl\u00e8mes d&rsquo;\u00e9missions difficiles auxquels nous avons \u00e9t\u00e9 confront\u00e9s au cours des 35 derni\u00e8res ann\u00e9es, nous avons pu accumuler des connaissances consid\u00e9rables. EHC Teknik ab fonctionne conform\u00e9ment aux normes ISO 9001 et ISO 14001.<\/p>\n<p style=\"text-align: left;\">L&rsquo;id\u00e9e est de vous fournir, en tant que client, la s\u00e9curit\u00e9 et la garantie que nous agissons de mani\u00e8re professionnelle et fournissons des produits de haute qualit\u00e9 pour r\u00e9soudre les probl\u00e8mes environnementaux dans votre \u00e9tablissement.<\/p>\n<p style=\"text-align: left;\">Rencontrez-vous des probl\u00e8mes d&rsquo;\u00e9missions d&rsquo;\u00e9chappement sur votre lieu de travail\u00a0? Contactez EHC Teknik pour discuter de solutions pour des coll\u00e8gues en bonne sant\u00e9 et d&rsquo;une rentabilit\u00e9 \u00e0 long terme.<\/p>\n<\/p>\n  <\/div>\n\n\n<div class=\"image-text-block container mt-30 mb-30\">\n  <div class=\"row\">\n      <\/div>\n<\/div>\n\n\n<div class=\"container container-lg text-left mt-100 mb-100\">\n  <div class=\"lg-info-box-block\">\n          <h2 class=\"text-primary mb-4\">Quelques faits <\/h2>\n    \n    \n    <div class=\"row\">\n              <div class=\"col\">\n          \n                      <div class=\"row\">\n                                <div class=\"col-12 col-md-4\">\n                    <div class=\"arrow-list-item\">Les filtres \u00e0 particules d&rsquo;EHC respectent les normes TRGS 554 (Allemagne) et COSHH (Grande-Bretagne). Nous sommes \u00e9galement mentionn\u00e9s sur la liste des filtres de l&rsquo;association VERT.<\/div>\n                  <\/div>\n                                  <div class=\"col-12 col-md-4\">\n                    <div class=\"arrow-list-item\">Comme ils r\u00e9duisent les \u00e9missions de NOx et mettent les v\u00e9hicules aux normes Euro V et Euro VI, certaines r\u00e9glementations des zones \u00e0 faibles \u00e9missions peuvent \u00eatre respect\u00e9es en utilisant des filtres \u00e0 particules diesel.<\/div>\n                  <\/div>\n                                  <div class=\"col-12 col-md-4\">\n                    <div class=\"arrow-list-item\">Nous proposons un service professionnel pour prolonger la dur\u00e9e de vie des filtres \u00e0 particules (FAP), dans nos installations ou sur site.<\/div>\n                  <\/div>\n                                  <div class=\"col-12 col-md-4\">\n                    <div class=\"arrow-list-item\">Les filtres \u00e0 particules d&rsquo;EHC sont donc certifi\u00e9s VERT, un certificat synonyme de qualit\u00e9 \u00e9lev\u00e9e.<\/div>\n                  <\/div>\n                                  <div class=\"col-12 col-md-4\">\n                    <div class=\"arrow-list-item\">L&rsquo;\u00e9l\u00e9ment filtrant de nos filtres P15, L20 et HT peut \u00eatre trait\u00e9 comme un d\u00e9chet combustible ordinaire.<\/div>\n                  <\/div>\n                            <\/div>\n                  <\/div>\n      \n          <\/div>\n  <\/div>\n<\/div>\n\n\n<div class=\"contact-block w-100 py-5 d-block mt-30 mb-0\">\n  <div class=\"container\">\n    \n      <\/div>\n<\/div>\n\n<div class=\"text-title-block container text-left mt-30 mb-30\">\n  \n      <h2 class=\"h2\"><\/h2>\n  \n\n  <\/div>\n","protected":false},"excerpt":{"rendered":"","protected":false},"author":6,"featured_media":0,"parent":0,"menu_order":0,"comment_status":"closed","ping_status":"closed","template":"","meta":{"_acf_changed":false,"footnotes":""},"class_list":["post-8096","page","type-page","status-publish","hentry"],"acf":[],"yoast_head":"<!-- This site is optimized with the Yoast SEO plugin v24.2 - https:\/\/yoast.com\/wordpress\/plugins\/seo\/ -->\n<title>\u00c0 propos | EHC Teknik<\/title>\n<meta name=\"description\" content=\"l&#039;histoire d&#039;EHC Teknik et comment la curiosit\u00e9 d&#039;un homme a cr\u00e9\u00e9 une entreprise.\" \/>\n<meta name=\"robots\" content=\"index, follow, max-snippet:-1, max-image-preview:large, max-video-preview:-1\" \/>\n<link rel=\"canonical\" href=\"https:\/\/ehcteknik.com\/fr\/a-propos-de-nous\/\" \/>\n<meta property=\"og:locale\" content=\"fr_FR\" \/>\n<meta property=\"og:type\" content=\"article\" \/>\n<meta property=\"og:title\" content=\"\u00c0 propos | EHC Teknik\" \/>\n<meta property=\"og:description\" content=\"l&#039;histoire d&#039;EHC Teknik et comment la curiosit\u00e9 d&#039;un homme a cr\u00e9\u00e9 une entreprise.\" \/>\n<meta property=\"og:url\" content=\"https:\/\/ehcteknik.com\/fr\/a-propos-de-nous\/\" \/>\n<meta property=\"og:site_name\" content=\"EHC Teknik\" \/>\n<meta property=\"article:modified_time\" content=\"2024-02-20T09:42:28+00:00\" \/>\n<meta name=\"twitter:card\" content=\"summary_large_image\" \/>\n<script type=\"application\/ld+json\" class=\"yoast-schema-graph\">{\"@context\":\"https:\/\/schema.org\",\"@graph\":[{\"@type\":\"WebPage\",\"@id\":\"https:\/\/ehcteknik.com\/fr\/a-propos-de-nous\/\",\"url\":\"https:\/\/ehcteknik.com\/fr\/a-propos-de-nous\/\",\"name\":\"\u00c0 propos | EHC Teknik\",\"isPartOf\":{\"@id\":\"https:\/\/ehcteknik.com\/fr\/#website\"},\"datePublished\":\"2021-06-12T15:51:47+00:00\",\"dateModified\":\"2024-02-20T09:42:28+00:00\",\"description\":\"l'histoire d'EHC Teknik et comment la curiosit\u00e9 d'un homme a cr\u00e9\u00e9 une entreprise.\",\"breadcrumb\":{\"@id\":\"https:\/\/ehcteknik.com\/fr\/a-propos-de-nous\/#breadcrumb\"},\"inLanguage\":\"fr-FR\",\"potentialAction\":[{\"@type\":\"ReadAction\",\"target\":[\"https:\/\/ehcteknik.com\/fr\/a-propos-de-nous\/\"]}]},{\"@type\":\"BreadcrumbList\",\"@id\":\"https:\/\/ehcteknik.com\/fr\/a-propos-de-nous\/#breadcrumb\",\"itemListElement\":[{\"@type\":\"ListItem\",\"position\":1,\"name\":\"Home\",\"item\":\"https:\/\/ehcteknik.com\/fr\/\"},{\"@type\":\"ListItem\",\"position\":2,\"name\":\"\u00c0 propos\"}]},{\"@type\":\"WebSite\",\"@id\":\"https:\/\/ehcteknik.com\/fr\/#website\",\"url\":\"https:\/\/ehcteknik.com\/fr\/\",\"name\":\"EHC Teknik\",\"description\":\"We reduce emissions\",\"publisher\":{\"@id\":\"https:\/\/ehcteknik.com\/fr\/#organization\"},\"potentialAction\":[{\"@type\":\"SearchAction\",\"target\":{\"@type\":\"EntryPoint\",\"urlTemplate\":\"https:\/\/ehcteknik.com\/fr\/?s={search_term_string}\"},\"query-input\":{\"@type\":\"PropertyValueSpecification\",\"valueRequired\":true,\"valueName\":\"search_term_string\"}}],\"inLanguage\":\"fr-FR\"},{\"@type\":\"Organization\",\"@id\":\"https:\/\/ehcteknik.com\/fr\/#organization\",\"name\":\"EHC Teknik\",\"url\":\"https:\/\/ehcteknik.com\/fr\/\",\"logo\":{\"@type\":\"ImageObject\",\"inLanguage\":\"fr-FR\",\"@id\":\"https:\/\/ehcteknik.com\/fr\/#\/schema\/logo\/image\/\",\"url\":\"https:\/\/ehcteknik.com\/wp-content\/uploads\/2020\/11\/logo.jpg\",\"contentUrl\":\"https:\/\/ehcteknik.com\/wp-content\/uploads\/2020\/11\/logo.jpg\",\"width\":205,\"height\":58,\"caption\":\"EHC Teknik\"},\"image\":{\"@id\":\"https:\/\/ehcteknik.com\/fr\/#\/schema\/logo\/image\/\"}}]}<\/script>\n<!-- \/ Yoast SEO plugin. -->","yoast_head_json":{"title":"\u00c0 propos | EHC Teknik","description":"l'histoire d'EHC Teknik et comment la curiosit\u00e9 d'un homme a cr\u00e9\u00e9 une entreprise.","robots":{"index":"index","follow":"follow","max-snippet":"max-snippet:-1","max-image-preview":"max-image-preview:large","max-video-preview":"max-video-preview:-1"},"canonical":"https:\/\/ehcteknik.com\/fr\/a-propos-de-nous\/","og_locale":"fr_FR","og_type":"article","og_title":"\u00c0 propos | EHC Teknik","og_description":"l'histoire d'EHC Teknik et comment la curiosit\u00e9 d'un homme a cr\u00e9\u00e9 une entreprise.","og_url":"https:\/\/ehcteknik.com\/fr\/a-propos-de-nous\/","og_site_name":"EHC Teknik","article_modified_time":"2024-02-20T09:42:28+00:00","twitter_card":"summary_large_image","schema":{"@context":"https:\/\/schema.org","@graph":[{"@type":"WebPage","@id":"https:\/\/ehcteknik.com\/fr\/a-propos-de-nous\/","url":"https:\/\/ehcteknik.com\/fr\/a-propos-de-nous\/","name":"\u00c0 propos | EHC Teknik","isPartOf":{"@id":"https:\/\/ehcteknik.com\/fr\/#website"},"datePublished":"2021-06-12T15:51:47+00:00","dateModified":"2024-02-20T09:42:28+00:00","description":"l'histoire d'EHC Teknik et comment la curiosit\u00e9 d'un homme a cr\u00e9\u00e9 une entreprise.","breadcrumb":{"@id":"https:\/\/ehcteknik.com\/fr\/a-propos-de-nous\/#breadcrumb"},"inLanguage":"fr-FR","potentialAction":[{"@type":"ReadAction","target":["https:\/\/ehcteknik.com\/fr\/a-propos-de-nous\/"]}]},{"@type":"BreadcrumbList","@id":"https:\/\/ehcteknik.com\/fr\/a-propos-de-nous\/#breadcrumb","itemListElement":[{"@type":"ListItem","position":1,"name":"Home","item":"https:\/\/ehcteknik.com\/fr\/"},{"@type":"ListItem","position":2,"name":"\u00c0 propos"}]},{"@type":"WebSite","@id":"https:\/\/ehcteknik.com\/fr\/#website","url":"https:\/\/ehcteknik.com\/fr\/","name":"EHC Teknik","description":"We reduce emissions","publisher":{"@id":"https:\/\/ehcteknik.com\/fr\/#organization"},"potentialAction":[{"@type":"SearchAction","target":{"@type":"EntryPoint","urlTemplate":"https:\/\/ehcteknik.com\/fr\/?s={search_term_string}"},"query-input":{"@type":"PropertyValueSpecification","valueRequired":true,"valueName":"search_term_string"}}],"inLanguage":"fr-FR"},{"@type":"Organization","@id":"https:\/\/ehcteknik.com\/fr\/#organization","name":"EHC Teknik","url":"https:\/\/ehcteknik.com\/fr\/","logo":{"@type":"ImageObject","inLanguage":"fr-FR","@id":"https:\/\/ehcteknik.com\/fr\/#\/schema\/logo\/image\/","url":"https:\/\/ehcteknik.com\/wp-content\/uploads\/2020\/11\/logo.jpg","contentUrl":"https:\/\/ehcteknik.com\/wp-content\/uploads\/2020\/11\/logo.jpg","width":205,"height":58,"caption":"EHC Teknik"},"image":{"@id":"https:\/\/ehcteknik.com\/fr\/#\/schema\/logo\/image\/"}}]}},"_links":{"self":[{"href":"https:\/\/ehcteknik.com\/fr\/wp-json\/wp\/v2\/pages\/8096","targetHints":{"allow":["GET"]}}],"collection":[{"href":"https:\/\/ehcteknik.com\/fr\/wp-json\/wp\/v2\/pages"}],"about":[{"href":"https:\/\/ehcteknik.com\/fr\/wp-json\/wp\/v2\/types\/page"}],"author":[{"embeddable":true,"href":"https:\/\/ehcteknik.com\/fr\/wp-json\/wp\/v2\/users\/6"}],"replies":[{"embeddable":true,"href":"https:\/\/ehcteknik.com\/fr\/wp-json\/wp\/v2\/comments?post=8096"}],"version-history":[{"count":9,"href":"https:\/\/ehcteknik.com\/fr\/wp-json\/wp\/v2\/pages\/8096\/revisions"}],"predecessor-version":[{"id":11176,"href":"https:\/\/ehcteknik.com\/fr\/wp-json\/wp\/v2\/pages\/8096\/revisions\/11176"}],"wp:attachment":[{"href":"https:\/\/ehcteknik.com\/fr\/wp-json\/wp\/v2\/media?parent=8096"}],"curies":[{"name":"wp","href":"https:\/\/api.w.org\/{rel}","templated":true}]}}