{"id":8087,"date":"2021-06-12T15:47:37","date_gmt":"2021-06-12T15:47:37","guid":{"rendered":"https:\/\/ehcteknik.com\/?page_id=8087"},"modified":"2021-11-24T15:59:17","modified_gmt":"2021-11-24T15:59:17","slug":"nettoyage-dun-fap","status":"publish","type":"page","link":"https:\/\/ehcteknik.com\/fr\/nettoyage-dun-fap\/","title":{"rendered":"Nettoyage d&rsquo;un FAP"},"content":{"rendered":"<div class=\"image-text-block container mt-150 mb-125\">\n  <div class=\"row\">\n              <div class=\"col-12 col-md-6 image-text text text-vertical-center\">\n            <div>\n              \n              \n                                  <div class=\"bg-primary mb-3\" style=\"width: 86px;height: 4px;\"><\/div>\n                \n                                  <h2 class=\"h1 mb-3\">Comment nettoyer un filtre \u00e0 particules (FAP) <\/h2>\n                \n                <div class=\"text-muted\">\n                  <p>Le voyant du FAP s&rsquo;allume sur votre tableau de bord\u00a0? Alors, il est peut-\u00eatre temps de faire nettoyer ou remplacer votre filtre \u00e0 particules (FAP). \u00c0 d\u00e9faut, l&rsquo;accumulation de suie et\/ou cendres va faire en sorte qu&rsquo;il se bouche. Dans des conditions d&rsquo;utilisation normales, le filtre \u00e0 particules va se nettoyer r\u00e9guli\u00e8rement de lui-m\u00eame par autor\u00e9g\u00e9n\u00e9ration. Apr\u00e8s chaque cycle de r\u00e9g\u00e9n\u00e9ration, il reste des cendres dans le filtre, ce qui raccourcit l&rsquo;intervalle de r\u00e9g\u00e9n\u00e9ration. Cela signifie que, t\u00f4t ou tard, chaque filtre \u00e0 particules (FAP) a besoin d&rsquo;un entretien. Vous devrez donc r\u00e9guli\u00e8rement faire appel \u00e0 un service professionnel de nettoyage de FAP. Poursuivez votre lecture et nous vous en dirons plus sur le nettoyage d&rsquo;un filtre \u00e0 particules.<\/p>\n                <\/div>\n\n                \n                          <\/div>\n          <\/div>\n                <div class=\"col-12 col-md-6 image-text image \">\n            <div>\n                              <img decoding=\"async\" alt=\"\" src=\"https:\/\/ehcteknik.com\/wp-content\/uploads\/2019\/11\/vi-pa\u030a-EHC-teknik.jpg\">\n              \n                          <\/div>\n          <\/div>\n        <\/div>\n<\/div>\n\n\n<div class=\"image-text-block container mt-125 mb-125\">\n  <div class=\"row\">\n              <div class=\"col-12 col-md-6 image-text image \">\n            <div>\n                              <img decoding=\"async\" alt=\"\" src=\"https:\/\/ehcteknik.com\/wp-content\/uploads\/2019\/12\/silicon-carbide-filter.png\">\n              \n                          <\/div>\n          <\/div>\n                <div class=\"col-12 col-md-6 image-text text text-vertical-center\">\n            <div>\n              \n              \n                                  <div class=\"bg-primary mb-3\" style=\"width: 86px;height: 4px;\"><\/div>\n                \n                                  <h2 class=\"h1 mb-3\">Un filtre \u00e0 particules peut-il se nettoyer de lui-m\u00eame? <\/h2>\n                \n                <div class=\"text-muted\">\n                  <p>Un filtre \u00e0 particules comme notre EHC PF peut se r\u00e9g\u00e9n\u00e9rer et se nettoyer de lui-m\u00eame gr\u00e2ce \u00e0 un processus qui br\u00fble la suie \u00e0 l&rsquo;int\u00e9rieur. Pour lancer le syst\u00e8me d&rsquo;autor\u00e9g\u00e9n\u00e9ration, le moteur doit atteindre une certaine temp\u00e9rature. Avec le filtre EHC PF, le moteur doit monter \u00e0 une temp\u00e9rature de 300\u00a0\u00b0C et \u00e0 la contre-pression \u00e0 laquelle la jauge de pression est r\u00e9gl\u00e9e.<\/p>\n<p>Si le v\u00e9hicule parcourt principalement de courtes distances, l&rsquo;autor\u00e9g\u00e9n\u00e9ration peut causer des probl\u00e8mes parce que le filtre \u00e0 particules n&rsquo;a pas le temps de chauffer suffisamment. Il se peut que la r\u00e9g\u00e9n\u00e9ration ne d\u00e9bute pas du tout ou que le temps manque pour achever le processus avant que le moteur ne soit \u00e0 nouveau coup\u00e9.<\/p>\n<p>L&rsquo;autonettoyage du FAP ne s&rsquo;\u00e9tant pas termin\u00e9, la suie le bouche. Pour rem\u00e9dier \u00e0 ce probl\u00e8me, vous pouvez solliciter davantage le moteur pour atteindre la temp\u00e9rature requise. Verser un additif dans le r\u00e9servoir \u00e0 carburant aide \u00e0 mettre en route l&rsquo;autor\u00e9g\u00e9n\u00e9ration et \u00e0 br\u00fbler les gaz. Si cela ne r\u00e9sout pas le probl\u00e8me, vous devez \u00e9tudier une autre option de filtrage. Dans ce cas, contactez-nous et nous vous aiderons plus avant.<\/p>\n                <\/div>\n\n                \n                          <\/div>\n          <\/div>\n        <\/div>\n<\/div>\n\n\n<div class=\"image-text-block container mt-125 mb-150\">\n  <div class=\"row\">\n              <div class=\"col-12 col-md-6 image-text text text-vertical-center\">\n            <div>\n              \n              \n                                  <div class=\"bg-primary mb-3\" style=\"width: 86px;height: 4px;\"><\/div>\n                \n                                  <h2 class=\"h1 mb-3\">Pourquoi ai-je besoin de services de nettoyage de FAP?<\/h2>\n                \n                <div class=\"text-muted\">\n                  <p>Les FAP doivent \u00eatre nettoy\u00e9s quand la contre-pression augmente trop. La cause en est que les cendres rest\u00e9es apr\u00e8s chaque processus de r\u00e9g\u00e9n\u00e9ration s&rsquo;accumulent dans le filtre \u00e0 particules. C&rsquo;est la raison pour laquelle tous ont de temps en temps besoin de services de nettoyage professionnels. Mais pourquoi un nettoyage professionnel du FAP est-il crucial?<\/p>\n<p>Si vous ignorez la n\u00e9cessit\u00e9 d&rsquo;un nettoyage professionnel du FAP, la contre-pression va continuer d&rsquo;augmenter et, de ce fait, tant votre moteur que votre filtre \u00e0 particules peuvent subir des dommages. \u00c0 cause de la contre-pression trop \u00e9lev\u00e9e, vous perdez de la puissance, la consommation de carburant s&rsquo;accro\u00eet et le filtre \u00e0 particules peut se fissurer. \u00c0 mesure que l&rsquo;obstruction s&rsquo;aggrave, les probl\u00e8mes vont empirer et le filtre \u00e0 particules et\/ou le moteur peuvent \u00eatre endommag\u00e9s.<\/p>\n                <\/div>\n\n                \n                          <\/div>\n          <\/div>\n                <div class=\"col-12 col-md-6 image-text image \">\n            <div>\n                              <img decoding=\"async\" alt=\"\" src=\"https:\/\/ehcteknik.com\/wp-content\/uploads\/2019\/12\/Cordierite-wall-flow-filters.png\">\n              \n                          <\/div>\n          <\/div>\n        <\/div>\n<\/div>\n\n\n<div class=\"contact-block w-100 py-5 d-block mt-30 mb-0\">\n  <div class=\"container\">\n    \n      <\/div>\n<\/div>","protected":false},"excerpt":{"rendered":"","protected":false},"author":12,"featured_media":0,"parent":0,"menu_order":0,"comment_status":"closed","ping_status":"closed","template":"","meta":{"_acf_changed":false,"footnotes":""},"class_list":["post-8087","page","type-page","status-publish","hentry"],"acf":[],"yoast_head":"<!-- This site is optimized with the Yoast SEO plugin v24.2 - https:\/\/yoast.com\/wordpress\/plugins\/seo\/ -->\n<title>Nettoyage d&#039;un FAP | EHC Teknik<\/title>\n<meta name=\"description\" content=\"Le voyant du FAP s&#039;allume sur votre tableau de bord\u00a0? Alors, il est peut-\u00eatre temps de faire nettoyer ou remplacer votre filtre \u00e0 particules (FAP).\" \/>\n<meta name=\"robots\" content=\"index, follow, max-snippet:-1, max-image-preview:large, max-video-preview:-1\" \/>\n<link rel=\"canonical\" href=\"https:\/\/ehcteknik.com\/fr\/nettoyage-dun-fap\/\" \/>\n<meta property=\"og:locale\" content=\"fr_FR\" \/>\n<meta property=\"og:type\" content=\"article\" \/>\n<meta property=\"og:title\" content=\"Nettoyage d&#039;un FAP | EHC Teknik\" \/>\n<meta property=\"og:description\" content=\"Le voyant du FAP s&#039;allume sur votre tableau de bord\u00a0? Alors, il est peut-\u00eatre temps de faire nettoyer ou remplacer votre filtre \u00e0 particules (FAP).\" \/>\n<meta property=\"og:url\" content=\"https:\/\/ehcteknik.com\/fr\/nettoyage-dun-fap\/\" \/>\n<meta property=\"og:site_name\" content=\"EHC Teknik\" \/>\n<meta property=\"article:modified_time\" content=\"2021-11-24T15:59:17+00:00\" \/>\n<meta name=\"twitter:card\" content=\"summary_large_image\" \/>\n<script type=\"application\/ld+json\" class=\"yoast-schema-graph\">{\"@context\":\"https:\/\/schema.org\",\"@graph\":[{\"@type\":\"WebPage\",\"@id\":\"https:\/\/ehcteknik.com\/fr\/nettoyage-dun-fap\/\",\"url\":\"https:\/\/ehcteknik.com\/fr\/nettoyage-dun-fap\/\",\"name\":\"Nettoyage d'un FAP | EHC Teknik\",\"isPartOf\":{\"@id\":\"https:\/\/ehcteknik.com\/fr\/#website\"},\"datePublished\":\"2021-06-12T15:47:37+00:00\",\"dateModified\":\"2021-11-24T15:59:17+00:00\",\"description\":\"Le voyant du FAP s'allume sur votre tableau de bord\u00a0? Alors, il est peut-\u00eatre temps de faire nettoyer ou remplacer votre filtre \u00e0 particules (FAP).\",\"breadcrumb\":{\"@id\":\"https:\/\/ehcteknik.com\/fr\/nettoyage-dun-fap\/#breadcrumb\"},\"inLanguage\":\"fr-FR\",\"potentialAction\":[{\"@type\":\"ReadAction\",\"target\":[\"https:\/\/ehcteknik.com\/fr\/nettoyage-dun-fap\/\"]}]},{\"@type\":\"BreadcrumbList\",\"@id\":\"https:\/\/ehcteknik.com\/fr\/nettoyage-dun-fap\/#breadcrumb\",\"itemListElement\":[{\"@type\":\"ListItem\",\"position\":1,\"name\":\"Home\",\"item\":\"https:\/\/ehcteknik.com\/fr\/\"},{\"@type\":\"ListItem\",\"position\":2,\"name\":\"Nettoyage d&#8217;un FAP\"}]},{\"@type\":\"WebSite\",\"@id\":\"https:\/\/ehcteknik.com\/fr\/#website\",\"url\":\"https:\/\/ehcteknik.com\/fr\/\",\"name\":\"EHC Teknik\",\"description\":\"We reduce emissions\",\"publisher\":{\"@id\":\"https:\/\/ehcteknik.com\/fr\/#organization\"},\"potentialAction\":[{\"@type\":\"SearchAction\",\"target\":{\"@type\":\"EntryPoint\",\"urlTemplate\":\"https:\/\/ehcteknik.com\/fr\/?s={search_term_string}\"},\"query-input\":{\"@type\":\"PropertyValueSpecification\",\"valueRequired\":true,\"valueName\":\"search_term_string\"}}],\"inLanguage\":\"fr-FR\"},{\"@type\":\"Organization\",\"@id\":\"https:\/\/ehcteknik.com\/fr\/#organization\",\"name\":\"EHC Teknik\",\"url\":\"https:\/\/ehcteknik.com\/fr\/\",\"logo\":{\"@type\":\"ImageObject\",\"inLanguage\":\"fr-FR\",\"@id\":\"https:\/\/ehcteknik.com\/fr\/#\/schema\/logo\/image\/\",\"url\":\"https:\/\/ehcteknik.com\/wp-content\/uploads\/2020\/11\/logo.jpg\",\"contentUrl\":\"https:\/\/ehcteknik.com\/wp-content\/uploads\/2020\/11\/logo.jpg\",\"width\":205,\"height\":58,\"caption\":\"EHC Teknik\"},\"image\":{\"@id\":\"https:\/\/ehcteknik.com\/fr\/#\/schema\/logo\/image\/\"}}]}<\/script>\n<!-- \/ Yoast SEO plugin. -->","yoast_head_json":{"title":"Nettoyage d'un FAP | EHC Teknik","description":"Le voyant du FAP s'allume sur votre tableau de bord\u00a0? Alors, il est peut-\u00eatre temps de faire nettoyer ou remplacer votre filtre \u00e0 particules (FAP).","robots":{"index":"index","follow":"follow","max-snippet":"max-snippet:-1","max-image-preview":"max-image-preview:large","max-video-preview":"max-video-preview:-1"},"canonical":"https:\/\/ehcteknik.com\/fr\/nettoyage-dun-fap\/","og_locale":"fr_FR","og_type":"article","og_title":"Nettoyage d'un FAP | EHC Teknik","og_description":"Le voyant du FAP s'allume sur votre tableau de bord\u00a0? Alors, il est peut-\u00eatre temps de faire nettoyer ou remplacer votre filtre \u00e0 particules (FAP).","og_url":"https:\/\/ehcteknik.com\/fr\/nettoyage-dun-fap\/","og_site_name":"EHC Teknik","article_modified_time":"2021-11-24T15:59:17+00:00","twitter_card":"summary_large_image","schema":{"@context":"https:\/\/schema.org","@graph":[{"@type":"WebPage","@id":"https:\/\/ehcteknik.com\/fr\/nettoyage-dun-fap\/","url":"https:\/\/ehcteknik.com\/fr\/nettoyage-dun-fap\/","name":"Nettoyage d'un FAP | EHC Teknik","isPartOf":{"@id":"https:\/\/ehcteknik.com\/fr\/#website"},"datePublished":"2021-06-12T15:47:37+00:00","dateModified":"2021-11-24T15:59:17+00:00","description":"Le voyant du FAP s'allume sur votre tableau de bord\u00a0? Alors, il est peut-\u00eatre temps de faire nettoyer ou remplacer votre filtre \u00e0 particules (FAP).","breadcrumb":{"@id":"https:\/\/ehcteknik.com\/fr\/nettoyage-dun-fap\/#breadcrumb"},"inLanguage":"fr-FR","potentialAction":[{"@type":"ReadAction","target":["https:\/\/ehcteknik.com\/fr\/nettoyage-dun-fap\/"]}]},{"@type":"BreadcrumbList","@id":"https:\/\/ehcteknik.com\/fr\/nettoyage-dun-fap\/#breadcrumb","itemListElement":[{"@type":"ListItem","position":1,"name":"Home","item":"https:\/\/ehcteknik.com\/fr\/"},{"@type":"ListItem","position":2,"name":"Nettoyage d&#8217;un FAP"}]},{"@type":"WebSite","@id":"https:\/\/ehcteknik.com\/fr\/#website","url":"https:\/\/ehcteknik.com\/fr\/","name":"EHC Teknik","description":"We reduce emissions","publisher":{"@id":"https:\/\/ehcteknik.com\/fr\/#organization"},"potentialAction":[{"@type":"SearchAction","target":{"@type":"EntryPoint","urlTemplate":"https:\/\/ehcteknik.com\/fr\/?s={search_term_string}"},"query-input":{"@type":"PropertyValueSpecification","valueRequired":true,"valueName":"search_term_string"}}],"inLanguage":"fr-FR"},{"@type":"Organization","@id":"https:\/\/ehcteknik.com\/fr\/#organization","name":"EHC Teknik","url":"https:\/\/ehcteknik.com\/fr\/","logo":{"@type":"ImageObject","inLanguage":"fr-FR","@id":"https:\/\/ehcteknik.com\/fr\/#\/schema\/logo\/image\/","url":"https:\/\/ehcteknik.com\/wp-content\/uploads\/2020\/11\/logo.jpg","contentUrl":"https:\/\/ehcteknik.com\/wp-content\/uploads\/2020\/11\/logo.jpg","width":205,"height":58,"caption":"EHC Teknik"},"image":{"@id":"https:\/\/ehcteknik.com\/fr\/#\/schema\/logo\/image\/"}}]}},"_links":{"self":[{"href":"https:\/\/ehcteknik.com\/fr\/wp-json\/wp\/v2\/pages\/8087","targetHints":{"allow":["GET"]}}],"collection":[{"href":"https:\/\/ehcteknik.com\/fr\/wp-json\/wp\/v2\/pages"}],"about":[{"href":"https:\/\/ehcteknik.com\/fr\/wp-json\/wp\/v2\/types\/page"}],"author":[{"embeddable":true,"href":"https:\/\/ehcteknik.com\/fr\/wp-json\/wp\/v2\/users\/12"}],"replies":[{"embeddable":true,"href":"https:\/\/ehcteknik.com\/fr\/wp-json\/wp\/v2\/comments?post=8087"}],"version-history":[{"count":4,"href":"https:\/\/ehcteknik.com\/fr\/wp-json\/wp\/v2\/pages\/8087\/revisions"}],"predecessor-version":[{"id":8649,"href":"https:\/\/ehcteknik.com\/fr\/wp-json\/wp\/v2\/pages\/8087\/revisions\/8649"}],"wp:attachment":[{"href":"https:\/\/ehcteknik.com\/fr\/wp-json\/wp\/v2\/media?parent=8087"}],"curies":[{"name":"wp","href":"https:\/\/api.w.org\/{rel}","templated":true}]}}