{"id":8051,"date":"2021-06-12T15:42:47","date_gmt":"2021-06-12T15:42:47","guid":{"rendered":"https:\/\/ehcteknik.com\/?page_id=8051"},"modified":"2024-04-24T11:35:12","modified_gmt":"2024-04-24T11:35:12","slug":"filtre-a-particules-pour-bus","status":"publish","type":"page","link":"https:\/\/ehcteknik.com\/fr\/vehicules\/filtre-a-particules-pour-bus\/","title":{"rendered":"Filtres amovible pour bus"},"content":{"rendered":"<div class=\"image-text-block container mt-100 mb-150\">\n  <div class=\"row\">\n              <div class=\"col-12 col-md-6 image-text text text-vertical-center\">\n            <div>\n              \n              \n                                  <div class=\"bg-primary mb-3\" style=\"width: 86px;height: 4px;\"><\/div>\n                \n                                  <h2 class=\"h1 mb-3\">FAP pour bus<\/h2>\n                \n                <div class=\"text-muted\">\n                  <p>Notre filtre enfichable L20 est con\u00e7u pour d\u00e9marrer et d\u00e9placer des v\u00e9hicules lourds \u00e0 l&rsquo;int\u00e9rieur, comme dans les zones de production, les entrep\u00f4ts et les ateliers.<\/p>\n<p>Un filtre amovible L20 r\u00e9duit les \u00e9missions de particules de gaz d&rsquo;\u00e9chappement canc\u00e9rig\u00e8nes, mutag\u00e8nes et allerg\u00e8nes de &gt;99 % et fonctionne d\u00e8s le d\u00e9marrage du moteur. Ces filtres vous offrent une libert\u00e9 de mouvement maximale et sont insensibles \u00e0 l&rsquo;humidit\u00e9.<\/p>\n<p>En standard, nos filtres \u00e0 particules L20 sont mont\u00e9s sur le pot d&rsquo;\u00e9chappement \u00e0 l&rsquo;aide d&rsquo;un couvercle avec sangle d&rsquo;arrimage. Nous disposons \u00e9galement de filtres L20 qui sont mont\u00e9s dans le pot d&rsquo;\u00e9chappement \u00e0 l&rsquo;aide d&rsquo;un soufflet gonflable.<\/p>\n<p>Chez EHC, nous pouvons vous aider \u00e0 trouver sans engagement le filtre \u00e0 enfiler adapt\u00e9 \u00e0 votre bus sp\u00e9cifique.<\/p>\n                <\/div>\n\n                \n                          <\/div>\n          <\/div>\n                <div class=\"col-12 col-md-6 image-text image \">\n            <div>\n                              <img decoding=\"async\" alt=\"\" src=\"https:\/\/ehcteknik.com\/wp-content\/uploads\/2024\/02\/Bus.jpg\">\n              \n                          <\/div>\n          <\/div>\n        <\/div>\n<\/div>\n\n\n<div class=\"image-text-block container mt-100 mb-150\">\n  <div class=\"row\">\n              <div class=\"col-12 col-md-6 image-text image \">\n            <div>\n                              <img decoding=\"async\" alt=\"\" src=\"https:\/\/ehcteknik.com\/wp-content\/uploads\/2020\/06\/EHC-L20-on-a-buss-in-a-workshop.jpg\">\n              \n                          <\/div>\n          <\/div>\n                <div class=\"col-12 col-md-6 image-text text text-vertical-center\">\n            <div>\n              \n              \n                                  <div class=\"bg-primary mb-3\" style=\"width: 86px;height: 4px;\"><\/div>\n                \n                                  <h2 class=\"h1 mb-3\">\u00c9chappement dans les endroits difficiles d&rsquo;acc\u00e8s<\/h2>\n                \n                <div class=\"text-muted\">\n                  <p>Parfois, les pots d\u2019\u00e9chappement se trouvent dans des endroits difficiles d\u2019acc\u00e8s, par exemple sur le toit ou sous le bus.<\/p>\n<p>Qu&rsquo;il s&rsquo;agisse de pots d&rsquo;\u00e9chappement sous le bus ou d&rsquo;autres pots d&rsquo;\u00e9chappement dans des endroits difficiles d&rsquo;acc\u00e8s, nous avons toujours la solution adapt\u00e9e.<\/p>\n<p>Une des solutions possibles est un tuyau d&rsquo;extension sur lequel un filtre L20 peut \u00eatre mont\u00e9. Ces rallonges peuvent \u00e9galement \u00eatre utilis\u00e9es en combinaison avec l&rsquo;aspiration des gaz d&rsquo;\u00e9chappement. \u00c9tant donn\u00e9 que le filtre L20 est mont\u00e9 sur les tuyaux de rallonge au moyen d&rsquo;un raccord rapide, le filtre peut \u00eatre retir\u00e9 rapidement et facilement du tuyau de rallonge. Une fois le filtre retir\u00e9, le tuyau d&rsquo;aspiration des gaz d&rsquo;\u00e9chappement peut \u00eatre fix\u00e9 au tuyau de rallonge.<\/p>\n                <\/div>\n\n                \n                          <\/div>\n          <\/div>\n        <\/div>\n<\/div>\n\n\n<div class=\"text-title-block container text-left mt-100 mb-150\">\n  \n      <h2 class=\"h2\">Des questions sur nos filtres enfichables ?<\/h2>\n  \n\n      <p><p><a href=\"https:\/\/ehcteknik.com\/fr\/contact\/\">Contactez-nous<\/a> sans engagement. Nous sommes heureux de partager nos connaissances et pouvons travailler avec vous pour trouver la solution adapt\u00e9e \u00e0 votre probl\u00e8me de gaz d&rsquo;\u00e9chappement.<\/p>\n<p><a href=\"https:\/\/ehcteknik.com\/fr\/products\/l20-filter\/\">Cliquez ici<\/a> pour plus d\u2019informations sur nos filtres compl\u00e9mentaires L20.<\/p>\n<\/p>\n  <\/div>\n\n\n<div class=\"contact-block w-100 py-5 d-block mt-<br \/>\n<b>Warning<\/b>:  Trying to access array offset on value of type null in <b>\/home\/ehctekni\/public_html\/wp-content\/themes\/ehc\/views\/blocks\/contact.php<\/b> on line <b>1<\/b><br \/>\n mb-<br \/>\n<b>Warning<\/b>:  Trying to access array offset on value of type null in <b>\/home\/ehctekni\/public_html\/wp-content\/themes\/ehc\/views\/blocks\/contact.php<\/b> on line <b>1<\/b><br \/>\n\u00ab\u00a0>\n  <div class=\"container\">\n    \n      <\/div>\n<\/div>","protected":false},"excerpt":{"rendered":"","protected":false},"author":16,"featured_media":0,"parent":8016,"menu_order":0,"comment_status":"closed","ping_status":"closed","template":"","meta":{"_acf_changed":false,"footnotes":""},"class_list":["post-8051","page","type-page","status-publish","hentry"],"acf":[],"yoast_head":"<!-- This site is optimized with the Yoast SEO plugin v24.2 - https:\/\/yoast.com\/wordpress\/plugins\/seo\/ -->\n<title>Filtres amovible pour bus | EHC Teknik<\/title>\n<meta name=\"description\" content=\"Nos filtres \u00e0 pour gaz d\u2019\u00e9chappement EHC L20 servent dans des lieux de fabrication, garages et ateliers pour faire en sorte de mettre en route et de d\u00e9placer des bus en toute s\u00e9curit\u00e9 et sans risque pour la sant\u00e9.\" \/>\n<meta name=\"robots\" content=\"index, follow, max-snippet:-1, max-image-preview:large, max-video-preview:-1\" \/>\n<link rel=\"canonical\" href=\"https:\/\/ehcteknik.com\/fr\/vehicules\/filtre-a-particules-pour-bus\/\" \/>\n<meta property=\"og:locale\" content=\"fr_FR\" \/>\n<meta property=\"og:type\" content=\"article\" \/>\n<meta property=\"og:title\" content=\"Filtres amovible pour bus | EHC Teknik\" \/>\n<meta property=\"og:description\" content=\"Nos filtres \u00e0 pour gaz d\u2019\u00e9chappement EHC L20 servent dans des lieux de fabrication, garages et ateliers pour faire en sorte de mettre en route et de d\u00e9placer des bus en toute s\u00e9curit\u00e9 et sans risque pour la sant\u00e9.\" \/>\n<meta property=\"og:url\" content=\"https:\/\/ehcteknik.com\/fr\/vehicules\/filtre-a-particules-pour-bus\/\" \/>\n<meta property=\"og:site_name\" content=\"EHC Teknik\" \/>\n<meta property=\"article:modified_time\" content=\"2024-04-24T11:35:12+00:00\" \/>\n<meta name=\"twitter:card\" content=\"summary_large_image\" \/>\n<script type=\"application\/ld+json\" class=\"yoast-schema-graph\">{\"@context\":\"https:\/\/schema.org\",\"@graph\":[{\"@type\":\"WebPage\",\"@id\":\"https:\/\/ehcteknik.com\/fr\/vehicules\/filtre-a-particules-pour-bus\/\",\"url\":\"https:\/\/ehcteknik.com\/fr\/vehicules\/filtre-a-particules-pour-bus\/\",\"name\":\"Filtres amovible pour bus | EHC Teknik\",\"isPartOf\":{\"@id\":\"https:\/\/ehcteknik.com\/fr\/#website\"},\"datePublished\":\"2021-06-12T15:42:47+00:00\",\"dateModified\":\"2024-04-24T11:35:12+00:00\",\"description\":\"Nos filtres \u00e0 pour gaz d\u2019\u00e9chappement EHC L20 servent dans des lieux de fabrication, garages et ateliers pour faire en sorte de mettre en route et de d\u00e9placer des bus en toute s\u00e9curit\u00e9 et sans risque pour la sant\u00e9.\",\"breadcrumb\":{\"@id\":\"https:\/\/ehcteknik.com\/fr\/vehicules\/filtre-a-particules-pour-bus\/#breadcrumb\"},\"inLanguage\":\"fr-FR\",\"potentialAction\":[{\"@type\":\"ReadAction\",\"target\":[\"https:\/\/ehcteknik.com\/fr\/vehicules\/filtre-a-particules-pour-bus\/\"]}]},{\"@type\":\"BreadcrumbList\",\"@id\":\"https:\/\/ehcteknik.com\/fr\/vehicules\/filtre-a-particules-pour-bus\/#breadcrumb\",\"itemListElement\":[{\"@type\":\"ListItem\",\"position\":1,\"name\":\"Home\",\"item\":\"https:\/\/ehcteknik.com\/fr\/\"},{\"@type\":\"ListItem\",\"position\":2,\"name\":\"Applications\",\"item\":\"https:\/\/ehcteknik.com\/fr\/vehicules\/\"},{\"@type\":\"ListItem\",\"position\":3,\"name\":\"Filtres amovible pour bus\"}]},{\"@type\":\"WebSite\",\"@id\":\"https:\/\/ehcteknik.com\/fr\/#website\",\"url\":\"https:\/\/ehcteknik.com\/fr\/\",\"name\":\"EHC Teknik\",\"description\":\"We reduce emissions\",\"publisher\":{\"@id\":\"https:\/\/ehcteknik.com\/fr\/#organization\"},\"potentialAction\":[{\"@type\":\"SearchAction\",\"target\":{\"@type\":\"EntryPoint\",\"urlTemplate\":\"https:\/\/ehcteknik.com\/fr\/?s={search_term_string}\"},\"query-input\":{\"@type\":\"PropertyValueSpecification\",\"valueRequired\":true,\"valueName\":\"search_term_string\"}}],\"inLanguage\":\"fr-FR\"},{\"@type\":\"Organization\",\"@id\":\"https:\/\/ehcteknik.com\/fr\/#organization\",\"name\":\"EHC Teknik\",\"url\":\"https:\/\/ehcteknik.com\/fr\/\",\"logo\":{\"@type\":\"ImageObject\",\"inLanguage\":\"fr-FR\",\"@id\":\"https:\/\/ehcteknik.com\/fr\/#\/schema\/logo\/image\/\",\"url\":\"https:\/\/ehcteknik.com\/wp-content\/uploads\/2020\/11\/logo.jpg\",\"contentUrl\":\"https:\/\/ehcteknik.com\/wp-content\/uploads\/2020\/11\/logo.jpg\",\"width\":205,\"height\":58,\"caption\":\"EHC Teknik\"},\"image\":{\"@id\":\"https:\/\/ehcteknik.com\/fr\/#\/schema\/logo\/image\/\"}}]}<\/script>\n<!-- \/ Yoast SEO plugin. -->","yoast_head_json":{"title":"Filtres amovible pour bus | EHC Teknik","description":"Nos filtres \u00e0 pour gaz d\u2019\u00e9chappement EHC L20 servent dans des lieux de fabrication, garages et ateliers pour faire en sorte de mettre en route et de d\u00e9placer des bus en toute s\u00e9curit\u00e9 et sans risque pour la sant\u00e9.","robots":{"index":"index","follow":"follow","max-snippet":"max-snippet:-1","max-image-preview":"max-image-preview:large","max-video-preview":"max-video-preview:-1"},"canonical":"https:\/\/ehcteknik.com\/fr\/vehicules\/filtre-a-particules-pour-bus\/","og_locale":"fr_FR","og_type":"article","og_title":"Filtres amovible pour bus | EHC Teknik","og_description":"Nos filtres \u00e0 pour gaz d\u2019\u00e9chappement EHC L20 servent dans des lieux de fabrication, garages et ateliers pour faire en sorte de mettre en route et de d\u00e9placer des bus en toute s\u00e9curit\u00e9 et sans risque pour la sant\u00e9.","og_url":"https:\/\/ehcteknik.com\/fr\/vehicules\/filtre-a-particules-pour-bus\/","og_site_name":"EHC Teknik","article_modified_time":"2024-04-24T11:35:12+00:00","twitter_card":"summary_large_image","schema":{"@context":"https:\/\/schema.org","@graph":[{"@type":"WebPage","@id":"https:\/\/ehcteknik.com\/fr\/vehicules\/filtre-a-particules-pour-bus\/","url":"https:\/\/ehcteknik.com\/fr\/vehicules\/filtre-a-particules-pour-bus\/","name":"Filtres amovible pour bus | EHC Teknik","isPartOf":{"@id":"https:\/\/ehcteknik.com\/fr\/#website"},"datePublished":"2021-06-12T15:42:47+00:00","dateModified":"2024-04-24T11:35:12+00:00","description":"Nos filtres \u00e0 pour gaz d\u2019\u00e9chappement EHC L20 servent dans des lieux de fabrication, garages et ateliers pour faire en sorte de mettre en route et de d\u00e9placer des bus en toute s\u00e9curit\u00e9 et sans risque pour la sant\u00e9.","breadcrumb":{"@id":"https:\/\/ehcteknik.com\/fr\/vehicules\/filtre-a-particules-pour-bus\/#breadcrumb"},"inLanguage":"fr-FR","potentialAction":[{"@type":"ReadAction","target":["https:\/\/ehcteknik.com\/fr\/vehicules\/filtre-a-particules-pour-bus\/"]}]},{"@type":"BreadcrumbList","@id":"https:\/\/ehcteknik.com\/fr\/vehicules\/filtre-a-particules-pour-bus\/#breadcrumb","itemListElement":[{"@type":"ListItem","position":1,"name":"Home","item":"https:\/\/ehcteknik.com\/fr\/"},{"@type":"ListItem","position":2,"name":"Applications","item":"https:\/\/ehcteknik.com\/fr\/vehicules\/"},{"@type":"ListItem","position":3,"name":"Filtres amovible pour bus"}]},{"@type":"WebSite","@id":"https:\/\/ehcteknik.com\/fr\/#website","url":"https:\/\/ehcteknik.com\/fr\/","name":"EHC Teknik","description":"We reduce emissions","publisher":{"@id":"https:\/\/ehcteknik.com\/fr\/#organization"},"potentialAction":[{"@type":"SearchAction","target":{"@type":"EntryPoint","urlTemplate":"https:\/\/ehcteknik.com\/fr\/?s={search_term_string}"},"query-input":{"@type":"PropertyValueSpecification","valueRequired":true,"valueName":"search_term_string"}}],"inLanguage":"fr-FR"},{"@type":"Organization","@id":"https:\/\/ehcteknik.com\/fr\/#organization","name":"EHC Teknik","url":"https:\/\/ehcteknik.com\/fr\/","logo":{"@type":"ImageObject","inLanguage":"fr-FR","@id":"https:\/\/ehcteknik.com\/fr\/#\/schema\/logo\/image\/","url":"https:\/\/ehcteknik.com\/wp-content\/uploads\/2020\/11\/logo.jpg","contentUrl":"https:\/\/ehcteknik.com\/wp-content\/uploads\/2020\/11\/logo.jpg","width":205,"height":58,"caption":"EHC Teknik"},"image":{"@id":"https:\/\/ehcteknik.com\/fr\/#\/schema\/logo\/image\/"}}]}},"_links":{"self":[{"href":"https:\/\/ehcteknik.com\/fr\/wp-json\/wp\/v2\/pages\/8051","targetHints":{"allow":["GET"]}}],"collection":[{"href":"https:\/\/ehcteknik.com\/fr\/wp-json\/wp\/v2\/pages"}],"about":[{"href":"https:\/\/ehcteknik.com\/fr\/wp-json\/wp\/v2\/types\/page"}],"author":[{"embeddable":true,"href":"https:\/\/ehcteknik.com\/fr\/wp-json\/wp\/v2\/users\/16"}],"replies":[{"embeddable":true,"href":"https:\/\/ehcteknik.com\/fr\/wp-json\/wp\/v2\/comments?post=8051"}],"version-history":[{"count":9,"href":"https:\/\/ehcteknik.com\/fr\/wp-json\/wp\/v2\/pages\/8051\/revisions"}],"predecessor-version":[{"id":11222,"href":"https:\/\/ehcteknik.com\/fr\/wp-json\/wp\/v2\/pages\/8051\/revisions\/11222"}],"up":[{"embeddable":true,"href":"https:\/\/ehcteknik.com\/fr\/wp-json\/wp\/v2\/pages\/8016"}],"wp:attachment":[{"href":"https:\/\/ehcteknik.com\/fr\/wp-json\/wp\/v2\/media?parent=8051"}],"curies":[{"name":"wp","href":"https:\/\/api.w.org\/{rel}","templated":true}]}}