{"id":8036,"date":"2021-06-12T15:40:55","date_gmt":"2021-06-12T15:40:55","guid":{"rendered":"https:\/\/ehcteknik.com\/?page_id=8036"},"modified":"2024-04-24T11:34:02","modified_gmt":"2024-04-24T11:34:02","slug":"fap-pour-chariots-elevateurs","status":"publish","type":"page","link":"https:\/\/ehcteknik.com\/fr\/vehicules\/fap-pour-chariots-elevateurs\/","title":{"rendered":"FAP pour chariots \u00e9l\u00e9vateurs"},"content":{"rendered":"<div class=\"image-text-block container mt-100 mb-150\">\n  <div class=\"row\">\n              <div class=\"col-12 col-md-6 image-text text text-vertical-center\">\n            <div>\n              \n              \n                                  <div class=\"bg-primary mb-3\" style=\"width: 86px;height: 4px;\"><\/div>\n                \n                                  <h2 class=\"h1 mb-3\">Filtre \u00e0 particules pour chariots \u00e9l\u00e9vateurs<\/h2>\n                \n                <div class=\"text-muted\">\n                  <p>Chez EHC, nous avons d\u00e9velopp\u00e9 un filtre \u00e0 particules adapt\u00e9 au mode d&rsquo;utilisation des chariots \u00e9l\u00e9vateurs.<\/p>\n<p>Dans la grande majorit\u00e9 des cas, la temp\u00e9rature moyenne des gaz d&rsquo;\u00e9chappement est trop basse pour qu&rsquo;un FAP en c\u00e9ramique puisse fonctionner avec un minimum d&rsquo;interf\u00e9rences. Investir davantage dans un syst\u00e8me de postcombustion pour forcer la r\u00e9g\u00e9n\u00e9ration d&rsquo;un filtre en c\u00e9ramique n&rsquo;est pas rentable dans la plupart des cas, car le nombre d&rsquo;heures de fonctionnement par an est trop faible.<\/p>\n<p>Pour cette raison, nos filtres \u00e0 particules HT sont consid\u00e9r\u00e9s par nos clients comme la solution id\u00e9ale pour am\u00e9liorer grandement l&rsquo;exposition au DME sur le lieu de travail. Apr\u00e8s tout, notre filtre HT a une efficacit\u00e9 &gt;99 % et fonctionne d\u00e8s le d\u00e9part.<\/p>\n                <\/div>\n\n                \n                          <\/div>\n          <\/div>\n                <div class=\"col-12 col-md-6 image-text image \">\n            <div>\n                              <img decoding=\"async\" alt=\"\" src=\"https:\/\/ehcteknik.com\/wp-content\/uploads\/2024\/02\/IMG_0012.jpg\">\n              \n                          <\/div>\n          <\/div>\n        <\/div>\n<\/div>\n\n\n<div class=\"image-text-block container mt-100 mb-150\">\n  <div class=\"row\">\n              <div class=\"col-12 col-md-6 image-text image \">\n            <div>\n                              <img decoding=\"async\" alt=\"\" src=\"https:\/\/ehcteknik.com\/wp-content\/uploads\/2024\/02\/HT10-with-3-way-valve-1.jpg\">\n              \n                          <\/div>\n          <\/div>\n                <div class=\"col-12 col-md-6 image-text text text-vertical-center\">\n            <div>\n              \n              \n                                  <div class=\"bg-primary mb-3\" style=\"width: 86px;height: 4px;\"><\/div>\n                \n                                  <h2 class=\"h1 mb-3\">Bypass EHC HT pour usage int\u00e9rieur\/ext\u00e9rieur<\/h2>\n                \n                <div class=\"text-muted\">\n                  <p>Lorsque des \u00e9quipements de transport interne sont utilis\u00e9s aussi bien en int\u00e9rieur qu&rsquo;en ext\u00e9rieur, nos clients choisissent souvent de combiner le filtre \u00e0 particules HT avec une vanne by-pass\/3 voies mont\u00e9e \u00e0 l&rsquo;entr\u00e9e du filtre (plug\/play). Cela permet d&rsquo;\u00e9teindre le filtre \u00e0 l&rsquo;ext\u00e9rieur.<\/p>\n<p>La majorit\u00e9 de ces clients optent pour la vanne \u00e9lectrique (12v\/24v), qui garantit que le filtre peut \u00eatre allum\u00e9 et \u00e9teint depuis la cabine. Il existe \u00e9galement une version manuelle de notre vanne 3 voies.<\/p>\n                <\/div>\n\n                \n                          <\/div>\n          <\/div>\n        <\/div>\n<\/div>\n\n\n<div class=\"image-text-block container mt-30 mb-30\">\n  <div class=\"row\">\n      <\/div>\n<\/div>\n\n\n<div class=\"image-text-block container mt-100 mb-150\">\n  <div class=\"row\">\n              <div class=\"col-12 col-md-6 image-text text text-vertical-center\">\n            <div>\n              \n              \n                                  <div class=\"bg-primary mb-3\" style=\"width: 86px;height: 4px;\"><\/div>\n                \n                                  <h2 class=\"h1 mb-3\">Contactez-nous pour en savoir plus sur les filtres pour gaz d\u2019\u00e9chappement pour chariots \u00e9l\u00e9vateurs<\/h2>\n                \n                <div class=\"text-muted\">\n                  <p>Nous proposons des solutions pour les chariots \u00e9l\u00e9vateurs et une large gamme d\u2019autres \u00e9quipements de transport interne. Si vous \u00eates int\u00e9ress\u00e9 par nos filtres \u00e0 gaz d&rsquo;\u00e9chappement et souhaitez en savoir plus sur la meilleure fa\u00e7on de les utiliser, <a href=\"https:\/\/ehcteknik.com\/fr\/contact\/\">n&rsquo;h\u00e9sitez pas \u00e0 nous contacter.<\/a><\/p>\n                <\/div>\n\n                \n                          <\/div>\n          <\/div>\n                <div class=\"col-12 col-md-6 image-text image \">\n            <div>\n                              <img decoding=\"async\" alt=\"\" src=\"https:\/\/ehcteknik.com\/wp-content\/uploads\/2024\/02\/Toyota-7FDJF35-Bj-05-3.jpg\">\n              \n                          <\/div>\n          <\/div>\n        <\/div>\n<\/div>\n\n\n<div class=\"contact-block w-100 py-5 d-block mt-<br \/>\n<b>Warning<\/b>:  Trying to access array offset on value of type null in <b>\/home\/ehctekni\/public_html\/wp-content\/themes\/ehc\/views\/blocks\/contact.php<\/b> on line <b>1<\/b><br \/>\n mb-<br \/>\n<b>Warning<\/b>:  Trying to access array offset on value of type null in <b>\/home\/ehctekni\/public_html\/wp-content\/themes\/ehc\/views\/blocks\/contact.php<\/b> on line <b>1<\/b><br \/>\n\u00ab\u00a0>\n  <div class=\"container\">\n    \n      <\/div>\n<\/div>","protected":false},"excerpt":{"rendered":"","protected":false},"author":16,"featured_media":0,"parent":8016,"menu_order":0,"comment_status":"closed","ping_status":"closed","template":"","meta":{"_acf_changed":false,"footnotes":""},"class_list":["post-8036","page","type-page","status-publish","hentry"],"acf":[],"yoast_head":"<!-- This site is optimized with the Yoast SEO plugin v24.2 - https:\/\/yoast.com\/wordpress\/plugins\/seo\/ -->\n<title>FAP pour chariots \u00e9l\u00e9vateurs | EHC Teknik<\/title>\n<meta name=\"description\" content=\"Plus de fum\u00e9es de gaz d\u2019\u00e9chappement gr\u00e2ce \u00e0 nos filtres \u00e0 particules pour chariots \u00e9l\u00e9vateurs\" \/>\n<meta name=\"robots\" content=\"index, follow, max-snippet:-1, max-image-preview:large, max-video-preview:-1\" \/>\n<link rel=\"canonical\" href=\"https:\/\/ehcteknik.com\/fr\/vehicules\/fap-pour-chariots-elevateurs\/\" \/>\n<meta property=\"og:locale\" content=\"fr_FR\" \/>\n<meta property=\"og:type\" content=\"article\" \/>\n<meta property=\"og:title\" content=\"FAP pour chariots \u00e9l\u00e9vateurs | EHC Teknik\" \/>\n<meta property=\"og:description\" content=\"Plus de fum\u00e9es de gaz d\u2019\u00e9chappement gr\u00e2ce \u00e0 nos filtres \u00e0 particules pour chariots \u00e9l\u00e9vateurs\" \/>\n<meta property=\"og:url\" content=\"https:\/\/ehcteknik.com\/fr\/vehicules\/fap-pour-chariots-elevateurs\/\" \/>\n<meta property=\"og:site_name\" content=\"EHC Teknik\" \/>\n<meta property=\"article:modified_time\" content=\"2024-04-24T11:34:02+00:00\" \/>\n<meta name=\"twitter:card\" content=\"summary_large_image\" \/>\n<script type=\"application\/ld+json\" class=\"yoast-schema-graph\">{\"@context\":\"https:\/\/schema.org\",\"@graph\":[{\"@type\":\"WebPage\",\"@id\":\"https:\/\/ehcteknik.com\/fr\/vehicules\/fap-pour-chariots-elevateurs\/\",\"url\":\"https:\/\/ehcteknik.com\/fr\/vehicules\/fap-pour-chariots-elevateurs\/\",\"name\":\"FAP pour chariots \u00e9l\u00e9vateurs | EHC Teknik\",\"isPartOf\":{\"@id\":\"https:\/\/ehcteknik.com\/fr\/#website\"},\"datePublished\":\"2021-06-12T15:40:55+00:00\",\"dateModified\":\"2024-04-24T11:34:02+00:00\",\"description\":\"Plus de fum\u00e9es de gaz d\u2019\u00e9chappement gr\u00e2ce \u00e0 nos filtres \u00e0 particules pour chariots \u00e9l\u00e9vateurs\",\"breadcrumb\":{\"@id\":\"https:\/\/ehcteknik.com\/fr\/vehicules\/fap-pour-chariots-elevateurs\/#breadcrumb\"},\"inLanguage\":\"fr-FR\",\"potentialAction\":[{\"@type\":\"ReadAction\",\"target\":[\"https:\/\/ehcteknik.com\/fr\/vehicules\/fap-pour-chariots-elevateurs\/\"]}]},{\"@type\":\"BreadcrumbList\",\"@id\":\"https:\/\/ehcteknik.com\/fr\/vehicules\/fap-pour-chariots-elevateurs\/#breadcrumb\",\"itemListElement\":[{\"@type\":\"ListItem\",\"position\":1,\"name\":\"Home\",\"item\":\"https:\/\/ehcteknik.com\/fr\/\"},{\"@type\":\"ListItem\",\"position\":2,\"name\":\"Applications\",\"item\":\"https:\/\/ehcteknik.com\/fr\/vehicules\/\"},{\"@type\":\"ListItem\",\"position\":3,\"name\":\"FAP pour chariots \u00e9l\u00e9vateurs\"}]},{\"@type\":\"WebSite\",\"@id\":\"https:\/\/ehcteknik.com\/fr\/#website\",\"url\":\"https:\/\/ehcteknik.com\/fr\/\",\"name\":\"EHC Teknik\",\"description\":\"We reduce emissions\",\"publisher\":{\"@id\":\"https:\/\/ehcteknik.com\/fr\/#organization\"},\"potentialAction\":[{\"@type\":\"SearchAction\",\"target\":{\"@type\":\"EntryPoint\",\"urlTemplate\":\"https:\/\/ehcteknik.com\/fr\/?s={search_term_string}\"},\"query-input\":{\"@type\":\"PropertyValueSpecification\",\"valueRequired\":true,\"valueName\":\"search_term_string\"}}],\"inLanguage\":\"fr-FR\"},{\"@type\":\"Organization\",\"@id\":\"https:\/\/ehcteknik.com\/fr\/#organization\",\"name\":\"EHC Teknik\",\"url\":\"https:\/\/ehcteknik.com\/fr\/\",\"logo\":{\"@type\":\"ImageObject\",\"inLanguage\":\"fr-FR\",\"@id\":\"https:\/\/ehcteknik.com\/fr\/#\/schema\/logo\/image\/\",\"url\":\"https:\/\/ehcteknik.com\/wp-content\/uploads\/2020\/11\/logo.jpg\",\"contentUrl\":\"https:\/\/ehcteknik.com\/wp-content\/uploads\/2020\/11\/logo.jpg\",\"width\":205,\"height\":58,\"caption\":\"EHC Teknik\"},\"image\":{\"@id\":\"https:\/\/ehcteknik.com\/fr\/#\/schema\/logo\/image\/\"}}]}<\/script>\n<!-- \/ Yoast SEO plugin. -->","yoast_head_json":{"title":"FAP pour chariots \u00e9l\u00e9vateurs | EHC Teknik","description":"Plus de fum\u00e9es de gaz d\u2019\u00e9chappement gr\u00e2ce \u00e0 nos filtres \u00e0 particules pour chariots \u00e9l\u00e9vateurs","robots":{"index":"index","follow":"follow","max-snippet":"max-snippet:-1","max-image-preview":"max-image-preview:large","max-video-preview":"max-video-preview:-1"},"canonical":"https:\/\/ehcteknik.com\/fr\/vehicules\/fap-pour-chariots-elevateurs\/","og_locale":"fr_FR","og_type":"article","og_title":"FAP pour chariots \u00e9l\u00e9vateurs | EHC Teknik","og_description":"Plus de fum\u00e9es de gaz d\u2019\u00e9chappement gr\u00e2ce \u00e0 nos filtres \u00e0 particules pour chariots \u00e9l\u00e9vateurs","og_url":"https:\/\/ehcteknik.com\/fr\/vehicules\/fap-pour-chariots-elevateurs\/","og_site_name":"EHC Teknik","article_modified_time":"2024-04-24T11:34:02+00:00","twitter_card":"summary_large_image","schema":{"@context":"https:\/\/schema.org","@graph":[{"@type":"WebPage","@id":"https:\/\/ehcteknik.com\/fr\/vehicules\/fap-pour-chariots-elevateurs\/","url":"https:\/\/ehcteknik.com\/fr\/vehicules\/fap-pour-chariots-elevateurs\/","name":"FAP pour chariots \u00e9l\u00e9vateurs | EHC Teknik","isPartOf":{"@id":"https:\/\/ehcteknik.com\/fr\/#website"},"datePublished":"2021-06-12T15:40:55+00:00","dateModified":"2024-04-24T11:34:02+00:00","description":"Plus de fum\u00e9es de gaz d\u2019\u00e9chappement gr\u00e2ce \u00e0 nos filtres \u00e0 particules pour chariots \u00e9l\u00e9vateurs","breadcrumb":{"@id":"https:\/\/ehcteknik.com\/fr\/vehicules\/fap-pour-chariots-elevateurs\/#breadcrumb"},"inLanguage":"fr-FR","potentialAction":[{"@type":"ReadAction","target":["https:\/\/ehcteknik.com\/fr\/vehicules\/fap-pour-chariots-elevateurs\/"]}]},{"@type":"BreadcrumbList","@id":"https:\/\/ehcteknik.com\/fr\/vehicules\/fap-pour-chariots-elevateurs\/#breadcrumb","itemListElement":[{"@type":"ListItem","position":1,"name":"Home","item":"https:\/\/ehcteknik.com\/fr\/"},{"@type":"ListItem","position":2,"name":"Applications","item":"https:\/\/ehcteknik.com\/fr\/vehicules\/"},{"@type":"ListItem","position":3,"name":"FAP pour chariots \u00e9l\u00e9vateurs"}]},{"@type":"WebSite","@id":"https:\/\/ehcteknik.com\/fr\/#website","url":"https:\/\/ehcteknik.com\/fr\/","name":"EHC Teknik","description":"We reduce emissions","publisher":{"@id":"https:\/\/ehcteknik.com\/fr\/#organization"},"potentialAction":[{"@type":"SearchAction","target":{"@type":"EntryPoint","urlTemplate":"https:\/\/ehcteknik.com\/fr\/?s={search_term_string}"},"query-input":{"@type":"PropertyValueSpecification","valueRequired":true,"valueName":"search_term_string"}}],"inLanguage":"fr-FR"},{"@type":"Organization","@id":"https:\/\/ehcteknik.com\/fr\/#organization","name":"EHC Teknik","url":"https:\/\/ehcteknik.com\/fr\/","logo":{"@type":"ImageObject","inLanguage":"fr-FR","@id":"https:\/\/ehcteknik.com\/fr\/#\/schema\/logo\/image\/","url":"https:\/\/ehcteknik.com\/wp-content\/uploads\/2020\/11\/logo.jpg","contentUrl":"https:\/\/ehcteknik.com\/wp-content\/uploads\/2020\/11\/logo.jpg","width":205,"height":58,"caption":"EHC Teknik"},"image":{"@id":"https:\/\/ehcteknik.com\/fr\/#\/schema\/logo\/image\/"}}]}},"_links":{"self":[{"href":"https:\/\/ehcteknik.com\/fr\/wp-json\/wp\/v2\/pages\/8036","targetHints":{"allow":["GET"]}}],"collection":[{"href":"https:\/\/ehcteknik.com\/fr\/wp-json\/wp\/v2\/pages"}],"about":[{"href":"https:\/\/ehcteknik.com\/fr\/wp-json\/wp\/v2\/types\/page"}],"author":[{"embeddable":true,"href":"https:\/\/ehcteknik.com\/fr\/wp-json\/wp\/v2\/users\/16"}],"replies":[{"embeddable":true,"href":"https:\/\/ehcteknik.com\/fr\/wp-json\/wp\/v2\/comments?post=8036"}],"version-history":[{"count":8,"href":"https:\/\/ehcteknik.com\/fr\/wp-json\/wp\/v2\/pages\/8036\/revisions"}],"predecessor-version":[{"id":11201,"href":"https:\/\/ehcteknik.com\/fr\/wp-json\/wp\/v2\/pages\/8036\/revisions\/11201"}],"up":[{"embeddable":true,"href":"https:\/\/ehcteknik.com\/fr\/wp-json\/wp\/v2\/pages\/8016"}],"wp:attachment":[{"href":"https:\/\/ehcteknik.com\/fr\/wp-json\/wp\/v2\/media?parent=8036"}],"curies":[{"name":"wp","href":"https:\/\/api.w.org\/{rel}","templated":true}]}}