{"id":8032,"date":"2021-06-12T15:40:19","date_gmt":"2021-06-12T15:40:19","guid":{"rendered":"https:\/\/ehcteknik.com\/?page_id=8032"},"modified":"2024-04-24T11:34:53","modified_gmt":"2024-04-24T11:34:53","slug":"filtres-a-particules-pour-engins-miniers","status":"publish","type":"page","link":"https:\/\/ehcteknik.com\/fr\/vehicules\/filtres-a-particules-pour-engins-miniers\/","title":{"rendered":"Filtres \u00e0 particules pour engins miniers"},"content":{"rendered":"<div class=\"image-text-block container mt-100 mb-150\">\n  <div class=\"row\">\n              <div class=\"col-12 col-md-6 image-text text text-vertical-center\">\n            <div>\n              \n              \n                                  <div class=\"bg-primary mb-3\" style=\"width: 86px;height: 4px;\"><\/div>\n                \n                                  <h2 class=\"h1 mb-3\">Filtres \u00e0 particules pour v\u00e9hicules miniers<\/h2>\n                \n                <div class=\"text-muted\">\n                  <p>Nous avons d\u00e9velopp\u00e9 des filtres \u00e0 particules (FAP) qui r\u00e9sistent aux circonstances dans lesquelles on exploite des v\u00e9hicules miniers.<\/p>\n<p>Sans ces filtres, des particules de gazole\/diesel peuvent se r\u00e9pandre \u00e0 travers les mines souterraines. Cela pollue l&rsquo;air et s&rsquo;accompagne de risques sanitaires graves.<\/p>\n                <\/div>\n\n                \n                          <\/div>\n          <\/div>\n                <div class=\"col-12 col-md-6 image-text image \">\n            <div>\n                              <img decoding=\"async\" alt=\"\" src=\"https:\/\/ehcteknik.com\/wp-content\/uploads\/2019\/11\/PFproduktbild.png\">\n              \n                          <\/div>\n          <\/div>\n        <\/div>\n<\/div>\n\n\n<div class=\"image-text-block container mt-100 mb-150\">\n  <div class=\"row\">\n              <div class=\"col-12 col-md-6 image-text image \">\n            <div>\n                              <img decoding=\"async\" alt=\"\" src=\"https:\/\/ehcteknik.com\/wp-content\/uploads\/2024\/04\/IMG_0316_bis.jpg\">\n              \n                          <\/div>\n          <\/div>\n                <div class=\"col-12 col-md-6 image-text text text-vertical-center\">\n            <div>\n              \n              \n                                  <div class=\"bg-primary mb-3\" style=\"width: 86px;height: 4px;\"><\/div>\n                \n                                  <h2 class=\"h1 mb-3\">Des particules de diesel dans les mines souterraines<\/h2>\n                \n                <div class=\"text-muted\">\n                  <p>L&rsquo;exploitation mini\u00e8re est un secteur assez unique, qui fait face \u00e0 de nombreux d\u00e9fis incomparables. La sant\u00e9 et la s\u00e9curit\u00e9 des travailleurs sont clairement un point d&rsquo;inqui\u00e9tude et l&rsquo;industrie mini\u00e8re se d\u00e9veloppe en s&rsquo;effor\u00e7ant toujours davantage de r\u00e9duire les risques des travaux sous terre.<\/p>\n<p>Un de ces facteurs est l&rsquo;inhalation de particules dangereuses. Des particules de gazole sont produites par la combustion du carburant et peuvent provoquer de s\u00e9rieux troubles pour la sant\u00e9 humaine. De nombreux v\u00e9hicules miniers roulent au gazole, mais des FAP leur permettent d&rsquo;\u00eatre nettement plus propres \u00e0 l&rsquo;usage. En recourant \u00e0 nos filtres \u00e0 particules pour v\u00e9hicules miniers, vous adoptez une position en faveur de la sant\u00e9 et de la s\u00e9curit\u00e9.<\/p>\n                <\/div>\n\n                \n                          <\/div>\n          <\/div>\n        <\/div>\n<\/div>\n\n\n<div class=\"text-title-block container text-left mt-100 mb-150\">\n  \n      <h2 class=\"h2\">Interrogez-nous sur nos filtres \u00e0 particules pour engins miniers<\/h2>\n  \n\n      <p><p>La mani\u00e8re d&#8217;employer des v\u00e9hicules dans les mines pose une s\u00e9rie de d\u00e9fis pour \u00e9viter aux filtres de tomber souvent en panne. Nous nous ferons un plaisir de vous aider \u00e0 trouver la bonne solution pour vos besoins sp\u00e9cifiques. Minimiser les \u00e9missions de particules de gazole dans les mines souterraines vous int\u00e9resse\u00a0? N&rsquo;h\u00e9sitez pas \u00e0 nous contacter.<\/p>\n<p>D\u00e9couvrez notre <a href=\"https:\/\/ehcteknik.com\/fr\/products\/pf-filter\/\"><u>filtre PF<\/u><\/a> et poursuivez votre lecture \u00e0 propos des filtres \u00e0 particules pour v\u00e9hicules miniers.<\/p>\n<\/p>\n  <\/div>\n\n\n<div class=\"contact-block w-100 py-5 d-block mt-<br \/>\n<b>Warning<\/b>:  Trying to access array offset on value of type null in <b>\/home\/ehctekni\/public_html\/wp-content\/themes\/ehc\/views\/blocks\/contact.php<\/b> on line <b>1<\/b><br \/>\n mb-<br \/>\n<b>Warning<\/b>:  Trying to access array offset on value of type null in <b>\/home\/ehctekni\/public_html\/wp-content\/themes\/ehc\/views\/blocks\/contact.php<\/b> on line <b>1<\/b><br \/>\n\u00ab\u00a0>\n  <div class=\"container\">\n    \n      <\/div>\n<\/div>","protected":false},"excerpt":{"rendered":"","protected":false},"author":16,"featured_media":0,"parent":8016,"menu_order":0,"comment_status":"closed","ping_status":"closed","template":"","meta":{"_acf_changed":false,"footnotes":""},"class_list":["post-8032","page","type-page","status-publish","hentry"],"acf":[],"yoast_head":"<!-- This site is optimized with the Yoast SEO plugin v24.2 - https:\/\/yoast.com\/wordpress\/plugins\/seo\/ -->\n<title>Filtres \u00e0 particules pour engins miniers | EHC Teknik<\/title>\n<meta name=\"description\" content=\"Nous avons d\u00e9velopp\u00e9 des filtres \u00e0 particules (FAP) qui r\u00e9sistent aux circonstances dans lesquelles on exploite des v\u00e9hicules miniers.\" \/>\n<meta name=\"robots\" content=\"index, follow, max-snippet:-1, max-image-preview:large, max-video-preview:-1\" \/>\n<link rel=\"canonical\" href=\"https:\/\/ehcteknik.com\/fr\/vehicules\/filtres-a-particules-pour-engins-miniers\/\" \/>\n<meta property=\"og:locale\" content=\"fr_FR\" \/>\n<meta property=\"og:type\" content=\"article\" \/>\n<meta property=\"og:title\" content=\"Filtres \u00e0 particules pour engins miniers | EHC Teknik\" \/>\n<meta property=\"og:description\" content=\"Nous avons d\u00e9velopp\u00e9 des filtres \u00e0 particules (FAP) qui r\u00e9sistent aux circonstances dans lesquelles on exploite des v\u00e9hicules miniers.\" \/>\n<meta property=\"og:url\" content=\"https:\/\/ehcteknik.com\/fr\/vehicules\/filtres-a-particules-pour-engins-miniers\/\" \/>\n<meta property=\"og:site_name\" content=\"EHC Teknik\" \/>\n<meta property=\"article:modified_time\" content=\"2024-04-24T11:34:53+00:00\" \/>\n<meta name=\"twitter:card\" content=\"summary_large_image\" \/>\n<script type=\"application\/ld+json\" class=\"yoast-schema-graph\">{\"@context\":\"https:\/\/schema.org\",\"@graph\":[{\"@type\":\"WebPage\",\"@id\":\"https:\/\/ehcteknik.com\/fr\/vehicules\/filtres-a-particules-pour-engins-miniers\/\",\"url\":\"https:\/\/ehcteknik.com\/fr\/vehicules\/filtres-a-particules-pour-engins-miniers\/\",\"name\":\"Filtres \u00e0 particules pour engins miniers | EHC Teknik\",\"isPartOf\":{\"@id\":\"https:\/\/ehcteknik.com\/fr\/#website\"},\"datePublished\":\"2021-06-12T15:40:19+00:00\",\"dateModified\":\"2024-04-24T11:34:53+00:00\",\"description\":\"Nous avons d\u00e9velopp\u00e9 des filtres \u00e0 particules (FAP) qui r\u00e9sistent aux circonstances dans lesquelles on exploite des v\u00e9hicules miniers.\",\"breadcrumb\":{\"@id\":\"https:\/\/ehcteknik.com\/fr\/vehicules\/filtres-a-particules-pour-engins-miniers\/#breadcrumb\"},\"inLanguage\":\"fr-FR\",\"potentialAction\":[{\"@type\":\"ReadAction\",\"target\":[\"https:\/\/ehcteknik.com\/fr\/vehicules\/filtres-a-particules-pour-engins-miniers\/\"]}]},{\"@type\":\"BreadcrumbList\",\"@id\":\"https:\/\/ehcteknik.com\/fr\/vehicules\/filtres-a-particules-pour-engins-miniers\/#breadcrumb\",\"itemListElement\":[{\"@type\":\"ListItem\",\"position\":1,\"name\":\"Home\",\"item\":\"https:\/\/ehcteknik.com\/fr\/\"},{\"@type\":\"ListItem\",\"position\":2,\"name\":\"Applications\",\"item\":\"https:\/\/ehcteknik.com\/fr\/vehicules\/\"},{\"@type\":\"ListItem\",\"position\":3,\"name\":\"Filtres \u00e0 particules pour engins miniers\"}]},{\"@type\":\"WebSite\",\"@id\":\"https:\/\/ehcteknik.com\/fr\/#website\",\"url\":\"https:\/\/ehcteknik.com\/fr\/\",\"name\":\"EHC Teknik\",\"description\":\"We reduce emissions\",\"publisher\":{\"@id\":\"https:\/\/ehcteknik.com\/fr\/#organization\"},\"potentialAction\":[{\"@type\":\"SearchAction\",\"target\":{\"@type\":\"EntryPoint\",\"urlTemplate\":\"https:\/\/ehcteknik.com\/fr\/?s={search_term_string}\"},\"query-input\":{\"@type\":\"PropertyValueSpecification\",\"valueRequired\":true,\"valueName\":\"search_term_string\"}}],\"inLanguage\":\"fr-FR\"},{\"@type\":\"Organization\",\"@id\":\"https:\/\/ehcteknik.com\/fr\/#organization\",\"name\":\"EHC Teknik\",\"url\":\"https:\/\/ehcteknik.com\/fr\/\",\"logo\":{\"@type\":\"ImageObject\",\"inLanguage\":\"fr-FR\",\"@id\":\"https:\/\/ehcteknik.com\/fr\/#\/schema\/logo\/image\/\",\"url\":\"https:\/\/ehcteknik.com\/wp-content\/uploads\/2020\/11\/logo.jpg\",\"contentUrl\":\"https:\/\/ehcteknik.com\/wp-content\/uploads\/2020\/11\/logo.jpg\",\"width\":205,\"height\":58,\"caption\":\"EHC Teknik\"},\"image\":{\"@id\":\"https:\/\/ehcteknik.com\/fr\/#\/schema\/logo\/image\/\"}}]}<\/script>\n<!-- \/ Yoast SEO plugin. -->","yoast_head_json":{"title":"Filtres \u00e0 particules pour engins miniers | EHC Teknik","description":"Nous avons d\u00e9velopp\u00e9 des filtres \u00e0 particules (FAP) qui r\u00e9sistent aux circonstances dans lesquelles on exploite des v\u00e9hicules miniers.","robots":{"index":"index","follow":"follow","max-snippet":"max-snippet:-1","max-image-preview":"max-image-preview:large","max-video-preview":"max-video-preview:-1"},"canonical":"https:\/\/ehcteknik.com\/fr\/vehicules\/filtres-a-particules-pour-engins-miniers\/","og_locale":"fr_FR","og_type":"article","og_title":"Filtres \u00e0 particules pour engins miniers | EHC Teknik","og_description":"Nous avons d\u00e9velopp\u00e9 des filtres \u00e0 particules (FAP) qui r\u00e9sistent aux circonstances dans lesquelles on exploite des v\u00e9hicules miniers.","og_url":"https:\/\/ehcteknik.com\/fr\/vehicules\/filtres-a-particules-pour-engins-miniers\/","og_site_name":"EHC Teknik","article_modified_time":"2024-04-24T11:34:53+00:00","twitter_card":"summary_large_image","schema":{"@context":"https:\/\/schema.org","@graph":[{"@type":"WebPage","@id":"https:\/\/ehcteknik.com\/fr\/vehicules\/filtres-a-particules-pour-engins-miniers\/","url":"https:\/\/ehcteknik.com\/fr\/vehicules\/filtres-a-particules-pour-engins-miniers\/","name":"Filtres \u00e0 particules pour engins miniers | EHC Teknik","isPartOf":{"@id":"https:\/\/ehcteknik.com\/fr\/#website"},"datePublished":"2021-06-12T15:40:19+00:00","dateModified":"2024-04-24T11:34:53+00:00","description":"Nous avons d\u00e9velopp\u00e9 des filtres \u00e0 particules (FAP) qui r\u00e9sistent aux circonstances dans lesquelles on exploite des v\u00e9hicules miniers.","breadcrumb":{"@id":"https:\/\/ehcteknik.com\/fr\/vehicules\/filtres-a-particules-pour-engins-miniers\/#breadcrumb"},"inLanguage":"fr-FR","potentialAction":[{"@type":"ReadAction","target":["https:\/\/ehcteknik.com\/fr\/vehicules\/filtres-a-particules-pour-engins-miniers\/"]}]},{"@type":"BreadcrumbList","@id":"https:\/\/ehcteknik.com\/fr\/vehicules\/filtres-a-particules-pour-engins-miniers\/#breadcrumb","itemListElement":[{"@type":"ListItem","position":1,"name":"Home","item":"https:\/\/ehcteknik.com\/fr\/"},{"@type":"ListItem","position":2,"name":"Applications","item":"https:\/\/ehcteknik.com\/fr\/vehicules\/"},{"@type":"ListItem","position":3,"name":"Filtres \u00e0 particules pour engins miniers"}]},{"@type":"WebSite","@id":"https:\/\/ehcteknik.com\/fr\/#website","url":"https:\/\/ehcteknik.com\/fr\/","name":"EHC Teknik","description":"We reduce emissions","publisher":{"@id":"https:\/\/ehcteknik.com\/fr\/#organization"},"potentialAction":[{"@type":"SearchAction","target":{"@type":"EntryPoint","urlTemplate":"https:\/\/ehcteknik.com\/fr\/?s={search_term_string}"},"query-input":{"@type":"PropertyValueSpecification","valueRequired":true,"valueName":"search_term_string"}}],"inLanguage":"fr-FR"},{"@type":"Organization","@id":"https:\/\/ehcteknik.com\/fr\/#organization","name":"EHC Teknik","url":"https:\/\/ehcteknik.com\/fr\/","logo":{"@type":"ImageObject","inLanguage":"fr-FR","@id":"https:\/\/ehcteknik.com\/fr\/#\/schema\/logo\/image\/","url":"https:\/\/ehcteknik.com\/wp-content\/uploads\/2020\/11\/logo.jpg","contentUrl":"https:\/\/ehcteknik.com\/wp-content\/uploads\/2020\/11\/logo.jpg","width":205,"height":58,"caption":"EHC Teknik"},"image":{"@id":"https:\/\/ehcteknik.com\/fr\/#\/schema\/logo\/image\/"}}]}},"_links":{"self":[{"href":"https:\/\/ehcteknik.com\/fr\/wp-json\/wp\/v2\/pages\/8032","targetHints":{"allow":["GET"]}}],"collection":[{"href":"https:\/\/ehcteknik.com\/fr\/wp-json\/wp\/v2\/pages"}],"about":[{"href":"https:\/\/ehcteknik.com\/fr\/wp-json\/wp\/v2\/types\/page"}],"author":[{"embeddable":true,"href":"https:\/\/ehcteknik.com\/fr\/wp-json\/wp\/v2\/users\/16"}],"replies":[{"embeddable":true,"href":"https:\/\/ehcteknik.com\/fr\/wp-json\/wp\/v2\/comments?post=8032"}],"version-history":[{"count":11,"href":"https:\/\/ehcteknik.com\/fr\/wp-json\/wp\/v2\/pages\/8032\/revisions"}],"predecessor-version":[{"id":12529,"href":"https:\/\/ehcteknik.com\/fr\/wp-json\/wp\/v2\/pages\/8032\/revisions\/12529"}],"up":[{"embeddable":true,"href":"https:\/\/ehcteknik.com\/fr\/wp-json\/wp\/v2\/pages\/8016"}],"wp:attachment":[{"href":"https:\/\/ehcteknik.com\/fr\/wp-json\/wp\/v2\/media?parent=8032"}],"curies":[{"name":"wp","href":"https:\/\/api.w.org\/{rel}","templated":true}]}}