{"id":8001,"date":"2021-06-12T15:33:53","date_gmt":"2021-06-12T15:33:53","guid":{"rendered":"https:\/\/ehcteknik.com\/?page_id=8001"},"modified":"2021-11-24T15:48:35","modified_gmt":"2021-11-24T15:48:35","slug":"faq","status":"publish","type":"page","link":"https:\/\/ehcteknik.com\/fr\/faq\/","title":{"rendered":"FAQ"},"content":{"rendered":"<div class=\"text-title-block container text-left mt-100 mb-150\">\n  \n      <h2 class=\"h2\">Que co\u00fbte le nettoyage d&rsquo;un filtre \u00e0 particules?<\/h2>\n  \n\n      <p><p>Nous vous conseillons de nous contacter ou le revendeur EHC le plus proche de chez vous, pour une estimation pr\u00e9cise du prix pour votre filtre.<\/p>\n<\/p>\n  <\/div>\n\n\n<div class=\"text-title-block container text-left mt-100 mb-150\">\n  \n      <h2 class=\"h2\">Dois-je utiliser un filtre \u00e0 particules pour mettre en route et d\u00e9placer des moteurs au gazole\/diesel \u00e0 l&rsquo;int\u00e9rieur?<\/h2>\n  \n\n      <p><p>Oui, pour prot\u00e9ger les personnes contre les particules canc\u00e9rog\u00e8nes et mutag\u00e8nes nocives des gaz d&rsquo;\u00e9chappement, les filtres pour gaz d\u2019\u00e9chappement sont m\u00eame obligatoires dans certains pays. M\u00eame sur des moteurs \u00e9quip\u00e9s d&rsquo;usine d&rsquo;un filtre \u00e0 particules, il est plus que recommand\u00e9 d&rsquo;utiliser un filtre pour gaz d&rsquo;\u00e9chappement amovible (EHC P15 et EHC L20). Les syst\u00e8mes de FAP des \u00e9quipementiers install\u00e9s en usine n&rsquo;ont qu&rsquo;un rendement d&rsquo;environ 90 %. Les filtres d&rsquo;EHC ont un rendement d&rsquo;au moins 99 %. Nos filtres r\u00e9duisent nettement les \u00e9missions de particules fines et ultrafines. C&rsquo;est pourquoi nos filtres amovibles capturent encore pas mal de ces particules. Les filtres \u00e0 particules d\u2019origine sont exclusivement con\u00e7us pour et adapt\u00e9s \u00e0 une conduite \u00e0 l&rsquo;ext\u00e9rieur.<\/p>\n<\/p>\n  <\/div>\n\n\n<div class=\"text-title-block container text-left mt-100 mb-150\">\n  \n      <h2 class=\"h2\">Comment installer un filtre sur un pot d&rsquo;\u00e9chappement?<\/h2>\n  \n\n      <p><p>Nous avons une connexion appropri\u00e9e pour chaque type d&rsquo;\u00e9chappement, \u00e9galement pour les sorties d&rsquo;\u00e9chappement chrom\u00e9s. Contactez-nous pour des conseils afin que nous puissions vous aider \u00e0 choisir la bonne solution.<\/p>\n<\/p>\n  <\/div>\n\n\n<div class=\"text-title-block container text-left mt-100 mb-150\">\n  \n      <h2 class=\"h2\">Comment savoir quand remplacer l&rsquo;\u00e9l\u00e9ment filtrant?<\/h2>\n  \n\n      <p><p>Nous avons plac\u00e9 un capteur de pression ou une soupape de surpression sur nos filtres, qui permettent de voir quand l&rsquo;\u00e9l\u00e9ment filtrant est plein et doit \u00eatre remplac\u00e9. Nous assurons ainsi une faible contre-pression et un bon \u00e9coulement \u00e0 travers le filtre, ce qui \u00e9vite d&rsquo;endommager le filtre et\/ou le moteur.<\/p>\n<\/p>\n  <\/div>\n\n\n<div class=\"text-title-block container text-left mt-100 mb-150\">\n  \n      <h2 class=\"h2\">Comment me d\u00e9barrasser des filtres usag\u00e9s?<\/h2>\n  \n\n      <p><p>Vu que nos cartouches sont class\u00e9s parmi les d\u00e9chets ordinaires, mettre les filtres usag\u00e9s parmi les d\u00e9chets r\u00e9siduels combustibles est parfait.<\/p>\n<\/p>\n  <\/div>\n\n\n<div class=\"text-title-block container text-left mt-100 mb-150\">\n  \n      <h2 class=\"h2\">Combien de temps faut-il \u00e0 un filtre avant de devoir \u00eatre remplac\u00e9?<\/h2>\n  \n\n      <p><p>Cela d\u00e9pend du type de carburant du v\u00e9hicule (essence ou gazole), de l&rsquo;\u00e9tat du moteur, de votre style de conduite et de nombreux autres facteurs, mais les lignes directrices suivantes vous donneront une id\u00e9e:<\/p>\n<ul>\n<li>Avec un filtre P15, le moteur peut \u00eatre d\u00e9marrer environ 200\u00a0fois<\/li>\n<li>Avec un filtre L20, le moteur peut \u00eatre d\u00e9marrer environ 100\u00a0fois<\/li>\n<li>La dur\u00e9e de vie d&rsquo;un \u00e9l\u00e9ment filtrant HT s&rsquo;exprime en heures et d\u00e9pend de la cylindr\u00e9e, de l&rsquo;\u00e9tat du moteur, de la consommation de carburant, etc. et se situe entre 100 et 400\u00a0heures de conduite en fonction du mod\u00e8le HT.<\/li>\n<\/ul>\n<\/p>\n  <\/div>\n\n\n<div class=\"text-title-block container text-left mt-100 mb-150\">\n  \n      <h2 class=\"h2\">Un filtre \u00e0 particules \u00e9limine-t-il les gaz?<\/h2>\n  \n\n      <p><p>Nos filtres P15, L20 et HT \u00e9liminent peu les gaz, voire pas du tout. Ce sont des filtres \u00e0 particules. Certains gaz continuent d&rsquo;adh\u00e9rer au particules et restent dans le filtre. Le gaz qui passe par le filtre est tr\u00e8s volatil et quitte le local gr\u00e2ce \u00e0 la ventilation qui y est indispensable.<\/p>\n<\/p>\n  <\/div>\n\n\n<div class=\"text-title-block container text-left mt-100 mb-150\">\n  \n      <h2 class=\"h2\">Combien co\u00fbte un filtre \u00e0 particules?<\/h2>\n  \n\n      <p><p>Cela d\u00e9pend de l&rsquo;application et de la taille du moteur. Contactez-nous pour que nous puissions vous envoyer un devis adapt\u00e9.<\/p>\n<\/p>\n  <\/div>\n\n\n<div class=\"text-title-block container text-left mt-100 mb-150\">\n  \n      <h2 class=\"h2\">Est-il difficile d&rsquo;installer un filtre \u00e0 particules?<\/h2>\n  \n\n      <p><p>Non, nos filtres amovibles P15 et L20 s&rsquo;installent facilement et rapidement gr\u00e2ce \u00e0 nos soufflets ou c\u00f4nes sp\u00e9cialement con\u00e7us, qui s&rsquo;adaptent directement dans ou sur le pot d&rsquo;\u00e9chappement. L&rsquo;installation permanente d&rsquo;un mod\u00e8le HT prendra environ 4 \u00e0 8 heures de travail. Et il faut environ 1 \u00e0 2 jours pour installer un syst\u00e8me de filtre \u00e0 particules PF.<\/p>\n<\/p>\n  <\/div>\n\n\n<div class=\"text-title-block container text-left mt-100 mb-150\">\n  \n      <h2 class=\"h2\">Puis-je rouler sur la voie publique avec un filtre EHC?<\/h2>\n  \n\n      <p><p>Non, nos filtres \u00e0 particules P15, L20 et HT sont faits pour servir d&rsquo;\u00e9quipement de protection individuelle de la sant\u00e9 des travailleurs. L&rsquo;efficacit\u00e9 de nos filtres est si haute qu&rsquo;ils g\u00e9n\u00e8reraient une contre-pression trop \u00e9lev\u00e9es si le v\u00e9hicule circulait sur la voie publique.<\/p>\n<\/p>\n  <\/div>\n\n\n<div class=\"text-title-block container text-left mt-100 mb-150\">\n  \n      <h2 class=\"h2\">Un filtre \u00e0 particules peut-il endommager le moteur?<\/h2>\n  \n\n      <p><p>Non, la contre-pression dans un filtre est tr\u00e8s faible. Celle d&rsquo;un filtre HT se situe \u00e0 peu pr\u00e8s au m\u00eame niveau que la plupart des silencieux.<\/p>\n<\/p>\n  <\/div>\n","protected":false},"excerpt":{"rendered":"","protected":false},"author":6,"featured_media":0,"parent":0,"menu_order":0,"comment_status":"closed","ping_status":"closed","template":"","meta":{"_acf_changed":false,"footnotes":""},"class_list":["post-8001","page","type-page","status-publish","hentry"],"acf":[],"yoast_head":"<!-- This site is optimized with the Yoast SEO plugin v24.2 - https:\/\/yoast.com\/wordpress\/plugins\/seo\/ -->\n<title>FAQ | EHC Teknik<\/title>\n<meta name=\"description\" content=\"Vous trouverez ici des r\u00e9ponses aux questions fr\u00e9quemment pos\u00e9es.\" \/>\n<meta name=\"robots\" content=\"index, follow, max-snippet:-1, max-image-preview:large, max-video-preview:-1\" \/>\n<link rel=\"canonical\" href=\"https:\/\/ehcteknik.com\/fr\/faq\/\" \/>\n<meta property=\"og:locale\" content=\"fr_FR\" \/>\n<meta property=\"og:type\" content=\"article\" \/>\n<meta property=\"og:title\" content=\"FAQ | EHC Teknik\" \/>\n<meta property=\"og:description\" content=\"Vous trouverez ici des r\u00e9ponses aux questions fr\u00e9quemment pos\u00e9es.\" \/>\n<meta property=\"og:url\" content=\"https:\/\/ehcteknik.com\/fr\/faq\/\" \/>\n<meta property=\"og:site_name\" content=\"EHC Teknik\" \/>\n<meta property=\"article:modified_time\" content=\"2021-11-24T15:48:35+00:00\" \/>\n<meta name=\"twitter:card\" content=\"summary_large_image\" \/>\n<script type=\"application\/ld+json\" class=\"yoast-schema-graph\">{\"@context\":\"https:\/\/schema.org\",\"@graph\":[{\"@type\":\"WebPage\",\"@id\":\"https:\/\/ehcteknik.com\/fr\/faq\/\",\"url\":\"https:\/\/ehcteknik.com\/fr\/faq\/\",\"name\":\"FAQ | EHC Teknik\",\"isPartOf\":{\"@id\":\"https:\/\/ehcteknik.com\/fr\/#website\"},\"datePublished\":\"2021-06-12T15:33:53+00:00\",\"dateModified\":\"2021-11-24T15:48:35+00:00\",\"description\":\"Vous trouverez ici des r\u00e9ponses aux questions fr\u00e9quemment pos\u00e9es.\",\"breadcrumb\":{\"@id\":\"https:\/\/ehcteknik.com\/fr\/faq\/#breadcrumb\"},\"inLanguage\":\"fr-FR\",\"potentialAction\":[{\"@type\":\"ReadAction\",\"target\":[\"https:\/\/ehcteknik.com\/fr\/faq\/\"]}]},{\"@type\":\"BreadcrumbList\",\"@id\":\"https:\/\/ehcteknik.com\/fr\/faq\/#breadcrumb\",\"itemListElement\":[{\"@type\":\"ListItem\",\"position\":1,\"name\":\"Home\",\"item\":\"https:\/\/ehcteknik.com\/fr\/\"},{\"@type\":\"ListItem\",\"position\":2,\"name\":\"FAQ\"}]},{\"@type\":\"WebSite\",\"@id\":\"https:\/\/ehcteknik.com\/fr\/#website\",\"url\":\"https:\/\/ehcteknik.com\/fr\/\",\"name\":\"EHC Teknik\",\"description\":\"We reduce emissions\",\"publisher\":{\"@id\":\"https:\/\/ehcteknik.com\/fr\/#organization\"},\"potentialAction\":[{\"@type\":\"SearchAction\",\"target\":{\"@type\":\"EntryPoint\",\"urlTemplate\":\"https:\/\/ehcteknik.com\/fr\/?s={search_term_string}\"},\"query-input\":{\"@type\":\"PropertyValueSpecification\",\"valueRequired\":true,\"valueName\":\"search_term_string\"}}],\"inLanguage\":\"fr-FR\"},{\"@type\":\"Organization\",\"@id\":\"https:\/\/ehcteknik.com\/fr\/#organization\",\"name\":\"EHC Teknik\",\"url\":\"https:\/\/ehcteknik.com\/fr\/\",\"logo\":{\"@type\":\"ImageObject\",\"inLanguage\":\"fr-FR\",\"@id\":\"https:\/\/ehcteknik.com\/fr\/#\/schema\/logo\/image\/\",\"url\":\"https:\/\/ehcteknik.com\/wp-content\/uploads\/2020\/11\/logo.jpg\",\"contentUrl\":\"https:\/\/ehcteknik.com\/wp-content\/uploads\/2020\/11\/logo.jpg\",\"width\":205,\"height\":58,\"caption\":\"EHC Teknik\"},\"image\":{\"@id\":\"https:\/\/ehcteknik.com\/fr\/#\/schema\/logo\/image\/\"}}]}<\/script>\n<!-- \/ Yoast SEO plugin. -->","yoast_head_json":{"title":"FAQ | EHC Teknik","description":"Vous trouverez ici des r\u00e9ponses aux questions fr\u00e9quemment pos\u00e9es.","robots":{"index":"index","follow":"follow","max-snippet":"max-snippet:-1","max-image-preview":"max-image-preview:large","max-video-preview":"max-video-preview:-1"},"canonical":"https:\/\/ehcteknik.com\/fr\/faq\/","og_locale":"fr_FR","og_type":"article","og_title":"FAQ | EHC Teknik","og_description":"Vous trouverez ici des r\u00e9ponses aux questions fr\u00e9quemment pos\u00e9es.","og_url":"https:\/\/ehcteknik.com\/fr\/faq\/","og_site_name":"EHC Teknik","article_modified_time":"2021-11-24T15:48:35+00:00","twitter_card":"summary_large_image","schema":{"@context":"https:\/\/schema.org","@graph":[{"@type":"WebPage","@id":"https:\/\/ehcteknik.com\/fr\/faq\/","url":"https:\/\/ehcteknik.com\/fr\/faq\/","name":"FAQ | EHC Teknik","isPartOf":{"@id":"https:\/\/ehcteknik.com\/fr\/#website"},"datePublished":"2021-06-12T15:33:53+00:00","dateModified":"2021-11-24T15:48:35+00:00","description":"Vous trouverez ici des r\u00e9ponses aux questions fr\u00e9quemment pos\u00e9es.","breadcrumb":{"@id":"https:\/\/ehcteknik.com\/fr\/faq\/#breadcrumb"},"inLanguage":"fr-FR","potentialAction":[{"@type":"ReadAction","target":["https:\/\/ehcteknik.com\/fr\/faq\/"]}]},{"@type":"BreadcrumbList","@id":"https:\/\/ehcteknik.com\/fr\/faq\/#breadcrumb","itemListElement":[{"@type":"ListItem","position":1,"name":"Home","item":"https:\/\/ehcteknik.com\/fr\/"},{"@type":"ListItem","position":2,"name":"FAQ"}]},{"@type":"WebSite","@id":"https:\/\/ehcteknik.com\/fr\/#website","url":"https:\/\/ehcteknik.com\/fr\/","name":"EHC Teknik","description":"We reduce emissions","publisher":{"@id":"https:\/\/ehcteknik.com\/fr\/#organization"},"potentialAction":[{"@type":"SearchAction","target":{"@type":"EntryPoint","urlTemplate":"https:\/\/ehcteknik.com\/fr\/?s={search_term_string}"},"query-input":{"@type":"PropertyValueSpecification","valueRequired":true,"valueName":"search_term_string"}}],"inLanguage":"fr-FR"},{"@type":"Organization","@id":"https:\/\/ehcteknik.com\/fr\/#organization","name":"EHC Teknik","url":"https:\/\/ehcteknik.com\/fr\/","logo":{"@type":"ImageObject","inLanguage":"fr-FR","@id":"https:\/\/ehcteknik.com\/fr\/#\/schema\/logo\/image\/","url":"https:\/\/ehcteknik.com\/wp-content\/uploads\/2020\/11\/logo.jpg","contentUrl":"https:\/\/ehcteknik.com\/wp-content\/uploads\/2020\/11\/logo.jpg","width":205,"height":58,"caption":"EHC Teknik"},"image":{"@id":"https:\/\/ehcteknik.com\/fr\/#\/schema\/logo\/image\/"}}]}},"_links":{"self":[{"href":"https:\/\/ehcteknik.com\/fr\/wp-json\/wp\/v2\/pages\/8001","targetHints":{"allow":["GET"]}}],"collection":[{"href":"https:\/\/ehcteknik.com\/fr\/wp-json\/wp\/v2\/pages"}],"about":[{"href":"https:\/\/ehcteknik.com\/fr\/wp-json\/wp\/v2\/types\/page"}],"author":[{"embeddable":true,"href":"https:\/\/ehcteknik.com\/fr\/wp-json\/wp\/v2\/users\/6"}],"replies":[{"embeddable":true,"href":"https:\/\/ehcteknik.com\/fr\/wp-json\/wp\/v2\/comments?post=8001"}],"version-history":[{"count":5,"href":"https:\/\/ehcteknik.com\/fr\/wp-json\/wp\/v2\/pages\/8001\/revisions"}],"predecessor-version":[{"id":8828,"href":"https:\/\/ehcteknik.com\/fr\/wp-json\/wp\/v2\/pages\/8001\/revisions\/8828"}],"wp:attachment":[{"href":"https:\/\/ehcteknik.com\/fr\/wp-json\/wp\/v2\/media?parent=8001"}],"curies":[{"name":"wp","href":"https:\/\/api.w.org\/{rel}","templated":true}]}}