{"id":6040,"date":"2020-05-04T07:31:20","date_gmt":"2020-05-04T07:31:20","guid":{"rendered":"https:\/\/ehcteknik.com\/ehc-teknik\/"},"modified":"2024-04-24T11:37:12","modified_gmt":"2024-04-24T11:37:12","slug":"ehc-teknik","status":"publish","type":"page","link":"https:\/\/ehcteknik.com\/fr\/","title":{"rendered":"EHC Teknik"},"content":{"rendered":"<div class=\"text-title-block container text-center mt-150 mb-50\">\n      <p class=\"text-primary text-uppercase mb-2 font-weight-bold\">Nos produits<\/p>\n  \n      <h2 class=\"h2\">Les filtres que nous pouvons vous proposons<\/h2>\n  \n\n  <\/div>\n\n\n<div class=\"products-block container container-lg mt-30 mb-100\">\n  <div class=\"row equal\">\n                                                                      \n        <div class=\"col-12 col-md-3 product-holder\">\n          <div class=\"product\">\n            <img decoding=\"async\" alt=\"P15 Filtre enfichable\" src=\"https:\/\/ehcteknik.com\/wp-content\/uploads\/2019\/12\/P15produktbild.png\" class=\"w-100\">\n            <h3>P15 Filtre enfichable<\/h3>\n\n            <p class=\"short_description\">Con\u00e7u pour d\u00e9marrer et d\u00e9placer des voitures, camionettes et autres v\u00e9hicules l\u00e9gers.\r\n<\/p>\n\n            <div class=\"btn-holder\">\n              <a href=\"https:\/\/ehcteknik.com\/fr\/products\/p15-filter-enfichable\/\" class=\"btn btn-primary read_more\">Lire la suite<\/a>\n            <\/div>\n          <\/div>\n        <\/div>\n\n      \n        <div class=\"col-12 col-md-3 product-holder\">\n          <div class=\"product\">\n            <img decoding=\"async\" alt=\"L20 Filtre enfichable\" src=\"https:\/\/ehcteknik.com\/wp-content\/uploads\/2021\/06\/l20produktbild2.png\" class=\"w-100\">\n            <h3>L20 Filtre enfichable<\/h3>\n\n            <p class=\"short_description\">Con\u00e7u pour d\u00e9marrer etd\u00e9placer des camions, autobus et autres v\u00e9hicules lourds.<\/p>\n\n            <div class=\"btn-holder\">\n              <a href=\"https:\/\/ehcteknik.com\/fr\/products\/l20-filter\/\" class=\"btn btn-primary read_more\">Lire la suite<\/a>\n            <\/div>\n          <\/div>\n        <\/div>\n\n      \n        <div class=\"col-12 col-md-3 product-holder\">\n          <div class=\"product\">\n            <img decoding=\"async\" alt=\"HT Filtre permanent avec cartouche jetable\" src=\"https:\/\/ehcteknik.com\/wp-content\/uploads\/2019\/11\/HTproduktbild.png\" class=\"w-100\">\n            <h3>HT Filtre permanent avec cartouche jetable<\/h3>\n\n            <p class=\"short_description\">Le filtre pour gaz d\u2019\u00e9chappement EHC HT a \u00e9t\u00e9 con\u00e7u pour une installation tant permanente que temporaire sur des v\u00e9hicules lourds, chariots \u00e9l\u00e9vateurs et engins de chantier utilis\u00e9s dans des espaces confin\u00e9s. <\/p>\n\n            <div class=\"btn-holder\">\n              <a href=\"https:\/\/ehcteknik.com\/fr\/products\/ht-filter\/\" class=\"btn btn-primary read_more\">Lire la suite<\/a>\n            <\/div>\n          <\/div>\n        <\/div>\n\n      \n        <div class=\"col-12 col-md-3 product-holder\">\n          <div class=\"product\">\n            <img decoding=\"async\" alt=\"PF Filtre permanent en c\u00e9ramique\" src=\"https:\/\/ehcteknik.com\/wp-content\/uploads\/2021\/06\/ezgif-4-b7b2c5e05e4c.jpg\" class=\"w-100\">\n            <h3>PF Filtre permanent en c\u00e9ramique<\/h3>\n\n            <p class=\"short_description\">Notre filtre EHC PF a \u00e9t\u00e9 con\u00e7u pour des applications \u00ab heavy duty \u00bb et est recommand\u00e9 pour des v\u00e9hicules et machines \u00e0 usage intensif. <\/p>\n\n            <div class=\"btn-holder\">\n              <a href=\"https:\/\/ehcteknik.com\/fr\/products\/pf-filter\/\" class=\"btn btn-primary read_more\">Lire la suite<\/a>\n            <\/div>\n          <\/div>\n        <\/div>\n\n                      <\/div>\n<\/div>\n\n\n<div class=\"image-text-block container mt-100 mb-100\">\n  <div class=\"row\">\n              <div class=\"col-12 col-md-6 image-text image \">\n            <div>\n                              <img decoding=\"async\" alt=\"\" src=\"https:\/\/ehcteknik.com\/wp-content\/uploads\/2019\/11\/tillverkning-partikelfilter.jpg\">\n              \n                          <\/div>\n          <\/div>\n                <div class=\"col-12 col-md-6 image-text text text-vertical-center\">\n            <div>\n              \n              \n                \n                                  <h2 class=\"h1 mb-3\">Nous fabriquons des filtres pour gaz d&rsquo;\u00e9chappement et filtres \u00e0 particules<\/h2>\n                \n                <div class=\"text-muted\">\n                  <p>EHC est situ\u00e9e \u00e0 G\u00f6teborg et est sp\u00e9cialis\u00e9e dans les filtres pour gaz d\u2019\u00e9chappement. Notre entreprise est n\u00e9e en 1983 et nous disposons de nos propres installations de production \u00e0 Partille, pr\u00e8s de G\u00f6teborg.<\/p>\n                <\/div>\n\n                                                      <a class=\"btn btn-primary mt-2\" href=\"https:\/\/ehcteknik.com\/about-us\/\">\u00c0 propos de nous <\/a>\n                                      <a class=\"btn btn-primary mt-2\" href=\"https:\/\/ehcteknik.com\/our-distributors\/\">Nos distributeurs<\/a>\n                                  \n                          <\/div>\n          <\/div>\n        <\/div>\n<\/div>\n\n\n<div class=\"image-text-block container mt-100 mb-100\">\n  <div class=\"row\">\n              <div class=\"col-12 col-md-6 image-text text text-vertical-center\">\n            <div>\n              \n              \n                                  <div class=\"bg-primary mb-3\" style=\"width: 86px;height: 4px;\"><\/div>\n                \n                                  <h2 class=\"h1 mb-3\">Pourquoi utiliser nos filtre \u00e0 particules?<\/h2>\n                \n                <div class=\"text-muted\">\n                  <p>Chaque fois que vous inhalez des particules de gaz d&rsquo;\u00e9chappement, plusieurs viennent se fixer au tissu de vos poumons. Plus elles sont petites, plus elles p\u00e9n\u00e8trent profond\u00e9ment. Tant \u00e0 court qu&rsquo;\u00e0 long terme, cela peut avoir des cons\u00e9quences pour votre sant\u00e9, par exemple: toux, difficult\u00e9s respiratoires, asthme, bronchite chronique, r\u00e9duction de la capacit\u00e9 pulmonaire et, dans le pire des cas, cancer.<\/p>\n<p>EHC fabrique des filtres amovibles qui sont install\u00e9s directement sur le pot d&rsquo;\u00e9chappement. Notre filtre retient 99% des particules dangereuses.<\/p>\n                <\/div>\n\n                \n                          <\/div>\n          <\/div>\n                <div class=\"col-12 col-md-6 image-text image \">\n            <div>\n                              <img decoding=\"async\" alt=\"\" src=\"https:\/\/ehcteknik.com\/wp-content\/uploads\/2019\/11\/skillnaden-partikelfilter.jpg\">\n              \n                          <\/div>\n          <\/div>\n        <\/div>\n<\/div>\n\n\n<div class=\"image-text-block container mt-100 mb-100\">\n  <div class=\"row\">\n              <div class=\"col-12 col-md-6 image-text image \">\n            <div>\n                              <img decoding=\"async\" alt=\"\" src=\"https:\/\/ehcteknik.com\/wp-content\/uploads\/2019\/11\/vem-beho\u0308ver-partikelfilter.jpg\">\n              \n                          <\/div>\n          <\/div>\n                <div class=\"col-12 col-md-6 image-text text text-vertical-center\">\n            <div>\n              \n              \n                                  <div class=\"bg-primary mb-3\" style=\"width: 86px;height: 4px;\"><\/div>\n                \n                                  <h2 class=\"h1 mb-3\">Qui est vuln\u00e9rable?<\/h2>\n                \n                <div class=\"text-muted\">\n                  <p>Toute personne expos\u00e9e aux gaz d&rsquo;\u00e9chappement de v\u00e9hicules \u00e0 moteur \u00e0 essence ou au gazole\/diesel court un risque pour sa sant\u00e9. Surtout lorsque ces v\u00e9hicules d\u00e9marrent ou roulent \u00e0 l&rsquo;int\u00e9rieur. Les risques sont les plus manifestes pour ceux qui conduisent des v\u00e9hicules ou travaillent dessus, mais il y a m\u00eame des preuves convaincantes de la vuln\u00e9rabilit\u00e9 du groupe des personnes situ\u00e9es dans des pi\u00e8ces voisines.<\/p>\n<p>&nbsp;<\/p>\n                <\/div>\n\n                \n                          <\/div>\n          <\/div>\n        <\/div>\n<\/div>\n\n\n<div class=\"customers-block bg-dark d-block w-100 mt-100 mb-0\">\n  <div class=\"container container-sm text-center text-white\">\n    <p>Nous avons le privil\u00e8ge de servir nos clients dans le monde entier avec des solutions pour leurs probl\u00e8mes de gaz d&rsquo;\u00e9chappement.<\/p>\n  <\/div>\n\n  <div class=\"container\">\n    <div class=\"row\">\n                  <div class=\"col-6 col-md-3 mt-5\">\n              <div class=\"px-md-4 py-md-3\">\n                <img decoding=\"async\" class=\"w-100\" alt=\"\" src=\"https:\/\/ehcteknik.com\/wp-content\/uploads\/2019\/12\/Volvo_logo.svg\">\n                              <\/div>\n            <\/div>\n                    <div class=\"col-6 col-md-3 mt-5\">\n              <div class=\"px-md-4 py-md-3\">\n                <img decoding=\"async\" class=\"w-100\" alt=\"\" src=\"https:\/\/ehcteknik.com\/wp-content\/uploads\/2019\/12\/Skanska.svg\">\n                              <\/div>\n            <\/div>\n                    <div class=\"col-6 col-md-3 mt-5\">\n              <div class=\"px-md-4 py-md-3\">\n                <img decoding=\"async\" class=\"w-100\" alt=\"\" src=\"https:\/\/ehcteknik.com\/wp-content\/uploads\/2019\/12\/Scania.svg\">\n                              <\/div>\n            <\/div>\n                    <div class=\"col-6 col-md-3 mt-5\">\n              <div class=\"px-md-4 py-md-3\">\n                <img decoding=\"async\" class=\"w-100\" alt=\"\" src=\"https:\/\/ehcteknik.com\/wp-content\/uploads\/2019\/12\/Same-Deutz-Fahr-Logo.svg\">\n                              <\/div>\n            <\/div>\n                    <div class=\"col-6 col-md-3 mt-5\">\n              <div class=\"px-md-4 py-md-3\">\n                <img decoding=\"async\" class=\"w-100\" alt=\"\" src=\"https:\/\/ehcteknik.com\/wp-content\/uploads\/2019\/12\/Volkswagen-AG_Logo_2018.svg\">\n                              <\/div>\n            <\/div>\n                    <div class=\"col-6 col-md-3 mt-5\">\n              <div class=\"px-md-4 py-md-3\">\n                <img decoding=\"async\" class=\"w-100\" alt=\"\" src=\"https:\/\/ehcteknik.com\/wp-content\/uploads\/2019\/12\/lundin.png\">\n                              <\/div>\n            <\/div>\n                    <div class=\"col-6 col-md-3 mt-5\">\n              <div class=\"px-md-4 py-md-3\">\n                <img decoding=\"async\" class=\"w-100\" alt=\"\" src=\"https:\/\/ehcteknik.com\/wp-content\/uploads\/2019\/12\/josam.svg\">\n                              <\/div>\n            <\/div>\n                    <div class=\"col-6 col-md-3 mt-5\">\n              <div class=\"px-md-4 py-md-3\">\n                <img decoding=\"async\" class=\"w-100\" alt=\"\" src=\"https:\/\/ehcteknik.com\/wp-content\/uploads\/2019\/12\/cramo-logo.svg\">\n                              <\/div>\n            <\/div>\n                    <div class=\"col-6 col-md-3 mt-5\">\n              <div class=\"px-md-4 py-md-3\">\n                <img decoding=\"async\" class=\"w-100\" alt=\"\" src=\"https:\/\/ehcteknik.com\/wp-content\/uploads\/2019\/12\/BAE_Systems_logo.svg\">\n                              <\/div>\n            <\/div>\n                    <div class=\"col-6 col-md-3 mt-5\">\n              <div class=\"px-md-4 py-md-3\">\n                <img decoding=\"async\" class=\"w-100\" alt=\"\" src=\"https:\/\/ehcteknik.com\/wp-content\/uploads\/2019\/11\/bilprovningen-lm-logo.png\">\n                              <\/div>\n            <\/div>\n                    <div class=\"col-6 col-md-3 mt-5\">\n              <div class=\"px-md-4 py-md-3\">\n                <img decoding=\"async\" class=\"w-100\" alt=\"\" src=\"https:\/\/ehcteknik.com\/wp-content\/uploads\/2019\/12\/Fendt.svg\">\n                              <\/div>\n            <\/div>\n                    <div class=\"col-6 col-md-3 mt-5\">\n              <div class=\"px-md-4 py-md-3\">\n                <img decoding=\"async\" class=\"w-100\" alt=\"\" src=\"https:\/\/ehcteknik.com\/wp-content\/uploads\/2021\/05\/dekra_logo.svg\">\n                              <\/div>\n            <\/div>\n            <\/div>\n  <\/div>\n<\/div>\n\n\n<div class=\"contact-block w-100 py-5 d-block mt-0 mb-0\">\n  <div class=\"container\">\n    \n      <\/div>\n<\/div>","protected":false},"excerpt":{"rendered":"","protected":false},"author":6,"featured_media":0,"parent":0,"menu_order":0,"comment_status":"closed","ping_status":"closed","template":"","meta":{"_acf_changed":false,"footnotes":""},"class_list":["post-6040","page","type-page","status-publish","hentry"],"acf":[],"yoast_head":"<!-- This site is optimized with the Yoast SEO plugin v24.2 - https:\/\/yoast.com\/wordpress\/plugins\/seo\/ -->\n<title>Nous r\u00e9duisons les \u00e9missions | EHC Teknik<\/title>\n<meta name=\"description\" content=\"EHC fabrique des filtres amovibles qui sont install\u00e9s directement sur le pot d&#039;\u00e9chappement. Notre filtre retient 99% des particules dangereuses.\" \/>\n<meta name=\"robots\" content=\"index, follow, max-snippet:-1, max-image-preview:large, max-video-preview:-1\" \/>\n<link rel=\"canonical\" href=\"https:\/\/ehcteknik.com\/fr\/\" \/>\n<meta property=\"og:locale\" content=\"fr_FR\" \/>\n<meta property=\"og:type\" content=\"article\" \/>\n<meta property=\"og:title\" content=\"Nous r\u00e9duisons les \u00e9missions | EHC Teknik\" \/>\n<meta property=\"og:description\" content=\"EHC fabrique des filtres amovibles qui sont install\u00e9s directement sur le pot d&#039;\u00e9chappement. Notre filtre retient 99% des particules dangereuses.\" \/>\n<meta property=\"og:url\" content=\"https:\/\/ehcteknik.com\/fr\/\" \/>\n<meta property=\"og:site_name\" content=\"EHC Teknik\" \/>\n<meta property=\"article:modified_time\" content=\"2024-04-24T11:37:12+00:00\" \/>\n<meta name=\"twitter:card\" content=\"summary_large_image\" \/>\n<script type=\"application\/ld+json\" class=\"yoast-schema-graph\">{\"@context\":\"https:\/\/schema.org\",\"@graph\":[{\"@type\":\"WebPage\",\"@id\":\"https:\/\/ehcteknik.com\/fr\/\",\"url\":\"https:\/\/ehcteknik.com\/fr\/\",\"name\":\"Nous r\u00e9duisons les \u00e9missions | EHC Teknik\",\"isPartOf\":{\"@id\":\"https:\/\/ehcteknik.com\/fr\/#website\"},\"datePublished\":\"2020-05-04T07:31:20+00:00\",\"dateModified\":\"2024-04-24T11:37:12+00:00\",\"description\":\"EHC fabrique des filtres amovibles qui sont install\u00e9s directement sur le pot d'\u00e9chappement. Notre filtre retient 99% des particules dangereuses.\",\"breadcrumb\":{\"@id\":\"https:\/\/ehcteknik.com\/fr\/#breadcrumb\"},\"inLanguage\":\"fr-FR\",\"potentialAction\":[{\"@type\":\"ReadAction\",\"target\":[\"https:\/\/ehcteknik.com\/fr\/\"]}]},{\"@type\":\"BreadcrumbList\",\"@id\":\"https:\/\/ehcteknik.com\/fr\/#breadcrumb\",\"itemListElement\":[{\"@type\":\"ListItem\",\"position\":1,\"name\":\"Home\",\"item\":\"https:\/\/ehcteknik.com\/fr\/\"},{\"@type\":\"ListItem\",\"position\":2,\"name\":\"EHC Teknik\"}]},{\"@type\":\"WebSite\",\"@id\":\"https:\/\/ehcteknik.com\/fr\/#website\",\"url\":\"https:\/\/ehcteknik.com\/fr\/\",\"name\":\"EHC Teknik\",\"description\":\"We reduce emissions\",\"publisher\":{\"@id\":\"https:\/\/ehcteknik.com\/fr\/#organization\"},\"potentialAction\":[{\"@type\":\"SearchAction\",\"target\":{\"@type\":\"EntryPoint\",\"urlTemplate\":\"https:\/\/ehcteknik.com\/fr\/?s={search_term_string}\"},\"query-input\":{\"@type\":\"PropertyValueSpecification\",\"valueRequired\":true,\"valueName\":\"search_term_string\"}}],\"inLanguage\":\"fr-FR\"},{\"@type\":\"Organization\",\"@id\":\"https:\/\/ehcteknik.com\/fr\/#organization\",\"name\":\"EHC Teknik\",\"url\":\"https:\/\/ehcteknik.com\/fr\/\",\"logo\":{\"@type\":\"ImageObject\",\"inLanguage\":\"fr-FR\",\"@id\":\"https:\/\/ehcteknik.com\/fr\/#\/schema\/logo\/image\/\",\"url\":\"https:\/\/ehcteknik.com\/wp-content\/uploads\/2020\/11\/logo.jpg\",\"contentUrl\":\"https:\/\/ehcteknik.com\/wp-content\/uploads\/2020\/11\/logo.jpg\",\"width\":205,\"height\":58,\"caption\":\"EHC Teknik\"},\"image\":{\"@id\":\"https:\/\/ehcteknik.com\/fr\/#\/schema\/logo\/image\/\"}}]}<\/script>\n<!-- \/ Yoast SEO plugin. -->","yoast_head_json":{"title":"Nous r\u00e9duisons les \u00e9missions | EHC Teknik","description":"EHC fabrique des filtres amovibles qui sont install\u00e9s directement sur le pot d'\u00e9chappement. Notre filtre retient 99% des particules dangereuses.","robots":{"index":"index","follow":"follow","max-snippet":"max-snippet:-1","max-image-preview":"max-image-preview:large","max-video-preview":"max-video-preview:-1"},"canonical":"https:\/\/ehcteknik.com\/fr\/","og_locale":"fr_FR","og_type":"article","og_title":"Nous r\u00e9duisons les \u00e9missions | EHC Teknik","og_description":"EHC fabrique des filtres amovibles qui sont install\u00e9s directement sur le pot d'\u00e9chappement. Notre filtre retient 99% des particules dangereuses.","og_url":"https:\/\/ehcteknik.com\/fr\/","og_site_name":"EHC Teknik","article_modified_time":"2024-04-24T11:37:12+00:00","twitter_card":"summary_large_image","schema":{"@context":"https:\/\/schema.org","@graph":[{"@type":"WebPage","@id":"https:\/\/ehcteknik.com\/fr\/","url":"https:\/\/ehcteknik.com\/fr\/","name":"Nous r\u00e9duisons les \u00e9missions | EHC Teknik","isPartOf":{"@id":"https:\/\/ehcteknik.com\/fr\/#website"},"datePublished":"2020-05-04T07:31:20+00:00","dateModified":"2024-04-24T11:37:12+00:00","description":"EHC fabrique des filtres amovibles qui sont install\u00e9s directement sur le pot d'\u00e9chappement. Notre filtre retient 99% des particules dangereuses.","breadcrumb":{"@id":"https:\/\/ehcteknik.com\/fr\/#breadcrumb"},"inLanguage":"fr-FR","potentialAction":[{"@type":"ReadAction","target":["https:\/\/ehcteknik.com\/fr\/"]}]},{"@type":"BreadcrumbList","@id":"https:\/\/ehcteknik.com\/fr\/#breadcrumb","itemListElement":[{"@type":"ListItem","position":1,"name":"Home","item":"https:\/\/ehcteknik.com\/fr\/"},{"@type":"ListItem","position":2,"name":"EHC Teknik"}]},{"@type":"WebSite","@id":"https:\/\/ehcteknik.com\/fr\/#website","url":"https:\/\/ehcteknik.com\/fr\/","name":"EHC Teknik","description":"We reduce emissions","publisher":{"@id":"https:\/\/ehcteknik.com\/fr\/#organization"},"potentialAction":[{"@type":"SearchAction","target":{"@type":"EntryPoint","urlTemplate":"https:\/\/ehcteknik.com\/fr\/?s={search_term_string}"},"query-input":{"@type":"PropertyValueSpecification","valueRequired":true,"valueName":"search_term_string"}}],"inLanguage":"fr-FR"},{"@type":"Organization","@id":"https:\/\/ehcteknik.com\/fr\/#organization","name":"EHC Teknik","url":"https:\/\/ehcteknik.com\/fr\/","logo":{"@type":"ImageObject","inLanguage":"fr-FR","@id":"https:\/\/ehcteknik.com\/fr\/#\/schema\/logo\/image\/","url":"https:\/\/ehcteknik.com\/wp-content\/uploads\/2020\/11\/logo.jpg","contentUrl":"https:\/\/ehcteknik.com\/wp-content\/uploads\/2020\/11\/logo.jpg","width":205,"height":58,"caption":"EHC Teknik"},"image":{"@id":"https:\/\/ehcteknik.com\/fr\/#\/schema\/logo\/image\/"}}]}},"_links":{"self":[{"href":"https:\/\/ehcteknik.com\/fr\/wp-json\/wp\/v2\/pages\/6040","targetHints":{"allow":["GET"]}}],"collection":[{"href":"https:\/\/ehcteknik.com\/fr\/wp-json\/wp\/v2\/pages"}],"about":[{"href":"https:\/\/ehcteknik.com\/fr\/wp-json\/wp\/v2\/types\/page"}],"author":[{"embeddable":true,"href":"https:\/\/ehcteknik.com\/fr\/wp-json\/wp\/v2\/users\/6"}],"replies":[{"embeddable":true,"href":"https:\/\/ehcteknik.com\/fr\/wp-json\/wp\/v2\/comments?post=6040"}],"version-history":[{"count":26,"href":"https:\/\/ehcteknik.com\/fr\/wp-json\/wp\/v2\/pages\/6040\/revisions"}],"predecessor-version":[{"id":12597,"href":"https:\/\/ehcteknik.com\/fr\/wp-json\/wp\/v2\/pages\/6040\/revisions\/12597"}],"wp:attachment":[{"href":"https:\/\/ehcteknik.com\/fr\/wp-json\/wp\/v2\/media?parent=6040"}],"curies":[{"name":"wp","href":"https:\/\/api.w.org\/{rel}","templated":true}]}}