{"id":12530,"date":"2024-04-24T10:39:58","date_gmt":"2024-04-24T10:39:58","guid":{"rendered":"https:\/\/ehcteknik.com\/?page_id=12530"},"modified":"2024-04-24T10:40:50","modified_gmt":"2024-04-24T10:40:50","slug":"pf-engins-de-chantier","status":"publish","type":"page","link":"https:\/\/ehcteknik.com\/fr\/vehicules\/pf-engins-de-chantier\/","title":{"rendered":"PF Engins de chantier"},"content":{"rendered":"<div class=\"image-text-block container mt-100 mb-150\">\n  <div class=\"row\">\n              <div class=\"col-12 col-md-6 image-text text text-vertical-center\">\n            <div>\n              \n              \n                                  <div class=\"bg-primary mb-3\" style=\"width: 86px;height: 4px;\"><\/div>\n                \n                                  <h2 class=\"h1 mb-3\">Filtres \u00e0 particules en c\u00e9ramique pour engins de chantier<\/h2>\n                \n                <div class=\"text-muted\">\n                  <p>Si la temp\u00e9rature moyenne des gaz d&rsquo;\u00e9chappement est trop \u00e9lev\u00e9e pour utiliser un filtre \u00e0 particules avec des cartouches filtrants jetables, nos filtres EHC PF peuvent offrir une solution.<\/p>\n<p>Installez un filtre \u00e0 particules EHC PF pour r\u00e9duire les \u00e9missions de particules de poussi\u00e8re d&rsquo;\u00e9chappement mutag\u00e8nes, canc\u00e9rig\u00e8nes et allerg\u00e8nes de &gt;99 %.<\/p>\n<p><a href=\"https:\/\/ehcteknik.com\/fr\/products\/pf-filter\/\" target=\"_blank\" rel=\"noopener\">Cliquez ici<\/a> si vous souhaitez plus d\u2019informations sur nos filtres EHC PF.<\/p>\n                <\/div>\n\n                \n                          <\/div>\n          <\/div>\n                <div class=\"col-12 col-md-6 image-text image \">\n            <div>\n                              <img decoding=\"async\" alt=\"\" src=\"https:\/\/ehcteknik.com\/wp-content\/uploads\/2024\/02\/PF4_02.jpg\">\n              \n                          <\/div>\n          <\/div>\n        <\/div>\n<\/div>\n\n\n<div class=\"image-text-block container mt-100 mb-150\">\n  <div class=\"row\">\n              <div class=\"col-12 col-md-6 image-text image \">\n            <div>\n                              <img decoding=\"async\" alt=\"\" src=\"https:\/\/ehcteknik.com\/wp-content\/uploads\/2024\/04\/P1010115.jpg\">\n              \n                          <\/div>\n          <\/div>\n                <div class=\"col-12 col-md-6 image-text text text-vertical-center\">\n            <div>\n              \n              \n                                  <div class=\"bg-primary mb-3\" style=\"width: 86px;height: 4px;\"><\/div>\n                \n                                  <h2 class=\"h1 mb-3\">R\u00e9g\u00e9n\u00e9ration<\/h2>\n                \n                <div class=\"text-muted\">\n                  <p>Si la temp\u00e9rature moyenne des gaz d&rsquo;\u00e9chappement est trop basse, il existe diff\u00e9rentes possibilit\u00e9s pour r\u00e9g\u00e9n\u00e9rer artificiellement le filtre :<\/p>\n<ul>\n<li>Br\u00fbleur diesel<br \/>\nBr\u00fbleur \u00e9lectrique<br \/>\nSyst\u00e8me CatFire<\/li>\n<\/ul>\n<p>Si vous souhaitez plus d&rsquo;informations sur nos filtres \u00e0 particules en c\u00e9ramique, <a href=\"https:\/\/ehcteknik.com\/fr\/contact\/\" target=\"_blank\" rel=\"noopener\">contactez-nous<\/a> pour un conseil sans engagement.<\/p>\n                <\/div>\n\n                \n                          <\/div>\n          <\/div>\n        <\/div>\n<\/div>\n\n\n<div class=\"text-title-block container text-left mt-<br \/>\n<b>Warning<\/b>:  Trying to access array offset on value of type null in <b>\/home\/ehctekni\/public_html\/wp-content\/themes\/ehc\/views\/blocks\/text-title.php<\/b> on line <b>1<\/b><br \/>\n mb-<br \/>\n<b>Warning<\/b>:  Trying to access array offset on value of type null in <b>\/home\/ehctekni\/public_html\/wp-content\/themes\/ehc\/views\/blocks\/text-title.php<\/b> on line <b>1<\/b><br \/>\n\u00ab\u00a0>\n  \n  \n\n  <\/div>\n\n\n<div class=\"contact-block w-100 py-5 d-block mt-<br \/>\n<b>Warning<\/b>:  Trying to access array offset on value of type null in <b>\/home\/ehctekni\/public_html\/wp-content\/themes\/ehc\/views\/blocks\/contact.php<\/b> on line <b>1<\/b><br \/>\n mb-<br \/>\n<b>Warning<\/b>:  Trying to access array offset on value of type null in <b>\/home\/ehctekni\/public_html\/wp-content\/themes\/ehc\/views\/blocks\/contact.php<\/b> on line <b>1<\/b><br \/>\n\u00ab\u00a0>\n  <div class=\"container\">\n    \n      <\/div>\n<\/div>","protected":false},"excerpt":{"rendered":"","protected":false},"author":16,"featured_media":0,"parent":8016,"menu_order":0,"comment_status":"closed","ping_status":"closed","template":"","meta":{"_acf_changed":false,"footnotes":""},"class_list":["post-12530","page","type-page","status-publish","hentry"],"acf":[],"yoast_head":"<!-- This site is optimized with the Yoast SEO plugin v24.2 - https:\/\/yoast.com\/wordpress\/plugins\/seo\/ -->\n<title>PF Engins de chantier | EHC Teknik<\/title>\n<meta name=\"description\" content=\"Installez un FAPEHC PF pour r\u00e9duire les \u00e9missions de particules de poussi\u00e8re d&#039;\u00e9chappement mutag\u00e8nes, canc\u00e9rig\u00e8nes et allerg\u00e8nes de &gt;99 %.\" \/>\n<meta name=\"robots\" content=\"index, follow, max-snippet:-1, max-image-preview:large, max-video-preview:-1\" \/>\n<link rel=\"canonical\" href=\"https:\/\/ehcteknik.com\/fr\/vehicules\/pf-engins-de-chantier\/\" \/>\n<meta property=\"og:locale\" content=\"fr_FR\" \/>\n<meta property=\"og:type\" content=\"article\" \/>\n<meta property=\"og:title\" content=\"PF Engins de chantier | EHC Teknik\" \/>\n<meta property=\"og:description\" content=\"Installez un FAPEHC PF pour r\u00e9duire les \u00e9missions de particules de poussi\u00e8re d&#039;\u00e9chappement mutag\u00e8nes, canc\u00e9rig\u00e8nes et allerg\u00e8nes de &gt;99 %.\" \/>\n<meta property=\"og:url\" content=\"https:\/\/ehcteknik.com\/fr\/vehicules\/pf-engins-de-chantier\/\" \/>\n<meta property=\"og:site_name\" content=\"EHC Teknik\" \/>\n<meta property=\"article:modified_time\" content=\"2024-04-24T10:40:50+00:00\" \/>\n<meta name=\"twitter:card\" content=\"summary_large_image\" \/>\n<script type=\"application\/ld+json\" class=\"yoast-schema-graph\">{\"@context\":\"https:\/\/schema.org\",\"@graph\":[{\"@type\":\"WebPage\",\"@id\":\"https:\/\/ehcteknik.com\/fr\/vehicules\/pf-engins-de-chantier\/\",\"url\":\"https:\/\/ehcteknik.com\/fr\/vehicules\/pf-engins-de-chantier\/\",\"name\":\"PF Engins de chantier | EHC Teknik\",\"isPartOf\":{\"@id\":\"https:\/\/ehcteknik.com\/fr\/#website\"},\"datePublished\":\"2024-04-24T10:39:58+00:00\",\"dateModified\":\"2024-04-24T10:40:50+00:00\",\"description\":\"Installez un FAPEHC PF pour r\u00e9duire les \u00e9missions de particules de poussi\u00e8re d'\u00e9chappement mutag\u00e8nes, canc\u00e9rig\u00e8nes et allerg\u00e8nes de >99 %.\",\"breadcrumb\":{\"@id\":\"https:\/\/ehcteknik.com\/fr\/vehicules\/pf-engins-de-chantier\/#breadcrumb\"},\"inLanguage\":\"fr-FR\",\"potentialAction\":[{\"@type\":\"ReadAction\",\"target\":[\"https:\/\/ehcteknik.com\/fr\/vehicules\/pf-engins-de-chantier\/\"]}]},{\"@type\":\"BreadcrumbList\",\"@id\":\"https:\/\/ehcteknik.com\/fr\/vehicules\/pf-engins-de-chantier\/#breadcrumb\",\"itemListElement\":[{\"@type\":\"ListItem\",\"position\":1,\"name\":\"Home\",\"item\":\"https:\/\/ehcteknik.com\/fr\/\"},{\"@type\":\"ListItem\",\"position\":2,\"name\":\"Applications\",\"item\":\"https:\/\/ehcteknik.com\/fr\/vehicules\/\"},{\"@type\":\"ListItem\",\"position\":3,\"name\":\"PF Engins de chantier\"}]},{\"@type\":\"WebSite\",\"@id\":\"https:\/\/ehcteknik.com\/fr\/#website\",\"url\":\"https:\/\/ehcteknik.com\/fr\/\",\"name\":\"EHC Teknik\",\"description\":\"We reduce emissions\",\"publisher\":{\"@id\":\"https:\/\/ehcteknik.com\/fr\/#organization\"},\"potentialAction\":[{\"@type\":\"SearchAction\",\"target\":{\"@type\":\"EntryPoint\",\"urlTemplate\":\"https:\/\/ehcteknik.com\/fr\/?s={search_term_string}\"},\"query-input\":{\"@type\":\"PropertyValueSpecification\",\"valueRequired\":true,\"valueName\":\"search_term_string\"}}],\"inLanguage\":\"fr-FR\"},{\"@type\":\"Organization\",\"@id\":\"https:\/\/ehcteknik.com\/fr\/#organization\",\"name\":\"EHC Teknik\",\"url\":\"https:\/\/ehcteknik.com\/fr\/\",\"logo\":{\"@type\":\"ImageObject\",\"inLanguage\":\"fr-FR\",\"@id\":\"https:\/\/ehcteknik.com\/fr\/#\/schema\/logo\/image\/\",\"url\":\"https:\/\/ehcteknik.com\/wp-content\/uploads\/2020\/11\/logo.jpg\",\"contentUrl\":\"https:\/\/ehcteknik.com\/wp-content\/uploads\/2020\/11\/logo.jpg\",\"width\":205,\"height\":58,\"caption\":\"EHC Teknik\"},\"image\":{\"@id\":\"https:\/\/ehcteknik.com\/fr\/#\/schema\/logo\/image\/\"}}]}<\/script>\n<!-- \/ Yoast SEO plugin. -->","yoast_head_json":{"title":"PF Engins de chantier | EHC Teknik","description":"Installez un FAPEHC PF pour r\u00e9duire les \u00e9missions de particules de poussi\u00e8re d'\u00e9chappement mutag\u00e8nes, canc\u00e9rig\u00e8nes et allerg\u00e8nes de >99 %.","robots":{"index":"index","follow":"follow","max-snippet":"max-snippet:-1","max-image-preview":"max-image-preview:large","max-video-preview":"max-video-preview:-1"},"canonical":"https:\/\/ehcteknik.com\/fr\/vehicules\/pf-engins-de-chantier\/","og_locale":"fr_FR","og_type":"article","og_title":"PF Engins de chantier | EHC Teknik","og_description":"Installez un FAPEHC PF pour r\u00e9duire les \u00e9missions de particules de poussi\u00e8re d'\u00e9chappement mutag\u00e8nes, canc\u00e9rig\u00e8nes et allerg\u00e8nes de >99 %.","og_url":"https:\/\/ehcteknik.com\/fr\/vehicules\/pf-engins-de-chantier\/","og_site_name":"EHC Teknik","article_modified_time":"2024-04-24T10:40:50+00:00","twitter_card":"summary_large_image","schema":{"@context":"https:\/\/schema.org","@graph":[{"@type":"WebPage","@id":"https:\/\/ehcteknik.com\/fr\/vehicules\/pf-engins-de-chantier\/","url":"https:\/\/ehcteknik.com\/fr\/vehicules\/pf-engins-de-chantier\/","name":"PF Engins de chantier | EHC Teknik","isPartOf":{"@id":"https:\/\/ehcteknik.com\/fr\/#website"},"datePublished":"2024-04-24T10:39:58+00:00","dateModified":"2024-04-24T10:40:50+00:00","description":"Installez un FAPEHC PF pour r\u00e9duire les \u00e9missions de particules de poussi\u00e8re d'\u00e9chappement mutag\u00e8nes, canc\u00e9rig\u00e8nes et allerg\u00e8nes de >99 %.","breadcrumb":{"@id":"https:\/\/ehcteknik.com\/fr\/vehicules\/pf-engins-de-chantier\/#breadcrumb"},"inLanguage":"fr-FR","potentialAction":[{"@type":"ReadAction","target":["https:\/\/ehcteknik.com\/fr\/vehicules\/pf-engins-de-chantier\/"]}]},{"@type":"BreadcrumbList","@id":"https:\/\/ehcteknik.com\/fr\/vehicules\/pf-engins-de-chantier\/#breadcrumb","itemListElement":[{"@type":"ListItem","position":1,"name":"Home","item":"https:\/\/ehcteknik.com\/fr\/"},{"@type":"ListItem","position":2,"name":"Applications","item":"https:\/\/ehcteknik.com\/fr\/vehicules\/"},{"@type":"ListItem","position":3,"name":"PF Engins de chantier"}]},{"@type":"WebSite","@id":"https:\/\/ehcteknik.com\/fr\/#website","url":"https:\/\/ehcteknik.com\/fr\/","name":"EHC Teknik","description":"We reduce emissions","publisher":{"@id":"https:\/\/ehcteknik.com\/fr\/#organization"},"potentialAction":[{"@type":"SearchAction","target":{"@type":"EntryPoint","urlTemplate":"https:\/\/ehcteknik.com\/fr\/?s={search_term_string}"},"query-input":{"@type":"PropertyValueSpecification","valueRequired":true,"valueName":"search_term_string"}}],"inLanguage":"fr-FR"},{"@type":"Organization","@id":"https:\/\/ehcteknik.com\/fr\/#organization","name":"EHC Teknik","url":"https:\/\/ehcteknik.com\/fr\/","logo":{"@type":"ImageObject","inLanguage":"fr-FR","@id":"https:\/\/ehcteknik.com\/fr\/#\/schema\/logo\/image\/","url":"https:\/\/ehcteknik.com\/wp-content\/uploads\/2020\/11\/logo.jpg","contentUrl":"https:\/\/ehcteknik.com\/wp-content\/uploads\/2020\/11\/logo.jpg","width":205,"height":58,"caption":"EHC Teknik"},"image":{"@id":"https:\/\/ehcteknik.com\/fr\/#\/schema\/logo\/image\/"}}]}},"_links":{"self":[{"href":"https:\/\/ehcteknik.com\/fr\/wp-json\/wp\/v2\/pages\/12530","targetHints":{"allow":["GET"]}}],"collection":[{"href":"https:\/\/ehcteknik.com\/fr\/wp-json\/wp\/v2\/pages"}],"about":[{"href":"https:\/\/ehcteknik.com\/fr\/wp-json\/wp\/v2\/types\/page"}],"author":[{"embeddable":true,"href":"https:\/\/ehcteknik.com\/fr\/wp-json\/wp\/v2\/users\/16"}],"replies":[{"embeddable":true,"href":"https:\/\/ehcteknik.com\/fr\/wp-json\/wp\/v2\/comments?post=12530"}],"version-history":[{"count":3,"href":"https:\/\/ehcteknik.com\/fr\/wp-json\/wp\/v2\/pages\/12530\/revisions"}],"predecessor-version":[{"id":12536,"href":"https:\/\/ehcteknik.com\/fr\/wp-json\/wp\/v2\/pages\/12530\/revisions\/12536"}],"up":[{"embeddable":true,"href":"https:\/\/ehcteknik.com\/fr\/wp-json\/wp\/v2\/pages\/8016"}],"wp:attachment":[{"href":"https:\/\/ehcteknik.com\/fr\/wp-json\/wp\/v2\/media?parent=12530"}],"curies":[{"name":"wp","href":"https:\/\/api.w.org\/{rel}","templated":true}]}}