{"id":12521,"date":"2024-04-24T09:44:27","date_gmt":"2024-04-24T09:44:27","guid":{"rendered":"https:\/\/ehcteknik.com\/?page_id=12521"},"modified":"2024-04-24T09:45:34","modified_gmt":"2024-04-24T09:45:34","slug":"ht-diverses-applications","status":"publish","type":"page","link":"https:\/\/ehcteknik.com\/fr\/vehicules\/ht-diverses-applications\/","title":{"rendered":"HT diverses applications"},"content":{"rendered":"<div class=\"image-text-block container mt-100 mb-150\">\n  <div class=\"row\">\n              <div class=\"col-12 col-md-6 image-text text text-vertical-center\">\n            <div>\n              \n              \n                                  <div class=\"bg-primary mb-3\" style=\"width: 86px;height: 4px;\"><\/div>\n                \n                                  <h2 class=\"h1 mb-3\">101 applications<\/h2>\n                \n                <div class=\"text-muted\">\n                  <p>Nos filtres \u00e0 particules HT peuvent \u00eatre utilis\u00e9s pour 101 applications diff\u00e9rentes. Ils filtrent &gt;99 % de toutes les particules de gaz d&rsquo;\u00e9chappement et constituent la solution id\u00e9ale lorsque la temp\u00e9rature moyenne des gaz d&rsquo;\u00e9chappement est trop basse pour utiliser d&rsquo;autres syst\u00e8mes de filtre \u00e0 particules, tels que des filtres \u00e0 particules en c\u00e9ramique.<\/p>\n<p>Cette locomotive de man\u0153uvre en est un bon exemple. Celui-ci est utilis\u00e9 pour faire entrer et sortir d\u2019autres \u00e9quipements ferroviaires de l\u2019atelier. Deux filtres HT35 ont \u00e9t\u00e9 combin\u00e9s avec une vanne\/by-pass 3 voies, qui permet de mttre hors service les filtres \u00e0 l&rsquo;ext\u00e9rieur.<\/p>\n<p>Nos filtres HT peuvent \u00e9galement \u00eatre utilis\u00e9s sur les camions terminaux, les camions de pompiers, les camions \u00e0 plate-forme automotrice, les \u00e9l\u00e9vateurs \u00e0 conteneurs, les g\u00e9n\u00e9rateurs de secours, les dameuses \u00e0 neige, etc.<\/p>\n                <\/div>\n\n                \n                          <\/div>\n          <\/div>\n                <div class=\"col-12 col-md-6 image-text image \">\n            <div>\n                              <img decoding=\"async\" alt=\"\" src=\"https:\/\/ehcteknik.com\/wp-content\/uploads\/2024\/02\/EHC-HT35-Double-with-a-3-way-valve-on-a-train.jpg\">\n              \n                          <\/div>\n          <\/div>\n        <\/div>\n<\/div>\n\n\n<div class=\"image-text-block container mt-30 mb-30\">\n  <div class=\"row\">\n              <div class=\"col-12 col-md-6 image-text image \">\n            <div>\n                              <img decoding=\"async\" alt=\"\" src=\"https:\/\/ehcteknik.com\/wp-content\/uploads\/2024\/03\/1562583373471.jpeg\">\n              \n                          <\/div>\n          <\/div>\n                <div class=\"col-12 col-md-6 image-text text text-vertical-center\">\n            <div>\n              \n              \n                                  <div class=\"bg-primary mb-3\" style=\"width: 86px;height: 4px;\"><\/div>\n                \n                                  <h2 class=\"h1 mb-3\">HT utilis\u00e9 comme filtre portable<\/h2>\n                \n                <div class=\"text-muted\">\n                  <p>Normalement, nos EHC P15 et EHC L20 sont utilis\u00e9s pour d\u00e9marrer et d\u00e9placer des v\u00e9hicules diesel \u00e0 l&rsquo;int\u00e9rieur, mais dans certains cas la temp\u00e9rature des gaz d&rsquo;\u00e9chappement est trop \u00e9lev\u00e9e et\/ou le volume des gaz d&rsquo;\u00e9chappement est trop important pour ces filtres enfichables.<\/p>\n<p>Dans ces circonstances nos filtres HT offrent la<br \/>\nsolution. Normalement, ils sont mont\u00e9s de mani\u00e8re permanente sur une machine ou un v\u00e9hicule, mais ils peuvent \u00e9galement \u00eatre fournis sous forme de FAP portable. Sur la photo ci-dessous, vous voyez une solution d\u00e9velopp\u00e9e par EHC pour faire entrer et sortir le PZH2000 d&rsquo;un atelier.<\/p>\n                <\/div>\n\n                \n                          <\/div>\n          <\/div>\n        <\/div>\n<\/div>\n\n\n<div class=\"image-text-block container mt-30 mb-30\">\n  <div class=\"row\">\n              <div class=\"col-12 col-md-6 image-text text text-vertical-center\">\n            <div>\n              \n              \n                                  <div class=\"bg-primary mb-3\" style=\"width: 86px;height: 4px;\"><\/div>\n                \n                                  <h2 class=\"h1 mb-3\">Environnement de travail sans fum\u00e9e diesel<\/h2>\n                \n                <div class=\"text-muted\">\n                  <p>Nos filtres \u00e0 particules diesel HT ou FAP pour moteurs diesel r\u00e9duisent l&rsquo;exposition aux particules de gaz d&rsquo;\u00e9chappement canc\u00e9rig\u00e8nes et mutag\u00e8nes de &gt;99 %.<\/p>\n<p>Si vous avez des questions sur nos filtres \u00e0 particules <a href=\"https:\/\/ehcteknik.com\/fr\/\" target=\"_blank\" rel=\"noopener\">EHC HT<\/a>, n&rsquo;h\u00e9sitez pas \u00e0 nous <a href=\"https:\/\/ehcteknik.com\/fr\/contact\/\" target=\"_blank\" rel=\"noopener\">contacter<\/a>. Nous serons heureux de vous aider \u00e0 trouver la bonne solution \u00e0 votre probl\u00e8me de gaz d\u2019\u00e9chappement.<\/p>\n                <\/div>\n\n                \n                          <\/div>\n          <\/div>\n                <div class=\"col-12 col-md-6 image-text image \">\n            <div>\n                              <img decoding=\"async\" alt=\"\" src=\"https:\/\/ehcteknik.com\/wp-content\/uploads\/2024\/02\/WP_000025.jpg\">\n              \n                          <\/div>\n          <\/div>\n        <\/div>\n<\/div>\n\n\n\n<p><\/p>\n","protected":false},"excerpt":{"rendered":"","protected":false},"author":16,"featured_media":0,"parent":8016,"menu_order":0,"comment_status":"closed","ping_status":"closed","template":"","meta":{"_acf_changed":false,"footnotes":""},"class_list":["post-12521","page","type-page","status-publish","hentry"],"acf":[],"yoast_head":"<!-- This site is optimized with the Yoast SEO plugin v24.2 - https:\/\/yoast.com\/wordpress\/plugins\/seo\/ -->\n<title>HT diverses applications | EHC Teknik<\/title>\n<meta name=\"description\" content=\"La plupart des gens sont conscients que la qualit\u00e9 de leur environnement de travail et de leur espace de vie affecte leur bien-\u00eatre.\" \/>\n<meta name=\"robots\" content=\"index, follow, max-snippet:-1, max-image-preview:large, max-video-preview:-1\" \/>\n<link rel=\"canonical\" href=\"https:\/\/ehcteknik.com\/fr\/vehicules\/ht-diverses-applications\/\" \/>\n<meta property=\"og:locale\" content=\"fr_FR\" \/>\n<meta property=\"og:type\" content=\"article\" \/>\n<meta property=\"og:title\" content=\"HT diverses applications | EHC Teknik\" \/>\n<meta property=\"og:description\" content=\"La plupart des gens sont conscients que la qualit\u00e9 de leur environnement de travail et de leur espace de vie affecte leur bien-\u00eatre.\" \/>\n<meta property=\"og:url\" content=\"https:\/\/ehcteknik.com\/fr\/vehicules\/ht-diverses-applications\/\" \/>\n<meta property=\"og:site_name\" content=\"EHC Teknik\" \/>\n<meta property=\"article:modified_time\" content=\"2024-04-24T09:45:34+00:00\" \/>\n<meta name=\"twitter:card\" content=\"summary_large_image\" \/>\n<script type=\"application\/ld+json\" class=\"yoast-schema-graph\">{\"@context\":\"https:\/\/schema.org\",\"@graph\":[{\"@type\":\"WebPage\",\"@id\":\"https:\/\/ehcteknik.com\/fr\/vehicules\/ht-diverses-applications\/\",\"url\":\"https:\/\/ehcteknik.com\/fr\/vehicules\/ht-diverses-applications\/\",\"name\":\"HT diverses applications | EHC Teknik\",\"isPartOf\":{\"@id\":\"https:\/\/ehcteknik.com\/fr\/#website\"},\"datePublished\":\"2024-04-24T09:44:27+00:00\",\"dateModified\":\"2024-04-24T09:45:34+00:00\",\"description\":\"La plupart des gens sont conscients que la qualit\u00e9 de leur environnement de travail et de leur espace de vie affecte leur bien-\u00eatre.\",\"breadcrumb\":{\"@id\":\"https:\/\/ehcteknik.com\/fr\/vehicules\/ht-diverses-applications\/#breadcrumb\"},\"inLanguage\":\"fr-FR\",\"potentialAction\":[{\"@type\":\"ReadAction\",\"target\":[\"https:\/\/ehcteknik.com\/fr\/vehicules\/ht-diverses-applications\/\"]}]},{\"@type\":\"BreadcrumbList\",\"@id\":\"https:\/\/ehcteknik.com\/fr\/vehicules\/ht-diverses-applications\/#breadcrumb\",\"itemListElement\":[{\"@type\":\"ListItem\",\"position\":1,\"name\":\"Home\",\"item\":\"https:\/\/ehcteknik.com\/fr\/\"},{\"@type\":\"ListItem\",\"position\":2,\"name\":\"Applications\",\"item\":\"https:\/\/ehcteknik.com\/fr\/vehicules\/\"},{\"@type\":\"ListItem\",\"position\":3,\"name\":\"HT diverses applications\"}]},{\"@type\":\"WebSite\",\"@id\":\"https:\/\/ehcteknik.com\/fr\/#website\",\"url\":\"https:\/\/ehcteknik.com\/fr\/\",\"name\":\"EHC Teknik\",\"description\":\"We reduce emissions\",\"publisher\":{\"@id\":\"https:\/\/ehcteknik.com\/fr\/#organization\"},\"potentialAction\":[{\"@type\":\"SearchAction\",\"target\":{\"@type\":\"EntryPoint\",\"urlTemplate\":\"https:\/\/ehcteknik.com\/fr\/?s={search_term_string}\"},\"query-input\":{\"@type\":\"PropertyValueSpecification\",\"valueRequired\":true,\"valueName\":\"search_term_string\"}}],\"inLanguage\":\"fr-FR\"},{\"@type\":\"Organization\",\"@id\":\"https:\/\/ehcteknik.com\/fr\/#organization\",\"name\":\"EHC Teknik\",\"url\":\"https:\/\/ehcteknik.com\/fr\/\",\"logo\":{\"@type\":\"ImageObject\",\"inLanguage\":\"fr-FR\",\"@id\":\"https:\/\/ehcteknik.com\/fr\/#\/schema\/logo\/image\/\",\"url\":\"https:\/\/ehcteknik.com\/wp-content\/uploads\/2020\/11\/logo.jpg\",\"contentUrl\":\"https:\/\/ehcteknik.com\/wp-content\/uploads\/2020\/11\/logo.jpg\",\"width\":205,\"height\":58,\"caption\":\"EHC Teknik\"},\"image\":{\"@id\":\"https:\/\/ehcteknik.com\/fr\/#\/schema\/logo\/image\/\"}}]}<\/script>\n<!-- \/ Yoast SEO plugin. -->","yoast_head_json":{"title":"HT diverses applications | EHC Teknik","description":"La plupart des gens sont conscients que la qualit\u00e9 de leur environnement de travail et de leur espace de vie affecte leur bien-\u00eatre.","robots":{"index":"index","follow":"follow","max-snippet":"max-snippet:-1","max-image-preview":"max-image-preview:large","max-video-preview":"max-video-preview:-1"},"canonical":"https:\/\/ehcteknik.com\/fr\/vehicules\/ht-diverses-applications\/","og_locale":"fr_FR","og_type":"article","og_title":"HT diverses applications | EHC Teknik","og_description":"La plupart des gens sont conscients que la qualit\u00e9 de leur environnement de travail et de leur espace de vie affecte leur bien-\u00eatre.","og_url":"https:\/\/ehcteknik.com\/fr\/vehicules\/ht-diverses-applications\/","og_site_name":"EHC Teknik","article_modified_time":"2024-04-24T09:45:34+00:00","twitter_card":"summary_large_image","schema":{"@context":"https:\/\/schema.org","@graph":[{"@type":"WebPage","@id":"https:\/\/ehcteknik.com\/fr\/vehicules\/ht-diverses-applications\/","url":"https:\/\/ehcteknik.com\/fr\/vehicules\/ht-diverses-applications\/","name":"HT diverses applications | EHC Teknik","isPartOf":{"@id":"https:\/\/ehcteknik.com\/fr\/#website"},"datePublished":"2024-04-24T09:44:27+00:00","dateModified":"2024-04-24T09:45:34+00:00","description":"La plupart des gens sont conscients que la qualit\u00e9 de leur environnement de travail et de leur espace de vie affecte leur bien-\u00eatre.","breadcrumb":{"@id":"https:\/\/ehcteknik.com\/fr\/vehicules\/ht-diverses-applications\/#breadcrumb"},"inLanguage":"fr-FR","potentialAction":[{"@type":"ReadAction","target":["https:\/\/ehcteknik.com\/fr\/vehicules\/ht-diverses-applications\/"]}]},{"@type":"BreadcrumbList","@id":"https:\/\/ehcteknik.com\/fr\/vehicules\/ht-diverses-applications\/#breadcrumb","itemListElement":[{"@type":"ListItem","position":1,"name":"Home","item":"https:\/\/ehcteknik.com\/fr\/"},{"@type":"ListItem","position":2,"name":"Applications","item":"https:\/\/ehcteknik.com\/fr\/vehicules\/"},{"@type":"ListItem","position":3,"name":"HT diverses applications"}]},{"@type":"WebSite","@id":"https:\/\/ehcteknik.com\/fr\/#website","url":"https:\/\/ehcteknik.com\/fr\/","name":"EHC Teknik","description":"We reduce emissions","publisher":{"@id":"https:\/\/ehcteknik.com\/fr\/#organization"},"potentialAction":[{"@type":"SearchAction","target":{"@type":"EntryPoint","urlTemplate":"https:\/\/ehcteknik.com\/fr\/?s={search_term_string}"},"query-input":{"@type":"PropertyValueSpecification","valueRequired":true,"valueName":"search_term_string"}}],"inLanguage":"fr-FR"},{"@type":"Organization","@id":"https:\/\/ehcteknik.com\/fr\/#organization","name":"EHC Teknik","url":"https:\/\/ehcteknik.com\/fr\/","logo":{"@type":"ImageObject","inLanguage":"fr-FR","@id":"https:\/\/ehcteknik.com\/fr\/#\/schema\/logo\/image\/","url":"https:\/\/ehcteknik.com\/wp-content\/uploads\/2020\/11\/logo.jpg","contentUrl":"https:\/\/ehcteknik.com\/wp-content\/uploads\/2020\/11\/logo.jpg","width":205,"height":58,"caption":"EHC Teknik"},"image":{"@id":"https:\/\/ehcteknik.com\/fr\/#\/schema\/logo\/image\/"}}]}},"_links":{"self":[{"href":"https:\/\/ehcteknik.com\/fr\/wp-json\/wp\/v2\/pages\/12521","targetHints":{"allow":["GET"]}}],"collection":[{"href":"https:\/\/ehcteknik.com\/fr\/wp-json\/wp\/v2\/pages"}],"about":[{"href":"https:\/\/ehcteknik.com\/fr\/wp-json\/wp\/v2\/types\/page"}],"author":[{"embeddable":true,"href":"https:\/\/ehcteknik.com\/fr\/wp-json\/wp\/v2\/users\/16"}],"replies":[{"embeddable":true,"href":"https:\/\/ehcteknik.com\/fr\/wp-json\/wp\/v2\/comments?post=12521"}],"version-history":[{"count":4,"href":"https:\/\/ehcteknik.com\/fr\/wp-json\/wp\/v2\/pages\/12521\/revisions"}],"predecessor-version":[{"id":12525,"href":"https:\/\/ehcteknik.com\/fr\/wp-json\/wp\/v2\/pages\/12521\/revisions\/12525"}],"up":[{"embeddable":true,"href":"https:\/\/ehcteknik.com\/fr\/wp-json\/wp\/v2\/pages\/8016"}],"wp:attachment":[{"href":"https:\/\/ehcteknik.com\/fr\/wp-json\/wp\/v2\/media?parent=12521"}],"curies":[{"name":"wp","href":"https:\/\/api.w.org\/{rel}","templated":true}]}}