{"id":12511,"date":"2024-04-24T09:13:34","date_gmt":"2024-04-24T09:13:34","guid":{"rendered":"https:\/\/ehcteknik.com\/?page_id=12511"},"modified":"2024-04-24T09:16:05","modified_gmt":"2024-04-24T09:16:05","slug":"l20-applications-diverses","status":"publish","type":"page","link":"https:\/\/ehcteknik.com\/fr\/vehicules\/l20-applications-diverses\/","title":{"rendered":"L20 applications diverses"},"content":{"rendered":"<div class=\"image-text-block container mt-<br \/>\n<b>Warning<\/b>:  Trying to access array offset on value of type null in <b>\/home\/ehctekni\/public_html\/wp-content\/themes\/ehc\/views\/blocks\/image-text.php<\/b> on line <b>1<\/b><br \/>\n mb-<br \/>\n<b>Warning<\/b>:  Trying to access array offset on value of type null in <b>\/home\/ehctekni\/public_html\/wp-content\/themes\/ehc\/views\/blocks\/image-text.php<\/b> on line <b>1<\/b><br \/>\n\u00ab\u00a0>\n  <div class=\"row\">\n      <\/div>\n<\/div>\n\n\n<div class=\"image-text-block container mt-100 mb-150\">\n  <div class=\"row\">\n              <div class=\"col-12 col-md-6 image-text image \">\n            <div>\n                              <img decoding=\"async\" alt=\"\" src=\"https:\/\/ehcteknik.com\/wp-content\/uploads\/2024\/04\/P1050855.jpg\">\n              \n                          <\/div>\n          <\/div>\n                <div class=\"col-12 col-md-6 image-text text text-vertical-center\">\n            <div>\n              \n              \n                                  <div class=\"bg-primary mb-3\" style=\"width: 86px;height: 4px;\"><\/div>\n                \n                                  <h2 class=\"h1 mb-3\">Gaz de combustion de chauffage de cabine<\/h2>\n                \n                <div class=\"text-muted\">\n                  <p>Nos filtres amovibles L20 sont g\u00e9n\u00e9ralement utilis\u00e9s pour d\u00e9marrer et d\u00e9placer des camions, des bus, des machines agricoles et de construction \u00e0 l&rsquo;int\u00e9rieur. D\u00e9sormais, ils peuvent \u00e9galement \u00eatre utilis\u00e9s pour toute une s\u00e9rie d\u2019autres applications.<\/p>\n<p>La photo en montre un bon exemple. Notre filtre L20 a \u00e9t\u00e9 combin\u00e9 avec un ventilateur pour aspirer et filtrer les fum\u00e9es d&rsquo;un chauffage de cabine. Les appareils de chauffage sont allergiques \u00e0 la contre-pression et il n&rsquo;est donc pas possible d&rsquo;installer un filtre \u00e0 gaz d&rsquo;\u00e9chappement directement sur la sortie d&rsquo;\u00e9chappement, car cela entra\u00eenerait une contre-pression trop importante. En utilisant un ventilateur, nous pouvons extraire et filtrer les gaz de combustion. De cette fa\u00e7on, nous maintenons un lieu de travail sans fum\u00e9e et prot\u00e9geons les employ\u00e9s contre les \u00e9missions.<\/p>\n                <\/div>\n\n                \n                          <\/div>\n          <\/div>\n        <\/div>\n<\/div>\n\n\n<div class=\"image-text-block container mt-30 mb-30\">\n  <div class=\"row\">\n              <div class=\"col-12 col-md-6 image-text text text-vertical-center\">\n            <div>\n              \n              \n                                  <div class=\"bg-primary mb-3\" style=\"width: 86px;height: 4px;\"><\/div>\n                \n                                  <h2 class=\"h1 mb-3\">Pour chaque probl\u00e8me de gaz d&rsquo;\u00e9chappement<\/h2>\n                \n                <div class=\"text-muted\">\n                  <p>Si vous cherchez une solution \u00e0 votre probl\u00e8me de gaz d&rsquo;\u00e9chappement, veuillez nous contacter sans engagement.<\/p>\n<p>Nous trouverons certainement avec vous la solution adapt\u00e9e pour rendre votre environnement de travail sans fum\u00e9e, afin que vous puissiez vous concentrer sur votre travail en toute s\u00e9curit\u00e9 !<\/p>\n<p><a href=\"https:\/\/ehcteknik.com\/fr\/contact\/\" target=\"_blank\" rel=\"noopener\">Cliquez ici<\/a> pour plus d\u2019informations sur nos filtres enfichables L20.<\/p>\n                <\/div>\n\n                \n                          <\/div>\n          <\/div>\n                <div class=\"col-12 col-md-6 image-text image \">\n            <div>\n                              <img decoding=\"async\" alt=\"\" src=\"https:\/\/ehcteknik.com\/wp-content\/uploads\/2024\/04\/WP_20170103_10_43_32_Pro-1.jpg\">\n              \n                          <\/div>\n          <\/div>\n        <\/div>\n<\/div>\n\n\n<div class=\"image-text-block container mt-<br \/>\n<b>Warning<\/b>:  Trying to access array offset on value of type null in <b>\/home\/ehctekni\/public_html\/wp-content\/themes\/ehc\/views\/blocks\/image-text.php<\/b> on line <b>1<\/b><br \/>\n mb-<br \/>\n<b>Warning<\/b>:  Trying to access array offset on value of type null in <b>\/home\/ehctekni\/public_html\/wp-content\/themes\/ehc\/views\/blocks\/image-text.php<\/b> on line <b>1<\/b><br \/>\n\u00ab\u00a0>\n  <div class=\"row\">\n      <\/div>\n<\/div>\n\n\n\n<p><\/p>\n","protected":false},"excerpt":{"rendered":"","protected":false},"author":16,"featured_media":0,"parent":8016,"menu_order":0,"comment_status":"closed","ping_status":"closed","template":"","meta":{"_acf_changed":false,"footnotes":""},"class_list":["post-12511","page","type-page","status-publish","hentry"],"acf":[],"yoast_head":"<!-- This site is optimized with the Yoast SEO plugin v24.2 - https:\/\/yoast.com\/wordpress\/plugins\/seo\/ -->\n<title>L20 applications diverses | EHC Teknik<\/title>\n<meta name=\"description\" content=\"Nous pouvons vous aider \u00e0 trouver le bon filtre pour votre probl\u00e8me de gaz d&#039;\u00e9chappement pour r\u00e9duire la pollution de l&#039;air de &gt;99%.\" \/>\n<meta name=\"robots\" content=\"index, follow, max-snippet:-1, max-image-preview:large, max-video-preview:-1\" \/>\n<link rel=\"canonical\" href=\"https:\/\/ehcteknik.com\/fr\/vehicules\/l20-applications-diverses\/\" \/>\n<meta property=\"og:locale\" content=\"fr_FR\" \/>\n<meta property=\"og:type\" content=\"article\" \/>\n<meta property=\"og:title\" content=\"L20 applications diverses | EHC Teknik\" \/>\n<meta property=\"og:description\" content=\"Nous pouvons vous aider \u00e0 trouver le bon filtre pour votre probl\u00e8me de gaz d&#039;\u00e9chappement pour r\u00e9duire la pollution de l&#039;air de &gt;99%.\" \/>\n<meta property=\"og:url\" content=\"https:\/\/ehcteknik.com\/fr\/vehicules\/l20-applications-diverses\/\" \/>\n<meta property=\"og:site_name\" content=\"EHC Teknik\" \/>\n<meta property=\"article:modified_time\" content=\"2024-04-24T09:16:05+00:00\" \/>\n<meta name=\"twitter:card\" content=\"summary_large_image\" \/>\n<script type=\"application\/ld+json\" class=\"yoast-schema-graph\">{\"@context\":\"https:\/\/schema.org\",\"@graph\":[{\"@type\":\"WebPage\",\"@id\":\"https:\/\/ehcteknik.com\/fr\/vehicules\/l20-applications-diverses\/\",\"url\":\"https:\/\/ehcteknik.com\/fr\/vehicules\/l20-applications-diverses\/\",\"name\":\"L20 applications diverses | EHC Teknik\",\"isPartOf\":{\"@id\":\"https:\/\/ehcteknik.com\/fr\/#website\"},\"datePublished\":\"2024-04-24T09:13:34+00:00\",\"dateModified\":\"2024-04-24T09:16:05+00:00\",\"description\":\"Nous pouvons vous aider \u00e0 trouver le bon filtre pour votre probl\u00e8me de gaz d'\u00e9chappement pour r\u00e9duire la pollution de l'air de >99%.\",\"breadcrumb\":{\"@id\":\"https:\/\/ehcteknik.com\/fr\/vehicules\/l20-applications-diverses\/#breadcrumb\"},\"inLanguage\":\"fr-FR\",\"potentialAction\":[{\"@type\":\"ReadAction\",\"target\":[\"https:\/\/ehcteknik.com\/fr\/vehicules\/l20-applications-diverses\/\"]}]},{\"@type\":\"BreadcrumbList\",\"@id\":\"https:\/\/ehcteknik.com\/fr\/vehicules\/l20-applications-diverses\/#breadcrumb\",\"itemListElement\":[{\"@type\":\"ListItem\",\"position\":1,\"name\":\"Home\",\"item\":\"https:\/\/ehcteknik.com\/fr\/\"},{\"@type\":\"ListItem\",\"position\":2,\"name\":\"Applications\",\"item\":\"https:\/\/ehcteknik.com\/fr\/vehicules\/\"},{\"@type\":\"ListItem\",\"position\":3,\"name\":\"L20 applications diverses\"}]},{\"@type\":\"WebSite\",\"@id\":\"https:\/\/ehcteknik.com\/fr\/#website\",\"url\":\"https:\/\/ehcteknik.com\/fr\/\",\"name\":\"EHC Teknik\",\"description\":\"We reduce emissions\",\"publisher\":{\"@id\":\"https:\/\/ehcteknik.com\/fr\/#organization\"},\"potentialAction\":[{\"@type\":\"SearchAction\",\"target\":{\"@type\":\"EntryPoint\",\"urlTemplate\":\"https:\/\/ehcteknik.com\/fr\/?s={search_term_string}\"},\"query-input\":{\"@type\":\"PropertyValueSpecification\",\"valueRequired\":true,\"valueName\":\"search_term_string\"}}],\"inLanguage\":\"fr-FR\"},{\"@type\":\"Organization\",\"@id\":\"https:\/\/ehcteknik.com\/fr\/#organization\",\"name\":\"EHC Teknik\",\"url\":\"https:\/\/ehcteknik.com\/fr\/\",\"logo\":{\"@type\":\"ImageObject\",\"inLanguage\":\"fr-FR\",\"@id\":\"https:\/\/ehcteknik.com\/fr\/#\/schema\/logo\/image\/\",\"url\":\"https:\/\/ehcteknik.com\/wp-content\/uploads\/2020\/11\/logo.jpg\",\"contentUrl\":\"https:\/\/ehcteknik.com\/wp-content\/uploads\/2020\/11\/logo.jpg\",\"width\":205,\"height\":58,\"caption\":\"EHC Teknik\"},\"image\":{\"@id\":\"https:\/\/ehcteknik.com\/fr\/#\/schema\/logo\/image\/\"}}]}<\/script>\n<!-- \/ Yoast SEO plugin. -->","yoast_head_json":{"title":"L20 applications diverses | EHC Teknik","description":"Nous pouvons vous aider \u00e0 trouver le bon filtre pour votre probl\u00e8me de gaz d'\u00e9chappement pour r\u00e9duire la pollution de l'air de >99%.","robots":{"index":"index","follow":"follow","max-snippet":"max-snippet:-1","max-image-preview":"max-image-preview:large","max-video-preview":"max-video-preview:-1"},"canonical":"https:\/\/ehcteknik.com\/fr\/vehicules\/l20-applications-diverses\/","og_locale":"fr_FR","og_type":"article","og_title":"L20 applications diverses | EHC Teknik","og_description":"Nous pouvons vous aider \u00e0 trouver le bon filtre pour votre probl\u00e8me de gaz d'\u00e9chappement pour r\u00e9duire la pollution de l'air de >99%.","og_url":"https:\/\/ehcteknik.com\/fr\/vehicules\/l20-applications-diverses\/","og_site_name":"EHC Teknik","article_modified_time":"2024-04-24T09:16:05+00:00","twitter_card":"summary_large_image","schema":{"@context":"https:\/\/schema.org","@graph":[{"@type":"WebPage","@id":"https:\/\/ehcteknik.com\/fr\/vehicules\/l20-applications-diverses\/","url":"https:\/\/ehcteknik.com\/fr\/vehicules\/l20-applications-diverses\/","name":"L20 applications diverses | EHC Teknik","isPartOf":{"@id":"https:\/\/ehcteknik.com\/fr\/#website"},"datePublished":"2024-04-24T09:13:34+00:00","dateModified":"2024-04-24T09:16:05+00:00","description":"Nous pouvons vous aider \u00e0 trouver le bon filtre pour votre probl\u00e8me de gaz d'\u00e9chappement pour r\u00e9duire la pollution de l'air de >99%.","breadcrumb":{"@id":"https:\/\/ehcteknik.com\/fr\/vehicules\/l20-applications-diverses\/#breadcrumb"},"inLanguage":"fr-FR","potentialAction":[{"@type":"ReadAction","target":["https:\/\/ehcteknik.com\/fr\/vehicules\/l20-applications-diverses\/"]}]},{"@type":"BreadcrumbList","@id":"https:\/\/ehcteknik.com\/fr\/vehicules\/l20-applications-diverses\/#breadcrumb","itemListElement":[{"@type":"ListItem","position":1,"name":"Home","item":"https:\/\/ehcteknik.com\/fr\/"},{"@type":"ListItem","position":2,"name":"Applications","item":"https:\/\/ehcteknik.com\/fr\/vehicules\/"},{"@type":"ListItem","position":3,"name":"L20 applications diverses"}]},{"@type":"WebSite","@id":"https:\/\/ehcteknik.com\/fr\/#website","url":"https:\/\/ehcteknik.com\/fr\/","name":"EHC Teknik","description":"We reduce emissions","publisher":{"@id":"https:\/\/ehcteknik.com\/fr\/#organization"},"potentialAction":[{"@type":"SearchAction","target":{"@type":"EntryPoint","urlTemplate":"https:\/\/ehcteknik.com\/fr\/?s={search_term_string}"},"query-input":{"@type":"PropertyValueSpecification","valueRequired":true,"valueName":"search_term_string"}}],"inLanguage":"fr-FR"},{"@type":"Organization","@id":"https:\/\/ehcteknik.com\/fr\/#organization","name":"EHC Teknik","url":"https:\/\/ehcteknik.com\/fr\/","logo":{"@type":"ImageObject","inLanguage":"fr-FR","@id":"https:\/\/ehcteknik.com\/fr\/#\/schema\/logo\/image\/","url":"https:\/\/ehcteknik.com\/wp-content\/uploads\/2020\/11\/logo.jpg","contentUrl":"https:\/\/ehcteknik.com\/wp-content\/uploads\/2020\/11\/logo.jpg","width":205,"height":58,"caption":"EHC Teknik"},"image":{"@id":"https:\/\/ehcteknik.com\/fr\/#\/schema\/logo\/image\/"}}]}},"_links":{"self":[{"href":"https:\/\/ehcteknik.com\/fr\/wp-json\/wp\/v2\/pages\/12511","targetHints":{"allow":["GET"]}}],"collection":[{"href":"https:\/\/ehcteknik.com\/fr\/wp-json\/wp\/v2\/pages"}],"about":[{"href":"https:\/\/ehcteknik.com\/fr\/wp-json\/wp\/v2\/types\/page"}],"author":[{"embeddable":true,"href":"https:\/\/ehcteknik.com\/fr\/wp-json\/wp\/v2\/users\/16"}],"replies":[{"embeddable":true,"href":"https:\/\/ehcteknik.com\/fr\/wp-json\/wp\/v2\/comments?post=12511"}],"version-history":[{"count":4,"href":"https:\/\/ehcteknik.com\/fr\/wp-json\/wp\/v2\/pages\/12511\/revisions"}],"predecessor-version":[{"id":12515,"href":"https:\/\/ehcteknik.com\/fr\/wp-json\/wp\/v2\/pages\/12511\/revisions\/12515"}],"up":[{"embeddable":true,"href":"https:\/\/ehcteknik.com\/fr\/wp-json\/wp\/v2\/pages\/8016"}],"wp:attachment":[{"href":"https:\/\/ehcteknik.com\/fr\/wp-json\/wp\/v2\/media?parent=12511"}],"curies":[{"name":"wp","href":"https:\/\/api.w.org\/{rel}","templated":true}]}}