{"id":12479,"date":"2024-04-24T08:15:53","date_gmt":"2024-04-24T08:15:53","guid":{"rendered":"https:\/\/ehcteknik.com\/?page_id=12479"},"modified":"2024-04-24T08:15:54","modified_gmt":"2024-04-24T08:15:54","slug":"p15-diverses-applications","status":"publish","type":"page","link":"https:\/\/ehcteknik.com\/fr\/vehicules\/p15-diverses-applications\/","title":{"rendered":"P15 diverses applications"},"content":{"rendered":"<div class=\"image-text-block container mt-100 mb-150\">\n  <div class=\"row\">\n              <div class=\"col-12 col-md-6 image-text text text-vertical-center\">\n            <div>\n              \n              \n                                  <div class=\"bg-primary mb-3\" style=\"width: 86px;height: 4px;\"><\/div>\n                \n                                  <h2 class=\"h1 mb-3\">101 applications<\/h2>\n                \n                <div class=\"text-muted\">\n                  <p>Nos filtres amovibles P15 sont normalement utilis\u00e9s pour d\u00e9marrer et d\u00e9placer des voitures et des camionnettes dans un environment clos. D\u00e9sormais ils peuvent \u00e9galement \u00eatre utilis\u00e9s sur toute une gamme d\u2019autres v\u00e9hicules et machines.<\/p>\n<p>La photo ci-dessous en est un bon exemple. Notre filtre P15 est utilis\u00e9 ici par les employ\u00e9s d&rsquo;un centre logistique pour faire entrer et sortir les mini-pelles d&rsquo;un conteneur. De cette mani\u00e8re, les employ\u00e9s sont prot\u00e9g\u00e9s contre les \u00e9missions dangereuses de particules de gaz d&rsquo;\u00e9chappement (particules) et peuvent conduire les machines dans et hors des conteneurs sans aucun risque pour leur sant\u00e9.<\/p>\n<p>De nombreux fabricants d&rsquo;\u00e9quipements mobiles, d&rsquo;\u00e9quipements de transport interne, de balayeuses et de tondeuses \u00e0 gazon utilisent nos filtres P15 pour les d\u00e9placer pendant le processus de production.<\/p>\n                <\/div>\n\n                \n                          <\/div>\n          <\/div>\n                <div class=\"col-12 col-md-6 image-text image \">\n            <div>\n                              <img decoding=\"async\" alt=\"\" src=\"https:\/\/ehcteknik.com\/wp-content\/uploads\/2024\/03\/IMG_0513.jpg\">\n              \n                          <\/div>\n          <\/div>\n        <\/div>\n<\/div>\n\n\n<div class=\"image-text-block container mt-100 mb-150\">\n  <div class=\"row\">\n              <div class=\"col-12 col-md-6 image-text image \">\n            <div>\n                              <img decoding=\"async\" alt=\"\" src=\"https:\/\/ehcteknik.com\/wp-content\/uploads\/2024\/03\/IMG_9360.jpg\">\n              \n                          <\/div>\n          <\/div>\n                <div class=\"col-12 col-md-6 image-text text text-vertical-center\">\n            <div>\n              \n              \n                                  <div class=\"bg-primary mb-3\" style=\"width: 86px;height: 4px;\"><\/div>\n                \n                                  <h2 class=\"h1 mb-3\">Environnement de travail sans fum\u00e9e diesel<\/h2>\n                \n                <div class=\"text-muted\">\n                  <div class=\"text-muted\">\n<p>Ces filtres amovibles peuvent \u00e9galement \u00eatre utilis\u00e9s pour d\u00e9marrer et d\u00e9placer des chariots \u00e9l\u00e9vateurs, des balayeuses, des tondeuses \u00e0 gazon, des engins de chantier, etc. en int\u00e9rieur.<\/p>\n<p>\u00cates-vous int\u00e9ress\u00e9 par nos filtres\u00a0 P15 ?\u00a0 Alors <a href=\"https:\/\/ehcteknik.com\/fr\/contact\/\" target=\"_blank\" rel=\"noopener\">contactez nous<\/a> sans engagement pour obtenir nos conseils.<\/p>\n<p><a href=\"https:\/\/ehcteknik.com\/fr\/products\/p15-filter-enfichable\/\" target=\"_blank\" rel=\"noopener\">Cliquez ici<\/a> pour plus d\u2019informations sur nos filtres enfichables P15.<\/p>\n<\/div>\n                <\/div>\n\n                \n                          <\/div>\n          <\/div>\n        <\/div>\n<\/div>\n\n\n<div class=\"text-title-block container text-left mt-<br \/>\n<b>Warning<\/b>:  Trying to access array offset on value of type null in <b>\/home\/ehctekni\/public_html\/wp-content\/themes\/ehc\/views\/blocks\/text-title.php<\/b> on line <b>1<\/b><br \/>\n mb-<br \/>\n<b>Warning<\/b>:  Trying to access array offset on value of type null in <b>\/home\/ehctekni\/public_html\/wp-content\/themes\/ehc\/views\/blocks\/text-title.php<\/b> on line <b>1<\/b><br \/>\n\u00ab\u00a0>\n  \n  \n\n  <\/div>\n\n\n<div class=\"contact-block w-100 py-5 d-block mt-<br \/>\n<b>Warning<\/b>:  Trying to access array offset on value of type null in <b>\/home\/ehctekni\/public_html\/wp-content\/themes\/ehc\/views\/blocks\/contact.php<\/b> on line <b>1<\/b><br \/>\n mb-<br \/>\n<b>Warning<\/b>:  Trying to access array offset on value of type null in <b>\/home\/ehctekni\/public_html\/wp-content\/themes\/ehc\/views\/blocks\/contact.php<\/b> on line <b>1<\/b><br \/>\n\u00ab\u00a0>\n  <div class=\"container\">\n    \n      <\/div>\n<\/div>","protected":false},"excerpt":{"rendered":"","protected":false},"author":16,"featured_media":0,"parent":8016,"menu_order":0,"comment_status":"closed","ping_status":"closed","template":"","meta":{"_acf_changed":false,"footnotes":""},"class_list":["post-12479","page","type-page","status-publish","hentry"],"acf":[],"yoast_head":"<!-- This site is optimized with the Yoast SEO plugin v24.2 - https:\/\/yoast.com\/wordpress\/plugins\/seo\/ -->\n<title>P15 diverses applications | EHC Teknik<\/title>\n<meta name=\"description\" content=\"Avec notre filtre amovible EHC P15 il est possible de diminuer de &gt;99\u00a0% les \u00e9missions de suie d&#039;un moteur au gazole\/diesel.\" \/>\n<meta name=\"robots\" content=\"index, follow, max-snippet:-1, max-image-preview:large, max-video-preview:-1\" \/>\n<link rel=\"canonical\" href=\"https:\/\/ehcteknik.com\/fr\/vehicules\/p15-diverses-applications\/\" \/>\n<meta property=\"og:locale\" content=\"fr_FR\" \/>\n<meta property=\"og:type\" content=\"article\" \/>\n<meta property=\"og:title\" content=\"P15 diverses applications | EHC Teknik\" \/>\n<meta property=\"og:description\" content=\"Avec notre filtre amovible EHC P15 il est possible de diminuer de &gt;99\u00a0% les \u00e9missions de suie d&#039;un moteur au gazole\/diesel.\" \/>\n<meta property=\"og:url\" content=\"https:\/\/ehcteknik.com\/fr\/vehicules\/p15-diverses-applications\/\" \/>\n<meta property=\"og:site_name\" content=\"EHC Teknik\" \/>\n<meta property=\"article:modified_time\" content=\"2024-04-24T08:15:54+00:00\" \/>\n<meta name=\"twitter:card\" content=\"summary_large_image\" \/>\n<script type=\"application\/ld+json\" class=\"yoast-schema-graph\">{\"@context\":\"https:\/\/schema.org\",\"@graph\":[{\"@type\":\"WebPage\",\"@id\":\"https:\/\/ehcteknik.com\/fr\/vehicules\/p15-diverses-applications\/\",\"url\":\"https:\/\/ehcteknik.com\/fr\/vehicules\/p15-diverses-applications\/\",\"name\":\"P15 diverses applications | EHC Teknik\",\"isPartOf\":{\"@id\":\"https:\/\/ehcteknik.com\/fr\/#website\"},\"datePublished\":\"2024-04-24T08:15:53+00:00\",\"dateModified\":\"2024-04-24T08:15:54+00:00\",\"description\":\"Avec notre filtre amovible EHC P15 il est possible de diminuer de >99\u00a0% les \u00e9missions de suie d'un moteur au gazole\/diesel.\",\"breadcrumb\":{\"@id\":\"https:\/\/ehcteknik.com\/fr\/vehicules\/p15-diverses-applications\/#breadcrumb\"},\"inLanguage\":\"fr-FR\",\"potentialAction\":[{\"@type\":\"ReadAction\",\"target\":[\"https:\/\/ehcteknik.com\/fr\/vehicules\/p15-diverses-applications\/\"]}]},{\"@type\":\"BreadcrumbList\",\"@id\":\"https:\/\/ehcteknik.com\/fr\/vehicules\/p15-diverses-applications\/#breadcrumb\",\"itemListElement\":[{\"@type\":\"ListItem\",\"position\":1,\"name\":\"Home\",\"item\":\"https:\/\/ehcteknik.com\/fr\/\"},{\"@type\":\"ListItem\",\"position\":2,\"name\":\"Applications\",\"item\":\"https:\/\/ehcteknik.com\/fr\/vehicules\/\"},{\"@type\":\"ListItem\",\"position\":3,\"name\":\"P15 diverses applications\"}]},{\"@type\":\"WebSite\",\"@id\":\"https:\/\/ehcteknik.com\/fr\/#website\",\"url\":\"https:\/\/ehcteknik.com\/fr\/\",\"name\":\"EHC Teknik\",\"description\":\"We reduce emissions\",\"publisher\":{\"@id\":\"https:\/\/ehcteknik.com\/fr\/#organization\"},\"potentialAction\":[{\"@type\":\"SearchAction\",\"target\":{\"@type\":\"EntryPoint\",\"urlTemplate\":\"https:\/\/ehcteknik.com\/fr\/?s={search_term_string}\"},\"query-input\":{\"@type\":\"PropertyValueSpecification\",\"valueRequired\":true,\"valueName\":\"search_term_string\"}}],\"inLanguage\":\"fr-FR\"},{\"@type\":\"Organization\",\"@id\":\"https:\/\/ehcteknik.com\/fr\/#organization\",\"name\":\"EHC Teknik\",\"url\":\"https:\/\/ehcteknik.com\/fr\/\",\"logo\":{\"@type\":\"ImageObject\",\"inLanguage\":\"fr-FR\",\"@id\":\"https:\/\/ehcteknik.com\/fr\/#\/schema\/logo\/image\/\",\"url\":\"https:\/\/ehcteknik.com\/wp-content\/uploads\/2020\/11\/logo.jpg\",\"contentUrl\":\"https:\/\/ehcteknik.com\/wp-content\/uploads\/2020\/11\/logo.jpg\",\"width\":205,\"height\":58,\"caption\":\"EHC Teknik\"},\"image\":{\"@id\":\"https:\/\/ehcteknik.com\/fr\/#\/schema\/logo\/image\/\"}}]}<\/script>\n<!-- \/ Yoast SEO plugin. -->","yoast_head_json":{"title":"P15 diverses applications | EHC Teknik","description":"Avec notre filtre amovible EHC P15 il est possible de diminuer de >99\u00a0% les \u00e9missions de suie d'un moteur au gazole\/diesel.","robots":{"index":"index","follow":"follow","max-snippet":"max-snippet:-1","max-image-preview":"max-image-preview:large","max-video-preview":"max-video-preview:-1"},"canonical":"https:\/\/ehcteknik.com\/fr\/vehicules\/p15-diverses-applications\/","og_locale":"fr_FR","og_type":"article","og_title":"P15 diverses applications | EHC Teknik","og_description":"Avec notre filtre amovible EHC P15 il est possible de diminuer de >99\u00a0% les \u00e9missions de suie d'un moteur au gazole\/diesel.","og_url":"https:\/\/ehcteknik.com\/fr\/vehicules\/p15-diverses-applications\/","og_site_name":"EHC Teknik","article_modified_time":"2024-04-24T08:15:54+00:00","twitter_card":"summary_large_image","schema":{"@context":"https:\/\/schema.org","@graph":[{"@type":"WebPage","@id":"https:\/\/ehcteknik.com\/fr\/vehicules\/p15-diverses-applications\/","url":"https:\/\/ehcteknik.com\/fr\/vehicules\/p15-diverses-applications\/","name":"P15 diverses applications | EHC Teknik","isPartOf":{"@id":"https:\/\/ehcteknik.com\/fr\/#website"},"datePublished":"2024-04-24T08:15:53+00:00","dateModified":"2024-04-24T08:15:54+00:00","description":"Avec notre filtre amovible EHC P15 il est possible de diminuer de >99\u00a0% les \u00e9missions de suie d'un moteur au gazole\/diesel.","breadcrumb":{"@id":"https:\/\/ehcteknik.com\/fr\/vehicules\/p15-diverses-applications\/#breadcrumb"},"inLanguage":"fr-FR","potentialAction":[{"@type":"ReadAction","target":["https:\/\/ehcteknik.com\/fr\/vehicules\/p15-diverses-applications\/"]}]},{"@type":"BreadcrumbList","@id":"https:\/\/ehcteknik.com\/fr\/vehicules\/p15-diverses-applications\/#breadcrumb","itemListElement":[{"@type":"ListItem","position":1,"name":"Home","item":"https:\/\/ehcteknik.com\/fr\/"},{"@type":"ListItem","position":2,"name":"Applications","item":"https:\/\/ehcteknik.com\/fr\/vehicules\/"},{"@type":"ListItem","position":3,"name":"P15 diverses applications"}]},{"@type":"WebSite","@id":"https:\/\/ehcteknik.com\/fr\/#website","url":"https:\/\/ehcteknik.com\/fr\/","name":"EHC Teknik","description":"We reduce emissions","publisher":{"@id":"https:\/\/ehcteknik.com\/fr\/#organization"},"potentialAction":[{"@type":"SearchAction","target":{"@type":"EntryPoint","urlTemplate":"https:\/\/ehcteknik.com\/fr\/?s={search_term_string}"},"query-input":{"@type":"PropertyValueSpecification","valueRequired":true,"valueName":"search_term_string"}}],"inLanguage":"fr-FR"},{"@type":"Organization","@id":"https:\/\/ehcteknik.com\/fr\/#organization","name":"EHC Teknik","url":"https:\/\/ehcteknik.com\/fr\/","logo":{"@type":"ImageObject","inLanguage":"fr-FR","@id":"https:\/\/ehcteknik.com\/fr\/#\/schema\/logo\/image\/","url":"https:\/\/ehcteknik.com\/wp-content\/uploads\/2020\/11\/logo.jpg","contentUrl":"https:\/\/ehcteknik.com\/wp-content\/uploads\/2020\/11\/logo.jpg","width":205,"height":58,"caption":"EHC Teknik"},"image":{"@id":"https:\/\/ehcteknik.com\/fr\/#\/schema\/logo\/image\/"}}]}},"_links":{"self":[{"href":"https:\/\/ehcteknik.com\/fr\/wp-json\/wp\/v2\/pages\/12479","targetHints":{"allow":["GET"]}}],"collection":[{"href":"https:\/\/ehcteknik.com\/fr\/wp-json\/wp\/v2\/pages"}],"about":[{"href":"https:\/\/ehcteknik.com\/fr\/wp-json\/wp\/v2\/types\/page"}],"author":[{"embeddable":true,"href":"https:\/\/ehcteknik.com\/fr\/wp-json\/wp\/v2\/users\/16"}],"replies":[{"embeddable":true,"href":"https:\/\/ehcteknik.com\/fr\/wp-json\/wp\/v2\/comments?post=12479"}],"version-history":[{"count":2,"href":"https:\/\/ehcteknik.com\/fr\/wp-json\/wp\/v2\/pages\/12479\/revisions"}],"predecessor-version":[{"id":12481,"href":"https:\/\/ehcteknik.com\/fr\/wp-json\/wp\/v2\/pages\/12479\/revisions\/12481"}],"up":[{"embeddable":true,"href":"https:\/\/ehcteknik.com\/fr\/wp-json\/wp\/v2\/pages\/8016"}],"wp:attachment":[{"href":"https:\/\/ehcteknik.com\/fr\/wp-json\/wp\/v2\/media?parent=12479"}],"curies":[{"name":"wp","href":"https:\/\/api.w.org\/{rel}","templated":true}]}}