{"id":5915,"date":"2020-04-24T08:45:32","date_gmt":"2020-04-24T08:45:32","guid":{"rendered":"https:\/\/ehcteknik.com\/ehc-privacy-statement\/"},"modified":"2020-04-24T09:44:40","modified_gmt":"2020-04-24T09:44:40","slug":"ehc-tietosuojalausunto","status":"publish","type":"page","link":"https:\/\/ehcteknik.com\/fi\/ehc-tietosuojalausunto\/","title":{"rendered":"EHC TIETOSUOJALAUSUNTO"},"content":{"rendered":"<div class=\"text-title-block container text-left mt-100 mb-30\">\n  \n      <h2 class=\"h2\"><\/h2>\n  \n\n      <p><p>EHC Teknik ab (\u201cEHC\u201d) on sitoutunut suojaamaan henkil\u00f6iden tunnistettavia tietoja (kuten osoite ja luottokortin numero) (\u201cHenkil\u00f6kohtaiset tiedot\u201d). EHC on ottanut k\u00e4ytt\u00f6\u00f6n k\u00e4yt\u00e4nt\u00f6j\u00e4 ja menetelmi\u00e4 varmistaakseen, ett\u00e4 meille toimitettuja henkil\u00f6kohtaisia tietoja hallitaan ja suojataan, jotta ne pysyv\u00e4t luottamuksellisina. Suojaamme henkil\u00f6kohtaiset tietosi samojen standardien mukaan, joita k\u00e4yt\u00e4mme omien luottamuksellisten tietojemme suojaamiseen. Pyrimme pit\u00e4m\u00e4\u00e4n tiedot suojattuina. K\u00e4yt\u00e4 hetki aikaasi ja lue tietosuojasitoumuksemme.<\/p>\n<p>&nbsp;<\/p>\n<p><strong>1.\u00a0Miksi me KER\u00c4\u00c4MME, K\u00c4YT\u00c4MME JA S\u00c4ILYT\u00c4MME HENKIL\u00d6KOHTAISIA TIETOJA:<\/strong><br \/>\nEHC ker\u00e4\u00e4 henkil\u00f6kohtaisia tietoja ihmisilt\u00e4 k\u00e4sitell\u00e4ksemme myyntej\u00e4, hallitaksemme liikesuhteitamme paremmin ja tarjotaksemme sinulle ajan tasalla olevaa tietoa uusista tuotteista.<\/p>\n<p>Kun osallistut markkinointiohjelmiimme tai asiakaskyselyihimme, edellyt\u00e4mme joitakin Henkil\u00f6kohtaisia tietoja toteuttaaksemme sitoumuksemme sinua kohtaan.<\/p>\n<p><strong>2.\u00a0MIKSI HANKIMME VAIN TARVITTAVAT HENKIL\u00d6KOHTAISET TIEDOT<\/strong><br \/>\nEHC ker\u00e4\u00e4 vain sellaisia tietoja, joita tarvitaan hallitaksemme suhdettasi kanssamme ja tiedottaakseen sinulle uusista tuotevalinnoista. Rajoitamme Henkil\u00f6kohtaisten tietojen ker\u00e4\u00e4misen ja k\u00e4yt\u00f6n vain siihen, mik\u00e4 on tarpeen p\u00e4tevien liiketoimintatarkoitusten suhteen tai noudattaaksemme lains\u00e4\u00e4d\u00e4nt\u00f6\u00e4. T\u00e4h\u00e4n kuuluu maksujen k\u00e4sittely ja tarvittavat luottotietojen tarkastukset.<\/p>\n<p><strong>3.\u00a0MITEN KER\u00c4\u00c4MME HENKIL\u00d6KOHTAISIA TIETOJASI:<\/strong><br \/>\nEHC ker\u00e4\u00e4 tietoja suoraan sinulta aina kun se on mahdollista. Voimme toisinaan ker\u00e4t\u00e4 tietojasi ep\u00e4suorasti saatuamme siihen suostumuksesi.<\/p>\n<p><strong>4.\u00a0SINUN SUOSTUMUKSESI TARVITAAN<\/strong><br \/>\nEHC hankkii suostumuksesi ker\u00e4t\u00e4kseen, k\u00e4ytt\u00e4\u00e4kseen tai paljastaakseen Henkil\u00f6kohtaisia tietojasi. Suostumuksen hankkimisen tapa riippuu siit\u00e4, mink\u00e4 tyyppisi\u00e4 Henkil\u00f6kohtaisia tietoja ker\u00e4t\u00e4\u00e4n, k\u00e4ytet\u00e4\u00e4n tai paljastetaan.<\/p>\n<p>Jos ilmenee erityist\u00e4 tarvetta ker\u00e4t\u00e4, k\u00e4ytt\u00e4\u00e4 tai paljastaa arkaluonteisiksi katsottuja Henkil\u00f6kohtaisia tietojasi, hankimme suostumuksesi ker\u00e4t\u00e4, k\u00e4ytt\u00e4\u00e4 tai paljastaa kyseisi\u00e4 tietoja. Voit antaa nimenomaisen suostumuksesi kirjallisesti, suullisesti tai s\u00e4hk\u00f6isesti. Jos annat meille vapaaehtoisesti Henkil\u00f6kohtaisia tietojasi, katsomme sinun antaneen suostumuksesi niiden ker\u00e4\u00e4miseen.<\/p>\n<p><strong>5.\u00a0EHC RAJOITTAA HENKIL\u00d6KOHTAISTEN TIETOJESI K\u00c4YTT\u00d6\u00c4 JA PALJASTAMISTA<\/strong><br \/>\nEHC k\u00e4ytt\u00e4\u00e4 ja paljastaa Henkil\u00f6kohtaisia tietojasi vain tarkoituksiin, joita varten ne on ker\u00e4tty \u2013 hallitaksemme suhdettasi kanssamme tai lain m\u00e4\u00e4r\u00e4ysten mukaisesti.<\/p>\n<p>Aika ajoin EHC voi antaa sinulle tietoja sinua mahdollisesti kiinnostavista tuotteista tai palveluista. Jos et halua saada t\u00e4llaista markkinointiaineistoa, ota meihin yhteytt\u00e4 milloin vain s\u00e4hk\u00f6postilla osoitteeseen\u00a0<a href=\"mailto:office@ehcteknik.se\">office@ehcteknik.se<\/a>\u00a0. Annamme sinulle tilaisuuden kielt\u00e4yty\u00e4 osallistumasta ohjelmiin ja palveluihin. Voit tehd\u00e4 niin saadessasi meilt\u00e4 viestin tai ottamalla meihin yhteytt\u00e4 t\u00e4ss\u00e4 k\u00e4yt\u00e4nn\u00f6ss\u00e4 selitetyll\u00e4 tavalla.<\/p>\n<p>EHC voi hankkia palveluita kolmannen osapuolen palveluntarjoajilta, ja t\u00e4llaisessa tapauksessa voimme pyyt\u00e4\u00e4 palveluntarjoajaa k\u00e4ytt\u00e4m\u00e4\u00e4n Henkil\u00f6kohtaisia tietojasi puolestamme edustajinamme. Organisaatiot, joiden kanssa jaamme Henkil\u00f6kohtaisia tietojasi, ovat sitoutuneet noudattamaan asianmukaisia sopimuksia EHC:n kanssa Henkil\u00f6kohtaisten tietojesi turvaamiseksi. Henkil\u00f6kohtaiset tietosi siirret\u00e4\u00e4n, jos kolmas osapuoli ostaa kaikki EHC:n varat tai huomattavan osan niist\u00e4.<\/p>\n<p>Me emme anna tai myy mit\u00e4\u00e4n Henkil\u00f6kohtaisia tietoja kolmansille osapuolille markkinointitarkoituksissa, ellet ole antanut meille siihen nimenomaista lupaa.<\/p>\n<p><strong>6.\u00a0EHC RAJOITTAA AJANJAKSOA, JONKA VERRAN S\u00c4ILYT\u00c4MME HENKIL\u00d6KOHTAISIA TIETOJASI<\/strong><\/p>\n<p>EHC s\u00e4ilytt\u00e4\u00e4 Henkil\u00f6kohtaisia tietojasi arkistoissaan vain niin kauan kuin niit\u00e4 tarvitaan niille m\u00e4\u00e4ritettyj\u00e4 tarkoituksia varten tai kuten laki vaatii.<\/p>\n<p><strong>7.\u00a0PID\u00c4MME HENKIL\u00d6KOHTAISET TIETOSI AJAN TASALLA JA T\u00c4SM\u00c4LLISIN\u00c4<\/strong><br \/>\nEHC pit\u00e4\u00e4 henkil\u00f6kohtaiset tietosi tarvittavan t\u00e4sm\u00e4llisin\u00e4 ja ajan tasalla olevina. Voit p\u00e4ivitt\u00e4\u00e4 ja korjata tiedoissamme olevia Henkil\u00f6kohtaisia tietojasi niiden paikkansapit\u00e4vyyden takaamiseksi ottamalla yhteytt\u00e4 tietosuojavastaavaamme.<\/p>\n<p><strong>8.\u00a0ME SUOJAAMME HENKIL\u00d6KOHTAISET TIETOSI<\/strong><br \/>\nEHC k\u00e4ytt\u00e4\u00e4 Henkil\u00f6kohtaisten tietojen luottamuksellisuuden ja turvallisuuden suojaamiseen suunniteltuja suojakeinoja.<\/p>\n<p>Asianmukaisia suojakeinoja k\u00e4ytet\u00e4\u00e4n my\u00f6s, kun tuhoamme Henkil\u00f6kohtaisia tietojasi.<\/p>\n<p><strong>9.\u00a0TIEDONSAANTIOIKEUTESI<\/strong><br \/>\nEHC tukee tiedonsaantioikeuttasi koskien ker\u00e4\u00e4mi\u00e4mme sinua koskevia Henkil\u00f6kohtaisia tietoja. Ota yhteytt\u00e4 tietosuojavastaavaamme, jos haluat pyyt\u00e4\u00e4 saada p\u00e4\u00e4syn tiedoissamme oleviin Henkil\u00f6kohtaisiin tietoihisi. Huomaa, ett\u00e4 emme voi taata t\u00e4ydellist\u00e4 tiedonsaantia tiedonsaantioikeuttasi koskevien oikeudellisten rajoitusten takia. Et esimerkiksi saa p\u00e4\u00e4sy\u00e4 tiedostoihin, jotka sis\u00e4lt\u00e4v\u00e4t EHC:n luottamuksellisia tietoja. Jos sinulle ei anneta p\u00e4\u00e4sy\u00e4, ilmoittaa EHC sinulle syyn ja mahdollisen muutoksenhakumenettelyn.<\/p>\n<p><strong>10.\u00a0KATTAVA TIETOSUOJAK\u00c4YT\u00c4NT\u00d6<\/strong><br \/>\nT\u00e4m\u00e4 tietosuojalausunto on EHC:n tietosuojasitoumus sinulle. Jos sinulla on Tietosuojasitoumustamme koskevaa kysytt\u00e4v\u00e4\u00e4, ota yhteytt\u00e4 tietosuojavastaavaamme.<\/p>\n<p>S\u00e4hk\u00f6posti: <a href=\"mailto:office@ehcteknik.se\">office@ehcteknik.se<\/a><br \/>\nTai puhelin: <a href=\"tel:+46 31 449020\">+46 31 449020<\/a><\/p>\n<\/p>\n  <\/div>\n","protected":false},"excerpt":{"rendered":"","protected":false},"author":6,"featured_media":0,"parent":0,"menu_order":0,"comment_status":"closed","ping_status":"closed","template":"","meta":{"_acf_changed":false,"footnotes":""},"class_list":["post-5915","page","type-page","status-publish","hentry"],"acf":[],"yoast_head":"<!-- This site is optimized with the Yoast SEO plugin v24.2 - https:\/\/yoast.com\/wordpress\/plugins\/seo\/ -->\n<title>EHC TIETOSUOJALAUSUNTO | EHC Teknik<\/title>\n<meta name=\"robots\" content=\"index, follow, max-snippet:-1, max-image-preview:large, max-video-preview:-1\" \/>\n<link rel=\"canonical\" href=\"https:\/\/ehcteknik.com\/fi\/ehc-tietosuojalausunto\/\" \/>\n<meta property=\"og:locale\" content=\"fi_FI\" \/>\n<meta property=\"og:type\" content=\"article\" \/>\n<meta property=\"og:title\" content=\"EHC TIETOSUOJALAUSUNTO | EHC Teknik\" \/>\n<meta property=\"og:url\" content=\"https:\/\/ehcteknik.com\/fi\/ehc-tietosuojalausunto\/\" \/>\n<meta property=\"og:site_name\" content=\"EHC Teknik\" \/>\n<meta property=\"article:modified_time\" content=\"2020-04-24T09:44:40+00:00\" \/>\n<meta name=\"twitter:card\" content=\"summary_large_image\" \/>\n<script type=\"application\/ld+json\" class=\"yoast-schema-graph\">{\"@context\":\"https:\/\/schema.org\",\"@graph\":[{\"@type\":\"WebPage\",\"@id\":\"https:\/\/ehcteknik.com\/fi\/ehc-tietosuojalausunto\/\",\"url\":\"https:\/\/ehcteknik.com\/fi\/ehc-tietosuojalausunto\/\",\"name\":\"EHC TIETOSUOJALAUSUNTO | EHC Teknik\",\"isPartOf\":{\"@id\":\"https:\/\/ehcteknik.com\/fi\/#website\"},\"datePublished\":\"2020-04-24T08:45:32+00:00\",\"dateModified\":\"2020-04-24T09:44:40+00:00\",\"breadcrumb\":{\"@id\":\"https:\/\/ehcteknik.com\/fi\/ehc-tietosuojalausunto\/#breadcrumb\"},\"inLanguage\":\"fi\",\"potentialAction\":[{\"@type\":\"ReadAction\",\"target\":[\"https:\/\/ehcteknik.com\/fi\/ehc-tietosuojalausunto\/\"]}]},{\"@type\":\"BreadcrumbList\",\"@id\":\"https:\/\/ehcteknik.com\/fi\/ehc-tietosuojalausunto\/#breadcrumb\",\"itemListElement\":[{\"@type\":\"ListItem\",\"position\":1,\"name\":\"Home\",\"item\":\"https:\/\/ehcteknik.com\/fi\/\"},{\"@type\":\"ListItem\",\"position\":2,\"name\":\"EHC TIETOSUOJALAUSUNTO\"}]},{\"@type\":\"WebSite\",\"@id\":\"https:\/\/ehcteknik.com\/fi\/#website\",\"url\":\"https:\/\/ehcteknik.com\/fi\/\",\"name\":\"EHC Teknik\",\"description\":\"We reduce emissions\",\"publisher\":{\"@id\":\"https:\/\/ehcteknik.com\/fi\/#organization\"},\"potentialAction\":[{\"@type\":\"SearchAction\",\"target\":{\"@type\":\"EntryPoint\",\"urlTemplate\":\"https:\/\/ehcteknik.com\/fi\/?s={search_term_string}\"},\"query-input\":{\"@type\":\"PropertyValueSpecification\",\"valueRequired\":true,\"valueName\":\"search_term_string\"}}],\"inLanguage\":\"fi\"},{\"@type\":\"Organization\",\"@id\":\"https:\/\/ehcteknik.com\/fi\/#organization\",\"name\":\"EHC Teknik\",\"url\":\"https:\/\/ehcteknik.com\/fi\/\",\"logo\":{\"@type\":\"ImageObject\",\"inLanguage\":\"fi\",\"@id\":\"https:\/\/ehcteknik.com\/fi\/#\/schema\/logo\/image\/\",\"url\":\"https:\/\/ehcteknik.com\/wp-content\/uploads\/2020\/11\/logo.jpg\",\"contentUrl\":\"https:\/\/ehcteknik.com\/wp-content\/uploads\/2020\/11\/logo.jpg\",\"width\":205,\"height\":58,\"caption\":\"EHC Teknik\"},\"image\":{\"@id\":\"https:\/\/ehcteknik.com\/fi\/#\/schema\/logo\/image\/\"}}]}<\/script>\n<!-- \/ Yoast SEO plugin. -->","yoast_head_json":{"title":"EHC TIETOSUOJALAUSUNTO | EHC Teknik","robots":{"index":"index","follow":"follow","max-snippet":"max-snippet:-1","max-image-preview":"max-image-preview:large","max-video-preview":"max-video-preview:-1"},"canonical":"https:\/\/ehcteknik.com\/fi\/ehc-tietosuojalausunto\/","og_locale":"fi_FI","og_type":"article","og_title":"EHC TIETOSUOJALAUSUNTO | EHC Teknik","og_url":"https:\/\/ehcteknik.com\/fi\/ehc-tietosuojalausunto\/","og_site_name":"EHC Teknik","article_modified_time":"2020-04-24T09:44:40+00:00","twitter_card":"summary_large_image","schema":{"@context":"https:\/\/schema.org","@graph":[{"@type":"WebPage","@id":"https:\/\/ehcteknik.com\/fi\/ehc-tietosuojalausunto\/","url":"https:\/\/ehcteknik.com\/fi\/ehc-tietosuojalausunto\/","name":"EHC TIETOSUOJALAUSUNTO | EHC Teknik","isPartOf":{"@id":"https:\/\/ehcteknik.com\/fi\/#website"},"datePublished":"2020-04-24T08:45:32+00:00","dateModified":"2020-04-24T09:44:40+00:00","breadcrumb":{"@id":"https:\/\/ehcteknik.com\/fi\/ehc-tietosuojalausunto\/#breadcrumb"},"inLanguage":"fi","potentialAction":[{"@type":"ReadAction","target":["https:\/\/ehcteknik.com\/fi\/ehc-tietosuojalausunto\/"]}]},{"@type":"BreadcrumbList","@id":"https:\/\/ehcteknik.com\/fi\/ehc-tietosuojalausunto\/#breadcrumb","itemListElement":[{"@type":"ListItem","position":1,"name":"Home","item":"https:\/\/ehcteknik.com\/fi\/"},{"@type":"ListItem","position":2,"name":"EHC TIETOSUOJALAUSUNTO"}]},{"@type":"WebSite","@id":"https:\/\/ehcteknik.com\/fi\/#website","url":"https:\/\/ehcteknik.com\/fi\/","name":"EHC Teknik","description":"We reduce emissions","publisher":{"@id":"https:\/\/ehcteknik.com\/fi\/#organization"},"potentialAction":[{"@type":"SearchAction","target":{"@type":"EntryPoint","urlTemplate":"https:\/\/ehcteknik.com\/fi\/?s={search_term_string}"},"query-input":{"@type":"PropertyValueSpecification","valueRequired":true,"valueName":"search_term_string"}}],"inLanguage":"fi"},{"@type":"Organization","@id":"https:\/\/ehcteknik.com\/fi\/#organization","name":"EHC Teknik","url":"https:\/\/ehcteknik.com\/fi\/","logo":{"@type":"ImageObject","inLanguage":"fi","@id":"https:\/\/ehcteknik.com\/fi\/#\/schema\/logo\/image\/","url":"https:\/\/ehcteknik.com\/wp-content\/uploads\/2020\/11\/logo.jpg","contentUrl":"https:\/\/ehcteknik.com\/wp-content\/uploads\/2020\/11\/logo.jpg","width":205,"height":58,"caption":"EHC Teknik"},"image":{"@id":"https:\/\/ehcteknik.com\/fi\/#\/schema\/logo\/image\/"}}]}},"_links":{"self":[{"href":"https:\/\/ehcteknik.com\/fi\/wp-json\/wp\/v2\/pages\/5915","targetHints":{"allow":["GET"]}}],"collection":[{"href":"https:\/\/ehcteknik.com\/fi\/wp-json\/wp\/v2\/pages"}],"about":[{"href":"https:\/\/ehcteknik.com\/fi\/wp-json\/wp\/v2\/types\/page"}],"author":[{"embeddable":true,"href":"https:\/\/ehcteknik.com\/fi\/wp-json\/wp\/v2\/users\/6"}],"replies":[{"embeddable":true,"href":"https:\/\/ehcteknik.com\/fi\/wp-json\/wp\/v2\/comments?post=5915"}],"version-history":[{"count":6,"href":"https:\/\/ehcteknik.com\/fi\/wp-json\/wp\/v2\/pages\/5915\/revisions"}],"predecessor-version":[{"id":5955,"href":"https:\/\/ehcteknik.com\/fi\/wp-json\/wp\/v2\/pages\/5915\/revisions\/5955"}],"wp:attachment":[{"href":"https:\/\/ehcteknik.com\/fi\/wp-json\/wp\/v2\/media?parent=5915"}],"curies":[{"name":"wp","href":"https:\/\/api.w.org\/{rel}","templated":true}]}}