{"id":3435,"date":"2020-02-23T12:22:40","date_gmt":"2020-02-23T12:22:40","guid":{"rendered":"https:\/\/ehcteknik.com\/?page_id=3435"},"modified":"2020-03-11T10:15:27","modified_gmt":"2020-03-11T10:15:27","slug":"jalkiasennus","status":"publish","type":"page","link":"https:\/\/ehcteknik.com\/fi\/jalkiasennus\/","title":{"rendered":"J\u00e4lkiasennus"},"content":{"rendered":"<div class=\"image-text-block container mt-100 mb-100\">\n  <div class=\"row\">\n              <div class=\"col-12 col-md-6 image-text text text-vertical-center\">\n            <div>\n              \n              \n                                  <div class=\"bg-primary mb-3\" style=\"width: 86px;height: 4px;\"><\/div>\n                \n                                  <h2 class=\"h1 mb-3\">Hiukkassuodattimen j\u00e4lkiasennus EHC-suodattimella<\/h2>\n                \n                <div class=\"text-muted\">\n                  <p>Hiukkassuodattimemme voidaan j\u00e4lkiasentaa dieselmoottoreihin dieselhiukkasten (tai nokihiukkasten) poistamiseksi. Moottoritekniikkaan ja k\u00e4ytt\u00f6m\u00e4\u00e4rityksiin perustuen hiukkasp\u00e4\u00e4st\u00f6jen v\u00e4hent\u00e4miseksi voidaan k\u00e4ytt\u00e4\u00e4 erilaisia suodatustekniikkoja, olosuhteista riippuen. Jatka lukemista saadaksesi lis\u00e4tietoa.<\/p>\n<p>Mik\u00e4li sinulla on kysytt\u00e4v\u00e4\u00e4 hiukkassuodattimiemme j\u00e4lkiasennuksesta, otathan meihin yhteytt\u00e4.<\/p>\n                <\/div>\n\n                \n                          <\/div>\n          <\/div>\n                <div class=\"col-12 col-md-6 image-text image \">\n            <div>\n                              <img decoding=\"async\" alt=\"\" src=\"https:\/\/ehcteknik.com\/wp-content\/uploads\/2019\/11\/Screenshot-2019-11-24-at-11.30.10.png\">\n              \n                          <\/div>\n          <\/div>\n        <\/div>\n<\/div>\n\n\n<div class=\"text-title-block container text-left mt-100 mb-100\">\n  \n      <h2 class=\"h2\">Wall-Flow-suodattimet \u2013 er\u00e4\u00e4nlaisia DPF-suodattimia<\/h2>\n  \n\n      <p><p>Wall-Flow-suodattimissa hiukkaset poistetaan pakokaasuista fysikaalisella suodatuksella k\u00e4ytt\u00e4m\u00e4ll\u00e4 hunajakennorakennetta, joka on vastaava kuin p\u00e4\u00e4st\u00f6jen sis\u00e4lt\u00e4mien katalyyttien substraatit, mutta jonka kanavat tukitaan vuorottelevissa p\u00e4\u00e4dyiss\u00e4. T\u00e4m\u00e4 pakottaa pakokaasun virtaamaan sein\u00e4mien l\u00e4pi kanavien v\u00e4lill\u00e4, hiukkasten kiinnittyess\u00e4 sein\u00e4miin er\u00e4\u00e4nlaisena &#8221;nokikakkuna&#8221;. N\u00e4m\u00e4 suodattimet on valmistettu keraamisista hunajakennomateriaaleista (kordieriitti, piikarbidi tai alumiinititanaatti).<\/p>\n<p>Keraamiset Wall-Flow-suodattimet poistavat l\u00e4hes t\u00e4ysin hiilihiukkaset, mukaan lukien pienhiukkaset, joiden halkaisija on alle 100 nanometri\u00e4 (nm) ja joiden hy\u00f6tysuhde on &gt; 95 % massan ja &gt; 99 % hiukkasten lukum\u00e4\u00e4r\u00e4n suhteen. N\u00e4m\u00e4 lukemat on saatu mittaamalla moottoreiden k\u00e4ytt\u00f6olosuhteita laaja-alaisesti. Koska noen jatkuva virtaus suodattimeen tukkisi sen lopulta, suodattimen suodatusominaisuudet on \u201dpuhdistettava\u201d polttamalla siihen ker\u00e4\u00e4ntyv\u00e4 noki s\u00e4\u00e4nn\u00f6llisesti. Nokihiukkasten palaessa muodostuu enimm\u00e4kseen vett\u00e4 ja pieni\u00e4 m\u00e4\u00e4ri\u00e4 hiilidioksidip\u00e4\u00e4st\u00f6j\u00e4 (alle 0,05 % moottorin hiilidioksidip\u00e4\u00e4st\u00f6ist\u00e4.)<\/p>\n<p>Menestyneimpi\u00e4 menetelmi\u00e4 puhdistuksen saavuttamiseksi j\u00e4lkiasennuksella ovat:<\/p>\n<ul>\n<li>Hapetuskatalyytin sis\u00e4llytt\u00e4minen suodattimen yl\u00e4osaan. Toimii tavanomaisen hapetuskatalyytin tavoin, mutta my\u00f6s lis\u00e4ten nitrogeenioksidin ja typpioksidin suhdetta pakokaasuissa. Nitrogeenioksidin ja hapen voimakkaiden oksidatiivisten ominaisuuksien ansiosta loukkuun j\u00e4\u00e4neet hiukkaset palavat pakokaasujen alhaisemmissa l\u00e4mp\u00f6tiloissa.<\/li>\n<li>Suodatin sis\u00e4lt\u00e4\u00e4 katalyyttisen pinnoitteen. T\u00e4m\u00e4 alentaa puhdistusl\u00e4mp\u00f6tilan alarajan vastaamaan pakokaasun normaalia l\u00e4mp\u00f6tilaa.<\/li>\n<li>Katalyyttej\u00e4, kuten rautaa tai ceriumin lis\u00e4aineyhdisteit\u00e4, lis\u00e4t\u00e4\u00e4n polttoaines\u00e4ili\u00f6\u00f6n ajoneuvon annosteluj\u00e4rjestelm\u00e4n kautta. Kun katalyytti ker\u00e4t\u00e4\u00e4n suodattimeen sekoitettuna hiukkasiin, se auttaa hiukkasia palamaan pakokaasujen alhaisemmissa l\u00e4mp\u00f6tiloissa (noin 300\u2013330 \u00b0C verrattuna 650 \u00b0C l\u00e4mp\u00f6tilaan) sek\u00e4 lis\u00e4\u00e4 hiukkasten palaessa kinetiikkaa (tyypillisesti 2\u20133 minuuttia), samalla kun katalyytin kiinte\u00e4t j\u00e4\u00e4nn\u00f6kset ker\u00e4\u00e4ntyv\u00e4t suodattimeen tuhkana. Suodattimen pitk\u00e4aikaisen eheyden yll\u00e4pit\u00e4miseksi palamisprosessia on kriittisen t\u00e4rke\u00e4\u00e4 voida hallita. Suorituskyky l\u00e4mp\u00f6tilan ja kinetiikan suhteen tekee FBC- tekniikasta erityisen sopivan kaupunkiajoon ja pys\u00e4htelev\u00e4\u00e4n ajoon v\u00e4h\u00e4isell\u00e4 polttoainem\u00e4\u00e4r\u00e4ll\u00e4.<\/li>\n<li>Suodattimen ulkoinen l\u00e4mmitys s\u00e4hk\u00f6l\u00e4mmittimen avulla onnistuu joko ajoneuvon tai koneen sis\u00e4- tai ulkopuolelta. T\u00e4m\u00e4 menetelm\u00e4 sopii ainoastaan teolliseen k\u00e4ytt\u00f6\u00f6n ja sit\u00e4 k\u00e4ytet\u00e4\u00e4n yleens\u00e4 vain moottorin ollessa sammutettuna.<\/li>\n<li>Polttoaineen ruiskutin pakokaasuj\u00e4rjestelm\u00e4ss\u00e4, DPF-suodattimen yl\u00e4osassa.<\/li>\n<\/ul>\n<p>Oletko kiinnostunut j\u00e4lkiasentamaan ajoneuvoon DPF-suodattimen? Ota yhteytt\u00e4 meihin l\u00f6yt\u00e4\u00e4ksesi sinulle sopivimman suodatinratkaisun.<\/p>\n<\/p>\n  <\/div>\n\n\n<div class=\"contact-block w-100 py-5 d-block mt-30 mb-30\">\n  <div class=\"container\">\n          <h2 class=\"text-center text-white mb-4\">Ota meihin yhteytt\u00e4 <\/h2>\n    \n    <script type=\"text\/javascript\">\n\/* <![CDATA[ *\/\nvar gform;gform||(document.addEventListener(\"gform_main_scripts_loaded\",function(){gform.scriptsLoaded=!0}),document.addEventListener(\"gform\/theme\/scripts_loaded\",function(){gform.themeScriptsLoaded=!0}),window.addEventListener(\"DOMContentLoaded\",function(){gform.domLoaded=!0}),gform={domLoaded:!1,scriptsLoaded:!1,themeScriptsLoaded:!1,isFormEditor:()=>\"function\"==typeof InitializeEditor,callIfLoaded:function(o){return!(!gform.domLoaded||!gform.scriptsLoaded||!gform.themeScriptsLoaded&&!gform.isFormEditor()||(gform.isFormEditor()&&console.warn(\"The use of gform.initializeOnLoaded() is deprecated in the form editor context and will be removed in Gravity Forms 3.1.\"),o(),0))},initializeOnLoaded:function(o){gform.callIfLoaded(o)||(document.addEventListener(\"gform_main_scripts_loaded\",()=>{gform.scriptsLoaded=!0,gform.callIfLoaded(o)}),document.addEventListener(\"gform\/theme\/scripts_loaded\",()=>{gform.themeScriptsLoaded=!0,gform.callIfLoaded(o)}),window.addEventListener(\"DOMContentLoaded\",()=>{gform.domLoaded=!0,gform.callIfLoaded(o)}))},hooks:{action:{},filter:{}},addAction:function(o,r,e,t){gform.addHook(\"action\",o,r,e,t)},addFilter:function(o,r,e,t){gform.addHook(\"filter\",o,r,e,t)},doAction:function(o){gform.doHook(\"action\",o,arguments)},applyFilters:function(o){return gform.doHook(\"filter\",o,arguments)},removeAction:function(o,r){gform.removeHook(\"action\",o,r)},removeFilter:function(o,r,e){gform.removeHook(\"filter\",o,r,e)},addHook:function(o,r,e,t,n){null==gform.hooks[o][r]&&(gform.hooks[o][r]=[]);var d=gform.hooks[o][r];null==n&&(n=r+\"_\"+d.length),gform.hooks[o][r].push({tag:n,callable:e,priority:t=null==t?10:t})},doHook:function(r,o,e){var t;if(e=Array.prototype.slice.call(e,1),null!=gform.hooks[r][o]&&((o=gform.hooks[r][o]).sort(function(o,r){return o.priority-r.priority}),o.forEach(function(o){\"function\"!=typeof(t=o.callable)&&(t=window[t]),\"action\"==r?t.apply(null,e):e[0]=t.apply(null,e)})),\"filter\"==r)return e[0]},removeHook:function(o,r,t,n){var e;null!=gform.hooks[o][r]&&(e=(e=gform.hooks[o][r]).filter(function(o,r,e){return!!(null!=n&&n!=o.tag||null!=t&&t!=o.priority)}),gform.hooks[o][r]=e)}});\n\/* ]]> *\/\n<\/script>\n\n                <div class='gf_browser_gecko gform_wrapper gform_legacy_markup_wrapper gform-theme--no-framework' data-form-theme='legacy' data-form-index='0' id='gform_wrapper_1' >\n                        <div class='gform_heading'>\n                            <p class='gform_description'><\/p>\n                        <\/div><form method='post' enctype='multipart\/form-data'  id='gform_1'  action='\/fi\/wp-json\/wp\/v2\/pages\/3435' data-formid='1' novalidate>\n                        <div class='gform-body gform_body'><ul id='gform_fields_1' class='gform_fields top_label form_sublabel_below description_below validation_below'><li id=\"field_1_7\" class=\"gfield gfield--type-honeypot gform_validation_container field_sublabel_below gfield--has-description field_description_below field_validation_below gfield_visibility_visible\"  ><label class='gfield_label gform-field-label' for='input_1_7'>Instagram<\/label><div class='ginput_container'><input name='input_7' id='input_1_7' type='text' value='' autocomplete='new-password'\/><\/div><div class='gfield_description' id='gfield_description_1_7'>Kentt\u00e4 on validointitarkoituksiin ja tulee j\u00e4tt\u00e4\u00e4 koskemattomaksi.<\/div><\/li><li id=\"field_1_1\" class=\"gfield gfield--type-text field_sublabel_below gfield--no-description field_description_below field_validation_below gfield_visibility_visible\"  ><label class='gfield_label gform-field-label' for='input_1_1'>Nimi<\/label><div class='ginput_container ginput_container_text'><input name='input_1' id='input_1_1' type='text' value='' class='medium'    placeholder='Nimi'  aria-invalid=\"false\"   \/><\/div><\/li><li id=\"field_1_2\" class=\"gfield gfield--type-text field_sublabel_below gfield--no-description field_description_below field_validation_below gfield_visibility_visible\"  ><label class='gfield_label gform-field-label' for='input_1_2'>Maa<\/label><div class='ginput_container ginput_container_text'><input name='input_2' id='input_1_2' type='text' value='' class='medium'    placeholder='Maa'  aria-invalid=\"false\"   \/><\/div><\/li><li id=\"field_1_3\" class=\"gfield gfield--type-text field_sublabel_below gfield--no-description field_description_below field_validation_below gfield_visibility_visible\"  ><label class='gfield_label gform-field-label' for='input_1_3'>Email<\/label><div class='ginput_container ginput_container_text'><input name='input_3' id='input_1_3' type='text' value='' class='medium'    placeholder='Email'  aria-invalid=\"false\"   \/><\/div><\/li><li id=\"field_1_4\" class=\"gfield gfield--type-text field_sublabel_below gfield--no-description field_description_below field_validation_below gfield_visibility_visible\"  ><label class='gfield_label gform-field-label' for='input_1_4'>Puhelinnumero<\/label><div class='ginput_container ginput_container_text'><input name='input_4' id='input_1_4' type='text' value='' class='medium'    placeholder='Puhelinnumero'  aria-invalid=\"false\"   \/><\/div><\/li><li id=\"field_1_5\" class=\"gfield gfield--type-textarea field_sublabel_below gfield--no-description field_description_below field_validation_below gfield_visibility_visible\"  ><label class='gfield_label gform-field-label' for='input_1_5'>Viestisi<\/label><div class='ginput_container ginput_container_textarea'><textarea name='input_5' id='input_1_5' class='textarea medium'    placeholder='Viestisi'  aria-invalid=\"false\"   rows='10' cols='50'><\/textarea><\/div><\/li><li id=\"field_1_6\" class=\"gfield gfield--type-captcha field_sublabel_below gfield--no-description field_description_below field_validation_below gfield_visibility_visible\"  ><label class='gfield_label gform-field-label' for='input_1_6'>CAPTCHA<\/label><div id='input_1_6' class='ginput_container ginput_recaptcha' data-sitekey='6LfFqPMUAAAAADxrhmUk3II65cUMz4qCvA2g3Ivl'  data-theme='light' data-tabindex='0'  data-badge=''><\/div><\/li><\/ul><\/div>\n        <div class='gform-footer gform_footer top_label'> <input type='submit' id='gform_submit_button_1' class='gform_button button' onclick='gform.submission.handleButtonClick(this);' data-submission-type='submit' value='L\u00e4hett\u00e4\u00e4'  \/> \n            <input type='hidden' class='gform_hidden' name='gform_submission_method' data-js='gform_submission_method_1' value='postback' \/>\n            <input type='hidden' class='gform_hidden' name='gform_theme' data-js='gform_theme_1' id='gform_theme_1' value='legacy' \/>\n            <input type='hidden' class='gform_hidden' name='gform_style_settings' data-js='gform_style_settings_1' id='gform_style_settings_1' value='[]' \/>\n            <input type='hidden' class='gform_hidden' name='is_submit_1' value='1' \/>\n            <input type='hidden' class='gform_hidden' name='gform_submit' value='1' \/>\n            \n            <input type='hidden' class='gform_hidden' name='gform_currency' data-currency='USD' value='YFnd0HEbXdNnx\/HW7cTpqizYfRCyT8gUciO6yDGc3G8g3MB\/eAwVYfiKsCv5wMYUAD6i2iqDAp33e9xk61LvnttXripQmWGDprGTubhHRwJrJiI=' \/>\n            <input type='hidden' class='gform_hidden' name='gform_unique_id' value='' \/>\n            <input type='hidden' class='gform_hidden' name='state_1' value='WyJbXSIsIjg4Mjg4OGJiZWEwMDMxZDkwNDg0YzZlYzAyYTUwMTg4Il0=' \/>\n            <input type='hidden' autocomplete='off' class='gform_hidden' name='gform_target_page_number_1' id='gform_target_page_number_1' value='0' \/>\n            <input type='hidden' autocomplete='off' class='gform_hidden' name='gform_source_page_number_1' id='gform_source_page_number_1' value='1' \/>\n            <input type='hidden' name='gform_field_values' value='' \/>\n            \n        <\/div>\n                        <\/form>\n                        <\/div><script type=\"text\/javascript\">\n\/* <![CDATA[ *\/\ndocument.addEventListener( \"DOMContentLoaded\", function() { gform.initializeOnLoaded( function() {gformInitSpinner( 1, 'https:\/\/ehcteknik.com\/wp-content\/plugins\/gravityforms\/images\/spinner.svg', true );jQuery('#gform_ajax_frame_1').on('load',function(){var contents = jQuery(this).contents().find('*').html();var is_postback = contents.indexOf('GF_AJAX_POSTBACK') >= 0;if(!is_postback){return;}var form_content = jQuery(this).contents().find('#gform_wrapper_1');var is_confirmation = jQuery(this).contents().find('#gform_confirmation_wrapper_1').length > 0;var is_redirect = contents.indexOf('gformRedirect(){') >= 0;var is_form = form_content.length > 0 && ! is_redirect && ! is_confirmation;var mt = parseInt(jQuery('html').css('margin-top'), 10) + parseInt(jQuery('body').css('margin-top'), 10) + 100;if(is_form){jQuery('#gform_wrapper_1').html(form_content.html());if(form_content.hasClass('gform_validation_error')){jQuery('#gform_wrapper_1').addClass('gform_validation_error');} else {jQuery('#gform_wrapper_1').removeClass('gform_validation_error');}setTimeout( function() { \/* delay the scroll by 50 milliseconds to fix a bug in chrome *\/  }, 50 );if(window['gformInitDatepicker']) {gformInitDatepicker();}if(window['gformInitPriceFields']) {gformInitPriceFields();}var current_page = jQuery('#gform_source_page_number_1').val();gformInitSpinner( 1, 'https:\/\/ehcteknik.com\/wp-content\/plugins\/gravityforms\/images\/spinner.svg', true );jQuery(document).trigger('gform_page_loaded', [1, current_page]);window['gf_submitting_1'] = false;}else if(!is_redirect){var confirmation_content = jQuery(this).contents().find('.GF_AJAX_POSTBACK').html();if(!confirmation_content){confirmation_content = contents;}jQuery('#gform_wrapper_1').replaceWith(confirmation_content);jQuery(document).trigger('gform_confirmation_loaded', [1]);window['gf_submitting_1'] = false;wp.a11y.speak(jQuery('#gform_confirmation_message_1').text());}else{jQuery('#gform_1').append(contents);if(window['gformRedirect']) {gformRedirect();}}jQuery(document).trigger(\"gform_pre_post_render\", [{ formId: \"1\", currentPage: \"current_page\", abort: function() { this.preventDefault(); } }]);        if (event && event.defaultPrevented) {                return;        }        const gformWrapperDiv = document.getElementById( \"gform_wrapper_1\" );        if ( gformWrapperDiv ) {            const visibilitySpan = document.createElement( \"span\" );            visibilitySpan.id = \"gform_visibility_test_1\";            gformWrapperDiv.insertAdjacentElement( \"afterend\", visibilitySpan );        }        const visibilityTestDiv = document.getElementById( \"gform_visibility_test_1\" );        let postRenderFired = false;        function triggerPostRender() {            if ( postRenderFired ) {                return;            }            postRenderFired = true;            gform.core.triggerPostRenderEvents( 1, current_page );            if ( visibilityTestDiv ) {                visibilityTestDiv.parentNode.removeChild( visibilityTestDiv );            }        }        function debounce( func, wait, immediate ) {            var timeout;            return function() {                var context = this, args = arguments;                var later = function() {                    timeout = null;                    if ( !immediate ) func.apply( context, args );                };                var callNow = immediate && !timeout;                clearTimeout( timeout );                timeout = setTimeout( later, wait );                if ( callNow ) func.apply( context, args );            };        }        const debouncedTriggerPostRender = debounce( function() {            triggerPostRender();        }, 200 );        if ( visibilityTestDiv && visibilityTestDiv.offsetParent === null ) {            const observer = new MutationObserver( ( mutations ) => {                mutations.forEach( ( mutation ) => {                    if ( mutation.type === 'attributes' && visibilityTestDiv.offsetParent !== null ) {                        debouncedTriggerPostRender();                        observer.disconnect();                    }                });            });            observer.observe( document.body, {                attributes: true,                childList: false,                subtree: true,                attributeFilter: [ 'style', 'class' ],            });        } else {            triggerPostRender();        }    } );} );  }, false );\n\/* ]]> *\/\n<\/script>\n  <\/div>\n<\/div>","protected":false},"excerpt":{"rendered":"","protected":false},"author":6,"featured_media":0,"parent":0,"menu_order":0,"comment_status":"closed","ping_status":"closed","template":"","meta":{"_acf_changed":false,"footnotes":""},"class_list":["post-3435","page","type-page","status-publish","hentry"],"acf":[],"yoast_head":"<!-- This site is optimized with the Yoast SEO plugin v24.2 - https:\/\/yoast.com\/wordpress\/plugins\/seo\/ -->\n<title>J\u00e4lkiasennus | EHC Teknik<\/title>\n<meta name=\"robots\" content=\"index, follow, max-snippet:-1, max-image-preview:large, max-video-preview:-1\" \/>\n<link rel=\"canonical\" href=\"https:\/\/ehcteknik.com\/fi\/jalkiasennus\/\" \/>\n<meta property=\"og:locale\" content=\"fi_FI\" \/>\n<meta property=\"og:type\" content=\"article\" \/>\n<meta property=\"og:title\" content=\"J\u00e4lkiasennus | EHC Teknik\" \/>\n<meta property=\"og:url\" content=\"https:\/\/ehcteknik.com\/fi\/jalkiasennus\/\" \/>\n<meta property=\"og:site_name\" content=\"EHC Teknik\" \/>\n<meta property=\"article:modified_time\" content=\"2020-03-11T10:15:27+00:00\" \/>\n<meta name=\"twitter:card\" content=\"summary_large_image\" \/>\n<script type=\"application\/ld+json\" class=\"yoast-schema-graph\">{\"@context\":\"https:\/\/schema.org\",\"@graph\":[{\"@type\":\"WebPage\",\"@id\":\"https:\/\/ehcteknik.com\/fi\/jalkiasennus\/\",\"url\":\"https:\/\/ehcteknik.com\/fi\/jalkiasennus\/\",\"name\":\"J\u00e4lkiasennus | EHC Teknik\",\"isPartOf\":{\"@id\":\"https:\/\/ehcteknik.com\/fi\/#website\"},\"datePublished\":\"2020-02-23T12:22:40+00:00\",\"dateModified\":\"2020-03-11T10:15:27+00:00\",\"breadcrumb\":{\"@id\":\"https:\/\/ehcteknik.com\/fi\/jalkiasennus\/#breadcrumb\"},\"inLanguage\":\"fi\",\"potentialAction\":[{\"@type\":\"ReadAction\",\"target\":[\"https:\/\/ehcteknik.com\/fi\/jalkiasennus\/\"]}]},{\"@type\":\"BreadcrumbList\",\"@id\":\"https:\/\/ehcteknik.com\/fi\/jalkiasennus\/#breadcrumb\",\"itemListElement\":[{\"@type\":\"ListItem\",\"position\":1,\"name\":\"Home\",\"item\":\"https:\/\/ehcteknik.com\/fi\/\"},{\"@type\":\"ListItem\",\"position\":2,\"name\":\"J\u00e4lkiasennus\"}]},{\"@type\":\"WebSite\",\"@id\":\"https:\/\/ehcteknik.com\/fi\/#website\",\"url\":\"https:\/\/ehcteknik.com\/fi\/\",\"name\":\"EHC Teknik\",\"description\":\"We reduce emissions\",\"publisher\":{\"@id\":\"https:\/\/ehcteknik.com\/fi\/#organization\"},\"potentialAction\":[{\"@type\":\"SearchAction\",\"target\":{\"@type\":\"EntryPoint\",\"urlTemplate\":\"https:\/\/ehcteknik.com\/fi\/?s={search_term_string}\"},\"query-input\":{\"@type\":\"PropertyValueSpecification\",\"valueRequired\":true,\"valueName\":\"search_term_string\"}}],\"inLanguage\":\"fi\"},{\"@type\":\"Organization\",\"@id\":\"https:\/\/ehcteknik.com\/fi\/#organization\",\"name\":\"EHC Teknik\",\"url\":\"https:\/\/ehcteknik.com\/fi\/\",\"logo\":{\"@type\":\"ImageObject\",\"inLanguage\":\"fi\",\"@id\":\"https:\/\/ehcteknik.com\/fi\/#\/schema\/logo\/image\/\",\"url\":\"https:\/\/ehcteknik.com\/wp-content\/uploads\/2020\/11\/logo.jpg\",\"contentUrl\":\"https:\/\/ehcteknik.com\/wp-content\/uploads\/2020\/11\/logo.jpg\",\"width\":205,\"height\":58,\"caption\":\"EHC Teknik\"},\"image\":{\"@id\":\"https:\/\/ehcteknik.com\/fi\/#\/schema\/logo\/image\/\"}}]}<\/script>\n<!-- \/ Yoast SEO plugin. -->","yoast_head_json":{"title":"J\u00e4lkiasennus | EHC Teknik","robots":{"index":"index","follow":"follow","max-snippet":"max-snippet:-1","max-image-preview":"max-image-preview:large","max-video-preview":"max-video-preview:-1"},"canonical":"https:\/\/ehcteknik.com\/fi\/jalkiasennus\/","og_locale":"fi_FI","og_type":"article","og_title":"J\u00e4lkiasennus | EHC Teknik","og_url":"https:\/\/ehcteknik.com\/fi\/jalkiasennus\/","og_site_name":"EHC Teknik","article_modified_time":"2020-03-11T10:15:27+00:00","twitter_card":"summary_large_image","schema":{"@context":"https:\/\/schema.org","@graph":[{"@type":"WebPage","@id":"https:\/\/ehcteknik.com\/fi\/jalkiasennus\/","url":"https:\/\/ehcteknik.com\/fi\/jalkiasennus\/","name":"J\u00e4lkiasennus | EHC Teknik","isPartOf":{"@id":"https:\/\/ehcteknik.com\/fi\/#website"},"datePublished":"2020-02-23T12:22:40+00:00","dateModified":"2020-03-11T10:15:27+00:00","breadcrumb":{"@id":"https:\/\/ehcteknik.com\/fi\/jalkiasennus\/#breadcrumb"},"inLanguage":"fi","potentialAction":[{"@type":"ReadAction","target":["https:\/\/ehcteknik.com\/fi\/jalkiasennus\/"]}]},{"@type":"BreadcrumbList","@id":"https:\/\/ehcteknik.com\/fi\/jalkiasennus\/#breadcrumb","itemListElement":[{"@type":"ListItem","position":1,"name":"Home","item":"https:\/\/ehcteknik.com\/fi\/"},{"@type":"ListItem","position":2,"name":"J\u00e4lkiasennus"}]},{"@type":"WebSite","@id":"https:\/\/ehcteknik.com\/fi\/#website","url":"https:\/\/ehcteknik.com\/fi\/","name":"EHC Teknik","description":"We reduce emissions","publisher":{"@id":"https:\/\/ehcteknik.com\/fi\/#organization"},"potentialAction":[{"@type":"SearchAction","target":{"@type":"EntryPoint","urlTemplate":"https:\/\/ehcteknik.com\/fi\/?s={search_term_string}"},"query-input":{"@type":"PropertyValueSpecification","valueRequired":true,"valueName":"search_term_string"}}],"inLanguage":"fi"},{"@type":"Organization","@id":"https:\/\/ehcteknik.com\/fi\/#organization","name":"EHC Teknik","url":"https:\/\/ehcteknik.com\/fi\/","logo":{"@type":"ImageObject","inLanguage":"fi","@id":"https:\/\/ehcteknik.com\/fi\/#\/schema\/logo\/image\/","url":"https:\/\/ehcteknik.com\/wp-content\/uploads\/2020\/11\/logo.jpg","contentUrl":"https:\/\/ehcteknik.com\/wp-content\/uploads\/2020\/11\/logo.jpg","width":205,"height":58,"caption":"EHC Teknik"},"image":{"@id":"https:\/\/ehcteknik.com\/fi\/#\/schema\/logo\/image\/"}}]}},"_links":{"self":[{"href":"https:\/\/ehcteknik.com\/fi\/wp-json\/wp\/v2\/pages\/3435","targetHints":{"allow":["GET"]}}],"collection":[{"href":"https:\/\/ehcteknik.com\/fi\/wp-json\/wp\/v2\/pages"}],"about":[{"href":"https:\/\/ehcteknik.com\/fi\/wp-json\/wp\/v2\/types\/page"}],"author":[{"embeddable":true,"href":"https:\/\/ehcteknik.com\/fi\/wp-json\/wp\/v2\/users\/6"}],"replies":[{"embeddable":true,"href":"https:\/\/ehcteknik.com\/fi\/wp-json\/wp\/v2\/comments?post=3435"}],"version-history":[{"count":4,"href":"https:\/\/ehcteknik.com\/fi\/wp-json\/wp\/v2\/pages\/3435\/revisions"}],"predecessor-version":[{"id":5113,"href":"https:\/\/ehcteknik.com\/fi\/wp-json\/wp\/v2\/pages\/3435\/revisions\/5113"}],"wp:attachment":[{"href":"https:\/\/ehcteknik.com\/fi\/wp-json\/wp\/v2\/media?parent=3435"}],"curies":[{"name":"wp","href":"https:\/\/api.w.org\/{rel}","templated":true}]}}