{"id":3412,"date":"2020-02-23T11:44:43","date_gmt":"2020-02-23T11:44:43","guid":{"rendered":"https:\/\/ehcteknik.com\/?page_id=3412"},"modified":"2023-03-01T06:50:47","modified_gmt":"2023-03-01T06:50:47","slug":"pakokaasusuodattimet-autoihin","status":"publish","type":"page","link":"https:\/\/ehcteknik.com\/fi\/ajoneuvot\/pakokaasusuodattimet-autoihin\/","title":{"rendered":"Pakokaasusuodattimet autoihin"},"content":{"rendered":"<div class=\"image-text-block container mt-100 mb-150\">\n  <div class=\"row\">\n              <div class=\"col-12 col-md-6 image-text text text-vertical-center\">\n            <div>\n              \n              \n                                  <div class=\"bg-primary mb-3\" style=\"width: 86px;height: 4px;\"><\/div>\n                \n                                  <h2 class=\"h1 mb-3\">DPF-suodattimet autoihin<\/h2>\n                \n                <div class=\"text-muted\">\n                  <p>Autoille suunniteltujen hiukkassuodattimien (DPF) avulla dieselin nokip\u00e4\u00e4st\u00f6j\u00e4 voi v\u00e4hent\u00e4\u00e4 jopa 80 % verran. T\u00e4m\u00e4 voi olla erityisen t\u00e4rke\u00e4\u00e4 silloin, kun dieselmoottoreita k\u00e4ytet\u00e4\u00e4n rajoitetuissa tiloissa. Hiukkassuodattimien ansiosta autot voivat vastata nykyp\u00e4iv\u00e4n vaatimuksiin.<\/p>\n                <\/div>\n\n                \n                          <\/div>\n          <\/div>\n                <div class=\"col-12 col-md-6 image-text image \">\n            <div>\n                              <img decoding=\"async\" alt=\"\" src=\"https:\/\/ehcteknik.com\/wp-content\/uploads\/2020\/01\/p15_balgadapter_mont.jpg\">\n              \n                          <\/div>\n          <\/div>\n        <\/div>\n<\/div>\n\n\n<div class=\"image-text-block container mt-100 mb-150\">\n  <div class=\"row\">\n              <div class=\"col-12 col-md-6 image-text image \">\n            <div>\n                              <img decoding=\"async\" alt=\"\" src=\"https:\/\/ehcteknik.com\/wp-content\/uploads\/2020\/01\/P15-balg.jpg\">\n              \n                          <\/div>\n          <\/div>\n                <div class=\"col-12 col-md-6 image-text text text-vertical-center\">\n            <div>\n              \n              \n                                  <div class=\"bg-primary mb-3\" style=\"width: 86px;height: 4px;\"><\/div>\n                \n                                  <h2 class=\"h1 mb-3\">Ymp\u00e4rist\u00f6\u00e4 s\u00e4\u00e4st\u00e4v\u00e4 tulevaisuus autojen DPF-suodattimilla<\/h2>\n                \n                <div class=\"text-muted\">\n                  <p>Autojen esittelytilat ovat puhtaita tiloja \u2013 tiloja, joissa ei voida havaita p\u00f6lypilkkuakaan, ajoneuvojen h\u00e4ik\u00e4istess\u00e4 katsojansa t\u00e4ydess\u00e4 loistossaan. T\u00e4ss\u00e4 tahrattomassa ymp\u00e4rist\u00f6ss\u00e4 ei osaa odottaa muuta kuin puhdasta ilmaa, joka my\u00f6s DPF-tekniikkamme ansiosta on puhdasta.<\/p>\n<p>Autoille suunniteltu hiukkassuodatin P15 minimoi vaarallisten nokihiukkasten p\u00e4\u00e4st\u00f6t tuotantotiloissa, korjaamoissa ja n\u00e4yttelytiloissa. Sen k\u00e4ytt\u00e4minen varmistaa, ett\u00e4 autot voidaan k\u00e4ynnist\u00e4\u00e4 ja liikuttaa siten, ett\u00e4 hengitysilma pysyy puhtaana.<\/p>\n                <\/div>\n\n                \n                          <\/div>\n          <\/div>\n        <\/div>\n<\/div>\n\n\n<div class=\"text-title-block container text-left mt-100 mb-150\">\n  \n      <h2 class=\"h2\">Ota meihin yhteytt\u00e4 autojen hiukkassuodattimiin liittyen <\/h2>\n  \n\n      <p><p>Luomme DPF-suodattimia, jotka voidaan asentaa uusiin autoihin, mutta my\u00f6s j\u00e4lkiasentaa vanhoihin ajoneuvoihin. Tulokset v\u00e4hentyneist\u00e4 nokihiukkasp\u00e4\u00e4st\u00f6ist\u00e4 ovat vaikuttavia, mutta tekniikka voi vaatia ajotyylin muuttamista hy\u00f6tyjen maksimoimiseksi, etenkin heille, jotka ajavat p\u00e4\u00e4asiassa lyhyit\u00e4 matkoja. Oletko kiinnostunut autojen hiukkassuodattimista ja haluaisit tiet\u00e4\u00e4 niist\u00e4 enemm\u00e4n? Ota yhteytt\u00e4 ja kerromme sinulle niist\u00e4 kaiken tarvittavan.<\/p>\n<p>Tutustu <a href=\"https:\/\/fi.ehcteknik.com\/products\/p15-suodatin\/\">P15-suodattimeemme<\/a> ja lue lis\u00e4\u00e4 autojen DPF-suodattimista.<\/p>\n<\/p>\n  <\/div>\n\n\n<div class=\"contact-block w-100 py-5 d-block mt-<br \/>\n<b>Warning<\/b>:  Trying to access array offset on value of type null in <b>\/home\/ehctekni\/public_html\/wp-content\/themes\/ehc\/views\/blocks\/contact.php<\/b> on line <b>1<\/b><br \/>\n mb-<br \/>\n<b>Warning<\/b>:  Trying to access array offset on value of type null in <b>\/home\/ehctekni\/public_html\/wp-content\/themes\/ehc\/views\/blocks\/contact.php<\/b> on line <b>1<\/b><br \/>\n&#8221;>\n  <div class=\"container\">\n          <h2 class=\"text-center text-white mb-4\">Ota meihin yhteytt\u00e4 <\/h2>\n    \n    <script type=\"text\/javascript\">\n\/* <![CDATA[ *\/\nvar gform;gform||(document.addEventListener(\"gform_main_scripts_loaded\",function(){gform.scriptsLoaded=!0}),document.addEventListener(\"gform\/theme\/scripts_loaded\",function(){gform.themeScriptsLoaded=!0}),window.addEventListener(\"DOMContentLoaded\",function(){gform.domLoaded=!0}),gform={domLoaded:!1,scriptsLoaded:!1,themeScriptsLoaded:!1,isFormEditor:()=>\"function\"==typeof InitializeEditor,callIfLoaded:function(o){return!(!gform.domLoaded||!gform.scriptsLoaded||!gform.themeScriptsLoaded&&!gform.isFormEditor()||(gform.isFormEditor()&&console.warn(\"The use of gform.initializeOnLoaded() is deprecated in the form editor context and will be removed in Gravity Forms 3.1.\"),o(),0))},initializeOnLoaded:function(o){gform.callIfLoaded(o)||(document.addEventListener(\"gform_main_scripts_loaded\",()=>{gform.scriptsLoaded=!0,gform.callIfLoaded(o)}),document.addEventListener(\"gform\/theme\/scripts_loaded\",()=>{gform.themeScriptsLoaded=!0,gform.callIfLoaded(o)}),window.addEventListener(\"DOMContentLoaded\",()=>{gform.domLoaded=!0,gform.callIfLoaded(o)}))},hooks:{action:{},filter:{}},addAction:function(o,r,e,t){gform.addHook(\"action\",o,r,e,t)},addFilter:function(o,r,e,t){gform.addHook(\"filter\",o,r,e,t)},doAction:function(o){gform.doHook(\"action\",o,arguments)},applyFilters:function(o){return gform.doHook(\"filter\",o,arguments)},removeAction:function(o,r){gform.removeHook(\"action\",o,r)},removeFilter:function(o,r,e){gform.removeHook(\"filter\",o,r,e)},addHook:function(o,r,e,t,n){null==gform.hooks[o][r]&&(gform.hooks[o][r]=[]);var d=gform.hooks[o][r];null==n&&(n=r+\"_\"+d.length),gform.hooks[o][r].push({tag:n,callable:e,priority:t=null==t?10:t})},doHook:function(r,o,e){var t;if(e=Array.prototype.slice.call(e,1),null!=gform.hooks[r][o]&&((o=gform.hooks[r][o]).sort(function(o,r){return o.priority-r.priority}),o.forEach(function(o){\"function\"!=typeof(t=o.callable)&&(t=window[t]),\"action\"==r?t.apply(null,e):e[0]=t.apply(null,e)})),\"filter\"==r)return e[0]},removeHook:function(o,r,t,n){var e;null!=gform.hooks[o][r]&&(e=(e=gform.hooks[o][r]).filter(function(o,r,e){return!!(null!=n&&n!=o.tag||null!=t&&t!=o.priority)}),gform.hooks[o][r]=e)}});\n\/* ]]> *\/\n<\/script>\n\n                <div class='gf_browser_gecko gform_wrapper gform_legacy_markup_wrapper gform-theme--no-framework' data-form-theme='legacy' data-form-index='0' id='gform_wrapper_1' >\n                        <div class='gform_heading'>\n                            <p class='gform_description'><\/p>\n                        <\/div><form method='post' enctype='multipart\/form-data'  id='gform_1'  action='\/fi\/wp-json\/wp\/v2\/pages\/3412' data-formid='1' novalidate>\n                        <div class='gform-body gform_body'><ul id='gform_fields_1' class='gform_fields top_label form_sublabel_below description_below validation_below'><li id=\"field_1_7\" class=\"gfield gfield--type-honeypot gform_validation_container field_sublabel_below gfield--has-description field_description_below field_validation_below gfield_visibility_visible\"  ><label class='gfield_label gform-field-label' for='input_1_7'>Email<\/label><div class='ginput_container'><input name='input_7' id='input_1_7' type='text' value='' autocomplete='new-password'\/><\/div><div class='gfield_description' id='gfield_description_1_7'>Kentt\u00e4 on validointitarkoituksiin ja tulee j\u00e4tt\u00e4\u00e4 koskemattomaksi.<\/div><\/li><li id=\"field_1_1\" class=\"gfield gfield--type-text field_sublabel_below gfield--no-description field_description_below field_validation_below gfield_visibility_visible\"  ><label class='gfield_label gform-field-label' for='input_1_1'>Nimi<\/label><div class='ginput_container ginput_container_text'><input name='input_1' id='input_1_1' type='text' value='' class='medium'    placeholder='Nimi'  aria-invalid=\"false\"   \/><\/div><\/li><li id=\"field_1_2\" class=\"gfield gfield--type-text field_sublabel_below gfield--no-description field_description_below field_validation_below gfield_visibility_visible\"  ><label class='gfield_label gform-field-label' for='input_1_2'>Maa<\/label><div class='ginput_container ginput_container_text'><input name='input_2' id='input_1_2' type='text' value='' class='medium'    placeholder='Maa'  aria-invalid=\"false\"   \/><\/div><\/li><li id=\"field_1_3\" class=\"gfield gfield--type-text field_sublabel_below gfield--no-description field_description_below field_validation_below gfield_visibility_visible\"  ><label class='gfield_label gform-field-label' for='input_1_3'>Email<\/label><div class='ginput_container ginput_container_text'><input name='input_3' id='input_1_3' type='text' value='' class='medium'    placeholder='Email'  aria-invalid=\"false\"   \/><\/div><\/li><li id=\"field_1_4\" class=\"gfield gfield--type-text field_sublabel_below gfield--no-description field_description_below field_validation_below gfield_visibility_visible\"  ><label class='gfield_label gform-field-label' for='input_1_4'>Puhelinnumero<\/label><div class='ginput_container ginput_container_text'><input name='input_4' id='input_1_4' type='text' value='' class='medium'    placeholder='Puhelinnumero'  aria-invalid=\"false\"   \/><\/div><\/li><li id=\"field_1_5\" class=\"gfield gfield--type-textarea field_sublabel_below gfield--no-description field_description_below field_validation_below gfield_visibility_visible\"  ><label class='gfield_label gform-field-label' for='input_1_5'>Viestisi<\/label><div class='ginput_container ginput_container_textarea'><textarea name='input_5' id='input_1_5' class='textarea medium'    placeholder='Viestisi'  aria-invalid=\"false\"   rows='10' cols='50'><\/textarea><\/div><\/li><li id=\"field_1_6\" class=\"gfield gfield--type-captcha field_sublabel_below gfield--no-description field_description_below field_validation_below gfield_visibility_visible\"  ><label class='gfield_label gform-field-label' for='input_1_6'>CAPTCHA<\/label><div id='input_1_6' class='ginput_container ginput_recaptcha' data-sitekey='6LfFqPMUAAAAADxrhmUk3II65cUMz4qCvA2g3Ivl'  data-theme='light' data-tabindex='0'  data-badge=''><\/div><\/li><\/ul><\/div>\n        <div class='gform-footer gform_footer top_label'> <input type='submit' id='gform_submit_button_1' class='gform_button button' onclick='gform.submission.handleButtonClick(this);' data-submission-type='submit' value='L\u00e4hett\u00e4\u00e4'  \/> \n            <input type='hidden' class='gform_hidden' name='gform_submission_method' data-js='gform_submission_method_1' value='postback' \/>\n            <input type='hidden' class='gform_hidden' name='gform_theme' data-js='gform_theme_1' id='gform_theme_1' value='legacy' \/>\n            <input type='hidden' class='gform_hidden' name='gform_style_settings' data-js='gform_style_settings_1' id='gform_style_settings_1' value='[]' \/>\n            <input type='hidden' class='gform_hidden' name='is_submit_1' value='1' \/>\n            <input type='hidden' class='gform_hidden' name='gform_submit' value='1' \/>\n            \n            <input type='hidden' class='gform_hidden' name='gform_currency' data-currency='USD' value='psw8br34BtVpRTgHnzVV16\/PIG8T\/0SIL5AQuAgREFQ0dHThFm2kI+FREBDtQgChr1lrjJ5\/Sdd3oMEm256bIUXzbAA5U2aVYmEelqMrQzwknGs=' \/>\n            <input type='hidden' class='gform_hidden' name='gform_unique_id' value='' \/>\n            <input type='hidden' class='gform_hidden' name='state_1' value='WyJbXSIsIjg4Mjg4OGJiZWEwMDMxZDkwNDg0YzZlYzAyYTUwMTg4Il0=' \/>\n            <input type='hidden' autocomplete='off' class='gform_hidden' name='gform_target_page_number_1' id='gform_target_page_number_1' value='0' \/>\n            <input type='hidden' autocomplete='off' class='gform_hidden' name='gform_source_page_number_1' id='gform_source_page_number_1' value='1' \/>\n            <input type='hidden' name='gform_field_values' value='' \/>\n            \n        <\/div>\n                        <\/form>\n                        <\/div><script type=\"text\/javascript\">\n\/* <![CDATA[ *\/\ndocument.addEventListener( \"DOMContentLoaded\", function() { gform.initializeOnLoaded( function() {gformInitSpinner( 1, 'https:\/\/ehcteknik.com\/wp-content\/plugins\/gravityforms\/images\/spinner.svg', true );jQuery('#gform_ajax_frame_1').on('load',function(){var contents = jQuery(this).contents().find('*').html();var is_postback = contents.indexOf('GF_AJAX_POSTBACK') >= 0;if(!is_postback){return;}var form_content = jQuery(this).contents().find('#gform_wrapper_1');var is_confirmation = jQuery(this).contents().find('#gform_confirmation_wrapper_1').length > 0;var is_redirect = contents.indexOf('gformRedirect(){') >= 0;var is_form = form_content.length > 0 && ! is_redirect && ! is_confirmation;var mt = parseInt(jQuery('html').css('margin-top'), 10) + parseInt(jQuery('body').css('margin-top'), 10) + 100;if(is_form){jQuery('#gform_wrapper_1').html(form_content.html());if(form_content.hasClass('gform_validation_error')){jQuery('#gform_wrapper_1').addClass('gform_validation_error');} else {jQuery('#gform_wrapper_1').removeClass('gform_validation_error');}setTimeout( function() { \/* delay the scroll by 50 milliseconds to fix a bug in chrome *\/  }, 50 );if(window['gformInitDatepicker']) {gformInitDatepicker();}if(window['gformInitPriceFields']) {gformInitPriceFields();}var current_page = jQuery('#gform_source_page_number_1').val();gformInitSpinner( 1, 'https:\/\/ehcteknik.com\/wp-content\/plugins\/gravityforms\/images\/spinner.svg', true );jQuery(document).trigger('gform_page_loaded', [1, current_page]);window['gf_submitting_1'] = false;}else if(!is_redirect){var confirmation_content = jQuery(this).contents().find('.GF_AJAX_POSTBACK').html();if(!confirmation_content){confirmation_content = contents;}jQuery('#gform_wrapper_1').replaceWith(confirmation_content);jQuery(document).trigger('gform_confirmation_loaded', [1]);window['gf_submitting_1'] = false;wp.a11y.speak(jQuery('#gform_confirmation_message_1').text());}else{jQuery('#gform_1').append(contents);if(window['gformRedirect']) {gformRedirect();}}jQuery(document).trigger(\"gform_pre_post_render\", [{ formId: \"1\", currentPage: \"current_page\", abort: function() { this.preventDefault(); } }]);        if (event && event.defaultPrevented) {                return;        }        const gformWrapperDiv = document.getElementById( \"gform_wrapper_1\" );        if ( gformWrapperDiv ) {            const visibilitySpan = document.createElement( \"span\" );            visibilitySpan.id = \"gform_visibility_test_1\";            gformWrapperDiv.insertAdjacentElement( \"afterend\", visibilitySpan );        }        const visibilityTestDiv = document.getElementById( \"gform_visibility_test_1\" );        let postRenderFired = false;        function triggerPostRender() {            if ( postRenderFired ) {                return;            }            postRenderFired = true;            gform.core.triggerPostRenderEvents( 1, current_page );            if ( visibilityTestDiv ) {                visibilityTestDiv.parentNode.removeChild( visibilityTestDiv );            }        }        function debounce( func, wait, immediate ) {            var timeout;            return function() {                var context = this, args = arguments;                var later = function() {                    timeout = null;                    if ( !immediate ) func.apply( context, args );                };                var callNow = immediate && !timeout;                clearTimeout( timeout );                timeout = setTimeout( later, wait );                if ( callNow ) func.apply( context, args );            };        }        const debouncedTriggerPostRender = debounce( function() {            triggerPostRender();        }, 200 );        if ( visibilityTestDiv && visibilityTestDiv.offsetParent === null ) {            const observer = new MutationObserver( ( mutations ) => {                mutations.forEach( ( mutation ) => {                    if ( mutation.type === 'attributes' && visibilityTestDiv.offsetParent !== null ) {                        debouncedTriggerPostRender();                        observer.disconnect();                    }                });            });            observer.observe( document.body, {                attributes: true,                childList: false,                subtree: true,                attributeFilter: [ 'style', 'class' ],            });        } else {            triggerPostRender();        }    } );} );  }, false );\n\/* ]]> *\/\n<\/script>\n  <\/div>\n<\/div>","protected":false},"excerpt":{"rendered":"","protected":false},"author":6,"featured_media":0,"parent":1432,"menu_order":0,"comment_status":"closed","ping_status":"closed","template":"","meta":{"_acf_changed":false,"footnotes":""},"class_list":["post-3412","page","type-page","status-publish","hentry"],"acf":[],"yoast_head":"<!-- This site is optimized with the Yoast SEO plugin v24.2 - https:\/\/yoast.com\/wordpress\/plugins\/seo\/ -->\n<title>Pakokaasusuodattimet autoihin | EHC Teknik<\/title>\n<meta name=\"robots\" content=\"index, follow, max-snippet:-1, max-image-preview:large, max-video-preview:-1\" \/>\n<link rel=\"canonical\" href=\"https:\/\/ehcteknik.com\/fi\/ajoneuvot\/pakokaasusuodattimet-autoihin\/\" \/>\n<meta property=\"og:locale\" content=\"fi_FI\" \/>\n<meta property=\"og:type\" content=\"article\" \/>\n<meta property=\"og:title\" content=\"Pakokaasusuodattimet autoihin | EHC Teknik\" \/>\n<meta property=\"og:url\" content=\"https:\/\/ehcteknik.com\/fi\/ajoneuvot\/pakokaasusuodattimet-autoihin\/\" \/>\n<meta property=\"og:site_name\" content=\"EHC Teknik\" \/>\n<meta property=\"article:modified_time\" content=\"2023-03-01T06:50:47+00:00\" \/>\n<meta name=\"twitter:card\" content=\"summary_large_image\" \/>\n<script type=\"application\/ld+json\" class=\"yoast-schema-graph\">{\"@context\":\"https:\/\/schema.org\",\"@graph\":[{\"@type\":\"WebPage\",\"@id\":\"https:\/\/ehcteknik.com\/fi\/ajoneuvot\/pakokaasusuodattimet-autoihin\/\",\"url\":\"https:\/\/ehcteknik.com\/fi\/ajoneuvot\/pakokaasusuodattimet-autoihin\/\",\"name\":\"Pakokaasusuodattimet autoihin | EHC Teknik\",\"isPartOf\":{\"@id\":\"https:\/\/ehcteknik.com\/fi\/#website\"},\"datePublished\":\"2020-02-23T11:44:43+00:00\",\"dateModified\":\"2023-03-01T06:50:47+00:00\",\"breadcrumb\":{\"@id\":\"https:\/\/ehcteknik.com\/fi\/ajoneuvot\/pakokaasusuodattimet-autoihin\/#breadcrumb\"},\"inLanguage\":\"fi\",\"potentialAction\":[{\"@type\":\"ReadAction\",\"target\":[\"https:\/\/ehcteknik.com\/fi\/ajoneuvot\/pakokaasusuodattimet-autoihin\/\"]}]},{\"@type\":\"BreadcrumbList\",\"@id\":\"https:\/\/ehcteknik.com\/fi\/ajoneuvot\/pakokaasusuodattimet-autoihin\/#breadcrumb\",\"itemListElement\":[{\"@type\":\"ListItem\",\"position\":1,\"name\":\"Home\",\"item\":\"https:\/\/ehcteknik.com\/fi\/\"},{\"@type\":\"ListItem\",\"position\":2,\"name\":\"Ajoneuvot\",\"item\":\"https:\/\/ehcteknik.com\/fi\/ajoneuvot\/\"},{\"@type\":\"ListItem\",\"position\":3,\"name\":\"Pakokaasusuodattimet autoihin\"}]},{\"@type\":\"WebSite\",\"@id\":\"https:\/\/ehcteknik.com\/fi\/#website\",\"url\":\"https:\/\/ehcteknik.com\/fi\/\",\"name\":\"EHC Teknik\",\"description\":\"We reduce emissions\",\"publisher\":{\"@id\":\"https:\/\/ehcteknik.com\/fi\/#organization\"},\"potentialAction\":[{\"@type\":\"SearchAction\",\"target\":{\"@type\":\"EntryPoint\",\"urlTemplate\":\"https:\/\/ehcteknik.com\/fi\/?s={search_term_string}\"},\"query-input\":{\"@type\":\"PropertyValueSpecification\",\"valueRequired\":true,\"valueName\":\"search_term_string\"}}],\"inLanguage\":\"fi\"},{\"@type\":\"Organization\",\"@id\":\"https:\/\/ehcteknik.com\/fi\/#organization\",\"name\":\"EHC Teknik\",\"url\":\"https:\/\/ehcteknik.com\/fi\/\",\"logo\":{\"@type\":\"ImageObject\",\"inLanguage\":\"fi\",\"@id\":\"https:\/\/ehcteknik.com\/fi\/#\/schema\/logo\/image\/\",\"url\":\"https:\/\/ehcteknik.com\/wp-content\/uploads\/2020\/11\/logo.jpg\",\"contentUrl\":\"https:\/\/ehcteknik.com\/wp-content\/uploads\/2020\/11\/logo.jpg\",\"width\":205,\"height\":58,\"caption\":\"EHC Teknik\"},\"image\":{\"@id\":\"https:\/\/ehcteknik.com\/fi\/#\/schema\/logo\/image\/\"}}]}<\/script>\n<!-- \/ Yoast SEO plugin. -->","yoast_head_json":{"title":"Pakokaasusuodattimet autoihin | EHC Teknik","robots":{"index":"index","follow":"follow","max-snippet":"max-snippet:-1","max-image-preview":"max-image-preview:large","max-video-preview":"max-video-preview:-1"},"canonical":"https:\/\/ehcteknik.com\/fi\/ajoneuvot\/pakokaasusuodattimet-autoihin\/","og_locale":"fi_FI","og_type":"article","og_title":"Pakokaasusuodattimet autoihin | EHC Teknik","og_url":"https:\/\/ehcteknik.com\/fi\/ajoneuvot\/pakokaasusuodattimet-autoihin\/","og_site_name":"EHC Teknik","article_modified_time":"2023-03-01T06:50:47+00:00","twitter_card":"summary_large_image","schema":{"@context":"https:\/\/schema.org","@graph":[{"@type":"WebPage","@id":"https:\/\/ehcteknik.com\/fi\/ajoneuvot\/pakokaasusuodattimet-autoihin\/","url":"https:\/\/ehcteknik.com\/fi\/ajoneuvot\/pakokaasusuodattimet-autoihin\/","name":"Pakokaasusuodattimet autoihin | EHC Teknik","isPartOf":{"@id":"https:\/\/ehcteknik.com\/fi\/#website"},"datePublished":"2020-02-23T11:44:43+00:00","dateModified":"2023-03-01T06:50:47+00:00","breadcrumb":{"@id":"https:\/\/ehcteknik.com\/fi\/ajoneuvot\/pakokaasusuodattimet-autoihin\/#breadcrumb"},"inLanguage":"fi","potentialAction":[{"@type":"ReadAction","target":["https:\/\/ehcteknik.com\/fi\/ajoneuvot\/pakokaasusuodattimet-autoihin\/"]}]},{"@type":"BreadcrumbList","@id":"https:\/\/ehcteknik.com\/fi\/ajoneuvot\/pakokaasusuodattimet-autoihin\/#breadcrumb","itemListElement":[{"@type":"ListItem","position":1,"name":"Home","item":"https:\/\/ehcteknik.com\/fi\/"},{"@type":"ListItem","position":2,"name":"Ajoneuvot","item":"https:\/\/ehcteknik.com\/fi\/ajoneuvot\/"},{"@type":"ListItem","position":3,"name":"Pakokaasusuodattimet autoihin"}]},{"@type":"WebSite","@id":"https:\/\/ehcteknik.com\/fi\/#website","url":"https:\/\/ehcteknik.com\/fi\/","name":"EHC Teknik","description":"We reduce emissions","publisher":{"@id":"https:\/\/ehcteknik.com\/fi\/#organization"},"potentialAction":[{"@type":"SearchAction","target":{"@type":"EntryPoint","urlTemplate":"https:\/\/ehcteknik.com\/fi\/?s={search_term_string}"},"query-input":{"@type":"PropertyValueSpecification","valueRequired":true,"valueName":"search_term_string"}}],"inLanguage":"fi"},{"@type":"Organization","@id":"https:\/\/ehcteknik.com\/fi\/#organization","name":"EHC Teknik","url":"https:\/\/ehcteknik.com\/fi\/","logo":{"@type":"ImageObject","inLanguage":"fi","@id":"https:\/\/ehcteknik.com\/fi\/#\/schema\/logo\/image\/","url":"https:\/\/ehcteknik.com\/wp-content\/uploads\/2020\/11\/logo.jpg","contentUrl":"https:\/\/ehcteknik.com\/wp-content\/uploads\/2020\/11\/logo.jpg","width":205,"height":58,"caption":"EHC Teknik"},"image":{"@id":"https:\/\/ehcteknik.com\/fi\/#\/schema\/logo\/image\/"}}]}},"_links":{"self":[{"href":"https:\/\/ehcteknik.com\/fi\/wp-json\/wp\/v2\/pages\/3412","targetHints":{"allow":["GET"]}}],"collection":[{"href":"https:\/\/ehcteknik.com\/fi\/wp-json\/wp\/v2\/pages"}],"about":[{"href":"https:\/\/ehcteknik.com\/fi\/wp-json\/wp\/v2\/types\/page"}],"author":[{"embeddable":true,"href":"https:\/\/ehcteknik.com\/fi\/wp-json\/wp\/v2\/users\/6"}],"replies":[{"embeddable":true,"href":"https:\/\/ehcteknik.com\/fi\/wp-json\/wp\/v2\/comments?post=3412"}],"version-history":[{"count":7,"href":"https:\/\/ehcteknik.com\/fi\/wp-json\/wp\/v2\/pages\/3412\/revisions"}],"predecessor-version":[{"id":9513,"href":"https:\/\/ehcteknik.com\/fi\/wp-json\/wp\/v2\/pages\/3412\/revisions\/9513"}],"up":[{"embeddable":true,"href":"https:\/\/ehcteknik.com\/fi\/wp-json\/wp\/v2\/pages\/1432"}],"wp:attachment":[{"href":"https:\/\/ehcteknik.com\/fi\/wp-json\/wp\/v2\/media?parent=3412"}],"curies":[{"name":"wp","href":"https:\/\/api.w.org\/{rel}","templated":true}]}}