{"id":3398,"date":"2020-02-23T11:28:58","date_gmt":"2020-02-23T11:28:58","guid":{"rendered":"https:\/\/ehcteknik.com\/?page_id=3398"},"modified":"2020-03-11T10:15:36","modified_gmt":"2020-03-11T10:15:36","slug":"faq","status":"publish","type":"page","link":"https:\/\/ehcteknik.com\/fi\/faq\/","title":{"rendered":"FAQ"},"content":{"rendered":"<div class=\"text-title-block container text-left mt-100 mb-150\">\n  \n      <h2 class=\"h2\">Kuinka paljon hiukkassuodattimen puhdistus maksaa? <\/h2>\n  \n\n      <p><p>Se riippuu eri seikoista. Suosittelemme ottamaan yhteytt\u00e4 EHC-yhteyshenkil\u00f6\u00f6si tai l\u00e4himp\u00e4\u00e4n EHC-j\u00e4lleenmyyj\u00e4\u00e4si saadaksesi tarkan hinta-arvion omalle suodattimellesi.<\/p>\n<\/p>\n  <\/div>\n\n\n<div class=\"text-title-block container text-left mt-100 mb-150\">\n  \n      <h2 class=\"h2\">Tarvitsenko suodatinta koneeseen, ajoneuvoon tai autoon, joka k\u00e4ynnistet\u00e4\u00e4n tai jolla ajetaan sis\u00e4tiloissa? <\/h2>\n  \n\n      <p><p>Kyll\u00e4, suodattimen k\u00e4ytt\u00f6 on tarpeellista, jotta voidaan luoda hyv\u00e4 ty\u00f6ymp\u00e4rist\u00f6 korjaamoihin, n\u00e4yttelytiloihin, tunneleihin tai muihin paikkoihin, joissa k\u00e4ytet\u00e4\u00e4n bensiini- tai dieselk\u00e4ytt\u00f6isi\u00e4 koneita ja ajoneuvoja. Suodatin asennetaan pakoputkeen. Itsest\u00e4\u00e4n puhdistuva, moottorin mukaan asennettu suodatin sopii ainoastaan ulkona ajamiseen.<\/p>\n<\/p>\n  <\/div>\n\n\n<div class=\"text-title-block container text-left mt-100 mb-150\">\n  \n      <h2 class=\"h2\">Kuinka asennan suodattimen kromattuun pakoputkeen?<\/h2>\n  \n\n      <p><p>Asenna EHC P15 -suodatin palkeella, joka t\u00e4yttyy pakokaasuj\u00e4rjestelm\u00e4st\u00e4 ulos tulevan pakoputken sis\u00e4puolelle.<\/p>\n<\/p>\n  <\/div>\n\n\n<div class=\"text-title-block container text-left mt-100 mb-150\">\n  \n      <h2 class=\"h2\">Mist\u00e4 tied\u00e4n, milloin suodatin tulee vaihtaa?<\/h2>\n  \n\n      <p><p>Olemme asettaneet suodattimiimme paineanturin tai kalvon, joka n\u00e4ytt\u00e4\u00e4, kun suodatin on t\u00e4ynn\u00e4 ja se tulee vaihtaa. Voit my\u00f6s vaihtaa suodattimen tietyn monta kertaa tapahtuneen moottorin k\u00e4ynnistyksen j\u00e4lkeen. T\u00e4ll\u00e4 tavalla voit varmistaa alhaisen vastapaineen sek\u00e4 hyv\u00e4n virtauksen suodattimen l\u00e4pi. N\u00e4in v\u00e4ltyt\u00e4\u00e4n vahingoittamasta suodatinta ja k\u00e4ytt\u00e4m\u00e4st\u00e4 enemm\u00e4n polttoainetta kuin on tarpeen.<\/p>\n<\/p>\n  <\/div>\n\n\n<div class=\"text-title-block container text-left mt-100 mb-150\">\n  \n      <h2 class=\"h2\">Kuinka k\u00e4ytetty suodatin tulisi h\u00e4vitt\u00e4\u00e4?<\/h2>\n  \n\n      <p><p>Koska suodatin luokitellaan tavalliseksi j\u00e4tteeksi, k\u00e4ytetyt suodattimet voi hyvin h\u00e4vitt\u00e4\u00e4 tavallisen polttokelpoisen j\u00e4tteen joukossa.<\/p>\n<\/p>\n  <\/div>\n\n\n<div class=\"text-title-block container text-left mt-100 mb-150\">\n  \n      <h2 class=\"h2\">Kuinka pitk\u00e4\u00e4n suodatin kest\u00e4\u00e4 ennen kuin se tulee vaihtaa? <\/h2>\n  \n\n      <p><p>T\u00e4m\u00e4 riippuu siit\u00e4, k\u00e4ytet\u00e4\u00e4nk\u00f6 suodatinta bensiini- vai dieselk\u00e4ytt\u00f6isess\u00e4 ajoneuvossa, sek\u00e4 moottorin kunnosta, ajotavasta ja muista tekij\u00f6ist\u00e4. N\u00e4ist\u00e4 ohjeista saat kokonaiskuvan:<\/p>\n<ul>\n<li>P15-suodattimella voit k\u00e4ynnist\u00e4\u00e4 moottorin noin 200 kertaa ennen suodattimen vaihtamista.<\/li>\n<li>L20-suodattimella voit k\u00e4ynnist\u00e4\u00e4 moottorin noin 200 kertaa ennen suodattimen vaihtamista.<\/li>\n<li>HT-suodattimen k\u00e4ytt\u00f6ik\u00e4 lasketaan tunteina. Mallista riippuen sit\u00e4 voidaan k\u00e4ytt\u00e4\u00e4 noin 100\u2013400 ajotunnin ajan.<\/li>\n<\/ul>\n<\/p>\n  <\/div>\n\n\n<div class=\"text-title-block container text-left mt-100 mb-150\">\n  \n      <h2 class=\"h2\">Poistaako suodatin kaasuja?<\/h2>\n  \n\n      <p><p>Kyll\u00e4, kaasum\u00e4\u00e4r\u00e4t pienentyv\u00e4t, mutta ne eiv\u00e4t poistu kokonaan. Kun nokihiukkaset poistuvat, sit\u00e4 mukaa my\u00f6s niihin kytkeytynyt kaasu poistuu. Suodattimen l\u00e4pi kulkeva kaasu haihtuu poistuen ilmanvaihdon kautta.<\/p>\n<\/p>\n  <\/div>\n\n\n<div class=\"text-title-block container text-left mt-100 mb-150\">\n  \n      <h2 class=\"h2\">Kuinka paljon suodatin maksaa?<\/h2>\n  \n\n      <p><p>T\u00e4m\u00e4 riippuu sek\u00e4 moottorisi koosta ett\u00e4 ajotavastasi. Ota yhteytt\u00e4 meihin keskustellaksesi n\u00e4ist\u00e4 tekij\u00f6ist\u00e4, jotta voimme antaa sinulle tarkan hinta-arvion.<\/p>\n<\/p>\n  <\/div>\n\n\n<div class=\"text-title-block container text-left mt-100 mb-150\">\n  \n      <h2 class=\"h2\">Onko suodattimen asentaminen vaikeaa?<\/h2>\n  \n\n      <p><p>Ei. V\u00e4liaikaiseen ajamiseen P15- ja L20-suodattimella, palje tai kartio on helppo asentaa suoraan pakoputkeen. HT-suodattimen pysyv\u00e4 asennus vie noin 4\u20138 tuntia. HT-suodatinta voidaan k\u00e4ytt\u00e4\u00e4 my\u00f6s v\u00e4liaikaiseen ty\u00f6skentelyyn koneella, jolloin sille riitt\u00e4\u00e4 v\u00e4hemm\u00e4n monimutkainen asennus. PF-suodattimen asentaminen dieselmoottorilla varustetun ajoneuvon hiukkassuodatinj\u00e4rjestelm\u00e4\u00e4n vie noin 1\u20132 p\u00e4iv\u00e4\u00e4.<\/p>\n<\/p>\n  <\/div>\n\n\n<div class=\"text-title-block container text-left mt-100 mb-150\">\n  \n      <h2 class=\"h2\">Voinko ajaa EHC-suodattimella maantiell\u00e4?<\/h2>\n  \n\n      <p><p>Et. P15-, L20- ja HT-suodattimet on tehty tuomaan ty\u00f6ntekij\u00f6ille henkil\u00f6kohtaista suojaa sis\u00e4tiloissa ja muissa suljetuissa tiloissa ty\u00f6skennelt\u00e4ess\u00e4. N\u00e4iden suodattimien rakenne mahdollistaa lukuisten pienten hiukkasten tavoittamisen, mutta maanteill\u00e4 ajettaessa vastapaine muuttuisi liian korkeaksi.<\/p>\n<\/p>\n  <\/div>\n\n\n<div class=\"text-title-block container text-left mt-100 mb-150\">\n  \n      <h2 class=\"h2\">Voiko EHC-suodatin vahingoittaa moottoria?<\/h2>\n  \n\n      <p><p>Ei, sill\u00e4 suodattimen vastapaine on hyvin matala. HT-suodattimissa paineens\u00e4\u00e4din on suunnilleen samalla tasolla kuin useimmissa \u00e4\u00e4nenvaimentimissa.<\/p>\n<\/p>\n  <\/div>\n\n\n<div class=\"contact-block w-100 py-5 d-block mt-30 mb-30\">\n  <div class=\"container\">\n          <h2 class=\"text-center text-white mb-4\">Ota meihin yhteytt\u00e4 <\/h2>\n    \n    <script type=\"text\/javascript\">\n\/* <![CDATA[ *\/\nvar gform;gform||(document.addEventListener(\"gform_main_scripts_loaded\",function(){gform.scriptsLoaded=!0}),document.addEventListener(\"gform\/theme\/scripts_loaded\",function(){gform.themeScriptsLoaded=!0}),window.addEventListener(\"DOMContentLoaded\",function(){gform.domLoaded=!0}),gform={domLoaded:!1,scriptsLoaded:!1,themeScriptsLoaded:!1,isFormEditor:()=>\"function\"==typeof InitializeEditor,callIfLoaded:function(o){return!(!gform.domLoaded||!gform.scriptsLoaded||!gform.themeScriptsLoaded&&!gform.isFormEditor()||(gform.isFormEditor()&&console.warn(\"The use of gform.initializeOnLoaded() is deprecated in the form editor context and will be removed in Gravity Forms 3.1.\"),o(),0))},initializeOnLoaded:function(o){gform.callIfLoaded(o)||(document.addEventListener(\"gform_main_scripts_loaded\",()=>{gform.scriptsLoaded=!0,gform.callIfLoaded(o)}),document.addEventListener(\"gform\/theme\/scripts_loaded\",()=>{gform.themeScriptsLoaded=!0,gform.callIfLoaded(o)}),window.addEventListener(\"DOMContentLoaded\",()=>{gform.domLoaded=!0,gform.callIfLoaded(o)}))},hooks:{action:{},filter:{}},addAction:function(o,r,e,t){gform.addHook(\"action\",o,r,e,t)},addFilter:function(o,r,e,t){gform.addHook(\"filter\",o,r,e,t)},doAction:function(o){gform.doHook(\"action\",o,arguments)},applyFilters:function(o){return gform.doHook(\"filter\",o,arguments)},removeAction:function(o,r){gform.removeHook(\"action\",o,r)},removeFilter:function(o,r,e){gform.removeHook(\"filter\",o,r,e)},addHook:function(o,r,e,t,n){null==gform.hooks[o][r]&&(gform.hooks[o][r]=[]);var d=gform.hooks[o][r];null==n&&(n=r+\"_\"+d.length),gform.hooks[o][r].push({tag:n,callable:e,priority:t=null==t?10:t})},doHook:function(r,o,e){var t;if(e=Array.prototype.slice.call(e,1),null!=gform.hooks[r][o]&&((o=gform.hooks[r][o]).sort(function(o,r){return o.priority-r.priority}),o.forEach(function(o){\"function\"!=typeof(t=o.callable)&&(t=window[t]),\"action\"==r?t.apply(null,e):e[0]=t.apply(null,e)})),\"filter\"==r)return e[0]},removeHook:function(o,r,t,n){var e;null!=gform.hooks[o][r]&&(e=(e=gform.hooks[o][r]).filter(function(o,r,e){return!!(null!=n&&n!=o.tag||null!=t&&t!=o.priority)}),gform.hooks[o][r]=e)}});\n\/* ]]> *\/\n<\/script>\n\n                <div class='gf_browser_gecko gform_wrapper gform_legacy_markup_wrapper gform-theme--no-framework' data-form-theme='legacy' data-form-index='0' id='gform_wrapper_1' >\n                        <div class='gform_heading'>\n                            <p class='gform_description'><\/p>\n                        <\/div><form method='post' enctype='multipart\/form-data'  id='gform_1'  action='\/fi\/wp-json\/wp\/v2\/pages\/3398' data-formid='1' novalidate>\n                        <div class='gform-body gform_body'><ul id='gform_fields_1' class='gform_fields top_label form_sublabel_below description_below validation_below'><li id=\"field_1_7\" class=\"gfield gfield--type-honeypot gform_validation_container field_sublabel_below gfield--has-description field_description_below field_validation_below gfield_visibility_visible\"  ><label class='gfield_label gform-field-label' for='input_1_7'>Comments<\/label><div class='ginput_container'><input name='input_7' id='input_1_7' type='text' value='' autocomplete='new-password'\/><\/div><div class='gfield_description' id='gfield_description_1_7'>Kentt\u00e4 on validointitarkoituksiin ja tulee j\u00e4tt\u00e4\u00e4 koskemattomaksi.<\/div><\/li><li id=\"field_1_1\" class=\"gfield gfield--type-text field_sublabel_below gfield--no-description field_description_below field_validation_below gfield_visibility_visible\"  ><label class='gfield_label gform-field-label' for='input_1_1'>Nimi<\/label><div class='ginput_container ginput_container_text'><input name='input_1' id='input_1_1' type='text' value='' class='medium'    placeholder='Nimi'  aria-invalid=\"false\"   \/><\/div><\/li><li id=\"field_1_2\" class=\"gfield gfield--type-text field_sublabel_below gfield--no-description field_description_below field_validation_below gfield_visibility_visible\"  ><label class='gfield_label gform-field-label' for='input_1_2'>Maa<\/label><div class='ginput_container ginput_container_text'><input name='input_2' id='input_1_2' type='text' value='' class='medium'    placeholder='Maa'  aria-invalid=\"false\"   \/><\/div><\/li><li id=\"field_1_3\" class=\"gfield gfield--type-text field_sublabel_below gfield--no-description field_description_below field_validation_below gfield_visibility_visible\"  ><label class='gfield_label gform-field-label' for='input_1_3'>Email<\/label><div class='ginput_container ginput_container_text'><input name='input_3' id='input_1_3' type='text' value='' class='medium'    placeholder='Email'  aria-invalid=\"false\"   \/><\/div><\/li><li id=\"field_1_4\" class=\"gfield gfield--type-text field_sublabel_below gfield--no-description field_description_below field_validation_below gfield_visibility_visible\"  ><label class='gfield_label gform-field-label' for='input_1_4'>Puhelinnumero<\/label><div class='ginput_container ginput_container_text'><input name='input_4' id='input_1_4' type='text' value='' class='medium'    placeholder='Puhelinnumero'  aria-invalid=\"false\"   \/><\/div><\/li><li id=\"field_1_5\" class=\"gfield gfield--type-textarea field_sublabel_below gfield--no-description field_description_below field_validation_below gfield_visibility_visible\"  ><label class='gfield_label gform-field-label' for='input_1_5'>Viestisi<\/label><div class='ginput_container ginput_container_textarea'><textarea name='input_5' id='input_1_5' class='textarea medium'    placeholder='Viestisi'  aria-invalid=\"false\"   rows='10' cols='50'><\/textarea><\/div><\/li><li id=\"field_1_6\" class=\"gfield gfield--type-captcha field_sublabel_below gfield--no-description field_description_below field_validation_below gfield_visibility_visible\"  ><label class='gfield_label gform-field-label' for='input_1_6'>CAPTCHA<\/label><div id='input_1_6' class='ginput_container ginput_recaptcha' data-sitekey='6LfFqPMUAAAAADxrhmUk3II65cUMz4qCvA2g3Ivl'  data-theme='light' data-tabindex='0'  data-badge=''><\/div><\/li><\/ul><\/div>\n        <div class='gform-footer gform_footer top_label'> <input type='submit' id='gform_submit_button_1' class='gform_button button' onclick='gform.submission.handleButtonClick(this);' data-submission-type='submit' value='L\u00e4hett\u00e4\u00e4'  \/> \n            <input type='hidden' class='gform_hidden' name='gform_submission_method' data-js='gform_submission_method_1' value='postback' \/>\n            <input type='hidden' class='gform_hidden' name='gform_theme' data-js='gform_theme_1' id='gform_theme_1' value='legacy' \/>\n            <input type='hidden' class='gform_hidden' name='gform_style_settings' data-js='gform_style_settings_1' id='gform_style_settings_1' value='[]' \/>\n            <input type='hidden' class='gform_hidden' name='is_submit_1' value='1' \/>\n            <input type='hidden' class='gform_hidden' name='gform_submit' value='1' \/>\n            \n            <input type='hidden' class='gform_hidden' name='gform_currency' data-currency='USD' value='y6SO8R\/TWvjJuOKLmI0ofW61Vu5gCRtLZL6\/byVl+FoQ0rVqRtH8Cub2pbyV7d4v7zC3cxb0FEIz7e4jrlE61jFQ8BdzkJYv1x7DZA9\/3krVOQA=' \/>\n            <input type='hidden' class='gform_hidden' name='gform_unique_id' value='' \/>\n            <input type='hidden' class='gform_hidden' name='state_1' value='WyJbXSIsIjg4Mjg4OGJiZWEwMDMxZDkwNDg0YzZlYzAyYTUwMTg4Il0=' \/>\n            <input type='hidden' autocomplete='off' class='gform_hidden' name='gform_target_page_number_1' id='gform_target_page_number_1' value='0' \/>\n            <input type='hidden' autocomplete='off' class='gform_hidden' name='gform_source_page_number_1' id='gform_source_page_number_1' value='1' \/>\n            <input type='hidden' name='gform_field_values' value='' \/>\n            \n        <\/div>\n                        <\/form>\n                        <\/div><script type=\"text\/javascript\">\n\/* <![CDATA[ *\/\ndocument.addEventListener( \"DOMContentLoaded\", function() { gform.initializeOnLoaded( function() {gformInitSpinner( 1, 'https:\/\/ehcteknik.com\/wp-content\/plugins\/gravityforms\/images\/spinner.svg', true );jQuery('#gform_ajax_frame_1').on('load',function(){var contents = jQuery(this).contents().find('*').html();var is_postback = contents.indexOf('GF_AJAX_POSTBACK') >= 0;if(!is_postback){return;}var form_content = jQuery(this).contents().find('#gform_wrapper_1');var is_confirmation = jQuery(this).contents().find('#gform_confirmation_wrapper_1').length > 0;var is_redirect = contents.indexOf('gformRedirect(){') >= 0;var is_form = form_content.length > 0 && ! is_redirect && ! is_confirmation;var mt = parseInt(jQuery('html').css('margin-top'), 10) + parseInt(jQuery('body').css('margin-top'), 10) + 100;if(is_form){jQuery('#gform_wrapper_1').html(form_content.html());if(form_content.hasClass('gform_validation_error')){jQuery('#gform_wrapper_1').addClass('gform_validation_error');} else {jQuery('#gform_wrapper_1').removeClass('gform_validation_error');}setTimeout( function() { \/* delay the scroll by 50 milliseconds to fix a bug in chrome *\/  }, 50 );if(window['gformInitDatepicker']) {gformInitDatepicker();}if(window['gformInitPriceFields']) {gformInitPriceFields();}var current_page = jQuery('#gform_source_page_number_1').val();gformInitSpinner( 1, 'https:\/\/ehcteknik.com\/wp-content\/plugins\/gravityforms\/images\/spinner.svg', true );jQuery(document).trigger('gform_page_loaded', [1, current_page]);window['gf_submitting_1'] = false;}else if(!is_redirect){var confirmation_content = jQuery(this).contents().find('.GF_AJAX_POSTBACK').html();if(!confirmation_content){confirmation_content = contents;}jQuery('#gform_wrapper_1').replaceWith(confirmation_content);jQuery(document).trigger('gform_confirmation_loaded', [1]);window['gf_submitting_1'] = false;wp.a11y.speak(jQuery('#gform_confirmation_message_1').text());}else{jQuery('#gform_1').append(contents);if(window['gformRedirect']) {gformRedirect();}}jQuery(document).trigger(\"gform_pre_post_render\", [{ formId: \"1\", currentPage: \"current_page\", abort: function() { this.preventDefault(); } }]);        if (event && event.defaultPrevented) {                return;        }        const gformWrapperDiv = document.getElementById( \"gform_wrapper_1\" );        if ( gformWrapperDiv ) {            const visibilitySpan = document.createElement( \"span\" );            visibilitySpan.id = \"gform_visibility_test_1\";            gformWrapperDiv.insertAdjacentElement( \"afterend\", visibilitySpan );        }        const visibilityTestDiv = document.getElementById( \"gform_visibility_test_1\" );        let postRenderFired = false;        function triggerPostRender() {            if ( postRenderFired ) {                return;            }            postRenderFired = true;            gform.core.triggerPostRenderEvents( 1, current_page );            if ( visibilityTestDiv ) {                visibilityTestDiv.parentNode.removeChild( visibilityTestDiv );            }        }        function debounce( func, wait, immediate ) {            var timeout;            return function() {                var context = this, args = arguments;                var later = function() {                    timeout = null;                    if ( !immediate ) func.apply( context, args );                };                var callNow = immediate && !timeout;                clearTimeout( timeout );                timeout = setTimeout( later, wait );                if ( callNow ) func.apply( context, args );            };        }        const debouncedTriggerPostRender = debounce( function() {            triggerPostRender();        }, 200 );        if ( visibilityTestDiv && visibilityTestDiv.offsetParent === null ) {            const observer = new MutationObserver( ( mutations ) => {                mutations.forEach( ( mutation ) => {                    if ( mutation.type === 'attributes' && visibilityTestDiv.offsetParent !== null ) {                        debouncedTriggerPostRender();                        observer.disconnect();                    }                });            });            observer.observe( document.body, {                attributes: true,                childList: false,                subtree: true,                attributeFilter: [ 'style', 'class' ],            });        } else {            triggerPostRender();        }    } );} );  }, false );\n\/* ]]> *\/\n<\/script>\n  <\/div>\n<\/div>","protected":false},"excerpt":{"rendered":"","protected":false},"author":6,"featured_media":0,"parent":0,"menu_order":0,"comment_status":"closed","ping_status":"closed","template":"","meta":{"_acf_changed":false,"footnotes":""},"class_list":["post-3398","page","type-page","status-publish","hentry"],"acf":[],"yoast_head":"<!-- This site is optimized with the Yoast SEO plugin v24.2 - https:\/\/yoast.com\/wordpress\/plugins\/seo\/ -->\n<title>FAQ | EHC Teknik<\/title>\n<meta name=\"robots\" content=\"index, follow, max-snippet:-1, max-image-preview:large, max-video-preview:-1\" \/>\n<link rel=\"canonical\" href=\"https:\/\/ehcteknik.com\/fi\/faq\/\" \/>\n<meta property=\"og:locale\" content=\"fi_FI\" \/>\n<meta property=\"og:type\" content=\"article\" \/>\n<meta property=\"og:title\" content=\"FAQ | EHC Teknik\" \/>\n<meta property=\"og:url\" content=\"https:\/\/ehcteknik.com\/fi\/faq\/\" \/>\n<meta property=\"og:site_name\" content=\"EHC Teknik\" \/>\n<meta property=\"article:modified_time\" content=\"2020-03-11T10:15:36+00:00\" \/>\n<meta name=\"twitter:card\" content=\"summary_large_image\" \/>\n<script type=\"application\/ld+json\" class=\"yoast-schema-graph\">{\"@context\":\"https:\/\/schema.org\",\"@graph\":[{\"@type\":\"WebPage\",\"@id\":\"https:\/\/ehcteknik.com\/fi\/faq\/\",\"url\":\"https:\/\/ehcteknik.com\/fi\/faq\/\",\"name\":\"FAQ | EHC Teknik\",\"isPartOf\":{\"@id\":\"https:\/\/ehcteknik.com\/fi\/#website\"},\"datePublished\":\"2020-02-23T11:28:58+00:00\",\"dateModified\":\"2020-03-11T10:15:36+00:00\",\"breadcrumb\":{\"@id\":\"https:\/\/ehcteknik.com\/fi\/faq\/#breadcrumb\"},\"inLanguage\":\"fi\",\"potentialAction\":[{\"@type\":\"ReadAction\",\"target\":[\"https:\/\/ehcteknik.com\/fi\/faq\/\"]}]},{\"@type\":\"BreadcrumbList\",\"@id\":\"https:\/\/ehcteknik.com\/fi\/faq\/#breadcrumb\",\"itemListElement\":[{\"@type\":\"ListItem\",\"position\":1,\"name\":\"Home\",\"item\":\"https:\/\/ehcteknik.com\/fi\/\"},{\"@type\":\"ListItem\",\"position\":2,\"name\":\"FAQ\"}]},{\"@type\":\"WebSite\",\"@id\":\"https:\/\/ehcteknik.com\/fi\/#website\",\"url\":\"https:\/\/ehcteknik.com\/fi\/\",\"name\":\"EHC Teknik\",\"description\":\"We reduce emissions\",\"publisher\":{\"@id\":\"https:\/\/ehcteknik.com\/fi\/#organization\"},\"potentialAction\":[{\"@type\":\"SearchAction\",\"target\":{\"@type\":\"EntryPoint\",\"urlTemplate\":\"https:\/\/ehcteknik.com\/fi\/?s={search_term_string}\"},\"query-input\":{\"@type\":\"PropertyValueSpecification\",\"valueRequired\":true,\"valueName\":\"search_term_string\"}}],\"inLanguage\":\"fi\"},{\"@type\":\"Organization\",\"@id\":\"https:\/\/ehcteknik.com\/fi\/#organization\",\"name\":\"EHC Teknik\",\"url\":\"https:\/\/ehcteknik.com\/fi\/\",\"logo\":{\"@type\":\"ImageObject\",\"inLanguage\":\"fi\",\"@id\":\"https:\/\/ehcteknik.com\/fi\/#\/schema\/logo\/image\/\",\"url\":\"https:\/\/ehcteknik.com\/wp-content\/uploads\/2020\/11\/logo.jpg\",\"contentUrl\":\"https:\/\/ehcteknik.com\/wp-content\/uploads\/2020\/11\/logo.jpg\",\"width\":205,\"height\":58,\"caption\":\"EHC Teknik\"},\"image\":{\"@id\":\"https:\/\/ehcteknik.com\/fi\/#\/schema\/logo\/image\/\"}}]}<\/script>\n<!-- \/ Yoast SEO plugin. -->","yoast_head_json":{"title":"FAQ | EHC Teknik","robots":{"index":"index","follow":"follow","max-snippet":"max-snippet:-1","max-image-preview":"max-image-preview:large","max-video-preview":"max-video-preview:-1"},"canonical":"https:\/\/ehcteknik.com\/fi\/faq\/","og_locale":"fi_FI","og_type":"article","og_title":"FAQ | EHC Teknik","og_url":"https:\/\/ehcteknik.com\/fi\/faq\/","og_site_name":"EHC Teknik","article_modified_time":"2020-03-11T10:15:36+00:00","twitter_card":"summary_large_image","schema":{"@context":"https:\/\/schema.org","@graph":[{"@type":"WebPage","@id":"https:\/\/ehcteknik.com\/fi\/faq\/","url":"https:\/\/ehcteknik.com\/fi\/faq\/","name":"FAQ | EHC Teknik","isPartOf":{"@id":"https:\/\/ehcteknik.com\/fi\/#website"},"datePublished":"2020-02-23T11:28:58+00:00","dateModified":"2020-03-11T10:15:36+00:00","breadcrumb":{"@id":"https:\/\/ehcteknik.com\/fi\/faq\/#breadcrumb"},"inLanguage":"fi","potentialAction":[{"@type":"ReadAction","target":["https:\/\/ehcteknik.com\/fi\/faq\/"]}]},{"@type":"BreadcrumbList","@id":"https:\/\/ehcteknik.com\/fi\/faq\/#breadcrumb","itemListElement":[{"@type":"ListItem","position":1,"name":"Home","item":"https:\/\/ehcteknik.com\/fi\/"},{"@type":"ListItem","position":2,"name":"FAQ"}]},{"@type":"WebSite","@id":"https:\/\/ehcteknik.com\/fi\/#website","url":"https:\/\/ehcteknik.com\/fi\/","name":"EHC Teknik","description":"We reduce emissions","publisher":{"@id":"https:\/\/ehcteknik.com\/fi\/#organization"},"potentialAction":[{"@type":"SearchAction","target":{"@type":"EntryPoint","urlTemplate":"https:\/\/ehcteknik.com\/fi\/?s={search_term_string}"},"query-input":{"@type":"PropertyValueSpecification","valueRequired":true,"valueName":"search_term_string"}}],"inLanguage":"fi"},{"@type":"Organization","@id":"https:\/\/ehcteknik.com\/fi\/#organization","name":"EHC Teknik","url":"https:\/\/ehcteknik.com\/fi\/","logo":{"@type":"ImageObject","inLanguage":"fi","@id":"https:\/\/ehcteknik.com\/fi\/#\/schema\/logo\/image\/","url":"https:\/\/ehcteknik.com\/wp-content\/uploads\/2020\/11\/logo.jpg","contentUrl":"https:\/\/ehcteknik.com\/wp-content\/uploads\/2020\/11\/logo.jpg","width":205,"height":58,"caption":"EHC Teknik"},"image":{"@id":"https:\/\/ehcteknik.com\/fi\/#\/schema\/logo\/image\/"}}]}},"_links":{"self":[{"href":"https:\/\/ehcteknik.com\/fi\/wp-json\/wp\/v2\/pages\/3398","targetHints":{"allow":["GET"]}}],"collection":[{"href":"https:\/\/ehcteknik.com\/fi\/wp-json\/wp\/v2\/pages"}],"about":[{"href":"https:\/\/ehcteknik.com\/fi\/wp-json\/wp\/v2\/types\/page"}],"author":[{"embeddable":true,"href":"https:\/\/ehcteknik.com\/fi\/wp-json\/wp\/v2\/users\/6"}],"replies":[{"embeddable":true,"href":"https:\/\/ehcteknik.com\/fi\/wp-json\/wp\/v2\/comments?post=3398"}],"version-history":[{"count":3,"href":"https:\/\/ehcteknik.com\/fi\/wp-json\/wp\/v2\/pages\/3398\/revisions"}],"predecessor-version":[{"id":5115,"href":"https:\/\/ehcteknik.com\/fi\/wp-json\/wp\/v2\/pages\/3398\/revisions\/5115"}],"wp:attachment":[{"href":"https:\/\/ehcteknik.com\/fi\/wp-json\/wp\/v2\/media?parent=3398"}],"curies":[{"name":"wp","href":"https:\/\/api.w.org\/{rel}","templated":true}]}}