{"id":961,"date":"2019-12-17T13:44:08","date_gmt":"2019-12-17T13:44:08","guid":{"rendered":"https:\/\/ehcteknik.com\/?page_id=961"},"modified":"2025-06-04T05:51:49","modified_gmt":"2025-06-04T05:51:49","slug":"kontakt-abgasfilter","status":"publish","type":"page","link":"https:\/\/ehcteknik.com\/de\/kontakt-abgasfilter\/","title":{"rendered":"Kontakt"},"content":{"rendered":"\n<div class=\"grid-images-block container mt-50 mb-50\">\n  <div class=\"row\">\n              <div class=\"col-12 col-md-4 mt-2 text-center grid-image grid-image-free\">\n            <div class=\"grid-image\">\n              <img decoding=\"async\" class=\"icon-size\" src=\"https:\/\/ehcteknik.com\/wp-content\/uploads\/2020\/02\/address-icon.png\" alt=\"Hauptquartier\">\n\n              <div class=\"title font-weight-bold py-3\">\n                Hauptquartier              <\/div>\n\n                              <div class=\"description\">\n                  <p><strong>EHC Teknik ab<\/strong><br \/>\n\u00d6g\u00e4rdesv\u00e4gen 8a<br \/>\n433 30 Partille, Sweden<\/p>\n                <\/div>\n                          <\/div>\n          <\/div>\n                <div class=\"col-12 col-md-4 mt-2 text-center grid-image grid-image-free\">\n            <div class=\"grid-image\">\n              <img decoding=\"async\" class=\"icon-size\" src=\"https:\/\/ehcteknik.com\/wp-content\/uploads\/2020\/02\/telephone-icon.png\" alt=\"Telefon\">\n\n              <div class=\"title font-weight-bold py-3\">\n                Telefon              <\/div>\n\n                              <div class=\"description\">\n                  <p><a class=\"text-body\" href=\"tel:+46 314 490 20\">+46 (0)31 44 90 20<\/a><\/p>\n                <\/div>\n                          <\/div>\n          <\/div>\n                <div class=\"col-12 col-md-4 mt-2 text-center grid-image grid-image-free\">\n            <div class=\"grid-image\">\n              <img decoding=\"async\" class=\"icon-size\" src=\"https:\/\/ehcteknik.com\/wp-content\/uploads\/2020\/02\/mail-icon.png\" alt=\"Email\">\n\n              <div class=\"title font-weight-bold py-3\">\n                Email              <\/div>\n\n                              <div class=\"description\">\n                  <p><a href=\"mailto:office@ehcteknik.se\">office@ehcteknik.se<\/a><\/p>\n                <\/div>\n                          <\/div>\n          <\/div>\n        <\/div>\n<\/div>\n\n\n\n<div class=\"grid-images-block container mt-50 mb-50\">\n  <div class=\"row\">\n              <div class=\"col-12 col-md-3 mt-2 text-center grid-image grid-image-free\">\n            <div class=\"grid-image\">\n              <img decoding=\"async\" class=\"icon-size\" src=\"https:\/\/ehcteknik.com\/wp-content\/uploads\/2020\/02\/address-icon.png\" alt=\"Niederlassung\">\n\n              <div class=\"title font-weight-bold py-3\">\n                Niederlassung              <\/div>\n\n                              <div class=\"description\">\n                  <p><strong>EHC Teknik GmbH<\/strong><br \/>\nEiserfelder Str.316<br \/>\n57 080 Siegen<br \/>\nDeutschland<\/p>\n                <\/div>\n                          <\/div>\n          <\/div>\n                <div class=\"col-12 col-md-3 mt-2 text-center grid-image grid-image-free\">\n            <div class=\"grid-image\">\n              <img decoding=\"async\" class=\"icon-size\" src=\"https:\/\/ehcteknik.com\/wp-content\/uploads\/2020\/02\/telephone-icon.png\" alt=\"Telefon\">\n\n              <div class=\"title font-weight-bold py-3\">\n                Telefon              <\/div>\n\n                              <div class=\"description\">\n                  <p><a class=\"text-body\" href=\"tel:0271 3177936\">0271 317 79 36<\/a><\/p>\n<p>&nbsp;<\/p>\n                <\/div>\n                          <\/div>\n          <\/div>\n                <div class=\"col-12 col-md-3 mt-2 text-center grid-image grid-image-free\">\n            <div class=\"grid-image\">\n              <img decoding=\"async\" class=\"icon-size\" src=\"https:\/\/ehcteknik.com\/wp-content\/uploads\/2020\/02\/mail-icon.png\" alt=\"E-mail\">\n\n              <div class=\"title font-weight-bold py-3\">\n                E-mail              <\/div>\n\n                              <div class=\"description\">\n                  <p><a href=\"mailto:buero@ehcteknik.de\">buero@ehcteknik.de<\/a><\/p>\n<p>&nbsp;<\/p>\n                <\/div>\n                          <\/div>\n          <\/div>\n                <div class=\"col-12 col-md-3 mt-2 text-center grid-image grid-image-free\">\n            <div class=\"grid-image\">\n              <img decoding=\"async\" class=\"icon-size\" src=\"https:\/\/ehcteknik.com\/wp-content\/uploads\/2020\/06\/AGB-4.jpg\" alt=\"AGB\">\n\n              <div class=\"title font-weight-bold py-3\">\n                AGB              <\/div>\n\n                              <div class=\"description\">\n                  <p><a href=\"https:\/\/ehcteknik.com\/wp-content\/uploads\/2020\/06\/AGB-EHC-Teknik-GmbH-Siegen.pdf\">AGB &#8211; EHC Teknik GmbH Siegen<\/a><\/p>\n                <\/div>\n                          <\/div>\n          <\/div>\n        <\/div>\n<\/div>\n\n\n<div class=\"contact-block w-100 py-5 d-block mt-30 mb-0\">\n  <div class=\"container\">\n          <h2 class=\"text-center text-white mb-4\">Kontaktiere uns<\/h2>\n    \n    <script type=\"text\/javascript\">\n\/* <![CDATA[ *\/\nvar gform;gform||(document.addEventListener(\"gform_main_scripts_loaded\",function(){gform.scriptsLoaded=!0}),document.addEventListener(\"gform\/theme\/scripts_loaded\",function(){gform.themeScriptsLoaded=!0}),window.addEventListener(\"DOMContentLoaded\",function(){gform.domLoaded=!0}),gform={domLoaded:!1,scriptsLoaded:!1,themeScriptsLoaded:!1,isFormEditor:()=>\"function\"==typeof InitializeEditor,callIfLoaded:function(o){return!(!gform.domLoaded||!gform.scriptsLoaded||!gform.themeScriptsLoaded&&!gform.isFormEditor()||(gform.isFormEditor()&&console.warn(\"The use of gform.initializeOnLoaded() is deprecated in the form editor context and will be removed in Gravity Forms 3.1.\"),o(),0))},initializeOnLoaded:function(o){gform.callIfLoaded(o)||(document.addEventListener(\"gform_main_scripts_loaded\",()=>{gform.scriptsLoaded=!0,gform.callIfLoaded(o)}),document.addEventListener(\"gform\/theme\/scripts_loaded\",()=>{gform.themeScriptsLoaded=!0,gform.callIfLoaded(o)}),window.addEventListener(\"DOMContentLoaded\",()=>{gform.domLoaded=!0,gform.callIfLoaded(o)}))},hooks:{action:{},filter:{}},addAction:function(o,r,e,t){gform.addHook(\"action\",o,r,e,t)},addFilter:function(o,r,e,t){gform.addHook(\"filter\",o,r,e,t)},doAction:function(o){gform.doHook(\"action\",o,arguments)},applyFilters:function(o){return gform.doHook(\"filter\",o,arguments)},removeAction:function(o,r){gform.removeHook(\"action\",o,r)},removeFilter:function(o,r,e){gform.removeHook(\"filter\",o,r,e)},addHook:function(o,r,e,t,n){null==gform.hooks[o][r]&&(gform.hooks[o][r]=[]);var d=gform.hooks[o][r];null==n&&(n=r+\"_\"+d.length),gform.hooks[o][r].push({tag:n,callable:e,priority:t=null==t?10:t})},doHook:function(r,o,e){var t;if(e=Array.prototype.slice.call(e,1),null!=gform.hooks[r][o]&&((o=gform.hooks[r][o]).sort(function(o,r){return o.priority-r.priority}),o.forEach(function(o){\"function\"!=typeof(t=o.callable)&&(t=window[t]),\"action\"==r?t.apply(null,e):e[0]=t.apply(null,e)})),\"filter\"==r)return e[0]},removeHook:function(o,r,t,n){var e;null!=gform.hooks[o][r]&&(e=(e=gform.hooks[o][r]).filter(function(o,r,e){return!!(null!=n&&n!=o.tag||null!=t&&t!=o.priority)}),gform.hooks[o][r]=e)}});\n\/* ]]> *\/\n<\/script>\n\n                <div class='gf_browser_gecko gform_wrapper gform_legacy_markup_wrapper gform-theme--no-framework' data-form-theme='legacy' data-form-index='0' id='gform_wrapper_4' >\n                        <div class='gform_heading'>\n                            <p class='gform_description'><\/p>\n                        <\/div><form method='post' enctype='multipart\/form-data'  id='gform_4'  action='\/de\/wp-json\/wp\/v2\/pages\/961' data-formid='4' novalidate>\n                        <div class='gform-body gform_body'><ul id='gform_fields_4' class='gform_fields top_label form_sublabel_below description_below validation_below'><li id=\"field_4_7\" class=\"gfield gfield--type-honeypot gform_validation_container field_sublabel_below gfield--has-description field_description_below field_validation_below gfield_visibility_visible\"  ><label class='gfield_label gform-field-label' for='input_4_7'>URL<\/label><div class='ginput_container'><input name='input_7' id='input_4_7' type='text' value='' autocomplete='new-password'\/><\/div><div class='gfield_description' id='gfield_description_4_7'>Dieses Feld dient zur Validierung und sollte nicht ver\u00e4ndert werden.<\/div><\/li><li id=\"field_4_1\" class=\"gfield gfield--type-text field_sublabel_below gfield--no-description field_description_below field_validation_below gfield_visibility_visible\"  ><label class='gfield_label gform-field-label' for='input_4_1'>Name<\/label><div class='ginput_container ginput_container_text'><input name='input_1' id='input_4_1' type='text' value='' class='medium'    placeholder='Name'  aria-invalid=\"false\"   \/><\/div><\/li><li id=\"field_4_2\" class=\"gfield gfield--type-text field_sublabel_below gfield--no-description field_description_below field_validation_below gfield_visibility_visible\"  ><label class='gfield_label gform-field-label' for='input_4_2'>Land<\/label><div class='ginput_container ginput_container_text'><input name='input_2' id='input_4_2' type='text' value='' class='medium'    placeholder='Land'  aria-invalid=\"false\"   \/><\/div><\/li><li id=\"field_4_3\" class=\"gfield gfield--type-text field_sublabel_below gfield--no-description field_description_below field_validation_below gfield_visibility_visible\"  ><label class='gfield_label gform-field-label' for='input_4_3'>Email<\/label><div class='ginput_container ginput_container_text'><input name='input_3' id='input_4_3' type='text' value='' class='medium'    placeholder='Email'  aria-invalid=\"false\"   \/><\/div><\/li><li id=\"field_4_4\" class=\"gfield gfield--type-text field_sublabel_below gfield--no-description field_description_below field_validation_below gfield_visibility_visible\"  ><label class='gfield_label gform-field-label' for='input_4_4'>Telefonnummer<\/label><div class='ginput_container ginput_container_text'><input name='input_4' id='input_4_4' type='text' value='' class='medium'    placeholder='Telefonnummer'  aria-invalid=\"false\"   \/><\/div><\/li><li id=\"field_4_5\" class=\"gfield gfield--type-textarea field_sublabel_below gfield--no-description field_description_below field_validation_below gfield_visibility_visible\"  ><label class='gfield_label gform-field-label' for='input_4_5'>Deine Nachricht<\/label><div class='ginput_container ginput_container_textarea'><textarea name='input_5' id='input_4_5' class='textarea medium'    placeholder='Deine Nachricht'  aria-invalid=\"false\"   rows='10' cols='50'><\/textarea><\/div><\/li><li id=\"field_4_6\" class=\"gfield gfield--type-captcha field_sublabel_below gfield--no-description field_description_below field_validation_below gfield_visibility_visible\"  ><label class='gfield_label gform-field-label' for='input_4_6'>CAPTCHA<\/label><div id='input_4_6' class='ginput_container ginput_recaptcha' data-sitekey='6LfFqPMUAAAAADxrhmUk3II65cUMz4qCvA2g3Ivl'  data-theme='light' data-tabindex='0'  data-badge=''><\/div><\/li><\/ul><\/div>\n        <div class='gform-footer gform_footer top_label'> <input type='submit' id='gform_submit_button_4' class='gform_button button' onclick='gform.submission.handleButtonClick(this);' data-submission-type='submit' value='Senden'  \/> \n            <input type='hidden' class='gform_hidden' name='gform_submission_method' data-js='gform_submission_method_4' value='postback' \/>\n            <input type='hidden' class='gform_hidden' name='gform_theme' data-js='gform_theme_4' id='gform_theme_4' value='legacy' \/>\n            <input type='hidden' class='gform_hidden' name='gform_style_settings' data-js='gform_style_settings_4' id='gform_style_settings_4' value='[]' \/>\n            <input type='hidden' class='gform_hidden' name='is_submit_4' value='1' \/>\n            <input type='hidden' class='gform_hidden' name='gform_submit' value='4' \/>\n            \n            <input type='hidden' class='gform_hidden' name='gform_currency' data-currency='USD' value='MXmj6+6XTJkdVKyQ\/sgEGaE0J1KkW8G1Xi1MgQvwyh4nBkJHT9tNGZrbAexm47\/czu0+CP9jRjOwgkYTZeNkWFewQc6YIpvFtN1bMsSxcwB6NI8=' \/>\n            <input type='hidden' class='gform_hidden' name='gform_unique_id' value='' \/>\n            <input type='hidden' class='gform_hidden' name='state_4' value='WyJbXSIsIjg4Mjg4OGJiZWEwMDMxZDkwNDg0YzZlYzAyYTUwMTg4Il0=' \/>\n            <input type='hidden' autocomplete='off' class='gform_hidden' name='gform_target_page_number_4' id='gform_target_page_number_4' value='0' \/>\n            <input type='hidden' autocomplete='off' class='gform_hidden' name='gform_source_page_number_4' id='gform_source_page_number_4' value='1' \/>\n            <input type='hidden' name='gform_field_values' value='' \/>\n            \n        <\/div>\n                        <\/form>\n                        <\/div><script type=\"text\/javascript\">\n\/* <![CDATA[ *\/\ndocument.addEventListener( \"DOMContentLoaded\", function() { gform.initializeOnLoaded( function() {gformInitSpinner( 4, 'https:\/\/ehcteknik.com\/wp-content\/plugins\/gravityforms\/images\/spinner.svg', true );jQuery('#gform_ajax_frame_4').on('load',function(){var contents = jQuery(this).contents().find('*').html();var is_postback = contents.indexOf('GF_AJAX_POSTBACK') >= 0;if(!is_postback){return;}var form_content = jQuery(this).contents().find('#gform_wrapper_4');var is_confirmation = jQuery(this).contents().find('#gform_confirmation_wrapper_4').length > 0;var is_redirect = contents.indexOf('gformRedirect(){') >= 0;var is_form = form_content.length > 0 && ! is_redirect && ! is_confirmation;var mt = parseInt(jQuery('html').css('margin-top'), 10) + parseInt(jQuery('body').css('margin-top'), 10) + 100;if(is_form){jQuery('#gform_wrapper_4').html(form_content.html());if(form_content.hasClass('gform_validation_error')){jQuery('#gform_wrapper_4').addClass('gform_validation_error');} else {jQuery('#gform_wrapper_4').removeClass('gform_validation_error');}setTimeout( function() { \/* delay the scroll by 50 milliseconds to fix a bug in chrome *\/  }, 50 );if(window['gformInitDatepicker']) {gformInitDatepicker();}if(window['gformInitPriceFields']) {gformInitPriceFields();}var current_page = jQuery('#gform_source_page_number_4').val();gformInitSpinner( 4, 'https:\/\/ehcteknik.com\/wp-content\/plugins\/gravityforms\/images\/spinner.svg', true );jQuery(document).trigger('gform_page_loaded', [4, current_page]);window['gf_submitting_4'] = false;}else if(!is_redirect){var confirmation_content = jQuery(this).contents().find('.GF_AJAX_POSTBACK').html();if(!confirmation_content){confirmation_content = contents;}jQuery('#gform_wrapper_4').replaceWith(confirmation_content);jQuery(document).trigger('gform_confirmation_loaded', [4]);window['gf_submitting_4'] = false;wp.a11y.speak(jQuery('#gform_confirmation_message_4').text());}else{jQuery('#gform_4').append(contents);if(window['gformRedirect']) {gformRedirect();}}jQuery(document).trigger(\"gform_pre_post_render\", [{ formId: \"4\", currentPage: \"current_page\", abort: function() { this.preventDefault(); } }]);        if (event && event.defaultPrevented) {                return;        }        const gformWrapperDiv = document.getElementById( \"gform_wrapper_4\" );        if ( gformWrapperDiv ) {            const visibilitySpan = document.createElement( \"span\" );            visibilitySpan.id = \"gform_visibility_test_4\";            gformWrapperDiv.insertAdjacentElement( \"afterend\", visibilitySpan );        }        const visibilityTestDiv = document.getElementById( \"gform_visibility_test_4\" );        let postRenderFired = false;        function triggerPostRender() {            if ( postRenderFired ) {                return;            }            postRenderFired = true;            gform.core.triggerPostRenderEvents( 4, current_page );            if ( visibilityTestDiv ) {                visibilityTestDiv.parentNode.removeChild( visibilityTestDiv );            }        }        function debounce( func, wait, immediate ) {            var timeout;            return function() {                var context = this, args = arguments;                var later = function() {                    timeout = null;                    if ( !immediate ) func.apply( context, args );                };                var callNow = immediate && !timeout;                clearTimeout( timeout );                timeout = setTimeout( later, wait );                if ( callNow ) func.apply( context, args );            };        }        const debouncedTriggerPostRender = debounce( function() {            triggerPostRender();        }, 200 );        if ( visibilityTestDiv && visibilityTestDiv.offsetParent === null ) {            const observer = new MutationObserver( ( mutations ) => {                mutations.forEach( ( mutation ) => {                    if ( mutation.type === 'attributes' && visibilityTestDiv.offsetParent !== null ) {                        debouncedTriggerPostRender();                        observer.disconnect();                    }                });            });            observer.observe( document.body, {                attributes: true,                childList: false,                subtree: true,                attributeFilter: [ 'style', 'class' ],            });        } else {            triggerPostRender();        }    } );} );  }, false );\n\/* ]]> *\/\n<\/script>\n  <\/div>\n<\/div>\n\n<div class=\"google-maps-block w-100 d-block mt-0 mb-0\">\n  <iframe loading=\"lazy\" src=\"https:\/\/www.google.com\/maps\/embed?pb=!1m18!1m12!1m3!1d20154.39511667103!2d7.969255174648507!3d50.844139979431255!2m3!1f0!2f0!3f0!3m2!1i1024!2i768!4f13.1!3m3!1m2!1s0x47bc1c4a030e338f%3A0xa09f193820c0202c!2sEHC%20Teknik%20GmbH!5e0!3m2!1sen!2sse!4v1583434815544!5m2!1sen!2sse\" width=\"600\" height=\"450\" frameborder=\"0\" style=\"border:0;\" allowfullscreen=\"\"><\/iframe><\/div>\n","protected":false},"excerpt":{"rendered":"","protected":false},"author":6,"featured_media":0,"parent":0,"menu_order":0,"comment_status":"closed","ping_status":"closed","template":"","meta":{"_acf_changed":false,"footnotes":""},"class_list":["post-961","page","type-page","status-publish","hentry"],"acf":[],"yoast_head":"<!-- This site is optimized with the Yoast SEO plugin v24.2 - https:\/\/yoast.com\/wordpress\/plugins\/seo\/ -->\n<title>Kontakt | EHC Teknik<\/title>\n<meta name=\"description\" content=\"Nimm Kontakt mit EHC Teknik auf \u2013 deinem Experten f\u00fcr mobile und station\u00e4re Abgasfilter. Jetzt Beratung anfordern und saubere Luft am Arbeitsplatz sichern.\" \/>\n<meta name=\"robots\" content=\"index, follow, max-snippet:-1, max-image-preview:large, max-video-preview:-1\" \/>\n<link rel=\"canonical\" href=\"https:\/\/ehcteknik.com\/de\/kontakt-abgasfilter\/\" \/>\n<meta property=\"og:locale\" content=\"de_DE\" \/>\n<meta property=\"og:type\" content=\"article\" \/>\n<meta property=\"og:title\" content=\"Kontakt | EHC Teknik\" \/>\n<meta property=\"og:description\" content=\"Nimm Kontakt mit EHC Teknik auf \u2013 deinem Experten f\u00fcr mobile und station\u00e4re Abgasfilter. Jetzt Beratung anfordern und saubere Luft am Arbeitsplatz sichern.\" \/>\n<meta property=\"og:url\" content=\"https:\/\/ehcteknik.com\/de\/kontakt-abgasfilter\/\" \/>\n<meta property=\"og:site_name\" content=\"EHC Teknik\" \/>\n<meta property=\"article:modified_time\" content=\"2025-06-04T05:51:49+00:00\" \/>\n<meta name=\"twitter:card\" content=\"summary_large_image\" \/>\n<script type=\"application\/ld+json\" class=\"yoast-schema-graph\">{\"@context\":\"https:\/\/schema.org\",\"@graph\":[{\"@type\":\"WebPage\",\"@id\":\"https:\/\/ehcteknik.com\/de\/kontakt-abgasfilter\/\",\"url\":\"https:\/\/ehcteknik.com\/de\/kontakt-abgasfilter\/\",\"name\":\"Kontakt | EHC Teknik\",\"isPartOf\":{\"@id\":\"https:\/\/ehcteknik.com\/de\/#website\"},\"datePublished\":\"2019-12-17T13:44:08+00:00\",\"dateModified\":\"2025-06-04T05:51:49+00:00\",\"description\":\"Nimm Kontakt mit EHC Teknik auf \u2013 deinem Experten f\u00fcr mobile und station\u00e4re Abgasfilter. Jetzt Beratung anfordern und saubere Luft am Arbeitsplatz sichern.\",\"breadcrumb\":{\"@id\":\"https:\/\/ehcteknik.com\/de\/kontakt-abgasfilter\/#breadcrumb\"},\"inLanguage\":\"de\",\"potentialAction\":[{\"@type\":\"ReadAction\",\"target\":[\"https:\/\/ehcteknik.com\/de\/kontakt-abgasfilter\/\"]}]},{\"@type\":\"BreadcrumbList\",\"@id\":\"https:\/\/ehcteknik.com\/de\/kontakt-abgasfilter\/#breadcrumb\",\"itemListElement\":[{\"@type\":\"ListItem\",\"position\":1,\"name\":\"Home\",\"item\":\"https:\/\/ehcteknik.com\/de\/\"},{\"@type\":\"ListItem\",\"position\":2,\"name\":\"Kontakt\"}]},{\"@type\":\"WebSite\",\"@id\":\"https:\/\/ehcteknik.com\/de\/#website\",\"url\":\"https:\/\/ehcteknik.com\/de\/\",\"name\":\"EHC Teknik\",\"description\":\"We reduce emissions\",\"publisher\":{\"@id\":\"https:\/\/ehcteknik.com\/de\/#organization\"},\"potentialAction\":[{\"@type\":\"SearchAction\",\"target\":{\"@type\":\"EntryPoint\",\"urlTemplate\":\"https:\/\/ehcteknik.com\/de\/?s={search_term_string}\"},\"query-input\":{\"@type\":\"PropertyValueSpecification\",\"valueRequired\":true,\"valueName\":\"search_term_string\"}}],\"inLanguage\":\"de\"},{\"@type\":\"Organization\",\"@id\":\"https:\/\/ehcteknik.com\/de\/#organization\",\"name\":\"EHC Teknik\",\"url\":\"https:\/\/ehcteknik.com\/de\/\",\"logo\":{\"@type\":\"ImageObject\",\"inLanguage\":\"de\",\"@id\":\"https:\/\/ehcteknik.com\/de\/#\/schema\/logo\/image\/\",\"url\":\"https:\/\/ehcteknik.com\/wp-content\/uploads\/2020\/11\/logo.jpg\",\"contentUrl\":\"https:\/\/ehcteknik.com\/wp-content\/uploads\/2020\/11\/logo.jpg\",\"width\":205,\"height\":58,\"caption\":\"EHC Teknik\"},\"image\":{\"@id\":\"https:\/\/ehcteknik.com\/de\/#\/schema\/logo\/image\/\"}}]}<\/script>\n<!-- \/ Yoast SEO plugin. -->","yoast_head_json":{"title":"Kontakt | EHC Teknik","description":"Nimm Kontakt mit EHC Teknik auf \u2013 deinem Experten f\u00fcr mobile und station\u00e4re Abgasfilter. Jetzt Beratung anfordern und saubere Luft am Arbeitsplatz sichern.","robots":{"index":"index","follow":"follow","max-snippet":"max-snippet:-1","max-image-preview":"max-image-preview:large","max-video-preview":"max-video-preview:-1"},"canonical":"https:\/\/ehcteknik.com\/de\/kontakt-abgasfilter\/","og_locale":"de_DE","og_type":"article","og_title":"Kontakt | EHC Teknik","og_description":"Nimm Kontakt mit EHC Teknik auf \u2013 deinem Experten f\u00fcr mobile und station\u00e4re Abgasfilter. Jetzt Beratung anfordern und saubere Luft am Arbeitsplatz sichern.","og_url":"https:\/\/ehcteknik.com\/de\/kontakt-abgasfilter\/","og_site_name":"EHC Teknik","article_modified_time":"2025-06-04T05:51:49+00:00","twitter_card":"summary_large_image","schema":{"@context":"https:\/\/schema.org","@graph":[{"@type":"WebPage","@id":"https:\/\/ehcteknik.com\/de\/kontakt-abgasfilter\/","url":"https:\/\/ehcteknik.com\/de\/kontakt-abgasfilter\/","name":"Kontakt | EHC Teknik","isPartOf":{"@id":"https:\/\/ehcteknik.com\/de\/#website"},"datePublished":"2019-12-17T13:44:08+00:00","dateModified":"2025-06-04T05:51:49+00:00","description":"Nimm Kontakt mit EHC Teknik auf \u2013 deinem Experten f\u00fcr mobile und station\u00e4re Abgasfilter. Jetzt Beratung anfordern und saubere Luft am Arbeitsplatz sichern.","breadcrumb":{"@id":"https:\/\/ehcteknik.com\/de\/kontakt-abgasfilter\/#breadcrumb"},"inLanguage":"de","potentialAction":[{"@type":"ReadAction","target":["https:\/\/ehcteknik.com\/de\/kontakt-abgasfilter\/"]}]},{"@type":"BreadcrumbList","@id":"https:\/\/ehcteknik.com\/de\/kontakt-abgasfilter\/#breadcrumb","itemListElement":[{"@type":"ListItem","position":1,"name":"Home","item":"https:\/\/ehcteknik.com\/de\/"},{"@type":"ListItem","position":2,"name":"Kontakt"}]},{"@type":"WebSite","@id":"https:\/\/ehcteknik.com\/de\/#website","url":"https:\/\/ehcteknik.com\/de\/","name":"EHC Teknik","description":"We reduce emissions","publisher":{"@id":"https:\/\/ehcteknik.com\/de\/#organization"},"potentialAction":[{"@type":"SearchAction","target":{"@type":"EntryPoint","urlTemplate":"https:\/\/ehcteknik.com\/de\/?s={search_term_string}"},"query-input":{"@type":"PropertyValueSpecification","valueRequired":true,"valueName":"search_term_string"}}],"inLanguage":"de"},{"@type":"Organization","@id":"https:\/\/ehcteknik.com\/de\/#organization","name":"EHC Teknik","url":"https:\/\/ehcteknik.com\/de\/","logo":{"@type":"ImageObject","inLanguage":"de","@id":"https:\/\/ehcteknik.com\/de\/#\/schema\/logo\/image\/","url":"https:\/\/ehcteknik.com\/wp-content\/uploads\/2020\/11\/logo.jpg","contentUrl":"https:\/\/ehcteknik.com\/wp-content\/uploads\/2020\/11\/logo.jpg","width":205,"height":58,"caption":"EHC Teknik"},"image":{"@id":"https:\/\/ehcteknik.com\/de\/#\/schema\/logo\/image\/"}}]}},"_links":{"self":[{"href":"https:\/\/ehcteknik.com\/de\/wp-json\/wp\/v2\/pages\/961","targetHints":{"allow":["GET"]}}],"collection":[{"href":"https:\/\/ehcteknik.com\/de\/wp-json\/wp\/v2\/pages"}],"about":[{"href":"https:\/\/ehcteknik.com\/de\/wp-json\/wp\/v2\/types\/page"}],"author":[{"embeddable":true,"href":"https:\/\/ehcteknik.com\/de\/wp-json\/wp\/v2\/users\/6"}],"replies":[{"embeddable":true,"href":"https:\/\/ehcteknik.com\/de\/wp-json\/wp\/v2\/comments?post=961"}],"version-history":[{"count":43,"href":"https:\/\/ehcteknik.com\/de\/wp-json\/wp\/v2\/pages\/961\/revisions"}],"predecessor-version":[{"id":12959,"href":"https:\/\/ehcteknik.com\/de\/wp-json\/wp\/v2\/pages\/961\/revisions\/12959"}],"wp:attachment":[{"href":"https:\/\/ehcteknik.com\/de\/wp-json\/wp\/v2\/media?parent=961"}],"curies":[{"name":"wp","href":"https:\/\/api.w.org\/{rel}","templated":true}]}}