{"id":3254,"date":"2020-02-22T10:54:45","date_gmt":"2020-02-22T10:54:45","guid":{"rendered":"https:\/\/ehcteknik.com\/?page_id=3254"},"modified":"2020-06-10T08:29:56","modified_gmt":"2020-06-10T08:29:56","slug":"landwirtschaftliche-fahrzeuge","status":"publish","type":"page","link":"https:\/\/ehcteknik.com\/de\/fahrzeuge\/landwirtschaftliche-fahrzeuge\/","title":{"rendered":"Landwirtschaftliche Fahrzeuge"},"content":{"rendered":"<div class=\"image-text-block container mt-100 mb-150\">\n  <div class=\"row\">\n              <div class=\"col-12 col-md-6 image-text text text-vertical-center\">\n            <div>\n              \n              \n                                  <div class=\"bg-primary mb-3\" style=\"width: 86px;height: 4px;\"><\/div>\n                \n                                  <h2 class=\"h1 mb-3\">DPF f\u00fcr Landwirtschaftliche Fahrzeuge<\/h2>\n                \n                <div class=\"text-muted\">\n                  <p>Wir produzieren Dieselpartikelfilter (DPF) f\u00fcr eine breite Palette von landwirtschaftlichen Fahrzeugen. Unsere Dieselpartikelfilter k\u00f6nnen beispielsweise in Erntemaschinen eingebaut werden, was zu einer beeindruckenden Reduzierung der Ru\u00dfemissionen f\u00fchrt.<\/p>\n                <\/div>\n\n                \n                          <\/div>\n          <\/div>\n                <div class=\"col-12 col-md-6 image-text image \">\n            <div>\n                              <img decoding=\"async\" alt=\"\" src=\"https:\/\/ehcteknik.com\/wp-content\/uploads\/2020\/06\/EHC-HT10-permanent-mounted-on-a-tractor.jpg\">\n              \n                          <\/div>\n          <\/div>\n        <\/div>\n<\/div>\n\n\n<div class=\"image-text-block container mt-100 mb-150\">\n  <div class=\"row\">\n              <div class=\"col-12 col-md-6 image-text image \">\n            <div>\n                              <img decoding=\"async\" alt=\"\" src=\"https:\/\/ehcteknik.com\/wp-content\/uploads\/2020\/04\/EHC-L20-with-Bellow-pipe.jpg\">\n              \n                          <\/div>\n          <\/div>\n                <div class=\"col-12 col-md-6 image-text text text-vertical-center\">\n            <div>\n              \n              \n                                  <div class=\"bg-primary mb-3\" style=\"width: 86px;height: 4px;\"><\/div>\n                \n                                  <h2 class=\"h1 mb-3\">Landwirtschaftliche Fahrzeuge mit DPF f\u00fcr eine sauberere Zukunft<\/h2>\n                \n                <div class=\"text-muted\">\n                  <p>Die moderne Landwirtschaft w\u00e4re ohne Maschinen nicht m\u00f6glich. Die in viele dieser landwirtschaftlichen Maschinen verbauten Dieselmotoren k\u00f6nnen in beschr\u00e4nkten R\u00e4umen (wie Werkst\u00e4tten oder Garagen) jedoch eine gesundheitliche Gefahr darstellen. Mit unseren Filtern werden diese Gefahren minimiert und die beh\u00f6rdlich festgelegten Normen erf\u00fcllt.<\/p>\n<p>Wir wollen die richtigen Schritte in Richtung saubere Luft erleichtern. Mit diesem Ziel vor Augen sind unsere Dieselpartikelfilter (DPF) f\u00fcr landwirtschaftliche Fahrzeuge ein gro\u00dfer Vorteil.<\/p>\n                <\/div>\n\n                \n                          <\/div>\n          <\/div>\n        <\/div>\n<\/div>\n\n\n<div class=\"image-text-block container mt-100 mb-150\">\n  <div class=\"row\">\n              <div class=\"col-12 col-md-6 image-text text text-vertical-center\">\n            <div>\n              \n              \n                                  <div class=\"bg-primary mb-3\" style=\"width: 86px;height: 4px;\"><\/div>\n                \n                                  <h2 class=\"h1 mb-3\">DPF-Filter f\u00fcr Traktoren und Erntemaschinen<\/h2>\n                \n                <div class=\"text-muted\">\n                  <p>Egal, ob Sie eine Reparaturwerkstatt f\u00fcr gro\u00dfe Fahrzeuge wie Landmaschinen haben oder als Hersteller von Erntemaschinen und Traktoren arbeiten, gibt es Zeitpunkte, an denen Sie einen Dieselpartikelfilter verwenden m\u00fcssen. M\u00f6glicherweise m\u00fcssen Sie die Fahrzeuge innerhalb der Produktionsst\u00e4tte, einer Garage oder der Werkstatt bewegen, um Platz zu schaffen, oder sie einfach von einer Herstellungsstation zur anderen transportieren. Indem Sie die Emissionen in Innenr\u00e4umen reduzieren, verringern Sie das Risiko, durch die Partikel im Abgas krank zu werden.<\/p>\n<p>Viele unserer Filter k\u00f6nnen als DPF f\u00fcr Erntemaschinen oder Traktoren verwendet werden. Wir haben Dieselpartikelfilter, die f\u00fcr fast alle Arten von landwirtschaftlichen Fahrzeugen geeignet sind. Sehen Sie sich unten unsere Produkte an und finden Sie heraus, welcher Partikelfilter am besten f\u00fcr Sie geeignet ist.<\/p>\n                <\/div>\n\n                \n                          <\/div>\n          <\/div>\n                <div class=\"col-12 col-md-6 image-text image \">\n            <div>\n                              <img decoding=\"async\" alt=\"\" src=\"https:\/\/ehcteknik.com\/wp-content\/uploads\/2020\/06\/EHC-PF-on-a-tractor.jpg\">\n              \n                          <\/div>\n          <\/div>\n        <\/div>\n<\/div>\n\n\n<div class=\"text-title-block container text-left mt-100 mb-150\">\n  \n      <h2 class=\"h2\">Kontaktieren Sie uns f\u00fcr Dieselpartikelfilter f\u00fcr die Landwirtschaft<\/h2>\n  \n\n      <p><p>Unsere DPF k\u00f6nnen sowohl in M\u00e4hdreschern als auch in viele andere Arten von landwirtschaftlichen Fahrzeugen eingebaut werden. Nach dem Einbau fangen sie den Ru\u00df, der gef\u00e4hrliche Partikel enth\u00e4lt, auf seinem Weg durch das Auspuffsystem ab.<\/p>\n<p>Unser Filtersystem wurde entwickelt, um die Probleme der Luftverschmutzung zu reduzieren, die durch Fahrzeuge verursacht werden, die normalerweise \u00fcber kurze Strecken gefahren werden. Wir k\u00f6nnen Ihnen alles hier\u00fcber erz\u00e4hlen und Ihnen dabei helfen, den richtigen Dieselpartikelfilter f\u00fcr Ihr jeweiliges Fahrzeug zu finden. Kontaktieren Sie uns f\u00fcr weitere Informationen!<\/p>\n<\/p>\n  <\/div>\n\n\n<div class=\"contact-block w-100 py-5 d-block mt-<br \/>\n<b>Warning<\/b>:  Trying to access array offset on value of type null in <b>\/home\/ehctekni\/public_html\/wp-content\/themes\/ehc\/views\/blocks\/contact.php<\/b> on line <b>1<\/b><br \/>\n mb-<br \/>\n<b>Warning<\/b>:  Trying to access array offset on value of type null in <b>\/home\/ehctekni\/public_html\/wp-content\/themes\/ehc\/views\/blocks\/contact.php<\/b> on line <b>1<\/b><br \/>\n&#8222;>\n  <div class=\"container\">\n          <h2 class=\"text-center text-white mb-4\">Kontaktiere uns<\/h2>\n    \n    <script type=\"text\/javascript\">\n\/* <![CDATA[ *\/\nvar gform;gform||(document.addEventListener(\"gform_main_scripts_loaded\",function(){gform.scriptsLoaded=!0}),document.addEventListener(\"gform\/theme\/scripts_loaded\",function(){gform.themeScriptsLoaded=!0}),window.addEventListener(\"DOMContentLoaded\",function(){gform.domLoaded=!0}),gform={domLoaded:!1,scriptsLoaded:!1,themeScriptsLoaded:!1,isFormEditor:()=>\"function\"==typeof InitializeEditor,callIfLoaded:function(o){return!(!gform.domLoaded||!gform.scriptsLoaded||!gform.themeScriptsLoaded&&!gform.isFormEditor()||(gform.isFormEditor()&&console.warn(\"The use of gform.initializeOnLoaded() is deprecated in the form editor context and will be removed in Gravity Forms 3.1.\"),o(),0))},initializeOnLoaded:function(o){gform.callIfLoaded(o)||(document.addEventListener(\"gform_main_scripts_loaded\",()=>{gform.scriptsLoaded=!0,gform.callIfLoaded(o)}),document.addEventListener(\"gform\/theme\/scripts_loaded\",()=>{gform.themeScriptsLoaded=!0,gform.callIfLoaded(o)}),window.addEventListener(\"DOMContentLoaded\",()=>{gform.domLoaded=!0,gform.callIfLoaded(o)}))},hooks:{action:{},filter:{}},addAction:function(o,r,e,t){gform.addHook(\"action\",o,r,e,t)},addFilter:function(o,r,e,t){gform.addHook(\"filter\",o,r,e,t)},doAction:function(o){gform.doHook(\"action\",o,arguments)},applyFilters:function(o){return gform.doHook(\"filter\",o,arguments)},removeAction:function(o,r){gform.removeHook(\"action\",o,r)},removeFilter:function(o,r,e){gform.removeHook(\"filter\",o,r,e)},addHook:function(o,r,e,t,n){null==gform.hooks[o][r]&&(gform.hooks[o][r]=[]);var d=gform.hooks[o][r];null==n&&(n=r+\"_\"+d.length),gform.hooks[o][r].push({tag:n,callable:e,priority:t=null==t?10:t})},doHook:function(r,o,e){var t;if(e=Array.prototype.slice.call(e,1),null!=gform.hooks[r][o]&&((o=gform.hooks[r][o]).sort(function(o,r){return o.priority-r.priority}),o.forEach(function(o){\"function\"!=typeof(t=o.callable)&&(t=window[t]),\"action\"==r?t.apply(null,e):e[0]=t.apply(null,e)})),\"filter\"==r)return e[0]},removeHook:function(o,r,t,n){var e;null!=gform.hooks[o][r]&&(e=(e=gform.hooks[o][r]).filter(function(o,r,e){return!!(null!=n&&n!=o.tag||null!=t&&t!=o.priority)}),gform.hooks[o][r]=e)}});\n\/* ]]> *\/\n<\/script>\n\n                <div class='gf_browser_gecko gform_wrapper gform_legacy_markup_wrapper gform-theme--no-framework' data-form-theme='legacy' data-form-index='0' id='gform_wrapper_4' >\n                        <div class='gform_heading'>\n                            <p class='gform_description'><\/p>\n                        <\/div><form method='post' enctype='multipart\/form-data'  id='gform_4'  action='\/de\/wp-json\/wp\/v2\/pages\/3254' data-formid='4' novalidate>\n                        <div class='gform-body gform_body'><ul id='gform_fields_4' class='gform_fields top_label form_sublabel_below description_below validation_below'><li id=\"field_4_7\" class=\"gfield gfield--type-honeypot gform_validation_container field_sublabel_below gfield--has-description field_description_below field_validation_below gfield_visibility_visible\"  ><label class='gfield_label gform-field-label' for='input_4_7'>Name<\/label><div class='ginput_container'><input name='input_7' id='input_4_7' type='text' value='' autocomplete='new-password'\/><\/div><div class='gfield_description' id='gfield_description_4_7'>Dieses Feld dient zur Validierung und sollte nicht ver\u00e4ndert werden.<\/div><\/li><li id=\"field_4_1\" class=\"gfield gfield--type-text field_sublabel_below gfield--no-description field_description_below field_validation_below gfield_visibility_visible\"  ><label class='gfield_label gform-field-label' for='input_4_1'>Name<\/label><div class='ginput_container ginput_container_text'><input name='input_1' id='input_4_1' type='text' value='' class='medium'    placeholder='Name'  aria-invalid=\"false\"   \/><\/div><\/li><li id=\"field_4_2\" class=\"gfield gfield--type-text field_sublabel_below gfield--no-description field_description_below field_validation_below gfield_visibility_visible\"  ><label class='gfield_label gform-field-label' for='input_4_2'>Land<\/label><div class='ginput_container ginput_container_text'><input name='input_2' id='input_4_2' type='text' value='' class='medium'    placeholder='Land'  aria-invalid=\"false\"   \/><\/div><\/li><li id=\"field_4_3\" class=\"gfield gfield--type-text field_sublabel_below gfield--no-description field_description_below field_validation_below gfield_visibility_visible\"  ><label class='gfield_label gform-field-label' for='input_4_3'>Email<\/label><div class='ginput_container ginput_container_text'><input name='input_3' id='input_4_3' type='text' value='' class='medium'    placeholder='Email'  aria-invalid=\"false\"   \/><\/div><\/li><li id=\"field_4_4\" class=\"gfield gfield--type-text field_sublabel_below gfield--no-description field_description_below field_validation_below gfield_visibility_visible\"  ><label class='gfield_label gform-field-label' for='input_4_4'>Telefonnummer<\/label><div class='ginput_container ginput_container_text'><input name='input_4' id='input_4_4' type='text' value='' class='medium'    placeholder='Telefonnummer'  aria-invalid=\"false\"   \/><\/div><\/li><li id=\"field_4_5\" class=\"gfield gfield--type-textarea field_sublabel_below gfield--no-description field_description_below field_validation_below gfield_visibility_visible\"  ><label class='gfield_label gform-field-label' for='input_4_5'>Deine Nachricht<\/label><div class='ginput_container ginput_container_textarea'><textarea name='input_5' id='input_4_5' class='textarea medium'    placeholder='Deine Nachricht'  aria-invalid=\"false\"   rows='10' cols='50'><\/textarea><\/div><\/li><li id=\"field_4_6\" class=\"gfield gfield--type-captcha field_sublabel_below gfield--no-description field_description_below field_validation_below gfield_visibility_visible\"  ><label class='gfield_label gform-field-label' for='input_4_6'>CAPTCHA<\/label><div id='input_4_6' class='ginput_container ginput_recaptcha' data-sitekey='6LfFqPMUAAAAADxrhmUk3II65cUMz4qCvA2g3Ivl'  data-theme='light' data-tabindex='0'  data-badge=''><\/div><\/li><\/ul><\/div>\n        <div class='gform-footer gform_footer top_label'> <input type='submit' id='gform_submit_button_4' class='gform_button button' onclick='gform.submission.handleButtonClick(this);' data-submission-type='submit' value='Senden'  \/> \n            <input type='hidden' class='gform_hidden' name='gform_submission_method' data-js='gform_submission_method_4' value='postback' \/>\n            <input type='hidden' class='gform_hidden' name='gform_theme' data-js='gform_theme_4' id='gform_theme_4' value='legacy' \/>\n            <input type='hidden' class='gform_hidden' name='gform_style_settings' data-js='gform_style_settings_4' id='gform_style_settings_4' value='[]' \/>\n            <input type='hidden' class='gform_hidden' name='is_submit_4' value='1' \/>\n            <input type='hidden' class='gform_hidden' name='gform_submit' value='4' \/>\n            \n            <input type='hidden' class='gform_hidden' name='gform_currency' data-currency='USD' value='MqsXW0cc1AKODgkEojsI4KJ\/IA3NftBhl1whb4z27M+1khLuE6Tc6RymXyHv4hqmzfNy2wbQhP5W\/sPAATPCN41S\/bAqvdZwVaV\/Pl1xEq8sQw0=' \/>\n            <input type='hidden' class='gform_hidden' name='gform_unique_id' value='' \/>\n            <input type='hidden' class='gform_hidden' name='state_4' value='WyJbXSIsIjg4Mjg4OGJiZWEwMDMxZDkwNDg0YzZlYzAyYTUwMTg4Il0=' \/>\n            <input type='hidden' autocomplete='off' class='gform_hidden' name='gform_target_page_number_4' id='gform_target_page_number_4' value='0' \/>\n            <input type='hidden' autocomplete='off' class='gform_hidden' name='gform_source_page_number_4' id='gform_source_page_number_4' value='1' \/>\n            <input type='hidden' name='gform_field_values' value='' \/>\n            \n        <\/div>\n                        <\/form>\n                        <\/div><script type=\"text\/javascript\">\n\/* <![CDATA[ *\/\ndocument.addEventListener( \"DOMContentLoaded\", function() { gform.initializeOnLoaded( function() {gformInitSpinner( 4, 'https:\/\/ehcteknik.com\/wp-content\/plugins\/gravityforms\/images\/spinner.svg', true );jQuery('#gform_ajax_frame_4').on('load',function(){var contents = jQuery(this).contents().find('*').html();var is_postback = contents.indexOf('GF_AJAX_POSTBACK') >= 0;if(!is_postback){return;}var form_content = jQuery(this).contents().find('#gform_wrapper_4');var is_confirmation = jQuery(this).contents().find('#gform_confirmation_wrapper_4').length > 0;var is_redirect = contents.indexOf('gformRedirect(){') >= 0;var is_form = form_content.length > 0 && ! is_redirect && ! is_confirmation;var mt = parseInt(jQuery('html').css('margin-top'), 10) + parseInt(jQuery('body').css('margin-top'), 10) + 100;if(is_form){jQuery('#gform_wrapper_4').html(form_content.html());if(form_content.hasClass('gform_validation_error')){jQuery('#gform_wrapper_4').addClass('gform_validation_error');} else {jQuery('#gform_wrapper_4').removeClass('gform_validation_error');}setTimeout( function() { \/* delay the scroll by 50 milliseconds to fix a bug in chrome *\/  }, 50 );if(window['gformInitDatepicker']) {gformInitDatepicker();}if(window['gformInitPriceFields']) {gformInitPriceFields();}var current_page = jQuery('#gform_source_page_number_4').val();gformInitSpinner( 4, 'https:\/\/ehcteknik.com\/wp-content\/plugins\/gravityforms\/images\/spinner.svg', true );jQuery(document).trigger('gform_page_loaded', [4, current_page]);window['gf_submitting_4'] = false;}else if(!is_redirect){var confirmation_content = jQuery(this).contents().find('.GF_AJAX_POSTBACK').html();if(!confirmation_content){confirmation_content = contents;}jQuery('#gform_wrapper_4').replaceWith(confirmation_content);jQuery(document).trigger('gform_confirmation_loaded', [4]);window['gf_submitting_4'] = false;wp.a11y.speak(jQuery('#gform_confirmation_message_4').text());}else{jQuery('#gform_4').append(contents);if(window['gformRedirect']) {gformRedirect();}}jQuery(document).trigger(\"gform_pre_post_render\", [{ formId: \"4\", currentPage: \"current_page\", abort: function() { this.preventDefault(); } }]);        if (event && event.defaultPrevented) {                return;        }        const gformWrapperDiv = document.getElementById( \"gform_wrapper_4\" );        if ( gformWrapperDiv ) {            const visibilitySpan = document.createElement( \"span\" );            visibilitySpan.id = \"gform_visibility_test_4\";            gformWrapperDiv.insertAdjacentElement( \"afterend\", visibilitySpan );        }        const visibilityTestDiv = document.getElementById( \"gform_visibility_test_4\" );        let postRenderFired = false;        function triggerPostRender() {            if ( postRenderFired ) {                return;            }            postRenderFired = true;            gform.core.triggerPostRenderEvents( 4, current_page );            if ( visibilityTestDiv ) {                visibilityTestDiv.parentNode.removeChild( visibilityTestDiv );            }        }        function debounce( func, wait, immediate ) {            var timeout;            return function() {                var context = this, args = arguments;                var later = function() {                    timeout = null;                    if ( !immediate ) func.apply( context, args );                };                var callNow = immediate && !timeout;                clearTimeout( timeout );                timeout = setTimeout( later, wait );                if ( callNow ) func.apply( context, args );            };        }        const debouncedTriggerPostRender = debounce( function() {            triggerPostRender();        }, 200 );        if ( visibilityTestDiv && visibilityTestDiv.offsetParent === null ) {            const observer = new MutationObserver( ( mutations ) => {                mutations.forEach( ( mutation ) => {                    if ( mutation.type === 'attributes' && visibilityTestDiv.offsetParent !== null ) {                        debouncedTriggerPostRender();                        observer.disconnect();                    }                });            });            observer.observe( document.body, {                attributes: true,                childList: false,                subtree: true,                attributeFilter: [ 'style', 'class' ],            });        } else {            triggerPostRender();        }    } );} );  }, false );\n\/* ]]> *\/\n<\/script>\n  <\/div>\n<\/div>","protected":false},"excerpt":{"rendered":"","protected":false},"author":6,"featured_media":0,"parent":1229,"menu_order":0,"comment_status":"closed","ping_status":"closed","template":"","meta":{"_acf_changed":false,"footnotes":""},"class_list":["post-3254","page","type-page","status-publish","hentry"],"acf":[],"yoast_head":"<!-- This site is optimized with the Yoast SEO plugin v24.2 - https:\/\/yoast.com\/wordpress\/plugins\/seo\/ -->\n<title>Landwirtschaftliche Fahrzeuge | EHC Teknik<\/title>\n<meta name=\"robots\" content=\"index, follow, max-snippet:-1, max-image-preview:large, max-video-preview:-1\" \/>\n<link rel=\"canonical\" href=\"https:\/\/ehcteknik.com\/de\/fahrzeuge\/landwirtschaftliche-fahrzeuge\/\" \/>\n<meta property=\"og:locale\" content=\"de_DE\" \/>\n<meta property=\"og:type\" content=\"article\" \/>\n<meta property=\"og:title\" content=\"Landwirtschaftliche Fahrzeuge | EHC Teknik\" \/>\n<meta property=\"og:url\" content=\"https:\/\/ehcteknik.com\/de\/fahrzeuge\/landwirtschaftliche-fahrzeuge\/\" \/>\n<meta property=\"og:site_name\" content=\"EHC Teknik\" \/>\n<meta property=\"article:modified_time\" content=\"2020-06-10T08:29:56+00:00\" \/>\n<meta name=\"twitter:card\" content=\"summary_large_image\" \/>\n<script type=\"application\/ld+json\" class=\"yoast-schema-graph\">{\"@context\":\"https:\/\/schema.org\",\"@graph\":[{\"@type\":\"WebPage\",\"@id\":\"https:\/\/ehcteknik.com\/de\/fahrzeuge\/landwirtschaftliche-fahrzeuge\/\",\"url\":\"https:\/\/ehcteknik.com\/de\/fahrzeuge\/landwirtschaftliche-fahrzeuge\/\",\"name\":\"Landwirtschaftliche Fahrzeuge | EHC Teknik\",\"isPartOf\":{\"@id\":\"https:\/\/ehcteknik.com\/de\/#website\"},\"datePublished\":\"2020-02-22T10:54:45+00:00\",\"dateModified\":\"2020-06-10T08:29:56+00:00\",\"breadcrumb\":{\"@id\":\"https:\/\/ehcteknik.com\/de\/fahrzeuge\/landwirtschaftliche-fahrzeuge\/#breadcrumb\"},\"inLanguage\":\"de\",\"potentialAction\":[{\"@type\":\"ReadAction\",\"target\":[\"https:\/\/ehcteknik.com\/de\/fahrzeuge\/landwirtschaftliche-fahrzeuge\/\"]}]},{\"@type\":\"BreadcrumbList\",\"@id\":\"https:\/\/ehcteknik.com\/de\/fahrzeuge\/landwirtschaftliche-fahrzeuge\/#breadcrumb\",\"itemListElement\":[{\"@type\":\"ListItem\",\"position\":1,\"name\":\"Home\",\"item\":\"https:\/\/ehcteknik.com\/de\/\"},{\"@type\":\"ListItem\",\"position\":2,\"name\":\"Anwendungen\",\"item\":\"https:\/\/ehcteknik.com\/de\/fahrzeuge\/\"},{\"@type\":\"ListItem\",\"position\":3,\"name\":\"Landwirtschaftliche Fahrzeuge\"}]},{\"@type\":\"WebSite\",\"@id\":\"https:\/\/ehcteknik.com\/de\/#website\",\"url\":\"https:\/\/ehcteknik.com\/de\/\",\"name\":\"EHC Teknik\",\"description\":\"We reduce emissions\",\"publisher\":{\"@id\":\"https:\/\/ehcteknik.com\/de\/#organization\"},\"potentialAction\":[{\"@type\":\"SearchAction\",\"target\":{\"@type\":\"EntryPoint\",\"urlTemplate\":\"https:\/\/ehcteknik.com\/de\/?s={search_term_string}\"},\"query-input\":{\"@type\":\"PropertyValueSpecification\",\"valueRequired\":true,\"valueName\":\"search_term_string\"}}],\"inLanguage\":\"de\"},{\"@type\":\"Organization\",\"@id\":\"https:\/\/ehcteknik.com\/de\/#organization\",\"name\":\"EHC Teknik\",\"url\":\"https:\/\/ehcteknik.com\/de\/\",\"logo\":{\"@type\":\"ImageObject\",\"inLanguage\":\"de\",\"@id\":\"https:\/\/ehcteknik.com\/de\/#\/schema\/logo\/image\/\",\"url\":\"https:\/\/ehcteknik.com\/wp-content\/uploads\/2020\/11\/logo.jpg\",\"contentUrl\":\"https:\/\/ehcteknik.com\/wp-content\/uploads\/2020\/11\/logo.jpg\",\"width\":205,\"height\":58,\"caption\":\"EHC Teknik\"},\"image\":{\"@id\":\"https:\/\/ehcteknik.com\/de\/#\/schema\/logo\/image\/\"}}]}<\/script>\n<!-- \/ Yoast SEO plugin. -->","yoast_head_json":{"title":"Landwirtschaftliche Fahrzeuge | EHC Teknik","robots":{"index":"index","follow":"follow","max-snippet":"max-snippet:-1","max-image-preview":"max-image-preview:large","max-video-preview":"max-video-preview:-1"},"canonical":"https:\/\/ehcteknik.com\/de\/fahrzeuge\/landwirtschaftliche-fahrzeuge\/","og_locale":"de_DE","og_type":"article","og_title":"Landwirtschaftliche Fahrzeuge | EHC Teknik","og_url":"https:\/\/ehcteknik.com\/de\/fahrzeuge\/landwirtschaftliche-fahrzeuge\/","og_site_name":"EHC Teknik","article_modified_time":"2020-06-10T08:29:56+00:00","twitter_card":"summary_large_image","schema":{"@context":"https:\/\/schema.org","@graph":[{"@type":"WebPage","@id":"https:\/\/ehcteknik.com\/de\/fahrzeuge\/landwirtschaftliche-fahrzeuge\/","url":"https:\/\/ehcteknik.com\/de\/fahrzeuge\/landwirtschaftliche-fahrzeuge\/","name":"Landwirtschaftliche Fahrzeuge | EHC Teknik","isPartOf":{"@id":"https:\/\/ehcteknik.com\/de\/#website"},"datePublished":"2020-02-22T10:54:45+00:00","dateModified":"2020-06-10T08:29:56+00:00","breadcrumb":{"@id":"https:\/\/ehcteknik.com\/de\/fahrzeuge\/landwirtschaftliche-fahrzeuge\/#breadcrumb"},"inLanguage":"de","potentialAction":[{"@type":"ReadAction","target":["https:\/\/ehcteknik.com\/de\/fahrzeuge\/landwirtschaftliche-fahrzeuge\/"]}]},{"@type":"BreadcrumbList","@id":"https:\/\/ehcteknik.com\/de\/fahrzeuge\/landwirtschaftliche-fahrzeuge\/#breadcrumb","itemListElement":[{"@type":"ListItem","position":1,"name":"Home","item":"https:\/\/ehcteknik.com\/de\/"},{"@type":"ListItem","position":2,"name":"Anwendungen","item":"https:\/\/ehcteknik.com\/de\/fahrzeuge\/"},{"@type":"ListItem","position":3,"name":"Landwirtschaftliche Fahrzeuge"}]},{"@type":"WebSite","@id":"https:\/\/ehcteknik.com\/de\/#website","url":"https:\/\/ehcteknik.com\/de\/","name":"EHC Teknik","description":"We reduce emissions","publisher":{"@id":"https:\/\/ehcteknik.com\/de\/#organization"},"potentialAction":[{"@type":"SearchAction","target":{"@type":"EntryPoint","urlTemplate":"https:\/\/ehcteknik.com\/de\/?s={search_term_string}"},"query-input":{"@type":"PropertyValueSpecification","valueRequired":true,"valueName":"search_term_string"}}],"inLanguage":"de"},{"@type":"Organization","@id":"https:\/\/ehcteknik.com\/de\/#organization","name":"EHC Teknik","url":"https:\/\/ehcteknik.com\/de\/","logo":{"@type":"ImageObject","inLanguage":"de","@id":"https:\/\/ehcteknik.com\/de\/#\/schema\/logo\/image\/","url":"https:\/\/ehcteknik.com\/wp-content\/uploads\/2020\/11\/logo.jpg","contentUrl":"https:\/\/ehcteknik.com\/wp-content\/uploads\/2020\/11\/logo.jpg","width":205,"height":58,"caption":"EHC Teknik"},"image":{"@id":"https:\/\/ehcteknik.com\/de\/#\/schema\/logo\/image\/"}}]}},"_links":{"self":[{"href":"https:\/\/ehcteknik.com\/de\/wp-json\/wp\/v2\/pages\/3254","targetHints":{"allow":["GET"]}}],"collection":[{"href":"https:\/\/ehcteknik.com\/de\/wp-json\/wp\/v2\/pages"}],"about":[{"href":"https:\/\/ehcteknik.com\/de\/wp-json\/wp\/v2\/types\/page"}],"author":[{"embeddable":true,"href":"https:\/\/ehcteknik.com\/de\/wp-json\/wp\/v2\/users\/6"}],"replies":[{"embeddable":true,"href":"https:\/\/ehcteknik.com\/de\/wp-json\/wp\/v2\/comments?post=3254"}],"version-history":[{"count":13,"href":"https:\/\/ehcteknik.com\/de\/wp-json\/wp\/v2\/pages\/3254\/revisions"}],"predecessor-version":[{"id":6593,"href":"https:\/\/ehcteknik.com\/de\/wp-json\/wp\/v2\/pages\/3254\/revisions\/6593"}],"up":[{"embeddable":true,"href":"https:\/\/ehcteknik.com\/de\/wp-json\/wp\/v2\/pages\/1229"}],"wp:attachment":[{"href":"https:\/\/ehcteknik.com\/de\/wp-json\/wp\/v2\/media?parent=3254"}],"curies":[{"name":"wp","href":"https:\/\/api.w.org\/{rel}","templated":true}]}}