{"id":13188,"date":"2026-02-09T16:47:55","date_gmt":"2026-02-09T16:47:55","guid":{"rendered":"https:\/\/ehcteknik.com\/?page_id=13188"},"modified":"2026-02-09T16:47:56","modified_gmt":"2026-02-09T16:47:56","slug":"ht-filter-fuer-militaerequipment","status":"publish","type":"page","link":"https:\/\/ehcteknik.com\/de\/fahrzeuge\/ht-filter-fuer-militaerequipment\/","title":{"rendered":"HT-Filter f\u00fcr Milit\u00e4requipment"},"content":{"rendered":"<div class=\"image-text-block container mt-100 mb-100\">\n  <div class=\"row\">\n              <div class=\"col-12 col-md-6 image-text text text-vertical-center\">\n            <div>\n              \n              \n                                  <div class=\"bg-primary mb-3\" style=\"width: 86px;height: 4px;\"><\/div>\n                \n                                  <h2 class=\"h1 mb-3\">F\u00fcr Streitkr\u00e4fte weltweit entwickelt<\/h2>\n                \n                <div class=\"text-muted\">\n                  <p data-start=\"323\" data-end=\"702\">Unsere HT-Dieselpartikelfilter werden seit Jahrzehnten von milit\u00e4rischen Organisationen auf der ganzen Welt eingesetzt \u2013 darunter Heer, Luftwaffe und Marine. Ihre Hauptvorteile: <strong data-start=\"501\" data-end=\"519\">hohe Effizienz<\/strong>, <strong data-start=\"521\" data-end=\"541\">minimale Wartung<\/strong> und <strong data-start=\"546\" data-end=\"592\">Zuverl\u00e4ssigkeit unter extremen Bedingungen<\/strong>. Ob auf \u00dcbungspl\u00e4tzen, in Wartungshallen oder bei Transporten \u2013 HT-Filter bew\u00e4hren sich im t\u00e4glichen Betrieb.<\/p>\n                <\/div>\n\n                \n                          <\/div>\n          <\/div>\n                <div class=\"col-12 col-md-6 image-text image \">\n            <div>\n                              <img decoding=\"async\" alt=\"\" src=\"https:\/\/ehcteknik.com\/wp-content\/uploads\/2024\/02\/SV300013.jpg\">\n              \n                          <\/div>\n          <\/div>\n        <\/div>\n<\/div>\n\n\n<div class=\"image-text-block container mt-100 mb-100\">\n  <div class=\"row\">\n              <div class=\"col-12 col-md-6 image-text image \">\n            <div>\n                              <img decoding=\"async\" alt=\"\" src=\"https:\/\/ehcteknik.com\/wp-content\/uploads\/2024\/03\/IMG_2765.jpg\">\n              \n                          <\/div>\n          <\/div>\n                <div class=\"col-12 col-md-6 image-text text text-vertical-center\">\n            <div>\n              \n              \n                                  <div class=\"bg-primary mb-3\" style=\"width: 86px;height: 4px;\"><\/div>\n                \n                                  <h2 class=\"h1 mb-3\">Kompromisslose Funktion \u2013 auch bei niedriger Abgastemperatur<\/h2>\n                \n                <div class=\"text-muted\">\n                  <p data-start=\"776\" data-end=\"1123\">Anders als herk\u00f6mmliche DPF-Systeme ben\u00f6tigen HT-Filter keine hohen Temperaturen oder aktive Regeneration. Sie filtern zuverl\u00e4ssig ab dem ersten Startvorgang \u2013 auch bei h\u00e4ufigem Stop-and-Go oder im Teillastbetrieb. Das macht sie ideal f\u00fcr Milit\u00e4rfahrzeuge wie <strong data-start=\"1036\" data-end=\"1052\">Gabelstapler<\/strong>, <strong data-start=\"1054\" data-end=\"1069\">Bombenlader<\/strong>, <strong data-start=\"1071\" data-end=\"1084\">Traktoren<\/strong>, <strong data-start=\"1086\" data-end=\"1105\">Kettenfahrzeuge<\/strong> und Spezialger\u00e4t.<\/p>\n<p data-start=\"776\" data-end=\"1123\">Durch modulare Bauweise und flexible Anschlussvarianten lassen sich HT-Filter problemlos an unterschiedliche Fahrzeugtypen und Abgasanordnungen anpassen \u2013 ohne aufwendige Modifikationen. Sie sind besonders geeignet f\u00fcr tempor\u00e4re Eins\u00e4tze in <strong data-start=\"1433\" data-end=\"1451\">Wartungshallen<\/strong>, <strong data-start=\"1453\" data-end=\"1466\">Ladezonen<\/strong> oder <strong data-start=\"1472\" data-end=\"1512\">schwer zug\u00e4nglichen Arbeitsbereichen<\/strong>.<\/p>\n<p data-start=\"1584\" data-end=\"1897\">Der Schutz der Gesundheit steht auch beim Milit\u00e4r im Vordergrund. Unsere HT-Filter senken die Emission feiner, gesundheitsgef\u00e4hrdender Dieselpartikel um \u00fcber <strong data-start=\"1742\" data-end=\"1750\">99\u202f%<\/strong> \u2013 direkt am Auslass, noch bevor sie sich im Raum verteilen k\u00f6nnen. Das schafft ein sicheres Arbeitsumfeld, auch bei l\u00e4ngerem Betrieb im Innenraum.<\/p>\n                <\/div>\n\n                \n                          <\/div>\n          <\/div>\n        <\/div>\n<\/div>\n\n\n<div class=\"text-title-block container text-left mt-100 mb-100\">\n  \n      <h2 class=\"h2\">Jetzt passende Partikelfilterl\u00f6sung finden<\/h2>\n  \n\n      <p><p>Sie ben\u00f6tigen ein Filterkonzept f\u00fcr Ihre Flotte oder ein spezielles Fahrzeug? Unsere Experten entwickeln mit Ihnen gemeinsam eine technisch fundierte L\u00f6sung. <strong data-start=\"2089\" data-end=\"2133\">Kontaktieren Sie uns gerne unverbindlich<\/strong> \u2013 wir unterst\u00fctzen Sie mit Know-how aus \u00fcber 40 Jahren Entwicklungserfahrung.<\/p>\n<\/p>\n  <\/div>\n\n\n<div style=\"margin-top: 2rem; text-align: center;\"><a style=\"background-color: #243875; color: white; padding: 1em 2em; border-radius: 9999px; text-decoration: none; font-weight: bold; font-size: 1.1rem; display: inline-block;\" href=\"https:\/\/ehcteknik.com\/de\/products\/ht-filter\/\">Mehr \u00fcber unsere HT Filter erfahren<\/a><\/div>\n<p><script type=\"application\/ld+json\"><br \/>\n    {<br \/>\n      \"@context\": \"https:\/\/schema.org\",<br \/>\n      \"@type\": \"Product\",<br \/>\n      \"name\": \"EHC HT Dieselpartikelfilter\",<br \/>\n      \"description\": \"Zertifizierte Dieselpartikelfilter f\u00fcr Baumaschinen mit >99% Filtration. F\u00fcr Bagger, Walzen, Grader und mehr.\",<br \/>\n      \"brand\": {<br \/>\n        \"@type\": \"Brand\",<br \/>\n        \"name\": \"EHC Teknik\"<br \/>\n      },<br \/>\n      \"offers\": {<br \/>\n        \"@type\": \"Offer\",<br \/>\n        \"availability\": \"https:\/\/schema.org\/InStock\",<br \/>\n        \"priceCurrency\": \"EUR\"<br \/>\n      }<br \/>\n    }<br \/>\n  <\/script><\/p>\n<p>\u00a0<\/p>","protected":false},"excerpt":{"rendered":"<p>Mehr \u00fcber unsere HT Filter erfahren \u00a0<\/p>\n","protected":false},"author":17,"featured_media":0,"parent":1229,"menu_order":0,"comment_status":"closed","ping_status":"closed","template":"","meta":{"_acf_changed":false,"footnotes":""},"class_list":["post-13188","page","type-page","status-publish","hentry"],"acf":[],"yoast_head":"<!-- This site is optimized with the Yoast SEO plugin v24.2 - https:\/\/yoast.com\/wordpress\/plugins\/seo\/ -->\n<title>HT-Dieselpartikelfilter f\u00fcr Streitkr\u00e4fte | EHC Teknik<\/title>\n<meta name=\"description\" content=\"Zuverl\u00e4ssige Dieselpartikelfilter f\u00fcr Milit\u00e4rfahrzeuge &amp; -ger\u00e4te. Weltweit im Einsatz, &gt;99\u202f% Filtration \u2013 einsatzbereit ab Motorstart!\" \/>\n<meta name=\"robots\" content=\"index, follow, max-snippet:-1, max-image-preview:large, max-video-preview:-1\" \/>\n<link rel=\"canonical\" href=\"https:\/\/ehcteknik.com\/de\/fahrzeuge\/ht-filter-fuer-militaerequipment\/\" \/>\n<meta property=\"og:locale\" content=\"de_DE\" \/>\n<meta property=\"og:type\" content=\"article\" \/>\n<meta property=\"og:title\" content=\"HT-Dieselpartikelfilter f\u00fcr Streitkr\u00e4fte | EHC Teknik\" \/>\n<meta property=\"og:description\" content=\"Zuverl\u00e4ssige Dieselpartikelfilter f\u00fcr Milit\u00e4rfahrzeuge &amp; -ger\u00e4te. Weltweit im Einsatz, &gt;99\u202f% Filtration \u2013 einsatzbereit ab Motorstart!\" \/>\n<meta property=\"og:url\" content=\"https:\/\/ehcteknik.com\/de\/fahrzeuge\/ht-filter-fuer-militaerequipment\/\" \/>\n<meta property=\"og:site_name\" content=\"EHC Teknik\" \/>\n<meta property=\"article:modified_time\" content=\"2026-02-09T16:47:56+00:00\" \/>\n<meta name=\"twitter:card\" content=\"summary_large_image\" \/>\n<meta name=\"twitter:label1\" content=\"Gesch\u00e4tzte Lesezeit\" \/>\n\t<meta name=\"twitter:data1\" content=\"1\u00a0Minute\" \/>\n<script type=\"application\/ld+json\" class=\"yoast-schema-graph\">{\"@context\":\"https:\/\/schema.org\",\"@graph\":[{\"@type\":\"WebPage\",\"@id\":\"https:\/\/ehcteknik.com\/de\/fahrzeuge\/ht-filter-fuer-militaerequipment\/\",\"url\":\"https:\/\/ehcteknik.com\/de\/fahrzeuge\/ht-filter-fuer-militaerequipment\/\",\"name\":\"HT-Dieselpartikelfilter f\u00fcr Streitkr\u00e4fte | EHC Teknik\",\"isPartOf\":{\"@id\":\"https:\/\/ehcteknik.com\/de\/#website\"},\"datePublished\":\"2026-02-09T16:47:55+00:00\",\"dateModified\":\"2026-02-09T16:47:56+00:00\",\"description\":\"Zuverl\u00e4ssige Dieselpartikelfilter f\u00fcr Milit\u00e4rfahrzeuge & -ger\u00e4te. Weltweit im Einsatz, >99\u202f% Filtration \u2013 einsatzbereit ab Motorstart!\",\"breadcrumb\":{\"@id\":\"https:\/\/ehcteknik.com\/de\/fahrzeuge\/ht-filter-fuer-militaerequipment\/#breadcrumb\"},\"inLanguage\":\"de\",\"potentialAction\":[{\"@type\":\"ReadAction\",\"target\":[\"https:\/\/ehcteknik.com\/de\/fahrzeuge\/ht-filter-fuer-militaerequipment\/\"]}]},{\"@type\":\"BreadcrumbList\",\"@id\":\"https:\/\/ehcteknik.com\/de\/fahrzeuge\/ht-filter-fuer-militaerequipment\/#breadcrumb\",\"itemListElement\":[{\"@type\":\"ListItem\",\"position\":1,\"name\":\"Home\",\"item\":\"https:\/\/ehcteknik.com\/de\/\"},{\"@type\":\"ListItem\",\"position\":2,\"name\":\"Anwendungen\",\"item\":\"https:\/\/ehcteknik.com\/de\/fahrzeuge\/\"},{\"@type\":\"ListItem\",\"position\":3,\"name\":\"HT-Filter f\u00fcr Milit\u00e4requipment\"}]},{\"@type\":\"WebSite\",\"@id\":\"https:\/\/ehcteknik.com\/de\/#website\",\"url\":\"https:\/\/ehcteknik.com\/de\/\",\"name\":\"EHC Teknik\",\"description\":\"We reduce emissions\",\"publisher\":{\"@id\":\"https:\/\/ehcteknik.com\/de\/#organization\"},\"potentialAction\":[{\"@type\":\"SearchAction\",\"target\":{\"@type\":\"EntryPoint\",\"urlTemplate\":\"https:\/\/ehcteknik.com\/de\/?s={search_term_string}\"},\"query-input\":{\"@type\":\"PropertyValueSpecification\",\"valueRequired\":true,\"valueName\":\"search_term_string\"}}],\"inLanguage\":\"de\"},{\"@type\":\"Organization\",\"@id\":\"https:\/\/ehcteknik.com\/de\/#organization\",\"name\":\"EHC Teknik\",\"url\":\"https:\/\/ehcteknik.com\/de\/\",\"logo\":{\"@type\":\"ImageObject\",\"inLanguage\":\"de\",\"@id\":\"https:\/\/ehcteknik.com\/de\/#\/schema\/logo\/image\/\",\"url\":\"https:\/\/ehcteknik.com\/wp-content\/uploads\/2020\/11\/logo.jpg\",\"contentUrl\":\"https:\/\/ehcteknik.com\/wp-content\/uploads\/2020\/11\/logo.jpg\",\"width\":205,\"height\":58,\"caption\":\"EHC Teknik\"},\"image\":{\"@id\":\"https:\/\/ehcteknik.com\/de\/#\/schema\/logo\/image\/\"}}]}<\/script>\n<!-- \/ Yoast SEO plugin. -->","yoast_head_json":{"title":"HT-Dieselpartikelfilter f\u00fcr Streitkr\u00e4fte | EHC Teknik","description":"Zuverl\u00e4ssige Dieselpartikelfilter f\u00fcr Milit\u00e4rfahrzeuge & -ger\u00e4te. Weltweit im Einsatz, >99\u202f% Filtration \u2013 einsatzbereit ab Motorstart!","robots":{"index":"index","follow":"follow","max-snippet":"max-snippet:-1","max-image-preview":"max-image-preview:large","max-video-preview":"max-video-preview:-1"},"canonical":"https:\/\/ehcteknik.com\/de\/fahrzeuge\/ht-filter-fuer-militaerequipment\/","og_locale":"de_DE","og_type":"article","og_title":"HT-Dieselpartikelfilter f\u00fcr Streitkr\u00e4fte | EHC Teknik","og_description":"Zuverl\u00e4ssige Dieselpartikelfilter f\u00fcr Milit\u00e4rfahrzeuge & -ger\u00e4te. Weltweit im Einsatz, >99\u202f% Filtration \u2013 einsatzbereit ab Motorstart!","og_url":"https:\/\/ehcteknik.com\/de\/fahrzeuge\/ht-filter-fuer-militaerequipment\/","og_site_name":"EHC Teknik","article_modified_time":"2026-02-09T16:47:56+00:00","twitter_card":"summary_large_image","twitter_misc":{"Gesch\u00e4tzte Lesezeit":"1\u00a0Minute"},"schema":{"@context":"https:\/\/schema.org","@graph":[{"@type":"WebPage","@id":"https:\/\/ehcteknik.com\/de\/fahrzeuge\/ht-filter-fuer-militaerequipment\/","url":"https:\/\/ehcteknik.com\/de\/fahrzeuge\/ht-filter-fuer-militaerequipment\/","name":"HT-Dieselpartikelfilter f\u00fcr Streitkr\u00e4fte | EHC Teknik","isPartOf":{"@id":"https:\/\/ehcteknik.com\/de\/#website"},"datePublished":"2026-02-09T16:47:55+00:00","dateModified":"2026-02-09T16:47:56+00:00","description":"Zuverl\u00e4ssige Dieselpartikelfilter f\u00fcr Milit\u00e4rfahrzeuge & -ger\u00e4te. Weltweit im Einsatz, >99\u202f% Filtration \u2013 einsatzbereit ab Motorstart!","breadcrumb":{"@id":"https:\/\/ehcteknik.com\/de\/fahrzeuge\/ht-filter-fuer-militaerequipment\/#breadcrumb"},"inLanguage":"de","potentialAction":[{"@type":"ReadAction","target":["https:\/\/ehcteknik.com\/de\/fahrzeuge\/ht-filter-fuer-militaerequipment\/"]}]},{"@type":"BreadcrumbList","@id":"https:\/\/ehcteknik.com\/de\/fahrzeuge\/ht-filter-fuer-militaerequipment\/#breadcrumb","itemListElement":[{"@type":"ListItem","position":1,"name":"Home","item":"https:\/\/ehcteknik.com\/de\/"},{"@type":"ListItem","position":2,"name":"Anwendungen","item":"https:\/\/ehcteknik.com\/de\/fahrzeuge\/"},{"@type":"ListItem","position":3,"name":"HT-Filter f\u00fcr Milit\u00e4requipment"}]},{"@type":"WebSite","@id":"https:\/\/ehcteknik.com\/de\/#website","url":"https:\/\/ehcteknik.com\/de\/","name":"EHC Teknik","description":"We reduce emissions","publisher":{"@id":"https:\/\/ehcteknik.com\/de\/#organization"},"potentialAction":[{"@type":"SearchAction","target":{"@type":"EntryPoint","urlTemplate":"https:\/\/ehcteknik.com\/de\/?s={search_term_string}"},"query-input":{"@type":"PropertyValueSpecification","valueRequired":true,"valueName":"search_term_string"}}],"inLanguage":"de"},{"@type":"Organization","@id":"https:\/\/ehcteknik.com\/de\/#organization","name":"EHC Teknik","url":"https:\/\/ehcteknik.com\/de\/","logo":{"@type":"ImageObject","inLanguage":"de","@id":"https:\/\/ehcteknik.com\/de\/#\/schema\/logo\/image\/","url":"https:\/\/ehcteknik.com\/wp-content\/uploads\/2020\/11\/logo.jpg","contentUrl":"https:\/\/ehcteknik.com\/wp-content\/uploads\/2020\/11\/logo.jpg","width":205,"height":58,"caption":"EHC Teknik"},"image":{"@id":"https:\/\/ehcteknik.com\/de\/#\/schema\/logo\/image\/"}}]}},"_links":{"self":[{"href":"https:\/\/ehcteknik.com\/de\/wp-json\/wp\/v2\/pages\/13188","targetHints":{"allow":["GET"]}}],"collection":[{"href":"https:\/\/ehcteknik.com\/de\/wp-json\/wp\/v2\/pages"}],"about":[{"href":"https:\/\/ehcteknik.com\/de\/wp-json\/wp\/v2\/types\/page"}],"author":[{"embeddable":true,"href":"https:\/\/ehcteknik.com\/de\/wp-json\/wp\/v2\/users\/17"}],"replies":[{"embeddable":true,"href":"https:\/\/ehcteknik.com\/de\/wp-json\/wp\/v2\/comments?post=13188"}],"version-history":[{"count":12,"href":"https:\/\/ehcteknik.com\/de\/wp-json\/wp\/v2\/pages\/13188\/revisions"}],"predecessor-version":[{"id":13314,"href":"https:\/\/ehcteknik.com\/de\/wp-json\/wp\/v2\/pages\/13188\/revisions\/13314"}],"up":[{"embeddable":true,"href":"https:\/\/ehcteknik.com\/de\/wp-json\/wp\/v2\/pages\/1229"}],"wp:attachment":[{"href":"https:\/\/ehcteknik.com\/de\/wp-json\/wp\/v2\/media?parent=13188"}],"curies":[{"name":"wp","href":"https:\/\/api.w.org\/{rel}","templated":true}]}}