{"id":13049,"date":"2025-07-16T12:46:14","date_gmt":"2025-07-16T12:46:14","guid":{"rendered":"https:\/\/ehcteknik.com\/?page_id=13049"},"modified":"2025-07-16T12:46:52","modified_gmt":"2025-07-16T12:46:52","slug":"l20-vielseitig-einsetzbar","status":"publish","type":"page","link":"https:\/\/ehcteknik.com\/de\/fahrzeuge\/l20-vielseitig-einsetzbar\/","title":{"rendered":"L20 \u2013 vielseitig einsetzbar"},"content":{"rendered":"<div class=\"image-text-block container mt-<br \/>\n<b>Warning<\/b>:  Trying to access array offset on value of type null in <b>\/home\/ehctekni\/public_html\/wp-content\/themes\/ehc\/views\/blocks\/image-text.php<\/b> on line <b>1<\/b><br \/>\n mb-<br \/>\n<b>Warning<\/b>:  Trying to access array offset on value of type null in <b>\/home\/ehctekni\/public_html\/wp-content\/themes\/ehc\/views\/blocks\/image-text.php<\/b> on line <b>1<\/b><br \/>\n&#8222;>\n  <div class=\"row\">\n      <\/div>\n<\/div>\n\n\n\n<p><a href=\"https:\/\/ehcteknik.com\/wp-admin\/edit.php?post_type=page\"><\/a><\/p>\n\n\n<div class=\"image-text-block container mt-100 mb-150\">\n  <div class=\"row\">\n              <div class=\"col-12 col-md-6 image-text text text-vertical-center\">\n            <div>\n              \n              \n                                  <div class=\"bg-primary mb-3\" style=\"width: 86px;height: 4px;\"><\/div>\n                \n                                  <h2 class=\"h1 mb-3\">Abgasfilter f\u00fcr Kabinenheizungen und Sonderanwendungen<\/h2>\n                \n                <div class=\"text-muted\">\n                  <h4 data-start=\"209\" data-end=\"272\"><strong data-start=\"214\" data-end=\"272\">Abgasfilter f\u00fcr Kabinenheizungen und Sonderanwendungen<\/strong><\/h4>\n<p data-start=\"274\" data-end=\"496\">Unsere L20 Aufsteckfilter werden in der Regel eingesetzt, um Lkw, Busse, landwirtschaftliche oder bautechnische Maschinen in Hallen sicher zu starten und zu rangieren. Doch die Einsatzm\u00f6glichkeiten reichen deutlich weiter.<\/p>\n<p data-start=\"498\" data-end=\"671\">Ein gutes Beispiel sehen Sie auf dem Bild unten: Hier wurde unser L20 Filter mit einem Ventilator kombiniert, um die Abgase einer Kabinenheizung abzusaugen und zu filtern.<\/p>\n<p data-start=\"673\" data-end=\"1083\">Da Heizsysteme \u00e4u\u00dferst empfindlich auf R\u00fcckstaudruck reagieren, kann ein Partikelfilter nicht direkt an der Auslass\u00f6ffnung montiert werden \u2013 die Gefahr eines zu hohen Gegendrucks w\u00e4re zu gro\u00df. Durch den Einsatz eines Ventilators gelingt es, die Abgase kontrolliert abzuf\u00fchren und gleichzeitig zu filtern. So bleibt die Werkstatt frei von Rauch und Ihre Mitarbeitenden sind vor sch\u00e4dlichen Emissionen gesch\u00fctzt.<\/p>\n                <\/div>\n\n                \n                          <\/div>\n          <\/div>\n                <div class=\"col-12 col-md-6 image-text image \">\n            <div>\n                              <img decoding=\"async\" alt=\"\" src=\"https:\/\/ehcteknik.com\/wp-content\/uploads\/2024\/04\/P1050855.jpg\">\n              \n                          <\/div>\n          <\/div>\n        <\/div>\n<\/div>\n\n\n<div class=\"image-text-block container mt-100 mb-100\">\n  <div class=\"row\">\n              <div class=\"col-12 col-md-6 image-text image \">\n            <div>\n                              <img decoding=\"async\" alt=\"\" src=\"https:\/\/ehcteknik.com\/wp-content\/uploads\/2024\/04\/WP_20170103_10_43_32_Pro-1.jpg\">\n              \n                          <\/div>\n          <\/div>\n                <div class=\"col-12 col-md-6 image-text text text-vertical-center\">\n            <div>\n              \n              \n                                  <div class=\"bg-primary mb-3\" style=\"width: 86px;height: 4px;\"><\/div>\n                \n                                  <h2 class=\"h1 mb-3\">F\u00fcr jedes Abgasproblem die passende L\u00f6sung<\/h2>\n                \n                <div class=\"text-muted\">\n                  <p data-start=\"1142\" data-end=\"1234\">Wenn Sie eine L\u00f6sung f\u00fcr ein spezielles Abgasproblem suchen \u2013 sprechen Sie uns einfach an.<\/p>\n<p data-start=\"1236\" data-end=\"1396\">Gemeinsam finden wir sicher den passenden Filter, um Ihre Arbeitsumgebung sauber und sicher zu halten \u2013 damit Sie sich auf das Wesentliche konzentrieren k\u00f6nnen.<\/p>\n<p data-start=\"1398\" data-end=\"1450\"><a class=\"\" href=\"https:\/\/ehcteknik.com\/de\/products\/l20-lkw-aufsteckfilter-ehc-teknik\/\" rel=\"noopener\" data-start=\"1401\" data-end=\"1450\">Mehr erfahren \u00fcber unsere L20 Aufsteckfilter<\/a><\/p>\n                <\/div>\n\n                \n                          <\/div>\n          <\/div>\n        <\/div>\n<\/div>\n\n\n\n<p><\/p>\n","protected":false},"excerpt":{"rendered":"","protected":false},"author":17,"featured_media":0,"parent":1229,"menu_order":0,"comment_status":"closed","ping_status":"closed","template":"","meta":{"_acf_changed":false,"footnotes":""},"class_list":["post-13049","page","type-page","status-publish","hentry"],"acf":[],"yoast_head":"<!-- This site is optimized with the Yoast SEO plugin v24.2 - https:\/\/yoast.com\/wordpress\/plugins\/seo\/ -->\n<title>L20 Filter \u2013 flexible L\u00f6sung f\u00fcr Abgasprobleme aller Art<\/title>\n<meta name=\"description\" content=\"L20 Filter auch f\u00fcr Sonderl\u00f6sungen wie Kabinenheizungen: Rauchfrei, sicher und ohne R\u00fcckstau \u2013 mit individueller Technik.\" \/>\n<meta name=\"robots\" content=\"index, follow, max-snippet:-1, max-image-preview:large, max-video-preview:-1\" \/>\n<link rel=\"canonical\" href=\"https:\/\/ehcteknik.com\/de\/fahrzeuge\/l20-vielseitig-einsetzbar\/\" \/>\n<meta property=\"og:locale\" content=\"de_DE\" \/>\n<meta property=\"og:type\" content=\"article\" \/>\n<meta property=\"og:title\" content=\"L20 Filter \u2013 flexible L\u00f6sung f\u00fcr Abgasprobleme aller Art\" \/>\n<meta property=\"og:description\" content=\"L20 Filter auch f\u00fcr Sonderl\u00f6sungen wie Kabinenheizungen: Rauchfrei, sicher und ohne R\u00fcckstau \u2013 mit individueller Technik.\" \/>\n<meta property=\"og:url\" content=\"https:\/\/ehcteknik.com\/de\/fahrzeuge\/l20-vielseitig-einsetzbar\/\" \/>\n<meta property=\"og:site_name\" content=\"EHC Teknik\" \/>\n<meta property=\"article:modified_time\" content=\"2025-07-16T12:46:52+00:00\" \/>\n<meta name=\"twitter:card\" content=\"summary_large_image\" \/>\n<script type=\"application\/ld+json\" class=\"yoast-schema-graph\">{\"@context\":\"https:\/\/schema.org\",\"@graph\":[{\"@type\":\"WebPage\",\"@id\":\"https:\/\/ehcteknik.com\/de\/fahrzeuge\/l20-vielseitig-einsetzbar\/\",\"url\":\"https:\/\/ehcteknik.com\/de\/fahrzeuge\/l20-vielseitig-einsetzbar\/\",\"name\":\"L20 Filter \u2013 flexible L\u00f6sung f\u00fcr Abgasprobleme aller Art\",\"isPartOf\":{\"@id\":\"https:\/\/ehcteknik.com\/de\/#website\"},\"datePublished\":\"2025-07-16T12:46:14+00:00\",\"dateModified\":\"2025-07-16T12:46:52+00:00\",\"description\":\"L20 Filter auch f\u00fcr Sonderl\u00f6sungen wie Kabinenheizungen: Rauchfrei, sicher und ohne R\u00fcckstau \u2013 mit individueller Technik.\",\"breadcrumb\":{\"@id\":\"https:\/\/ehcteknik.com\/de\/fahrzeuge\/l20-vielseitig-einsetzbar\/#breadcrumb\"},\"inLanguage\":\"de\",\"potentialAction\":[{\"@type\":\"ReadAction\",\"target\":[\"https:\/\/ehcteknik.com\/de\/fahrzeuge\/l20-vielseitig-einsetzbar\/\"]}]},{\"@type\":\"BreadcrumbList\",\"@id\":\"https:\/\/ehcteknik.com\/de\/fahrzeuge\/l20-vielseitig-einsetzbar\/#breadcrumb\",\"itemListElement\":[{\"@type\":\"ListItem\",\"position\":1,\"name\":\"Home\",\"item\":\"https:\/\/ehcteknik.com\/de\/\"},{\"@type\":\"ListItem\",\"position\":2,\"name\":\"Anwendungen\",\"item\":\"https:\/\/ehcteknik.com\/de\/fahrzeuge\/\"},{\"@type\":\"ListItem\",\"position\":3,\"name\":\"L20 \u2013 vielseitig einsetzbar\"}]},{\"@type\":\"WebSite\",\"@id\":\"https:\/\/ehcteknik.com\/de\/#website\",\"url\":\"https:\/\/ehcteknik.com\/de\/\",\"name\":\"EHC Teknik\",\"description\":\"We reduce emissions\",\"publisher\":{\"@id\":\"https:\/\/ehcteknik.com\/de\/#organization\"},\"potentialAction\":[{\"@type\":\"SearchAction\",\"target\":{\"@type\":\"EntryPoint\",\"urlTemplate\":\"https:\/\/ehcteknik.com\/de\/?s={search_term_string}\"},\"query-input\":{\"@type\":\"PropertyValueSpecification\",\"valueRequired\":true,\"valueName\":\"search_term_string\"}}],\"inLanguage\":\"de\"},{\"@type\":\"Organization\",\"@id\":\"https:\/\/ehcteknik.com\/de\/#organization\",\"name\":\"EHC Teknik\",\"url\":\"https:\/\/ehcteknik.com\/de\/\",\"logo\":{\"@type\":\"ImageObject\",\"inLanguage\":\"de\",\"@id\":\"https:\/\/ehcteknik.com\/de\/#\/schema\/logo\/image\/\",\"url\":\"https:\/\/ehcteknik.com\/wp-content\/uploads\/2020\/11\/logo.jpg\",\"contentUrl\":\"https:\/\/ehcteknik.com\/wp-content\/uploads\/2020\/11\/logo.jpg\",\"width\":205,\"height\":58,\"caption\":\"EHC Teknik\"},\"image\":{\"@id\":\"https:\/\/ehcteknik.com\/de\/#\/schema\/logo\/image\/\"}}]}<\/script>\n<!-- \/ Yoast SEO plugin. -->","yoast_head_json":{"title":"L20 Filter \u2013 flexible L\u00f6sung f\u00fcr Abgasprobleme aller Art","description":"L20 Filter auch f\u00fcr Sonderl\u00f6sungen wie Kabinenheizungen: Rauchfrei, sicher und ohne R\u00fcckstau \u2013 mit individueller Technik.","robots":{"index":"index","follow":"follow","max-snippet":"max-snippet:-1","max-image-preview":"max-image-preview:large","max-video-preview":"max-video-preview:-1"},"canonical":"https:\/\/ehcteknik.com\/de\/fahrzeuge\/l20-vielseitig-einsetzbar\/","og_locale":"de_DE","og_type":"article","og_title":"L20 Filter \u2013 flexible L\u00f6sung f\u00fcr Abgasprobleme aller Art","og_description":"L20 Filter auch f\u00fcr Sonderl\u00f6sungen wie Kabinenheizungen: Rauchfrei, sicher und ohne R\u00fcckstau \u2013 mit individueller Technik.","og_url":"https:\/\/ehcteknik.com\/de\/fahrzeuge\/l20-vielseitig-einsetzbar\/","og_site_name":"EHC Teknik","article_modified_time":"2025-07-16T12:46:52+00:00","twitter_card":"summary_large_image","schema":{"@context":"https:\/\/schema.org","@graph":[{"@type":"WebPage","@id":"https:\/\/ehcteknik.com\/de\/fahrzeuge\/l20-vielseitig-einsetzbar\/","url":"https:\/\/ehcteknik.com\/de\/fahrzeuge\/l20-vielseitig-einsetzbar\/","name":"L20 Filter \u2013 flexible L\u00f6sung f\u00fcr Abgasprobleme aller Art","isPartOf":{"@id":"https:\/\/ehcteknik.com\/de\/#website"},"datePublished":"2025-07-16T12:46:14+00:00","dateModified":"2025-07-16T12:46:52+00:00","description":"L20 Filter auch f\u00fcr Sonderl\u00f6sungen wie Kabinenheizungen: Rauchfrei, sicher und ohne R\u00fcckstau \u2013 mit individueller Technik.","breadcrumb":{"@id":"https:\/\/ehcteknik.com\/de\/fahrzeuge\/l20-vielseitig-einsetzbar\/#breadcrumb"},"inLanguage":"de","potentialAction":[{"@type":"ReadAction","target":["https:\/\/ehcteknik.com\/de\/fahrzeuge\/l20-vielseitig-einsetzbar\/"]}]},{"@type":"BreadcrumbList","@id":"https:\/\/ehcteknik.com\/de\/fahrzeuge\/l20-vielseitig-einsetzbar\/#breadcrumb","itemListElement":[{"@type":"ListItem","position":1,"name":"Home","item":"https:\/\/ehcteknik.com\/de\/"},{"@type":"ListItem","position":2,"name":"Anwendungen","item":"https:\/\/ehcteknik.com\/de\/fahrzeuge\/"},{"@type":"ListItem","position":3,"name":"L20 \u2013 vielseitig einsetzbar"}]},{"@type":"WebSite","@id":"https:\/\/ehcteknik.com\/de\/#website","url":"https:\/\/ehcteknik.com\/de\/","name":"EHC Teknik","description":"We reduce emissions","publisher":{"@id":"https:\/\/ehcteknik.com\/de\/#organization"},"potentialAction":[{"@type":"SearchAction","target":{"@type":"EntryPoint","urlTemplate":"https:\/\/ehcteknik.com\/de\/?s={search_term_string}"},"query-input":{"@type":"PropertyValueSpecification","valueRequired":true,"valueName":"search_term_string"}}],"inLanguage":"de"},{"@type":"Organization","@id":"https:\/\/ehcteknik.com\/de\/#organization","name":"EHC Teknik","url":"https:\/\/ehcteknik.com\/de\/","logo":{"@type":"ImageObject","inLanguage":"de","@id":"https:\/\/ehcteknik.com\/de\/#\/schema\/logo\/image\/","url":"https:\/\/ehcteknik.com\/wp-content\/uploads\/2020\/11\/logo.jpg","contentUrl":"https:\/\/ehcteknik.com\/wp-content\/uploads\/2020\/11\/logo.jpg","width":205,"height":58,"caption":"EHC Teknik"},"image":{"@id":"https:\/\/ehcteknik.com\/de\/#\/schema\/logo\/image\/"}}]}},"_links":{"self":[{"href":"https:\/\/ehcteknik.com\/de\/wp-json\/wp\/v2\/pages\/13049","targetHints":{"allow":["GET"]}}],"collection":[{"href":"https:\/\/ehcteknik.com\/de\/wp-json\/wp\/v2\/pages"}],"about":[{"href":"https:\/\/ehcteknik.com\/de\/wp-json\/wp\/v2\/types\/page"}],"author":[{"embeddable":true,"href":"https:\/\/ehcteknik.com\/de\/wp-json\/wp\/v2\/users\/17"}],"replies":[{"embeddable":true,"href":"https:\/\/ehcteknik.com\/de\/wp-json\/wp\/v2\/comments?post=13049"}],"version-history":[{"count":11,"href":"https:\/\/ehcteknik.com\/de\/wp-json\/wp\/v2\/pages\/13049\/revisions"}],"predecessor-version":[{"id":13084,"href":"https:\/\/ehcteknik.com\/de\/wp-json\/wp\/v2\/pages\/13049\/revisions\/13084"}],"up":[{"embeddable":true,"href":"https:\/\/ehcteknik.com\/de\/wp-json\/wp\/v2\/pages\/1229"}],"wp:attachment":[{"href":"https:\/\/ehcteknik.com\/de\/wp-json\/wp\/v2\/media?parent=13049"}],"curies":[{"name":"wp","href":"https:\/\/api.w.org\/{rel}","templated":true}]}}