{"id":13025,"date":"2025-06-13T08:55:58","date_gmt":"2025-06-13T08:55:58","guid":{"rendered":"https:\/\/ehcteknik.com\/?page_id=13025"},"modified":"2025-06-13T08:56:00","modified_gmt":"2025-06-13T08:56:00","slug":"l20-aufsteckfilter-militaer","status":"publish","type":"page","link":"https:\/\/ehcteknik.com\/de\/fahrzeuge\/l20-aufsteckfilter-militaer\/","title":{"rendered":"L20 Aufsteckfilter Milit\u00e4r"},"content":{"rendered":"<div class=\"image-text-block container mt-<br \/>\n<b>Warning<\/b>:  Trying to access array offset on value of type null in <b>\/home\/ehctekni\/public_html\/wp-content\/themes\/ehc\/views\/blocks\/image-text.php<\/b> on line <b>1<\/b><br \/>\n mb-<br \/>\n<b>Warning<\/b>:  Trying to access array offset on value of type null in <b>\/home\/ehctekni\/public_html\/wp-content\/themes\/ehc\/views\/blocks\/image-text.php<\/b> on line <b>1<\/b><br \/>\n&#8222;>\n  <div class=\"row\">\n      <\/div>\n<\/div>\n\n\n\n<p><a href=\"https:\/\/ehcteknik.com\/wp-admin\/edit.php?post_type=page\"><\/a><\/p>\n\n\n<div class=\"image-text-block container mt-100 mb-150\">\n  <div class=\"row\">\n              <div class=\"col-12 col-md-6 image-text text text-vertical-center\">\n            <div>\n              \n              \n                                  <div class=\"bg-primary mb-3\" style=\"width: 86px;height: 4px;\"><\/div>\n                \n                                  <h2 class=\"h1 mb-3\">An Land, zu Wasser und in der Luft<\/h2>\n                \n                <div class=\"text-muted\">\n                  <p data-start=\"248\" data-end=\"505\">Seit Jahrzehnten liefern wir unsere <strong data-start=\"284\" data-end=\"306\">L20 Aufsteckfilter<\/strong> an milit\u00e4rische Organisationen weltweit \u2013 ob Heer, Luftwaffe oder Marine. Der Grund ist einfach: <strong data-start=\"404\" data-end=\"505\">Die L20 Filter funktionieren zuverl\u00e4ssig ab dem ersten Start und sind besonders bedienfreundlich.<\/strong><\/p>\n<p data-start=\"507\" data-end=\"773\">Viele dieser Spezialfahrzeuge ben\u00f6tigen individuelle L\u00f6sungen \u2013 und genau hier liegt eine der gro\u00dfen St\u00e4rken von <strong data-start=\"620\" data-end=\"634\">EHC Teknik<\/strong>. Mit \u00fcber 40 Jahren Erfahrung entwickeln wir in enger Abstimmung mit unseren Kunden die <strong data-start=\"723\" data-end=\"772\">passgenaue Abgasl\u00f6sung f\u00fcr jeden Einsatzzweck<\/strong>.<\/p>\n                <\/div>\n\n                \n                          <\/div>\n          <\/div>\n                <div class=\"col-12 col-md-6 image-text image \">\n            <div>\n                              <img decoding=\"async\" alt=\"\" src=\"https:\/\/ehcteknik.com\/wp-content\/uploads\/2024\/03\/P1080343.jpg\">\n              \n                          <\/div>\n          <\/div>\n        <\/div>\n<\/div>\n\n\n<div class=\"image-text-block container mt-100 mb-100\">\n  <div class=\"row\">\n              <div class=\"col-12 col-md-6 image-text image \">\n            <div>\n                              <img decoding=\"async\" alt=\"\" src=\"https:\/\/ehcteknik.com\/wp-content\/uploads\/2024\/03\/DSC04621.jpg\">\n              \n                          <\/div>\n          <\/div>\n                <div class=\"col-12 col-md-6 image-text text text-vertical-center\">\n            <div>\n              \n              \n                                  <div class=\"bg-primary mb-3\" style=\"width: 86px;height: 4px;\"><\/div>\n                \n                                  <h2 class=\"h1 mb-3\">Flexibler Einsatz f\u00fcr schwere Fahrzeuge in Innenbereichen<\/h2>\n                \n                <div class=\"text-muted\">\n                  <p data-start=\"285\" data-end=\"540\">Mit dem <strong data-start=\"293\" data-end=\"315\">L20 Aufsteckfilter<\/strong> lassen sich auch schwere Fahrzeuge, Panzer und weiteres milit\u00e4risches Ger\u00e4t <strong data-start=\"392\" data-end=\"446\">sicher in geschlossenen R\u00e4umen starten und bewegen<\/strong> \u2013 etwa in Werften, Depots oder Instandhaltungshallen. Und das ganz ohne Dieselabgasbelastung.<\/p>\n<p data-start=\"542\" data-end=\"772\">Die Montage erfolgt standardm\u00e4\u00dfig \u00fcber eine robuste <strong data-start=\"594\" data-end=\"623\">Schutzh\u00fclle mit Spannband<\/strong>, die einfach \u00fcber das Auspuffrohr gezogen wird. Alternativ bieten wir Modelle mit einem <strong data-start=\"712\" data-end=\"738\">aufblasbaren Dichtbalg<\/strong>, der im Auspuffrohr selbst sitzt.<\/p>\n<p data-start=\"774\" data-end=\"961\">Bei besonders komplexen Abgasanlagen entwickeln wir individuelle Adapterl\u00f6sungen. <strong data-start=\"856\" data-end=\"906\">Ein gutes Beispiel ist der doppelte L20 Filter<\/strong>, speziell angepasst f\u00fcr den <strong data-start=\"935\" data-end=\"960\">Leopard 2 Kampfpanzer<\/strong>.<\/p>\n                <\/div>\n\n                \n                          <\/div>\n          <\/div>\n        <\/div>\n<\/div>\n\n\n<div class=\"image-text-block container mt-30 mb-30\">\n  <div class=\"row\">\n              <div class=\"col-12 col-md-6 image-text text text-vertical-center\">\n            <div>\n              \n              \n                                  <div class=\"bg-primary mb-3\" style=\"width: 86px;height: 4px;\"><\/div>\n                \n                                  <h2 class=\"h1 mb-3\">Saubere Luft trotz Dieselemissionen<\/h2>\n                \n                <div class=\"text-muted\">\n                  <p data-start=\"1020\" data-end=\"1291\">Die Luftqualit\u00e4t in Werkst\u00e4tten und geschlossenen Hallen wirkt sich direkt auf die Gesundheit der Besch\u00e4ftigten aus. Angesichts der bekannten Gesundheitsgefahren durch Dieselmotoremissionen (DME) ist es entscheidend, eine <strong data-start=\"1242\" data-end=\"1278\">dieselabgasfreie Arbeitsumgebung<\/strong> zu schaffen.<\/p>\n<p data-start=\"1293\" data-end=\"1487\">Unsere <strong data-start=\"1300\" data-end=\"1340\">L20 Aufsteckfilter filtern \u00fcber 99\u202f%<\/strong> der gesundheitsgef\u00e4hrdenden Partikel \u2013 darunter krebserregende, mutagene und allergene Stoffe. Und das <strong data-start=\"1444\" data-end=\"1475\">bereits ab dem Startvorgang<\/strong> des Motors.<\/p>\n<p data-start=\"1489\" data-end=\"1617\">Dank ihres durchdachten Designs sind die Filter <strong data-start=\"1537\" data-end=\"1576\">feuchtigkeitsresistent, wartungsarm<\/strong> und in der Praxis schnell einsatzbereit.<\/p>\n<p data-start=\"1619\" data-end=\"1761\"><strong data-start=\"1619\" data-end=\"1676\">Sie m\u00f6chten mehr \u00fcber unsere Aufsteckfilter erfahren?<\/strong><br data-start=\"1676\" data-end=\"1679\" \/><a href=\"https:\/\/ehcteknik.com\/de\/kontakt-abgasfilter\/\">Kontaktieren Sie uns <\/a>\u2013 wir beraten Sie gerne unverbindlich und technisch fundiert.<\/p>\n                <\/div>\n\n                \n                          <\/div>\n          <\/div>\n                <div class=\"col-12 col-md-6 image-text image \">\n            <div>\n                              <img decoding=\"async\" alt=\"\" src=\"https:\/\/ehcteknik.com\/wp-content\/uploads\/2024\/03\/20191112_griffon1.jpg\">\n              \n                          <\/div>\n          <\/div>\n        <\/div>\n<\/div>\n\n\n\n<p><\/p>\n","protected":false},"excerpt":{"rendered":"","protected":false},"author":17,"featured_media":0,"parent":1229,"menu_order":0,"comment_status":"closed","ping_status":"closed","template":"","meta":{"_acf_changed":false,"footnotes":""},"class_list":["post-13025","page","type-page","status-publish","hentry"],"acf":[],"yoast_head":"<!-- This site is optimized with the Yoast SEO plugin v24.2 - https:\/\/yoast.com\/wordpress\/plugins\/seo\/ -->\n<title>L20 Aufsteckfilter Milit\u00e4r | EHC Teknik<\/title>\n<meta name=\"description\" content=\"L20 Aufsteckfilter f\u00fcr Milit\u00e4rfahrzeuge: Dieselbetrieb in Innenr\u00e4umen \u2013 ohne gesundheitssch\u00e4dliche Emissionen.\" \/>\n<meta name=\"robots\" content=\"index, follow, max-snippet:-1, max-image-preview:large, max-video-preview:-1\" \/>\n<link rel=\"canonical\" href=\"https:\/\/ehcteknik.com\/de\/fahrzeuge\/l20-aufsteckfilter-militaer\/\" \/>\n<meta property=\"og:locale\" content=\"de_DE\" \/>\n<meta property=\"og:type\" content=\"article\" \/>\n<meta property=\"og:title\" content=\"L20 Aufsteckfilter Milit\u00e4r | EHC Teknik\" \/>\n<meta property=\"og:description\" content=\"L20 Aufsteckfilter f\u00fcr Milit\u00e4rfahrzeuge: Dieselbetrieb in Innenr\u00e4umen \u2013 ohne gesundheitssch\u00e4dliche Emissionen.\" \/>\n<meta property=\"og:url\" content=\"https:\/\/ehcteknik.com\/de\/fahrzeuge\/l20-aufsteckfilter-militaer\/\" \/>\n<meta property=\"og:site_name\" content=\"EHC Teknik\" \/>\n<meta property=\"article:modified_time\" content=\"2025-06-13T08:56:00+00:00\" \/>\n<meta name=\"twitter:card\" content=\"summary_large_image\" \/>\n<script type=\"application\/ld+json\" class=\"yoast-schema-graph\">{\"@context\":\"https:\/\/schema.org\",\"@graph\":[{\"@type\":\"WebPage\",\"@id\":\"https:\/\/ehcteknik.com\/de\/fahrzeuge\/l20-aufsteckfilter-militaer\/\",\"url\":\"https:\/\/ehcteknik.com\/de\/fahrzeuge\/l20-aufsteckfilter-militaer\/\",\"name\":\"L20 Aufsteckfilter Milit\u00e4r | EHC Teknik\",\"isPartOf\":{\"@id\":\"https:\/\/ehcteknik.com\/de\/#website\"},\"datePublished\":\"2025-06-13T08:55:58+00:00\",\"dateModified\":\"2025-06-13T08:56:00+00:00\",\"description\":\"L20 Aufsteckfilter f\u00fcr Milit\u00e4rfahrzeuge: Dieselbetrieb in Innenr\u00e4umen \u2013 ohne gesundheitssch\u00e4dliche Emissionen.\",\"breadcrumb\":{\"@id\":\"https:\/\/ehcteknik.com\/de\/fahrzeuge\/l20-aufsteckfilter-militaer\/#breadcrumb\"},\"inLanguage\":\"de\",\"potentialAction\":[{\"@type\":\"ReadAction\",\"target\":[\"https:\/\/ehcteknik.com\/de\/fahrzeuge\/l20-aufsteckfilter-militaer\/\"]}]},{\"@type\":\"BreadcrumbList\",\"@id\":\"https:\/\/ehcteknik.com\/de\/fahrzeuge\/l20-aufsteckfilter-militaer\/#breadcrumb\",\"itemListElement\":[{\"@type\":\"ListItem\",\"position\":1,\"name\":\"Home\",\"item\":\"https:\/\/ehcteknik.com\/de\/\"},{\"@type\":\"ListItem\",\"position\":2,\"name\":\"Anwendungen\",\"item\":\"https:\/\/ehcteknik.com\/de\/fahrzeuge\/\"},{\"@type\":\"ListItem\",\"position\":3,\"name\":\"L20 Aufsteckfilter Milit\u00e4r\"}]},{\"@type\":\"WebSite\",\"@id\":\"https:\/\/ehcteknik.com\/de\/#website\",\"url\":\"https:\/\/ehcteknik.com\/de\/\",\"name\":\"EHC Teknik\",\"description\":\"We reduce emissions\",\"publisher\":{\"@id\":\"https:\/\/ehcteknik.com\/de\/#organization\"},\"potentialAction\":[{\"@type\":\"SearchAction\",\"target\":{\"@type\":\"EntryPoint\",\"urlTemplate\":\"https:\/\/ehcteknik.com\/de\/?s={search_term_string}\"},\"query-input\":{\"@type\":\"PropertyValueSpecification\",\"valueRequired\":true,\"valueName\":\"search_term_string\"}}],\"inLanguage\":\"de\"},{\"@type\":\"Organization\",\"@id\":\"https:\/\/ehcteknik.com\/de\/#organization\",\"name\":\"EHC Teknik\",\"url\":\"https:\/\/ehcteknik.com\/de\/\",\"logo\":{\"@type\":\"ImageObject\",\"inLanguage\":\"de\",\"@id\":\"https:\/\/ehcteknik.com\/de\/#\/schema\/logo\/image\/\",\"url\":\"https:\/\/ehcteknik.com\/wp-content\/uploads\/2020\/11\/logo.jpg\",\"contentUrl\":\"https:\/\/ehcteknik.com\/wp-content\/uploads\/2020\/11\/logo.jpg\",\"width\":205,\"height\":58,\"caption\":\"EHC Teknik\"},\"image\":{\"@id\":\"https:\/\/ehcteknik.com\/de\/#\/schema\/logo\/image\/\"}}]}<\/script>\n<!-- \/ Yoast SEO plugin. -->","yoast_head_json":{"title":"L20 Aufsteckfilter Milit\u00e4r | EHC Teknik","description":"L20 Aufsteckfilter f\u00fcr Milit\u00e4rfahrzeuge: Dieselbetrieb in Innenr\u00e4umen \u2013 ohne gesundheitssch\u00e4dliche Emissionen.","robots":{"index":"index","follow":"follow","max-snippet":"max-snippet:-1","max-image-preview":"max-image-preview:large","max-video-preview":"max-video-preview:-1"},"canonical":"https:\/\/ehcteknik.com\/de\/fahrzeuge\/l20-aufsteckfilter-militaer\/","og_locale":"de_DE","og_type":"article","og_title":"L20 Aufsteckfilter Milit\u00e4r | EHC Teknik","og_description":"L20 Aufsteckfilter f\u00fcr Milit\u00e4rfahrzeuge: Dieselbetrieb in Innenr\u00e4umen \u2013 ohne gesundheitssch\u00e4dliche Emissionen.","og_url":"https:\/\/ehcteknik.com\/de\/fahrzeuge\/l20-aufsteckfilter-militaer\/","og_site_name":"EHC Teknik","article_modified_time":"2025-06-13T08:56:00+00:00","twitter_card":"summary_large_image","schema":{"@context":"https:\/\/schema.org","@graph":[{"@type":"WebPage","@id":"https:\/\/ehcteknik.com\/de\/fahrzeuge\/l20-aufsteckfilter-militaer\/","url":"https:\/\/ehcteknik.com\/de\/fahrzeuge\/l20-aufsteckfilter-militaer\/","name":"L20 Aufsteckfilter Milit\u00e4r | EHC Teknik","isPartOf":{"@id":"https:\/\/ehcteknik.com\/de\/#website"},"datePublished":"2025-06-13T08:55:58+00:00","dateModified":"2025-06-13T08:56:00+00:00","description":"L20 Aufsteckfilter f\u00fcr Milit\u00e4rfahrzeuge: Dieselbetrieb in Innenr\u00e4umen \u2013 ohne gesundheitssch\u00e4dliche Emissionen.","breadcrumb":{"@id":"https:\/\/ehcteknik.com\/de\/fahrzeuge\/l20-aufsteckfilter-militaer\/#breadcrumb"},"inLanguage":"de","potentialAction":[{"@type":"ReadAction","target":["https:\/\/ehcteknik.com\/de\/fahrzeuge\/l20-aufsteckfilter-militaer\/"]}]},{"@type":"BreadcrumbList","@id":"https:\/\/ehcteknik.com\/de\/fahrzeuge\/l20-aufsteckfilter-militaer\/#breadcrumb","itemListElement":[{"@type":"ListItem","position":1,"name":"Home","item":"https:\/\/ehcteknik.com\/de\/"},{"@type":"ListItem","position":2,"name":"Anwendungen","item":"https:\/\/ehcteknik.com\/de\/fahrzeuge\/"},{"@type":"ListItem","position":3,"name":"L20 Aufsteckfilter Milit\u00e4r"}]},{"@type":"WebSite","@id":"https:\/\/ehcteknik.com\/de\/#website","url":"https:\/\/ehcteknik.com\/de\/","name":"EHC Teknik","description":"We reduce emissions","publisher":{"@id":"https:\/\/ehcteknik.com\/de\/#organization"},"potentialAction":[{"@type":"SearchAction","target":{"@type":"EntryPoint","urlTemplate":"https:\/\/ehcteknik.com\/de\/?s={search_term_string}"},"query-input":{"@type":"PropertyValueSpecification","valueRequired":true,"valueName":"search_term_string"}}],"inLanguage":"de"},{"@type":"Organization","@id":"https:\/\/ehcteknik.com\/de\/#organization","name":"EHC Teknik","url":"https:\/\/ehcteknik.com\/de\/","logo":{"@type":"ImageObject","inLanguage":"de","@id":"https:\/\/ehcteknik.com\/de\/#\/schema\/logo\/image\/","url":"https:\/\/ehcteknik.com\/wp-content\/uploads\/2020\/11\/logo.jpg","contentUrl":"https:\/\/ehcteknik.com\/wp-content\/uploads\/2020\/11\/logo.jpg","width":205,"height":58,"caption":"EHC Teknik"},"image":{"@id":"https:\/\/ehcteknik.com\/de\/#\/schema\/logo\/image\/"}}]}},"_links":{"self":[{"href":"https:\/\/ehcteknik.com\/de\/wp-json\/wp\/v2\/pages\/13025","targetHints":{"allow":["GET"]}}],"collection":[{"href":"https:\/\/ehcteknik.com\/de\/wp-json\/wp\/v2\/pages"}],"about":[{"href":"https:\/\/ehcteknik.com\/de\/wp-json\/wp\/v2\/types\/page"}],"author":[{"embeddable":true,"href":"https:\/\/ehcteknik.com\/de\/wp-json\/wp\/v2\/users\/17"}],"replies":[{"embeddable":true,"href":"https:\/\/ehcteknik.com\/de\/wp-json\/wp\/v2\/comments?post=13025"}],"version-history":[{"count":3,"href":"https:\/\/ehcteknik.com\/de\/wp-json\/wp\/v2\/pages\/13025\/revisions"}],"predecessor-version":[{"id":13029,"href":"https:\/\/ehcteknik.com\/de\/wp-json\/wp\/v2\/pages\/13025\/revisions\/13029"}],"up":[{"embeddable":true,"href":"https:\/\/ehcteknik.com\/de\/wp-json\/wp\/v2\/pages\/1229"}],"wp:attachment":[{"href":"https:\/\/ehcteknik.com\/de\/wp-json\/wp\/v2\/media?parent=13025"}],"curies":[{"name":"wp","href":"https:\/\/api.w.org\/{rel}","templated":true}]}}