{"id":12976,"date":"2025-06-13T07:31:50","date_gmt":"2025-06-13T07:31:50","guid":{"rendered":"https:\/\/ehcteknik.com\/?page_id=12976"},"modified":"2025-06-13T07:31:51","modified_gmt":"2025-06-13T07:31:51","slug":"p15-aufsteckfilter","status":"publish","type":"page","link":"https:\/\/ehcteknik.com\/de\/fahrzeuge\/abgasfilter-fuer-pkws\/p15-aufsteckfilter\/","title":{"rendered":"P15 Aufsteckfilter"},"content":{"rendered":"<div class=\"image-text-block container mt-25 mb-25\">\n  <div class=\"row\">\n              <div class=\"col-12 col-md-6 image-text image \">\n            <div>\n                              <img decoding=\"async\" alt=\"\" src=\"https:\/\/ehcteknik.com\/wp-content\/uploads\/2024\/02\/Chrysler_C300_01.jpg\">\n              \n                          <\/div>\n          <\/div>\n                <div class=\"col-12 col-md-6 image-text text text-vertical-center\">\n            <div>\n              \n              \n                                  <div class=\"bg-primary mb-3\" style=\"width: 86px;height: 4px;\"><\/div>\n                \n                                  <h2 class=\"h1 mb-3\">Aufsteckfilter f\u00fcr Diesel<\/h2>\n                \n                <div class=\"text-muted\">\n                  <p data-start=\"31\" data-end=\"291\">Mit dem EHC P15 Aufsteckfilter l\u00e4sst sich die Ru\u00dfemission von Dieselmotoren um bis zu 99\u202f% reduzieren \u2013 besonders wichtig beim Einsatz in geschlossenen R\u00e4umen. Der Einsatz des EHC Ru\u00dffilters f\u00fcr PKW, Transporter und andere Fahrzeuge tr\u00e4gt zu einer gesunden Arbeitsumgebung bei und erf\u00fcllt geltende Arbeitsschutzvorgaben.<\/p>\n                <\/div>\n\n                \n                          <\/div>\n          <\/div>\n        <\/div>\n<\/div>\n\n\n<div class=\"image-text-block container mt-25 mb-25\">\n  <div class=\"row\">\n              <div class=\"col-12 col-md-6 image-text text text-vertical-center\">\n            <div>\n              \n              \n                                  <div class=\"bg-primary mb-3\" style=\"width: 86px;height: 4px;\"><\/div>\n                \n                                  <h2 class=\"h1 mb-3\">Diesel sauber nutzen<\/h2>\n                \n                <div class=\"text-muted\">\n                  <p data-start=\"31\" data-end=\"291\">Autoausstellungen sind ordentliche, gut gereinigte R\u00e4ume, in denen Fahrzeuge optimal pr\u00e4sentiert werden. In dieser gepflegten Umgebung erwartet man auch saubere Luft \u2013 und genau das leisten unsere Aufsteckfilter.<\/p>\n<p data-start=\"293\" data-end=\"509\">Der EHC P15 Ru\u00dffilter minimiert die Emission gesundheitssch\u00e4dlicher Partikel in Werkst\u00e4tten, Produktionshallen und Showrooms. So k\u00f6nnen Fahrzeuge gestartet und bewegt werden, ohne die Luftqualit\u00e4t zu beeintr\u00e4chtigen.<\/p>\n                <\/div>\n\n                \n                          <\/div>\n          <\/div>\n                <div class=\"col-12 col-md-6 image-text image \">\n            <div>\n                              <img decoding=\"async\" alt=\"\" src=\"https:\/\/ehcteknik.com\/wp-content\/uploads\/2024\/02\/Porsche-GT3-2020-4121075-4060255-2-e1749026924468.jpg\">\n              \n                          <\/div>\n          <\/div>\n        <\/div>\n<\/div>\n\n\n<div class=\"text-title-block container text-left mt-30 mb-30\">\n  \n      <h2 class=\"h2\">Ru\u00dffilter f\u00fcr Fahrzeuge \u2013 flexibel nachr\u00fcstbar<\/h2>\n  \n\n      <p><p data-start=\"47\" data-end=\"371\">EHC Aufsteckfilter wie der P15 sind ideal f\u00fcr den tempor\u00e4ren Einsatz in Innenr\u00e4umen \u2013 etwa in Werkst\u00e4tten, Showrooms oder Produktionsbereichen. Sie reduzieren die Emission von Ru\u00df und gesundheitsgef\u00e4hrdenden Partikeln wie krebserregenden und mutagenen Stoffen um bis zu 99\u202f%.<\/p>\n<p data-start=\"373\" data-end=\"512\">Sie m\u00f6chten mehr \u00fcber EHC Aufsteckfilter erfahren?<\/p>\n<p><strong data-start=\"426\" data-end=\"512\">Dann <a href=\"https:\/\/ehcteknik.com\/de\/kontakt-abgasfilter\/\">kontaktieren<\/a> Sie uns \u2013 wir beraten Sie gern, unverbindlich und fachlich fundiert.<\/strong><\/p>\n<\/p>\n  <\/div>\n","protected":false},"excerpt":{"rendered":"","protected":false},"author":17,"featured_media":0,"parent":3248,"menu_order":0,"comment_status":"closed","ping_status":"closed","template":"","meta":{"_acf_changed":false,"footnotes":""},"class_list":["post-12976","page","type-page","status-publish","hentry"],"acf":[],"yoast_head":"<!-- This site is optimized with the Yoast SEO plugin v24.2 - https:\/\/yoast.com\/wordpress\/plugins\/seo\/ -->\n<title>P15 Aufsteckfilter | EHC Teknik<\/title>\n<meta name=\"description\" content=\"Mit EHC Abgasfiltern k\u00f6nnen Pkw in Innenr\u00e4umen gefahren werden \u2013 ideal f\u00fcr Werkst\u00e4tten, Showrooms und Pr\u00fcfst\u00e4nde. Jetzt informieren!\" \/>\n<meta name=\"robots\" content=\"index, follow, max-snippet:-1, max-image-preview:large, max-video-preview:-1\" \/>\n<link rel=\"canonical\" href=\"https:\/\/ehcteknik.com\/de\/fahrzeuge\/abgasfilter-fuer-pkws\/p15-aufsteckfilter\/\" \/>\n<meta property=\"og:locale\" content=\"de_DE\" \/>\n<meta property=\"og:type\" content=\"article\" \/>\n<meta property=\"og:title\" content=\"P15 Aufsteckfilter | EHC Teknik\" \/>\n<meta property=\"og:description\" content=\"Mit EHC Abgasfiltern k\u00f6nnen Pkw in Innenr\u00e4umen gefahren werden \u2013 ideal f\u00fcr Werkst\u00e4tten, Showrooms und Pr\u00fcfst\u00e4nde. Jetzt informieren!\" \/>\n<meta property=\"og:url\" content=\"https:\/\/ehcteknik.com\/de\/fahrzeuge\/abgasfilter-fuer-pkws\/p15-aufsteckfilter\/\" \/>\n<meta property=\"og:site_name\" content=\"EHC Teknik\" \/>\n<meta property=\"article:modified_time\" content=\"2025-06-13T07:31:51+00:00\" \/>\n<meta name=\"twitter:card\" content=\"summary_large_image\" \/>\n<script type=\"application\/ld+json\" class=\"yoast-schema-graph\">{\"@context\":\"https:\/\/schema.org\",\"@graph\":[{\"@type\":\"WebPage\",\"@id\":\"https:\/\/ehcteknik.com\/de\/fahrzeuge\/abgasfilter-fuer-pkws\/p15-aufsteckfilter\/\",\"url\":\"https:\/\/ehcteknik.com\/de\/fahrzeuge\/abgasfilter-fuer-pkws\/p15-aufsteckfilter\/\",\"name\":\"P15 Aufsteckfilter | EHC Teknik\",\"isPartOf\":{\"@id\":\"https:\/\/ehcteknik.com\/de\/#website\"},\"datePublished\":\"2025-06-13T07:31:50+00:00\",\"dateModified\":\"2025-06-13T07:31:51+00:00\",\"description\":\"Mit EHC Abgasfiltern k\u00f6nnen Pkw in Innenr\u00e4umen gefahren werden \u2013 ideal f\u00fcr Werkst\u00e4tten, Showrooms und Pr\u00fcfst\u00e4nde. Jetzt informieren!\",\"breadcrumb\":{\"@id\":\"https:\/\/ehcteknik.com\/de\/fahrzeuge\/abgasfilter-fuer-pkws\/p15-aufsteckfilter\/#breadcrumb\"},\"inLanguage\":\"de\",\"potentialAction\":[{\"@type\":\"ReadAction\",\"target\":[\"https:\/\/ehcteknik.com\/de\/fahrzeuge\/abgasfilter-fuer-pkws\/p15-aufsteckfilter\/\"]}]},{\"@type\":\"BreadcrumbList\",\"@id\":\"https:\/\/ehcteknik.com\/de\/fahrzeuge\/abgasfilter-fuer-pkws\/p15-aufsteckfilter\/#breadcrumb\",\"itemListElement\":[{\"@type\":\"ListItem\",\"position\":1,\"name\":\"Home\",\"item\":\"https:\/\/ehcteknik.com\/de\/\"},{\"@type\":\"ListItem\",\"position\":2,\"name\":\"Anwendungen\",\"item\":\"https:\/\/ehcteknik.com\/de\/fahrzeuge\/\"},{\"@type\":\"ListItem\",\"position\":3,\"name\":\"Abgasfilter f\u00fcr PKWs\",\"item\":\"https:\/\/ehcteknik.com\/de\/fahrzeuge\/abgasfilter-fuer-pkws\/\"},{\"@type\":\"ListItem\",\"position\":4,\"name\":\"P15 Aufsteckfilter\"}]},{\"@type\":\"WebSite\",\"@id\":\"https:\/\/ehcteknik.com\/de\/#website\",\"url\":\"https:\/\/ehcteknik.com\/de\/\",\"name\":\"EHC Teknik\",\"description\":\"We reduce emissions\",\"publisher\":{\"@id\":\"https:\/\/ehcteknik.com\/de\/#organization\"},\"potentialAction\":[{\"@type\":\"SearchAction\",\"target\":{\"@type\":\"EntryPoint\",\"urlTemplate\":\"https:\/\/ehcteknik.com\/de\/?s={search_term_string}\"},\"query-input\":{\"@type\":\"PropertyValueSpecification\",\"valueRequired\":true,\"valueName\":\"search_term_string\"}}],\"inLanguage\":\"de\"},{\"@type\":\"Organization\",\"@id\":\"https:\/\/ehcteknik.com\/de\/#organization\",\"name\":\"EHC Teknik\",\"url\":\"https:\/\/ehcteknik.com\/de\/\",\"logo\":{\"@type\":\"ImageObject\",\"inLanguage\":\"de\",\"@id\":\"https:\/\/ehcteknik.com\/de\/#\/schema\/logo\/image\/\",\"url\":\"https:\/\/ehcteknik.com\/wp-content\/uploads\/2020\/11\/logo.jpg\",\"contentUrl\":\"https:\/\/ehcteknik.com\/wp-content\/uploads\/2020\/11\/logo.jpg\",\"width\":205,\"height\":58,\"caption\":\"EHC Teknik\"},\"image\":{\"@id\":\"https:\/\/ehcteknik.com\/de\/#\/schema\/logo\/image\/\"}}]}<\/script>\n<!-- \/ Yoast SEO plugin. -->","yoast_head_json":{"title":"P15 Aufsteckfilter | EHC Teknik","description":"Mit EHC Abgasfiltern k\u00f6nnen Pkw in Innenr\u00e4umen gefahren werden \u2013 ideal f\u00fcr Werkst\u00e4tten, Showrooms und Pr\u00fcfst\u00e4nde. Jetzt informieren!","robots":{"index":"index","follow":"follow","max-snippet":"max-snippet:-1","max-image-preview":"max-image-preview:large","max-video-preview":"max-video-preview:-1"},"canonical":"https:\/\/ehcteknik.com\/de\/fahrzeuge\/abgasfilter-fuer-pkws\/p15-aufsteckfilter\/","og_locale":"de_DE","og_type":"article","og_title":"P15 Aufsteckfilter | EHC Teknik","og_description":"Mit EHC Abgasfiltern k\u00f6nnen Pkw in Innenr\u00e4umen gefahren werden \u2013 ideal f\u00fcr Werkst\u00e4tten, Showrooms und Pr\u00fcfst\u00e4nde. Jetzt informieren!","og_url":"https:\/\/ehcteknik.com\/de\/fahrzeuge\/abgasfilter-fuer-pkws\/p15-aufsteckfilter\/","og_site_name":"EHC Teknik","article_modified_time":"2025-06-13T07:31:51+00:00","twitter_card":"summary_large_image","schema":{"@context":"https:\/\/schema.org","@graph":[{"@type":"WebPage","@id":"https:\/\/ehcteknik.com\/de\/fahrzeuge\/abgasfilter-fuer-pkws\/p15-aufsteckfilter\/","url":"https:\/\/ehcteknik.com\/de\/fahrzeuge\/abgasfilter-fuer-pkws\/p15-aufsteckfilter\/","name":"P15 Aufsteckfilter | EHC Teknik","isPartOf":{"@id":"https:\/\/ehcteknik.com\/de\/#website"},"datePublished":"2025-06-13T07:31:50+00:00","dateModified":"2025-06-13T07:31:51+00:00","description":"Mit EHC Abgasfiltern k\u00f6nnen Pkw in Innenr\u00e4umen gefahren werden \u2013 ideal f\u00fcr Werkst\u00e4tten, Showrooms und Pr\u00fcfst\u00e4nde. Jetzt informieren!","breadcrumb":{"@id":"https:\/\/ehcteknik.com\/de\/fahrzeuge\/abgasfilter-fuer-pkws\/p15-aufsteckfilter\/#breadcrumb"},"inLanguage":"de","potentialAction":[{"@type":"ReadAction","target":["https:\/\/ehcteknik.com\/de\/fahrzeuge\/abgasfilter-fuer-pkws\/p15-aufsteckfilter\/"]}]},{"@type":"BreadcrumbList","@id":"https:\/\/ehcteknik.com\/de\/fahrzeuge\/abgasfilter-fuer-pkws\/p15-aufsteckfilter\/#breadcrumb","itemListElement":[{"@type":"ListItem","position":1,"name":"Home","item":"https:\/\/ehcteknik.com\/de\/"},{"@type":"ListItem","position":2,"name":"Anwendungen","item":"https:\/\/ehcteknik.com\/de\/fahrzeuge\/"},{"@type":"ListItem","position":3,"name":"Abgasfilter f\u00fcr PKWs","item":"https:\/\/ehcteknik.com\/de\/fahrzeuge\/abgasfilter-fuer-pkws\/"},{"@type":"ListItem","position":4,"name":"P15 Aufsteckfilter"}]},{"@type":"WebSite","@id":"https:\/\/ehcteknik.com\/de\/#website","url":"https:\/\/ehcteknik.com\/de\/","name":"EHC Teknik","description":"We reduce emissions","publisher":{"@id":"https:\/\/ehcteknik.com\/de\/#organization"},"potentialAction":[{"@type":"SearchAction","target":{"@type":"EntryPoint","urlTemplate":"https:\/\/ehcteknik.com\/de\/?s={search_term_string}"},"query-input":{"@type":"PropertyValueSpecification","valueRequired":true,"valueName":"search_term_string"}}],"inLanguage":"de"},{"@type":"Organization","@id":"https:\/\/ehcteknik.com\/de\/#organization","name":"EHC Teknik","url":"https:\/\/ehcteknik.com\/de\/","logo":{"@type":"ImageObject","inLanguage":"de","@id":"https:\/\/ehcteknik.com\/de\/#\/schema\/logo\/image\/","url":"https:\/\/ehcteknik.com\/wp-content\/uploads\/2020\/11\/logo.jpg","contentUrl":"https:\/\/ehcteknik.com\/wp-content\/uploads\/2020\/11\/logo.jpg","width":205,"height":58,"caption":"EHC Teknik"},"image":{"@id":"https:\/\/ehcteknik.com\/de\/#\/schema\/logo\/image\/"}}]}},"_links":{"self":[{"href":"https:\/\/ehcteknik.com\/de\/wp-json\/wp\/v2\/pages\/12976","targetHints":{"allow":["GET"]}}],"collection":[{"href":"https:\/\/ehcteknik.com\/de\/wp-json\/wp\/v2\/pages"}],"about":[{"href":"https:\/\/ehcteknik.com\/de\/wp-json\/wp\/v2\/types\/page"}],"author":[{"embeddable":true,"href":"https:\/\/ehcteknik.com\/de\/wp-json\/wp\/v2\/users\/17"}],"replies":[{"embeddable":true,"href":"https:\/\/ehcteknik.com\/de\/wp-json\/wp\/v2\/comments?post=12976"}],"version-history":[{"count":18,"href":"https:\/\/ehcteknik.com\/de\/wp-json\/wp\/v2\/pages\/12976\/revisions"}],"predecessor-version":[{"id":13015,"href":"https:\/\/ehcteknik.com\/de\/wp-json\/wp\/v2\/pages\/12976\/revisions\/13015"}],"up":[{"embeddable":true,"href":"https:\/\/ehcteknik.com\/de\/wp-json\/wp\/v2\/pages\/3248"}],"wp:attachment":[{"href":"https:\/\/ehcteknik.com\/de\/wp-json\/wp\/v2\/media?parent=12976"}],"curies":[{"name":"wp","href":"https:\/\/api.w.org\/{rel}","templated":true}]}}